{"id":132,"date":"2015-05-27T15:03:28","date_gmt":"2015-05-27T14:03:28","guid":{"rendered":"http:\/\/tommusrhodus.wpengine.com\/?page_id=132"},"modified":"2015-05-27T15:03:28","modified_gmt":"2015-05-27T14:03:28","slug":"pages-about-2","status":"publish","type":"page","link":"https:\/\/www.vjevent.fr\/en\/pages-about-2\/","title":{"rendered":"Pages &#8211; About 2"},"content":{"rendered":"<p>[vc_row kwoon_bg=&#8221;dark&#8221;][vc_column width=&#8221;1\/1&#8243;][vc_column_text]<\/p>\n<h2 class=\"post-title\">Who is Behind All This<\/h2>\n<p>[\/vc_column_text]\t\n\t\t\t\n\t\t<div class=\"row\">\n\n\t<div class=\"col-sm-7\">\n\t\t<p>Graduated from the Gobelins school, I have been working as a video jockey (vj) and video and multimedia designer for fifteen years. Multidisciplinary and versatile, I participated to experimental video projects and carried out photographic and graphic artistic projects.<\/p>\n<p>In 2001, I created Kablevision, a Parisian vj collective made up of visual jockeys and dj&#8217;s. Musically open, Kablevision worked on audio-visual projects in relation with djs and groups of different styles. The collective also hosted its own parties in Paris.<\/p>\n<p>I participated in the Vid\u00e9a 2001 festival in Barcelona and I presented my work several times at Project 101 in Paris, where I made my Video Jockey debut in 2000. In 2004, I participated in the first v-jay festival in Paris, Av Flux, as well as at the festival des<\/p>\n<p>R\u00e9seaux de la cr\u00e9ation. I multiplied my appearances in 2006 and 2007 on the Parisian and international scene by performing in galleries, at festivals (Les Bruits D\u00e9fendus, Festival Cinematek 2005 de Codamag, Festival international de V-jaying Lux 2006 &#8211; Seville, Festival Protoclip , Vision-r festival 2007) and parties.<\/p>\n<p>In early 2005, I founded the visual creation studio VJ Event, one of the first structures to offer professional v-jaying services for the world of events. In addition to participating in public events  (Tourn\u00e9e Fun Radio, Back to school by NRJ at the Zenith, Technoparade 2010 and 2012, Before at the Mus\u00e9e du Quai Branly), I performed as a v-jaying and offered mapping services for brands (Vespa, Mont Blanc, Mini, Sony, Reebok, L&#8217;Or\u00e9al, Allianz, Relais &amp; Chateaux &#8230;).<\/p>\n<p>I have more than five hundred events to my credit. I ensure both the artistic direction, the production of content and its broadcast (certified video operator Modulo Pi, Resolume, Madrix).<\/p>\n\n\t<ul class=\"social\">\n\t\t<li><a href=\"https:\/\/fr.linkedin.com\/in\/vjevent\/fr\" target=\"_blank\"><i class=\"icon-s-linkedin\"><\/i><\/a><\/li><li><a href=\"https:\/\/www.facebook.com\/studiovjevent\" target=\"_blank\"><i class=\"icon-s-facebook\"><\/i><\/a><\/li>\t<\/ul>\n\t<\/div>\n\t\n\t<div class=\"col-sm-5\">\n\t\t<figure><img loading=\"lazy\" decoding=\"async\" width=\"430\" height=\"452\" src=\"https:\/\/i0.wp.com\/www.vjevent.fr\/wp-content\/uploads\/2015\/05\/florian-vj-event-1.png?fit=430%2C452&amp;ssl=1\" class=\"attachment-full size-full wp-post-image\" alt=\"Photo de profil Florian RAFFENNE\" srcset=\"https:\/\/i0.wp.com\/www.vjevent.fr\/wp-content\/uploads\/2015\/05\/florian-vj-event-1.png?w=430&amp;ssl=1 430w, https:\/\/i0.wp.com\/www.vjevent.fr\/wp-content\/uploads\/2015\/05\/florian-vj-event-1.png?resize=285%2C300&amp;ssl=1 285w\" sizes=\"(max-width: 430px) 100vw, 430px\" \/><\/figure>\n\t<\/div>\n\n<\/div>\n<div class=\"clearfix\"><\/div>\t\t\n\t\t\t\t\n[\/vc_column][\/vc_row][vc_row kwoon_bg=&#8221;inverse&#8221; css=&#8221;.vc_custom_1432739552117{background-image: url(http:\/\/kwoon.tommusdemos.wpengine.com\/wp-content\/uploads\/sites\/13\/2015\/05\/parallax5.jpg?id=134) !important;}&#8221;][vc_column width=&#8221;1\/12&#8243;][\/vc_column][vc_column width=&#8221;10\/12&#8243;]<h3 class=\"main-title text-center\">Company<strong> Progress<\/strong><\/h3>[vc_column_text]<\/p>\n<p class=\"lead\" style=\"text-align: center\">Nullam quis risus eget urna mollis ornare vel eu leo. Donec ullamcorper nulla non metus auctor fringilla. Lorem ipsum dolor sit amet, consectetur adipiscing elit.<\/p>\n<p>[\/vc_column_text][vc_row_inner][vc_column_inner el_class=&#8221;&#8221; width=&#8221;1\/4&#8243;]\n\t\t<div class=\"circle-progress-wrapper\">\n\t\t\t<div class=\"circle-progress circle circle313\"> \n\t\t\t\t<strong>New Visitors<\/strong> \n\t\t\t<\/div>\n\t\t<\/div>\n\t\t<script data-jetpack-boost=\"ignore\" type=\"text\/javascript\">\n\t\t\tjQuery(window).load(function() {\n\t\t\t\tvar circle313 = new ProgressBar.Circle(\".circle.circle313\", {\n\t\t\t        color: \"#f5ae56\",\n\t\t\t        trailColor: \"rgba(255,255,255,0.1)\",\n\t\t\t\t    strokeWidth: 2,\n\t\t\t\t    trailWidth: 2,\n\t\t\t\t    duration: 4500,\n\t\t\t\t    easing: \"easeInOut\",\n\t\t\t\t    text: {\n\t\t\t\t        value: \"0.4\"\n\t\t\t\t    },\n\t\t\t\t    step: function(state, bar) {\n\t\t\t\t        bar.setText((bar.value() * 100).toFixed(0));\n\t\t\t\t    }\n\t\t\t    });\n\t\t\t\n\t\t\t    circle313.animate(0.4);\n\t\t\t});\n\t\t<\/script>\n\t[\/vc_column_inner][vc_column_inner el_class=&#8221;&#8221; width=&#8221;1\/4&#8243;]\n\t\t<div class=\"circle-progress-wrapper\">\n\t\t\t<div class=\"circle-progress circle circle854\"> \n\t\t\t\t<strong>Social Media<\/strong> \n\t\t\t<\/div>\n\t\t<\/div>\n\t\t<script data-jetpack-boost=\"ignore\" type=\"text\/javascript\">\n\t\t\tjQuery(window).load(function() {\n\t\t\t\tvar circle854 = new ProgressBar.Circle(\".circle.circle854\", {\n\t\t\t        color: \"#53cfc2\",\n\t\t\t        trailColor: \"rgba(255,255,255,0.1)\",\n\t\t\t\t    strokeWidth: 2,\n\t\t\t\t    trailWidth: 2,\n\t\t\t\t    duration: 4500,\n\t\t\t\t    easing: \"easeInOut\",\n\t\t\t\t    text: {\n\t\t\t\t        value: \"0.8\"\n\t\t\t\t    },\n\t\t\t\t    step: function(state, bar) {\n\t\t\t\t        bar.setText((bar.value() * 100).toFixed(0));\n\t\t\t\t    }\n\t\t\t    });\n\t\t\t\n\t\t\t    circle854.animate(0.8);\n\t\t\t});\n\t\t<\/script>\n\t[\/vc_column_inner][vc_column_inner el_class=&#8221;&#8221; width=&#8221;1\/4&#8243;]\n\t\t<div class=\"circle-progress-wrapper\">\n\t\t\t<div class=\"circle-progress circle circle955\"> \n\t\t\t\t<strong>Referrals<\/strong> \n\t\t\t<\/div>\n\t\t<\/div>\n\t\t<script data-jetpack-boost=\"ignore\" type=\"text\/javascript\">\n\t\t\tjQuery(window).load(function() {\n\t\t\t\tvar circle955 = new ProgressBar.Circle(\".circle.circle955\", {\n\t\t\t        color: \"#ef6578\",\n\t\t\t        trailColor: \"rgba(255,255,255,0.1)\",\n\t\t\t\t    strokeWidth: 2,\n\t\t\t\t    trailWidth: 2,\n\t\t\t\t    duration: 4500,\n\t\t\t\t    easing: \"easeInOut\",\n\t\t\t\t    text: {\n\t\t\t\t        value: \"0.34\"\n\t\t\t\t    },\n\t\t\t\t    step: function(state, bar) {\n\t\t\t\t        bar.setText((bar.value() * 100).toFixed(0));\n\t\t\t\t    }\n\t\t\t    });\n\t\t\t\n\t\t\t    circle955.animate(0.34);\n\t\t\t});\n\t\t<\/script>\n\t[\/vc_column_inner][vc_column_inner el_class=&#8221;&#8221; width=&#8221;1\/4&#8243;]\n\t\t<div class=\"circle-progress-wrapper\">\n\t\t\t<div class=\"circle-progress circle circle600\"> \n\t\t\t\t<strong>Search Engines<\/strong> \n\t\t\t<\/div>\n\t\t<\/div>\n\t\t<script data-jetpack-boost=\"ignore\" type=\"text\/javascript\">\n\t\t\tjQuery(window).load(function() {\n\t\t\t\tvar circle600 = new ProgressBar.Circle(\".circle.circle600\", {\n\t\t\t        color: \"#67b7d4\",\n\t\t\t        trailColor: \"rgba(255,255,255,0.1)\",\n\t\t\t\t    strokeWidth: 2,\n\t\t\t\t    trailWidth: 2,\n\t\t\t\t    duration: 4500,\n\t\t\t\t    easing: \"easeInOut\",\n\t\t\t\t    text: {\n\t\t\t\t        value: \"0.45\"\n\t\t\t\t    },\n\t\t\t\t    step: function(state, bar) {\n\t\t\t\t        bar.setText((bar.value() * 100).toFixed(0));\n\t\t\t\t    }\n\t\t\t    });\n\t\t\t\n\t\t\t    circle600.animate(0.45);\n\t\t\t});\n\t\t<\/script>\n\t[\/vc_column_inner][\/vc_row_inner][\/vc_column][vc_column width=&#8221;1\/12&#8243;][\/vc_column][\/vc_row][vc_row kwoon_bg=&#8221;light&#8221;][vc_column width=&#8221;1\/1&#8243;]<h3 class=\"main-title text-center\">About the <strong>company<\/strong><\/h3>[vc_column_text]<\/p>\n<p class=\"lead\" style=\"text-align: center\">Cras justo odio, dapibus ac facilisis in, egestas eget quam. Duis mollis, est non commodo luctus, nisi erat porttitor ligula, eget lacinia odio sem nec elit. Donec ullamcorper nulla non metus auctor fringilla.<\/p>\n<p>[\/vc_column_text][vc_row_inner][vc_column_inner el_class=&#8221;&#8221; width=&#8221;1\/3&#8243;][vc_column_text]<\/p>\n<h3>Our Skills<\/h3>\n<p>Duis non lectus sit amet est imperdiet cursus elementum vitae eros. Etiam adipiscingmorbi vitae magna tellus, ac mattis urna phasellus rhoncus.[\/vc_column_text][vc_empty_space height=&#8221;32px&#8221;]<ul class=\"progress-list\">\n\t\t\t\t\t<li>\n\t\t\t\t\t\t<p>CSS\/HTML <em>90%<\/em><\/p>\n\t\t\t\t\t\t<div class=\"progress plain\">\n\t\t\t\t\t\t\t<div class=\"bar\" style=\"width: 90%;\"><\/div>\n\t\t\t\t\t\t<\/div>\n\t\t\t\t\t<\/li>\n\t\t\t\t<\/ul><ul class=\"progress-list\">\n\t\t\t\t\t<li>\n\t\t\t\t\t\t<p>jQuery <em>80%<\/em><\/p>\n\t\t\t\t\t\t<div class=\"progress plain\">\n\t\t\t\t\t\t\t<div class=\"bar\" style=\"width: 80%;\"><\/div>\n\t\t\t\t\t\t<\/div>\n\t\t\t\t\t<\/li>\n\t\t\t\t<\/ul><ul class=\"progress-list\">\n\t\t\t\t\t<li>\n\t\t\t\t\t\t<p>WordPress <em>100%<\/em><\/p>\n\t\t\t\t\t\t<div class=\"progress plain\">\n\t\t\t\t\t\t\t<div class=\"bar\" style=\"width: 100%;\"><\/div>\n\t\t\t\t\t\t<\/div>\n\t\t\t\t\t<\/li>\n\t\t\t\t<\/ul><ul class=\"progress-list\">\n\t\t\t\t\t<li>\n\t\t\t\t\t\t<p>Washing Dishes <em>50%<\/em><\/p>\n\t\t\t\t\t\t<div class=\"progress plain\">\n\t\t\t\t\t\t\t<div class=\"bar\" style=\"width: 50%;\"><\/div>\n\t\t\t\t\t\t<\/div>\n\t\t\t\t\t<\/li>\n\t\t\t\t<\/ul>[\/vc_column_inner][vc_column_inner el_class=&#8221;&#8221; width=&#8221;1\/3&#8243;][vc_column_text]<\/p>\n<h3>Why Choose Us?<\/h3>\n<p>[\/vc_column_text]\n\t\t<div class=\"tabs tabs-top left tab-container ebor-1595 bordered\"><ul class=\"etabs\"> <li class=\"tab\"><a href=\"#tab-1\">This is<\/a><\/li>  <li class=\"tab\"><a href=\"#tab-2\">Tabbed<\/a><\/li>  <li class=\"tab\"><a href=\"#tab-3\">Content<\/a><\/li> <\/ul><div class=\"panel-container\"><div class=\"tab-block\" id=\"tab-1\"><p>Aenean lacinia bibendum nulla sed consectetur. Fusce dapibus, tellus ac cursus commodo, tortor mauris condimentum nibh, ut fermentum massa justo sit amet risus. Vestibulum id ligula porta felis euismod semper. Lorem ipsum dolor sit amet, consectetur adipiscing elit.<\/p>\n<p>Donec sed odio dui. Donec sed odio dui. Praesent commodo cursus magna, vel scelerisque nisl consectetur et. Maecenas faucibus mollis interdum.<\/p>\n<ul class=\"circled\">\n<li>Mauris lacinia dui non metus dignissim venenatis.<\/li>\n<li>Etiam elit tellus, condimentum tempor lobortis.<\/li>\n<li>Aliquam pharetra vestibulum arcu, eget iaculis.<\/li>\n<\/ul>\n<p>\n<\/div><div class=\"tab-block\" id=\"tab-2\"><p>Nullam quis risus eget urna mollis ornare vel eu leo. Donec sed odio dui. Donec ullamcorper nulla non metus auctor fringilla. Lorem ipsum dolor sit amet, consectetur adipiscing elit. Lorem ipsum dolor sit amet, consectetur adipiscing elit. Vestibulum id ligula porta felis euismod semper. Cras mattis consectetur purus sit amet fermentum. Aenean eu leo quam. Pellentesque ornare sem lacinia quam venenatis vestibulum. Maecenas faucibus mollis interdum.<\/p>\n<\/div><div class=\"tab-block\" id=\"tab-3\"><p>Nullam quis risus eget urna mollis ornare vel eu leo. Donec sed odio dui. Donec ullamcorper nulla non metus auctor fringilla. Lorem ipsum dolor sit amet, consectetur adipiscing elit. Lorem ipsum dolor sit amet, consectetur adipiscing elit. Vestibulum id ligula porta felis euismod semper.<\/p>\n<\/div><\/div><\/div>\n\t\t<script data-jetpack-boost=\"ignore\" type=\"text\/javascript\">\n\t\t\tjQuery(document).ready(function() {\n\t\t\t\tjQuery('.tabs.tabs-top.ebor-1595').easytabs({\n\t\t\t\t    animationSpeed: 300,\n\t\t\t\t    updateHash: false\n\t\t\t\t});\n\t\t\t});\n\t\t<\/script>\n\t[\/vc_column_inner][vc_column_inner el_class=&#8221;&#8221; width=&#8221;1\/3&#8243;][vc_column_text]<\/p>\n<h3>Core Features of the Company<\/h3>\n<p>[\/vc_column_text]\n\t\t<div class=\"panel-group bordered ebor-5036\" id=\"accordion-5036\"><div class=\"panel panel-default\">\n\t\t\t\t\t<div class=\"panel-heading\">\n\t\t\t\t\t\t<h4 class=\"panel-title\">\n\t\t\t\t\t\t\t<a data-toggle=\"collapse\" class=\"panel-toggle active\" data-parent=\"#accordion-5036\" href=\"#collapse-5036-1\">100% Responsive<\/a>\n\t\t\t\t\t\t<\/h4>\n\t\t\t\t\t<\/div>\n\t\t\t\t\t<div id=\"collapse-5036-1\" class=\"panel-collapse collapse in\">\n\t\t\t\t\t\t<div class=\"panel-body\"><p>Anim pariatur cliche reprehenderit, enim eiusmod high life accusamus terry richardson ad squid. 3 wolf moon officia aute, non cupidatat skateboard dolor brunch. Food truck quinoa nesciunt laborum eiusmod. Brunch 3 wolf moon tempor, sunt aliqua put a bird on it squid single-origin coffee nulla assumenda shoreditch et. Nihil anim keffiyeh helvetica, craft beer labore wes anderson cred nesciunt sapiente ea proident.<\/p>\n<\/div>\n\t\t\t\t\t<\/div>\n\t\t\t   <\/div><div class=\"panel panel-default\">\n\t\t\t\t\t<div class=\"panel-heading\">\n\t\t\t\t\t\t<h4 class=\"panel-title\">\n\t\t\t\t\t\t\t<a data-toggle=\"collapse\" class=\"panel-toggle \" data-parent=\"#accordion-5036\" href=\"#collapse-5036-2\">Clean & Professional Design<\/a>\n\t\t\t\t\t\t<\/h4>\n\t\t\t\t\t<\/div>\n\t\t\t\t\t<div id=\"collapse-5036-2\" class=\"panel-collapse collapse \">\n\t\t\t\t\t\t<div class=\"panel-body\"><p>Anim pariatur cliche reprehenderit, enim eiusmod high life accusamus terry richardson ad squid. 3 wolf moon officia aute, non cupidatat skateboard dolor brunch. Food truck quinoa nesciunt laborum eiusmod. Brunch 3 wolf moon tempor, sunt aliqua put a bird on it squid single-origin coffee nulla assumenda shoreditch et. Nihil anim keffiyeh helvetica, craft beer labore wes anderson cred nesciunt sapiente ea proident.<\/p>\n<\/div>\n\t\t\t\t\t<\/div>\n\t\t\t   <\/div><div class=\"panel panel-default\">\n\t\t\t\t\t<div class=\"panel-heading\">\n\t\t\t\t\t\t<h4 class=\"panel-title\">\n\t\t\t\t\t\t\t<a data-toggle=\"collapse\" class=\"panel-toggle \" data-parent=\"#accordion-5036\" href=\"#collapse-5036-3\">Free Support & Updates<\/a>\n\t\t\t\t\t\t<\/h4>\n\t\t\t\t\t<\/div>\n\t\t\t\t\t<div id=\"collapse-5036-3\" class=\"panel-collapse collapse \">\n\t\t\t\t\t\t<div class=\"panel-body\"><p>Anim pariatur cliche reprehenderit, enim eiusmod high life accusamus terry richardson ad squid. 3 wolf moon officia aute, non cupidatat skateboard dolor brunch. Food truck quinoa nesciunt laborum eiusmod. Brunch 3 wolf moon tempor, sunt aliqua put a bird on it squid single-origin coffee nulla assumenda shoreditch et. Nihil anim keffiyeh helvetica, craft beer labore wes anderson cred nesciunt sapiente ea proident.<\/p>\n<\/div>\n\t\t\t\t\t<\/div>\n\t\t\t   <\/div><\/div>\n\t\t<script data-jetpack-boost=\"ignore\" type=\"text\/javascript\">\n\t\t\tjQuery(document).ready(function() {\t\n\t\t\t\tjQuery('.panel-group.ebor-5036').find('.panel-default:has(\".in\")').addClass('panel-active');\n\t\t\t\t\n\t\t\t    jQuery('.panel-group.ebor-5036').on('shown.bs.collapse', function(e) {\n\t\t\t        jQuery(e.target).closest('.panel-default').addClass(' panel-active');\n\t\t\t    }).on('hidden.bs.collapse', function(e) {\n\t\t\t        jQuery(e.target).closest('.panel-default').removeClass(' panel-active');\n\t\t\t    });\n\t\t\t});  \n\t\t<\/script>\n\t[\/vc_column_inner][\/vc_row_inner][\/vc_column][\/vc_row][vc_row kwoon_bg=&#8221;light&#8221; css=&#8221;.vc_custom_1432735561245{background-image: url(http:\/\/kwoon.tommusdemos.wpengine.com\/wp-content\/uploads\/sites\/13\/2015\/05\/parallax4.jpg?id=136) !important;}&#8221;][vc_column width=&#8221;1\/1&#8243;]\t\n\t\t\t\n\t\t<div class=\"carousel-wrapper\">\n\t\t\t<div class=\"carousel testimonials3\">\n\t\t\t\t\n<div class=\"item text-center\">\n\t<div class=\"quote\">\n\t\n\t\t<blockquote>\n\t\t\t<p>Thank you so much for your email and it was SUCH a pleasure to work with you. The client was super happy with what was produced, and I really enjoyed being part of your creative process.<br \/>\nThank you again for everything and hopefully we will get to work with you again!<\/p>\n<p>Please can I mirror Florry&#8217;s sentiments below &#8211; it was an absolute pleasure to work with you and your performance\/ content was fantastic!<br \/>\nThank you for everything and I hope to work with you again in the future!<\/p>\n<p>V-jaying for the Asahi Rugby World Cup launch event<\/p>\n\t\t<\/blockquote>\n\t\t\n\t\t<div class=\"author\">\n\t\t\n\t\t\t<div class=\"icon\">\n\t\t\t\t\t\t\t<\/div>\n\t\t\t\n\t\t\t<h5>Florry Saunders &#038;  Leanne Farrell &#8211; Fuse UK<\/h5><span class=\"meta\"><\/span> \t\t\t\n\t\t<\/div>\n\t\n\t<\/div>\n<\/div>\n<div class=\"item text-center\">\n\t<div class=\"quote\">\n\t\n\t\t<blockquote>\n\t\t\t<p>The VJ was like the screen &#8230; Monumental!<\/p>\n<p>Vj MIX at The U-Arena La D\u00e9fense for Axa<\/p>\n\t\t<\/blockquote>\n\t\t\n\t\t<div class=\"author\">\n\t\t\n\t\t\t<div class=\"icon\">\n\t\t\t\t\t\t\t<\/div>\n\t\t\t\n\t\t\t<h5>Cedric Benquet &#8211; FC2 Agency<\/h5><span class=\"meta\"><\/span> \t\t\t\n\t\t<\/div>\n\t\n\t<\/div>\n<\/div>\n<div class=\"item text-center\">\n\t<div class=\"quote\">\n\t\n\t\t<blockquote>\n\t\t\t<p>First of all, thank you very much for your performance and that of the DJ at the seminar last week.<br \/>\nThe customers really appreciated it as well as Justine who gave me her feedback. <\/p>\n<p>Arkopharma seminar<\/p>\n\t\t<\/blockquote>\n\t\t\n\t\t<div class=\"author\">\n\t\t\n\t\t\t<div class=\"icon\">\n\t\t\t\t\t\t\t<\/div>\n\t\t\t\n\t\t\t<h5>Marion Pinc\u00eatre &#8211; Gens d&#8217;\u00e9v\u00e9nement<\/h5><span class=\"meta\"><\/span> \t\t\t\n\t\t<\/div>\n\t\n\t<\/div>\n<\/div>\n<div class=\"item text-center\">\n\t<div class=\"quote\">\n\t\n\t\t<blockquote>\n\t\t\t<p>The big boss of R&amp;C took me with both hands and said looking me in the eye: &#8220;Thank you, it was perfect, beautiful. I know it was not easy, I know you have invested a lot and I thank you very much &#8220;. The same goes for my direct client Ariameetis who was in heaven.<br \/>\nI give you this thank you.<br \/>\nIt was a PLEASURE working with you. Everyone had their place, their role to play.<br \/>\nWe took on a big challenge given the time and budget we had.<\/p>\n<p>Mapping in New-York for Relais &amp; Chateaux<\/p>\n\t\t<\/blockquote>\n\t\t\n\t\t<div class=\"author\">\n\t\t\n\t\t\t<div class=\"icon\">\n\t\t\t\t\t\t\t<\/div>\n\t\t\t\n\t\t\t<h5>David Delassus &#8211; A-blok<\/h5><span class=\"meta\"><\/span> \t\t\t\n\t\t<\/div>\n\t\n\t<\/div>\n<\/div>\n<div class=\"item text-center\">\n\t<div class=\"quote\">\n\t\n\t\t<blockquote>\n\t\t\t<p>It was a little late and from the bottom of my bed that I wanted to thank you all for this successful operation.<br \/>\nIt is thanks to our teamwork that we achieved the set objectives = happy guests, satisfied board members and 3 wonderful evenings.<\/p>\n<p>Inauguration of Club Med Valmorel<\/p>\n\t\t<\/blockquote>\n\t\t\n\t\t<div class=\"author\">\n\t\t\n\t\t\t<div class=\"icon\">\n\t\t\t\t\t\t\t<\/div>\n\t\t\t\n\t\t\t<h5>Hel\u00e8ne Demade<\/h5><span class=\"meta\"><\/span> \t\t\t\n\t\t<\/div>\n\t\n\t<\/div>\n<\/div>\t\t\t<\/div>\n\t\t<\/div>\n\t\t\n\t\t\t\t\n[\/vc_column][\/vc_row][vc_row kwoon_bg=&#8221;light&#8221;][vc_column width=&#8221;1\/1&#8243;]\t\n\t\t\t\n\t\t<div class=\"carousel-wrapper\">\n\t\t\t<div class=\"carousel clients\">\n\t\t\t\t\n<div class=\"item\">\n\t<img loading=\"lazy\" decoding=\"async\" width=\"134\" height=\"68\" src=\"https:\/\/i0.wp.com\/www.vjevent.fr\/wp-content\/uploads\/2020\/07\/vespa.png?fit=134%2C68&amp;ssl=1\" class=\"attachment-full size-full wp-post-image\" alt=\"Vespa\" \/><\/div>\n<div class=\"item\">\n\t<img loading=\"lazy\" decoding=\"async\" width=\"134\" height=\"68\" src=\"https:\/\/i0.wp.com\/www.vjevent.fr\/wp-content\/uploads\/2020\/07\/sony.png?fit=134%2C68&amp;ssl=1\" class=\"attachment-full size-full wp-post-image\" alt=\"Sony\" \/><\/div>\n<div class=\"item\">\n\t<img loading=\"lazy\" decoding=\"async\" width=\"134\" height=\"68\" src=\"https:\/\/i0.wp.com\/www.vjevent.fr\/wp-content\/uploads\/2020\/07\/sncf.png?fit=134%2C68&amp;ssl=1\" class=\"attachment-full size-full wp-post-image\" alt=\"sncf\" \/><\/div>\n<div class=\"item\">\n\t<img loading=\"lazy\" decoding=\"async\" width=\"134\" height=\"68\" src=\"https:\/\/i0.wp.com\/www.vjevent.fr\/wp-content\/uploads\/2020\/07\/procter-gamble.png?fit=134%2C68&amp;ssl=1\" class=\"attachment-full size-full wp-post-image\" alt=\"Procter Gamble\" \/><\/div>\n<div class=\"item\">\n\t<img loading=\"lazy\" decoding=\"async\" width=\"134\" height=\"68\" src=\"https:\/\/i0.wp.com\/www.vjevent.fr\/wp-content\/uploads\/2020\/07\/porsche.png?fit=134%2C68&amp;ssl=1\" class=\"attachment-full size-full wp-post-image\" alt=\"Porsche\" \/><\/div>\n<div class=\"item\">\n\t<img loading=\"lazy\" decoding=\"async\" width=\"134\" height=\"68\" src=\"https:\/\/i0.wp.com\/www.vjevent.fr\/wp-content\/uploads\/2020\/07\/nike.png?fit=134%2C68&amp;ssl=1\" class=\"attachment-full size-full wp-post-image\" alt=\"Nike\" \/><\/div>\t\t\t<\/div>\n\t\t<\/div>\n\t\t\n\t\t\t\t\n[\/vc_column][\/vc_row]<\/p>\n","protected":false},"excerpt":{"rendered":"<p>[vc_row kwoon_bg=&#8221;dark&#8221;][vc_column width=&#8221;1\/1&#8243;][vc_column_text] Who is Behind All This [\/vc_column_text][\/vc_column][\/vc_row][vc_row kwoon_bg=&#8221;inverse&#8221; css=&#8221;.vc_custom_1432739552117{background-image: url(http:\/\/kwoon.tommusdemos.wpengine.com\/wp-content\/uploads\/sites\/13\/2015\/05\/parallax5.jpg?id=134) !important;}&#8221;][vc_column width=&#8221;1\/12&#8243;][\/vc_column][vc_column width=&#8221;10\/12&#8243;][vc_column_text] Nullam quis risus eget urna mollis ornare vel eu leo&#8230;.<\/p>\n","protected":false},"author":1,"featured_media":0,"parent":0,"menu_order":0,"comment_status":"open","ping_status":"open","template":"","meta":{"om_disable_all_campaigns":false,"_monsterinsights_skip_tracking":false,"_monsterinsights_sitenote_active":false,"_monsterinsights_sitenote_note":"","_monsterinsights_sitenote_category":0,"footnotes":""},"class_list":["post-132","page","type-page","status-publish","hentry"],"aioseo_notices":[],"jetpack_sharing_enabled":true,"_links":{"self":[{"href":"https:\/\/www.vjevent.fr\/en\/wp-json\/wp\/v2\/pages\/132"}],"collection":[{"href":"https:\/\/www.vjevent.fr\/en\/wp-json\/wp\/v2\/pages"}],"about":[{"href":"https:\/\/www.vjevent.fr\/en\/wp-json\/wp\/v2\/types\/page"}],"author":[{"embeddable":true,"href":"https:\/\/www.vjevent.fr\/en\/wp-json\/wp\/v2\/users\/1"}],"replies":[{"embeddable":true,"href":"https:\/\/www.vjevent.fr\/en\/wp-json\/wp\/v2\/comments?post=132"}],"version-history":[{"count":0,"href":"https:\/\/www.vjevent.fr\/en\/wp-json\/wp\/v2\/pages\/132\/revisions"}],"wp:attachment":[{"href":"https:\/\/www.vjevent.fr\/en\/wp-json\/wp\/v2\/media?parent=132"}],"curies":[{"name":"wp","href":"https:\/\/api.w.org\/{rel}","templated":true}]}}