{"id":156,"date":"2015-05-27T15:24:57","date_gmt":"2015-05-27T14:24:57","guid":{"rendered":"http:\/\/tommusrhodus.wpengine.com\/?page_id=156"},"modified":"2015-05-27T15:24:57","modified_gmt":"2015-05-27T14:24:57","slug":"pages-about-3","status":"publish","type":"page","link":"https:\/\/www.vjevent.fr\/en\/pages-about-3\/","title":{"rendered":"Pages &#8211; About 3"},"content":{"rendered":"<p>[vc_row kwoon_bg=&#8221;dark&#8221;][vc_column width=&#8221;1\/4&#8243;][vc_single_image image=&#8221;158&#8243; border_color=&#8221;grey&#8221; img_link_large=&#8221;&#8221; img_link_target=&#8221;_self&#8221; img_size=&#8221;full&#8221;][\/vc_column][vc_column width=&#8221;3\/4&#8243;][vc_column_text]<\/p>\n<p class=\"lead\">Vestibulum ligut praesent commodo cursus magna, scelerisque sit consectetur et. Cum sociis natoque penatibus et magnis dis tellus parturient pharetra montes nulla non metus auctor.<\/p>\n<p>Praesent commodo cursus magna, vel scelerisque nisl consectetur et. Integer posuere erat a ante venenatis dapibus posuere velit aliquet. Maecenas sed diam eget risus varius blandit sit amet non magna. Aenean lacinia bibendum nulla sed consectetur. Vestibulum id ligula porta felis euismod semper. Integer posuere erat a ante venenatis dapibus posuere velit aliquet. Nullam id dolor id nibh ultricies vehicula ut id elit, fusce dapibus, tellus ac cursus commodo. Cras mattis consectetur purus sit amet fermentum. Vestibulum id ligula porta felis euismod semper. Maecenas faucibus mollis interdum. Vestibulum id ligula porta felis euismod semper.[\/vc_column_text][\/vc_column][\/vc_row][vc_row kwoon_bg=&#8221;light&#8221;][vc_column width=&#8221;1\/1&#8243;]<h3 class=\"main-title text-center\">What we <strong>do<\/strong><\/h3>[vc_column_text]<\/p>\n<p class=\"lead\" style=\"text-align: center\">Curabitur blandit tempus porttitor. Aenean lacinia bibendum nulla sed consectetur. Nullam id dolor id nibh ultricies vehicula ut id elit. Maecenas faucibus mollis interdum. Cras mattis consectetur purus sit amet fermentum.<\/p>\n<p>[\/vc_column_text][vc_row_inner][vc_column_inner el_class=&#8221;&#8221; width=&#8221;1\/4&#8243;]\n\t\t<div class=\"tm30 wow fadeInUp\" data-wow-duration=\"1s\" data-wow-delay=\"0s\">\n\t\t\t<div class=\"box-color text-center\" style=\"background-color: #67b7d4;\">\n\t\t\t\t<div class=\"icon-large\"> \n\t\t\t\t\t<i class=\"icon-basket-1\"><\/i> \n\t\t\t\t<\/div>\n<h4>E-Commerce<\/h4>\n<p>Nulla vitae libero pharetra augue. Etiam porta malesuada magna mollis euismod. Eget lacinia odio sem nec elit.<\/p>\n\n\t\t\t<\/div>\n\t\t<\/div>\n\t[\/vc_column_inner][vc_column_inner el_class=&#8221;&#8221; width=&#8221;1\/4&#8243;]\n\t\t<div class=\"tm30 wow fadeInUp\" data-wow-duration=\"1s\" data-wow-delay=\"0.3s\">\n\t\t\t<div class=\"box-color text-center\" style=\"background-color: #ef6578;\">\n\t\t\t\t<div class=\"icon-large\"> \n\t\t\t\t\t<i class=\"icon-camera-alt\"><\/i> \n\t\t\t\t<\/div>\n<h4>Photography<\/h4>\n<p>Nulla vitae libero pharetra augue. Etiam porta malesuada magna mollis euismod. Eget lacinia odio sem nec elit.<\/p>\n\n\t\t\t<\/div>\n\t\t<\/div>\n\t[\/vc_column_inner][vc_column_inner el_class=&#8221;&#8221; width=&#8221;1\/4&#8243;]\n\t\t<div class=\"tm30 wow fadeInUp\" data-wow-duration=\"1s\" data-wow-delay=\"0.6s\">\n\t\t\t<div class=\"box-color text-center\" style=\"background-color: #53cfc2;\">\n\t\t\t\t<div class=\"icon-large\"> \n\t\t\t\t\t<i class=\"icon-monitor\"><\/i> \n\t\t\t\t<\/div>\n<h4>Web Design<\/h4>\n<p>Nulla vitae libero pharetra augue. Etiam porta malesuada magna mollis euismod. Eget lacinia odio sem nec elit.<\/p>\n\n\t\t\t<\/div>\n\t\t<\/div>\n\t[\/vc_column_inner][vc_column_inner el_class=&#8221;&#8221; width=&#8221;1\/4&#8243;]\n\t\t<div class=\"tm30 wow fadeInUp\" data-wow-duration=\"1s\" data-wow-delay=\"0.9s\">\n\t\t\t<div class=\"box-color text-center\" style=\"background-color: #f5ae56;\">\n\t\t\t\t<div class=\"icon-large\"> \n\t\t\t\t\t<i class=\"icon-brush\"><\/i> \n\t\t\t\t<\/div>\n<h4>Illustration<\/h4>\n<p>Nulla vitae libero pharetra augue. Etiam porta malesuada magna mollis euismod. Eget lacinia odio sem nec elit.<\/p>\n\n\t\t\t<\/div>\n\t\t<\/div>\n\t[\/vc_column_inner][\/vc_row_inner][\/vc_column][\/vc_row][vc_row kwoon_bg=&#8221;inverse&#8221; css=&#8221;.vc_custom_1432739582930{background-image: url(http:\/\/kwoon.tommusdemos.wpengine.com\/wp-content\/uploads\/sites\/13\/2015\/05\/parallax2.jpg?id=166) !important;}&#8221;][vc_column width=&#8221;1\/1&#8243;]<h3 class=\"main-title text-center\">Let&#8217;s make something <strong>great<\/strong> together<\/h3>[vc_column_text]<\/p>\n<p style=\"text-align: center\"><a class=\"btn btn-border fixed-width\" href=\"#\">View More Work<\/a>\u00a0<a class=\"btn btn-border fixed-width\" href=\"#\">Get in Touch<\/a><\/p>\n<p>[\/vc_column_text][\/vc_column][\/vc_row][vc_row kwoon_bg=&#8221;dark&#8221;][vc_column width=&#8221;1\/1&#8243;]<h3 class=\"main-title text-center\">Customer <strong>Testimonials<\/strong><\/h3>\t\n\t\t\t\n\t\t<div class=\"testimonials\">\n\t\t\t<div class=\"row\">\n\t\t\t\t\n<div class=\"col-sm-12 col-md-6\">\n\t<div \n\t\tclass=\"quote wow fadeIn \"\n\t\tdata-wow-duration=\"1s\" \n\t\tdata-wow-delay=\"0s\"\n\t>\n\t\n\t\t<div class=\"icon text-center\">\n\t\t\t\t\t\t<div class=\"author\">\n\t\t\t\t<h5>Florry Saunders &#038;  Leanne Farrell &#8211; Fuse UK<\/h5><span class=\"meta\"><\/span> \t\t\t<\/div>\n\t\t<\/div>\n\t\t<blockquote class=\"box\">\n\t\t\t<p>Thank you so much for your email and it was SUCH a pleasure to work with you. The client was super happy with what was produced, and I really enjoyed being part of your creative process.<br \/>\nThank you again for everything and hopefully we will get to work with you again!<\/p>\n<p>Please can I mirror Florry&#8217;s sentiments below &#8211; it was an absolute pleasure to work with you and your performance\/ content was fantastic!<br \/>\nThank you for everything and I hope to work with you again in the future!<\/p>\n<p>V-jaying for the Asahi Rugby World Cup launch event<\/p>\n\t\t<\/blockquote>\n\t\t\n\t<\/div>\n<\/div>\n<div class=\"col-sm-12 col-md-6\">\n\t<div \n\t\tclass=\"quote wow fadeIn right\"\n\t\tdata-wow-duration=\"1s\" \n\t\tdata-wow-delay=\"0.3s\"\n\t>\n\t\n\t\t<div class=\"icon text-center\">\n\t\t\t\t\t\t<div class=\"author\">\n\t\t\t\t<h5>Cedric Benquet &#8211; FC2 Agency<\/h5><span class=\"meta\"><\/span> \t\t\t<\/div>\n\t\t<\/div>\n\t\t<blockquote class=\"box\">\n\t\t\t<p>The VJ was like the screen &#8230; Monumental!<\/p>\n<p>Vj MIX at The U-Arena La D\u00e9fense for Axa<\/p>\n\t\t<\/blockquote>\n\t\t\n\t<\/div>\n<\/div><\/div><div class=\"divide30\"><\/div><div class=\"row\">\n<div class=\"col-sm-12 col-md-6\">\n\t<div \n\t\tclass=\"quote wow fadeIn \"\n\t\tdata-wow-duration=\"1s\" \n\t\tdata-wow-delay=\"0.6s\"\n\t>\n\t\n\t\t<div class=\"icon text-center\">\n\t\t\t\t\t\t<div class=\"author\">\n\t\t\t\t<h5>Marion Pinc\u00eatre &#8211; Gens d&#8217;\u00e9v\u00e9nement<\/h5><span class=\"meta\"><\/span> \t\t\t<\/div>\n\t\t<\/div>\n\t\t<blockquote class=\"box\">\n\t\t\t<p>First of all, thank you very much for your performance and that of the DJ at the seminar last week.<br \/>\nThe customers really appreciated it as well as Justine who gave me her feedback. <\/p>\n<p>Arkopharma seminar<\/p>\n\t\t<\/blockquote>\n\t\t\n\t<\/div>\n<\/div>\n<div class=\"col-sm-12 col-md-6\">\n\t<div \n\t\tclass=\"quote wow fadeIn right\"\n\t\tdata-wow-duration=\"1s\" \n\t\tdata-wow-delay=\"0.9s\"\n\t>\n\t\n\t\t<div class=\"icon text-center\">\n\t\t\t\t\t\t<div class=\"author\">\n\t\t\t\t<h5>David Delassus &#8211; A-blok<\/h5><span class=\"meta\"><\/span> \t\t\t<\/div>\n\t\t<\/div>\n\t\t<blockquote class=\"box\">\n\t\t\t<p>The big boss of R&amp;C took me with both hands and said looking me in the eye: &#8220;Thank you, it was perfect, beautiful. I know it was not easy, I know you have invested a lot and I thank you very much &#8220;. The same goes for my direct client Ariameetis who was in heaven.<br \/>\nI give you this thank you.<br \/>\nIt was a PLEASURE working with you. Everyone had their place, their role to play.<br \/>\nWe took on a big challenge given the time and budget we had.<\/p>\n<p>Mapping in New-York for Relais &amp; Chateaux<\/p>\n\t\t<\/blockquote>\n\t\t\n\t<\/div>\n<\/div><\/div><div class=\"divide30\"><\/div><div class=\"row\">\t\t\t<\/div>\n\t\t<\/div>\n\t\t\n\t\t\t\t\n[\/vc_column][\/vc_row][vc_row kwoon_bg=&#8221;light&#8221;][vc_column width=&#8221;1\/1&#8243;]<h3 class=\"main-title text-center\">About the <strong>company<\/strong><\/h3>[vc_column_text]<\/p>\n<p class=\"lead\" style=\"text-align: center\">Cras justo odio, dapibus ac facilisis in, egestas eget quam. Duis mollis, est non commodo luctus, nisi erat porttitor ligula, eget lacinia odio sem nec elit. Donec ullamcorper nulla non metus auctor fringilla.<\/p>\n<p>[\/vc_column_text][vc_row_inner][vc_column_inner el_class=&#8221;&#8221; width=&#8221;1\/2&#8243;][vc_column_text]<\/p>\n<h3>Our Skills<\/h3>\n<p>Duis non lectus sit amet est imperdiet cursus elementum vitae eros. Etiam adipiscingmorbi vitae magna tellus, ac mattis urna phasellus rhoncus.[\/vc_column_text][vc_empty_space height=&#8221;32px&#8221;]<ul class=\"progress-list\">\n\t\t\t\t\t<li>\n\t\t\t\t\t\t<p>CSS\/HTML <em>90%<\/em><\/p>\n\t\t\t\t\t\t<div class=\"progress plain\">\n\t\t\t\t\t\t\t<div class=\"bar\" style=\"width: 90%;\"><\/div>\n\t\t\t\t\t\t<\/div>\n\t\t\t\t\t<\/li>\n\t\t\t\t<\/ul><ul class=\"progress-list\">\n\t\t\t\t\t<li>\n\t\t\t\t\t\t<p>jQuery <em>80%<\/em><\/p>\n\t\t\t\t\t\t<div class=\"progress plain\">\n\t\t\t\t\t\t\t<div class=\"bar\" style=\"width: 80%;\"><\/div>\n\t\t\t\t\t\t<\/div>\n\t\t\t\t\t<\/li>\n\t\t\t\t<\/ul><ul class=\"progress-list\">\n\t\t\t\t\t<li>\n\t\t\t\t\t\t<p>WordPress <em>100%<\/em><\/p>\n\t\t\t\t\t\t<div class=\"progress plain\">\n\t\t\t\t\t\t\t<div class=\"bar\" style=\"width: 100%;\"><\/div>\n\t\t\t\t\t\t<\/div>\n\t\t\t\t\t<\/li>\n\t\t\t\t<\/ul><ul class=\"progress-list\">\n\t\t\t\t\t<li>\n\t\t\t\t\t\t<p>Washing Dishes <em>50%<\/em><\/p>\n\t\t\t\t\t\t<div class=\"progress plain\">\n\t\t\t\t\t\t\t<div class=\"bar\" style=\"width: 50%;\"><\/div>\n\t\t\t\t\t\t<\/div>\n\t\t\t\t\t<\/li>\n\t\t\t\t<\/ul>[\/vc_column_inner][vc_column_inner el_class=&#8221;&#8221; width=&#8221;1\/2&#8243;][vc_column_text]<\/p>\n<h3>Why Choose Us?<\/h3>\n<p>[\/vc_column_text]\n\t\t<div class=\"tabs tabs-top left tab-container ebor-9894 bordered\"><ul class=\"etabs\"> <li class=\"tab\"><a href=\"#tab-1\">This is<\/a><\/li>  <li class=\"tab\"><a href=\"#tab-2\">Tabbed<\/a><\/li>  <li class=\"tab\"><a href=\"#tab-3\">Content<\/a><\/li> <\/ul><div class=\"panel-container\"><div class=\"tab-block\" id=\"tab-1\"><p>Aenean lacinia bibendum nulla sed consectetur. Fusce dapibus, tellus ac cursus commodo, tortor mauris condimentum nibh, ut fermentum massa justo sit amet risus. Vestibulum id ligula porta felis euismod semper. Lorem ipsum dolor sit amet, consectetur adipiscing elit.<\/p>\n<p>Donec sed odio dui. Donec sed odio dui. Praesent commodo cursus magna, vel scelerisque nisl consectetur et. Maecenas faucibus mollis interdum.<\/p>\n<ul class=\"circled\">\n<li>Mauris lacinia dui non metus dignissim venenatis.<\/li>\n<li>Etiam elit tellus, condimentum tempor lobortis.<\/li>\n<li>Aliquam pharetra vestibulum arcu, eget iaculis.<\/li>\n<\/ul>\n<p>\n<\/div><div class=\"tab-block\" id=\"tab-2\"><p>Nullam quis risus eget urna mollis ornare vel eu leo. Donec sed odio dui. Donec ullamcorper nulla non metus auctor fringilla. Lorem ipsum dolor sit amet, consectetur adipiscing elit. Lorem ipsum dolor sit amet, consectetur adipiscing elit. Vestibulum id ligula porta felis euismod semper. Cras mattis consectetur purus sit amet fermentum. Aenean eu leo quam. Pellentesque ornare sem lacinia quam venenatis vestibulum. Maecenas faucibus mollis interdum.<\/p>\n<\/div><div class=\"tab-block\" id=\"tab-3\"><p>Nullam quis risus eget urna mollis ornare vel eu leo. Donec sed odio dui. Donec ullamcorper nulla non metus auctor fringilla. Lorem ipsum dolor sit amet, consectetur adipiscing elit. Lorem ipsum dolor sit amet, consectetur adipiscing elit. Vestibulum id ligula porta felis euismod semper.<\/p>\n<\/div><\/div><\/div>\n\t\t<script data-jetpack-boost=\"ignore\" type=\"text\/javascript\">\n\t\t\tjQuery(document).ready(function() {\n\t\t\t\tjQuery('.tabs.tabs-top.ebor-9894').easytabs({\n\t\t\t\t    animationSpeed: 300,\n\t\t\t\t    updateHash: false\n\t\t\t\t});\n\t\t\t});\n\t\t<\/script>\n\t[\/vc_column_inner][\/vc_row_inner][\/vc_column][\/vc_row][vc_row kwoon_bg=&#8221;dark&#8221;][vc_column width=&#8221;1\/4&#8243;]\n\t\t<div class=\"text-center facts\">\n\t\t\n\t\t\t<div class=\"icon-large wow zoomIn\" data-wow-duration=\"1s\" data-wow-delay=\"0s\"> \n\t\t\t\t<i class=\"budicon-camera-1\"><\/i> \n\t\t\t<\/div>\n<h2>7518<\/h2>\n<p>Shots Taken\n\t\t\n\t\t<\/div>\n\t[\/vc_column][vc_column width=&#8221;1\/4&#8243;]\n\t\t<div class=\"text-center facts\">\n\t\t\n\t\t\t<div class=\"icon-large wow zoomIn\" data-wow-duration=\"1s\" data-wow-delay=\"0.3s\"> \n\t\t\t\t<i class=\"budicon-coffee\"><\/i> \n\t\t\t<\/div>\n<h2>3472<\/h2>\n<p>Cups of Coffee\n\t\t\n\t\t<\/div>\n\t[\/vc_column][vc_column width=&#8221;1\/4&#8243;]\n\t\t<div class=\"text-center facts\">\n\t\t\n\t\t\t<div class=\"icon-large wow zoomIn\" data-wow-duration=\"1s\" data-wow-delay=\"0.6s\"> \n\t\t\t\t<i class=\"budicon-video\"><\/i> \n\t\t\t<\/div>\n<h2>2184<\/h2>\n<p>Movies Watched\n\t\t\n\t\t<\/div>\n\t[\/vc_column][vc_column width=&#8221;1\/4&#8243;]\n\t\t<div class=\"text-center facts\">\n\t\t\n\t\t\t<div class=\"icon-large wow zoomIn\" data-wow-duration=\"1s\" data-wow-delay=\"0.9s\"> \n\t\t\t\t<i class=\"budicon-award-1\"><\/i> \n\t\t\t<\/div>\n<h2>4523<\/h2>\n<p>Awards Won\n\t\t\n\t\t<\/div>\n\t[\/vc_column][\/vc_row]<\/p>\n","protected":false},"excerpt":{"rendered":"<p>[vc_row kwoon_bg=&#8221;dark&#8221;][vc_column width=&#8221;1\/4&#8243;][vc_single_image image=&#8221;158&#8243; border_color=&#8221;grey&#8221; img_link_large=&#8221;&#8221; img_link_target=&#8221;_self&#8221; img_size=&#8221;full&#8221;][\/vc_column][vc_column width=&#8221;3\/4&#8243;][vc_column_text] Vestibulum ligut praesent commodo cursus magna, scelerisque sit consectetur et. Cum sociis natoque penatibus et magnis&#8230;<\/p>\n","protected":false},"author":1,"featured_media":0,"parent":0,"menu_order":0,"comment_status":"open","ping_status":"open","template":"","meta":{"om_disable_all_campaigns":false,"_monsterinsights_skip_tracking":false,"_monsterinsights_sitenote_active":false,"_monsterinsights_sitenote_note":"","_monsterinsights_sitenote_category":0,"footnotes":""},"class_list":["post-156","page","type-page","status-publish","hentry"],"aioseo_notices":[],"jetpack_sharing_enabled":true,"_links":{"self":[{"href":"https:\/\/www.vjevent.fr\/en\/wp-json\/wp\/v2\/pages\/156"}],"collection":[{"href":"https:\/\/www.vjevent.fr\/en\/wp-json\/wp\/v2\/pages"}],"about":[{"href":"https:\/\/www.vjevent.fr\/en\/wp-json\/wp\/v2\/types\/page"}],"author":[{"embeddable":true,"href":"https:\/\/www.vjevent.fr\/en\/wp-json\/wp\/v2\/users\/1"}],"replies":[{"embeddable":true,"href":"https:\/\/www.vjevent.fr\/en\/wp-json\/wp\/v2\/comments?post=156"}],"version-history":[{"count":0,"href":"https:\/\/www.vjevent.fr\/en\/wp-json\/wp\/v2\/pages\/156\/revisions"}],"wp:attachment":[{"href":"https:\/\/www.vjevent.fr\/en\/wp-json\/wp\/v2\/media?parent=156"}],"curies":[{"name":"wp","href":"https:\/\/api.w.org\/{rel}","templated":true}]}}