{"id":220,"date":"2015-05-28T10:19:40","date_gmt":"2015-05-28T09:19:40","guid":{"rendered":"http:\/\/tommusrhodus.wpengine.com\/?page_id=220"},"modified":"2015-05-28T10:19:40","modified_gmt":"2015-05-28T09:19:40","slug":"dark-page-title","status":"publish","type":"page","link":"https:\/\/www.vjevent.fr\/en\/dark-page-title\/","title":{"rendered":"Dark Page Title"},"content":{"rendered":"<p>[vc_row kwoon_bg=&#8221;dark&#8221;][vc_column width=&#8221;1\/1&#8243;]<h3 class=\"main-title text-center\">Meet the <strong>team<\/strong><\/h3>\t\n\t\t\n\t\t<div class=\"carousel-wrapper wow fadeIn\" data-wow-duration=\"1s\" data-wow-delay=\"0.3s\">\n\t\t\t<div class=\"carousel carousel-boxed team\">\n\t\t\t\t<div class=\"item\">\n\n\t<figure>\n\t\t<img loading=\"lazy\" decoding=\"async\" width=\"430\" height=\"295\" src=\"https:\/\/i0.wp.com\/www.vjevent.fr\/wp-content\/uploads\/2015\/05\/florian-vj-event-1.png?resize=430%2C295&amp;ssl=1\" class=\"attachment-grid size-grid wp-post-image\" alt=\"Photo de profil Florian RAFFENNE\" \/>\t<\/figure>\n\t\n\t<div class=\"box text-center\">\n\t\n\t\t<h4 class=\"post-title\">Florian RAFFENNE<\/h4><span class=\"meta\">Vid\u00e9ographiste\/op\u00e9rateur vid\u00e9o: V-jaying, Infod\u00e9cor et mapping architectural<\/span>\t\t\n\t\t<div class=\"divide5\"><\/div>\n\t\t\n\t\t\n\t<ul class=\"social\">\n\t\t<li><a href=\"https:\/\/fr.linkedin.com\/in\/vjevent\/fr\" target=\"_blank\"><i class=\"icon-s-linkedin\"><\/i><\/a><\/li><li><a href=\"https:\/\/www.facebook.com\/studiovjevent\" target=\"_blank\"><i class=\"icon-s-facebook\"><\/i><\/a><\/li>\t<\/ul>\n\t\t\n\t<\/div>\n\t\n<\/div>\t\t\t<\/div>\n\t\t<\/div>\n\t\t\n\t\t\t\t\n[\/vc_column][\/vc_row][vc_row kwoon_bg=&#8221;light&#8221;][vc_column width=&#8221;1\/1&#8243;]<h3 class=\"main-title text-center\">What do our <strong>customers<\/strong> think<\/h3>\t\n\t\t\n\t\t<div class=\"row text-center testimonials2\">\n\t\t\t\n<div \n\tclass=\"col-md-3 col-sm-6 wow fadeInUp\" \n\tdata-wow-duration=\"1s\" \n\tdata-wow-delay=\"0s\"\n>\n\n\t<div class=\"quote\">\n\t\n\t\t<blockquote>\n\t\t\t<p>Thank you so much for your email and it was SUCH a pleasure to work with you. The client was super happy with what was produced, and I really enjoyed being part of your creative process.<br \/>\nThank you again for everything and hopefully we will get to work with you again!<\/p>\n<p>Please can I mirror Florry&#8217;s sentiments below &#8211; it was an absolute pleasure to work with you and your performance\/ content was fantastic!<br \/>\nThank you for everything and I hope to work with you again in the future!<\/p>\n<p>V-jaying for the Asahi Rugby World Cup launch event<\/p>\n\t\t<\/blockquote>\n\t\t\n\t\t<div class=\"author\">\n\t\t\n\t\t\t<div class=\"icon text-center\"> \n\t\t\t\t\t\t\t<\/div>\n\t\t\t\n\t\t\t<h5>Florry Saunders &#038;  Leanne Farrell &#8211; Fuse UK<\/h5><span class=\"meta\"><\/span> \t\t\t\n\t\t<\/div>\n\t\n\t<\/div>\n\t\n<\/div>\n<div \n\tclass=\"col-md-3 col-sm-6 wow fadeInUp\" \n\tdata-wow-duration=\"1s\" \n\tdata-wow-delay=\"0.3s\"\n>\n\n\t<div class=\"quote\">\n\t\n\t\t<blockquote>\n\t\t\t<p>The VJ was like the screen &#8230; Monumental!<\/p>\n<p>Vj MIX at The U-Arena La D\u00e9fense for Axa<\/p>\n\t\t<\/blockquote>\n\t\t\n\t\t<div class=\"author\">\n\t\t\n\t\t\t<div class=\"icon text-center\"> \n\t\t\t\t\t\t\t<\/div>\n\t\t\t\n\t\t\t<h5>Cedric Benquet &#8211; FC2 Agency<\/h5><span class=\"meta\"><\/span> \t\t\t\n\t\t<\/div>\n\t\n\t<\/div>\n\t\n<\/div>\n<div \n\tclass=\"col-md-3 col-sm-6 wow fadeInUp\" \n\tdata-wow-duration=\"1s\" \n\tdata-wow-delay=\"0.6s\"\n>\n\n\t<div class=\"quote\">\n\t\n\t\t<blockquote>\n\t\t\t<p>First of all, thank you very much for your performance and that of the DJ at the seminar last week.<br \/>\nThe customers really appreciated it as well as Justine who gave me her feedback. <\/p>\n<p>Arkopharma seminar<\/p>\n\t\t<\/blockquote>\n\t\t\n\t\t<div class=\"author\">\n\t\t\n\t\t\t<div class=\"icon text-center\"> \n\t\t\t\t\t\t\t<\/div>\n\t\t\t\n\t\t\t<h5>Marion Pinc\u00eatre &#8211; Gens d&#8217;\u00e9v\u00e9nement<\/h5><span class=\"meta\"><\/span> \t\t\t\n\t\t<\/div>\n\t\n\t<\/div>\n\t\n<\/div>\n<div \n\tclass=\"col-md-3 col-sm-6 wow fadeInUp\" \n\tdata-wow-duration=\"1s\" \n\tdata-wow-delay=\"0.9s\"\n>\n\n\t<div class=\"quote\">\n\t\n\t\t<blockquote>\n\t\t\t<p>The big boss of R&amp;C took me with both hands and said looking me in the eye: &#8220;Thank you, it was perfect, beautiful. I know it was not easy, I know you have invested a lot and I thank you very much &#8220;. The same goes for my direct client Ariameetis who was in heaven.<br \/>\nI give you this thank you.<br \/>\nIt was a PLEASURE working with you. Everyone had their place, their role to play.<br \/>\nWe took on a big challenge given the time and budget we had.<\/p>\n<p>Mapping in New-York for Relais &amp; Chateaux<\/p>\n\t\t<\/blockquote>\n\t\t\n\t\t<div class=\"author\">\n\t\t\n\t\t\t<div class=\"icon text-center\"> \n\t\t\t\t\t\t\t<\/div>\n\t\t\t\n\t\t\t<h5>David Delassus &#8211; A-blok<\/h5><span class=\"meta\"><\/span> \t\t\t\n\t\t<\/div>\n\t\n\t<\/div>\n\t\n<\/div>\t\t<\/div>\n\t\n\t\t\t\t\n[\/vc_column][\/vc_row][vc_row kwoon_bg=&#8221;inverse&#8221; css=&#8221;.vc_custom_1432739526109{background-image: url(http:\/\/kwoon.tommusdemos.wpengine.com\/wp-content\/uploads\/sites\/13\/2015\/05\/parallax3.jpg?id=117) !important;}&#8221;][vc_column width=&#8221;1\/1&#8243;]<h3 class=\"main-title text-center\"><strong>Subscribe<\/strong> to our newsletter<\/h3>\n<div class=\"wpcf7 no-js\" id=\"wpcf7-f119-o1\" lang=\"en-US\" dir=\"ltr\" data-wpcf7-id=\"119\">\n<div class=\"screen-reader-response\"><p role=\"status\" aria-live=\"polite\" aria-atomic=\"true\"><\/p> <ul><\/ul><\/div>\n<form action=\"\/en\/wp-json\/wp\/v2\/pages\/220#wpcf7-f119-o1\" method=\"post\" class=\"wpcf7-form init\" aria-label=\"Contact form\" novalidate=\"novalidate\" data-status=\"init\">\n<div style=\"display: none;\">\n<input type=\"hidden\" name=\"_wpcf7\" value=\"119\" \/>\n<input type=\"hidden\" name=\"_wpcf7_version\" value=\"6.0.6\" \/>\n<input type=\"hidden\" name=\"_wpcf7_locale\" value=\"en_US\" \/>\n<input type=\"hidden\" name=\"_wpcf7_unit_tag\" value=\"wpcf7-f119-o1\" \/>\n<input type=\"hidden\" name=\"_wpcf7_container_post\" value=\"0\" \/>\n<input type=\"hidden\" name=\"_wpcf7_posted_data_hash\" value=\"\" \/>\n<input type=\"hidden\" name=\"_cf7a__timestamp\" value=\"n6Pt1qORzBoXVqjT5f3++w==\" \/>\n<input type=\"hidden\" name=\"_cf7a_version\" value=\"1.0\" \/>\n<input type=\"hidden\" name=\"_cf7a_address\" value=\"\" \/>\n<input type=\"hidden\" name=\"_cf7a_referer\" value=\"\" \/>\n<input type=\"hidden\" name=\"_cf7a_protocol\" value=\"\" \/>\n<input type=\"hidden\" name=\"_cf7a_bot_fingerprint\" value=\"n6Pt1qORzBoXVqjT5f3++w==\" \/>\n<input type=\"hidden\" name=\"_cf7a_bot_fingerprint_extras\" value=\"\" \/>\n<input type=\"hidden\" name=\"_cf7a_append_on_submit\" value=\"\" \/>\n<\/div>\n<p><span id=\"wpcf7-69d2802a6a985-wrapper\" class=\"wpcf7-form-control-wrap honeypot-668-wrap\" style=\"display:none !important; visibility:hidden !important;\"><label for=\"wpcf7-69d2802a6a985-field\" class=\"hp-message\">Please leave this field empty.<\/label><input type=\"text\" name=\"name\" value=\"\" autocomplete=\"fill\" class=\"fit-the-fullspace\" aria-hidden=\"true\" tabindex=\"-1\" \/><input id=\"wpcf7-69d2802a6a985-field\"  class=\"wpcf7-form-control wpcf7-text\" type=\"text\" name=\"honeypot-668\" value=\"\" size=\"40\" tabindex=\"-1\" autocomplete=\"new-password\" \/><\/span>\n<\/p>\n<div class=\"newsletter-wrapper\">\n\t<div class=\"newsletter-form\">\n\t\t<p><span class=\"wpcf7-form-control-wrap\" data-name=\"your-email\"><input size=\"40\" maxlength=\"400\" class=\"wpcf7-form-control wpcf7-email wpcf7-validates-as-required wpcf7-text wpcf7-validates-as-email\" aria-required=\"true\" aria-invalid=\"false\" placeholder=\"Email\" value=\"\" type=\"email\" name=\"your-email\" \/><\/span>\n\t\t<\/p>\n\t\t<div class=\"clear\">\n\t\t\t<p><input class=\"wpcf7-form-control wpcf7-submit has-spinner\" type=\"submit\" value=\"Envoyer\" \/>\n\t\t\t<\/p>\n\t\t<\/div>\n\t<\/div>\n<\/div><p style=\"display: none !important;\" class=\"akismet-fields-container\" data-prefix=\"_wpcf7_ak_\"><label>&#916;<textarea name=\"_wpcf7_ak_hp_textarea\" cols=\"45\" rows=\"8\" maxlength=\"100\"><\/textarea><\/label><input type=\"hidden\" id=\"ak_js_1\" name=\"_wpcf7_ak_js\" value=\"118\"\/><script data-jetpack-boost=\"ignore\">document.getElementById( \"ak_js_1\" ).setAttribute( \"value\", ( new Date() ).getTime() );<\/script><\/p><div class=\"wpcf7-response-output\" aria-hidden=\"true\"><\/div>\n<\/form>\n<\/div>\n[\/vc_column][\/vc_row][vc_row kwoon_bg=&#8221;dark&#8221;][vc_column width=&#8221;1\/1&#8243;]<h3 class=\"main-title text-center\">About the <strong>company<\/strong><\/h3>[vc_column_text]<\/p>\n<p class=\"lead\" style=\"text-align: center;\">Cras justo odio, dapibus ac facilisis in, egestas eget quam. Duis mollis, est non commodo luctus, nisi erat porttitor ligula, eget lacinia odio sem nec elit. Donec ullamcorper nulla non metus auctor fringilla.<\/p>\n<p>[\/vc_column_text][vc_row_inner][vc_column_inner el_class=&#8221;&#8221; width=&#8221;1\/3&#8243;][vc_column_text]<\/p>\n<h3>Our Skills<\/h3>\n<p>Duis non lectus sit amet est imperdiet cursus elementum vitae eros. Etiam adipiscingmorbi vitae magna tellus, ac mattis urna phasellus rhoncus.[\/vc_column_text][vc_empty_space height=&#8221;32px&#8221;]<ul class=\"progress-list\">\n\t\t\t\t\t<li>\n\t\t\t\t\t\t<p>CSS\/HTML <em>90%<\/em><\/p>\n\t\t\t\t\t\t<div class=\"progress plain\">\n\t\t\t\t\t\t\t<div class=\"bar\" style=\"width: 90%;\"><\/div>\n\t\t\t\t\t\t<\/div>\n\t\t\t\t\t<\/li>\n\t\t\t\t<\/ul><ul class=\"progress-list\">\n\t\t\t\t\t<li>\n\t\t\t\t\t\t<p>jQuery <em>80%<\/em><\/p>\n\t\t\t\t\t\t<div class=\"progress plain\">\n\t\t\t\t\t\t\t<div class=\"bar\" style=\"width: 80%;\"><\/div>\n\t\t\t\t\t\t<\/div>\n\t\t\t\t\t<\/li>\n\t\t\t\t<\/ul><ul class=\"progress-list\">\n\t\t\t\t\t<li>\n\t\t\t\t\t\t<p>WordPress <em>100%<\/em><\/p>\n\t\t\t\t\t\t<div class=\"progress plain\">\n\t\t\t\t\t\t\t<div class=\"bar\" style=\"width: 100%;\"><\/div>\n\t\t\t\t\t\t<\/div>\n\t\t\t\t\t<\/li>\n\t\t\t\t<\/ul><ul class=\"progress-list\">\n\t\t\t\t\t<li>\n\t\t\t\t\t\t<p>Washing Dishes <em>50%<\/em><\/p>\n\t\t\t\t\t\t<div class=\"progress plain\">\n\t\t\t\t\t\t\t<div class=\"bar\" style=\"width: 50%;\"><\/div>\n\t\t\t\t\t\t<\/div>\n\t\t\t\t\t<\/li>\n\t\t\t\t<\/ul>[\/vc_column_inner][vc_column_inner el_class=&#8221;&#8221; width=&#8221;1\/3&#8243;][vc_column_text]<\/p>\n<h3>Why Choose Us?<\/h3>\n<p>[\/vc_column_text]\n\t\t<div class=\"tabs tabs-top left tab-container ebor-1989 \"><ul class=\"etabs\"> <li class=\"tab\"><a href=\"#tab-1\">This is<\/a><\/li>  <li class=\"tab\"><a href=\"#tab-2\">Tabbed<\/a><\/li>  <li class=\"tab\"><a href=\"#tab-3\">Content<\/a><\/li> <\/ul><div class=\"panel-container\"><div class=\"tab-block\" id=\"tab-1\"><p>Aenean lacinia bibendum nulla sed consectetur. Fusce dapibus, tellus ac cursus commodo, tortor mauris condimentum nibh, ut fermentum massa justo sit amet risus. Vestibulum id ligula porta felis euismod semper. Lorem ipsum dolor sit amet, consectetur adipiscing elit.<\/p>\n<p>Donec sed odio dui. Donec sed odio dui. Praesent commodo cursus magna, vel scelerisque nisl consectetur et. Maecenas faucibus mollis interdum.<\/p>\n<ul class=\"circled\">\n<li>Mauris lacinia dui non metus dignissim venenatis.<\/li>\n<li>Etiam elit tellus, condimentum tempor lobortis.<\/li>\n<li>Aliquam pharetra vestibulum arcu, eget iaculis.<\/li>\n<\/ul>\n<p>\n<\/div><div class=\"tab-block\" id=\"tab-2\"><p>Nullam quis risus eget urna mollis ornare vel eu leo. Donec sed odio dui. Donec ullamcorper nulla non metus auctor fringilla. Lorem ipsum dolor sit amet, consectetur adipiscing elit. Lorem ipsum dolor sit amet, consectetur adipiscing elit. Vestibulum id ligula porta felis euismod semper. Cras mattis consectetur purus sit amet fermentum. Aenean eu leo quam. Pellentesque ornare sem lacinia quam venenatis vestibulum. Maecenas faucibus mollis interdum.<\/p>\n<\/div><div class=\"tab-block\" id=\"tab-3\"><p>Nullam quis risus eget urna mollis ornare vel eu leo. Donec sed odio dui. Donec ullamcorper nulla non metus auctor fringilla. Lorem ipsum dolor sit amet, consectetur adipiscing elit. Lorem ipsum dolor sit amet, consectetur adipiscing elit. Vestibulum id ligula porta felis euismod semper.<\/p>\n<\/div><\/div><\/div>\n\t\t<script data-jetpack-boost=\"ignore\" type=\"text\/javascript\">\n\t\t\tjQuery(document).ready(function() {\n\t\t\t\tjQuery('.tabs.tabs-top.ebor-1989').easytabs({\n\t\t\t\t    animationSpeed: 300,\n\t\t\t\t    updateHash: false\n\t\t\t\t});\n\t\t\t});\n\t\t<\/script>\n\t[\/vc_column_inner][vc_column_inner el_class=&#8221;&#8221; width=&#8221;1\/3&#8243;][vc_column_text]<\/p>\n<h3>Core Features of the Company<\/h3>\n<p>[\/vc_column_text]\n\t\t<div class=\"panel-group  ebor-4995\" id=\"accordion-4995\"><div class=\"panel panel-default\">\n\t\t\t\t\t<div class=\"panel-heading\">\n\t\t\t\t\t\t<h4 class=\"panel-title\">\n\t\t\t\t\t\t\t<a data-toggle=\"collapse\" class=\"panel-toggle active\" data-parent=\"#accordion-4995\" href=\"#collapse-4995-1\">100% Responsive<\/a>\n\t\t\t\t\t\t<\/h4>\n\t\t\t\t\t<\/div>\n\t\t\t\t\t<div id=\"collapse-4995-1\" class=\"panel-collapse collapse in\">\n\t\t\t\t\t\t<div class=\"panel-body\"><p>Anim pariatur cliche reprehenderit, enim eiusmod high life accusamus terry richardson ad squid. 3 wolf moon officia aute, non cupidatat skateboard dolor brunch. Food truck quinoa nesciunt laborum eiusmod. Brunch 3 wolf moon tempor, sunt aliqua put a bird on it squid single-origin coffee nulla assumenda shoreditch et. Nihil anim keffiyeh helvetica, craft beer labore wes anderson cred nesciunt sapiente ea proident.<\/p>\n<\/div>\n\t\t\t\t\t<\/div>\n\t\t\t   <\/div><div class=\"panel panel-default\">\n\t\t\t\t\t<div class=\"panel-heading\">\n\t\t\t\t\t\t<h4 class=\"panel-title\">\n\t\t\t\t\t\t\t<a data-toggle=\"collapse\" class=\"panel-toggle \" data-parent=\"#accordion-4995\" href=\"#collapse-4995-2\">Clean & Professional Design<\/a>\n\t\t\t\t\t\t<\/h4>\n\t\t\t\t\t<\/div>\n\t\t\t\t\t<div id=\"collapse-4995-2\" class=\"panel-collapse collapse \">\n\t\t\t\t\t\t<div class=\"panel-body\"><p>Anim pariatur cliche reprehenderit, enim eiusmod high life accusamus terry richardson ad squid. 3 wolf moon officia aute, non cupidatat skateboard dolor brunch. Food truck quinoa nesciunt laborum eiusmod. Brunch 3 wolf moon tempor, sunt aliqua put a bird on it squid single-origin coffee nulla assumenda shoreditch et. Nihil anim keffiyeh helvetica, craft beer labore wes anderson cred nesciunt sapiente ea proident.<\/p>\n<\/div>\n\t\t\t\t\t<\/div>\n\t\t\t   <\/div><div class=\"panel panel-default\">\n\t\t\t\t\t<div class=\"panel-heading\">\n\t\t\t\t\t\t<h4 class=\"panel-title\">\n\t\t\t\t\t\t\t<a data-toggle=\"collapse\" class=\"panel-toggle \" data-parent=\"#accordion-4995\" href=\"#collapse-4995-3\">Free Support & Updates<\/a>\n\t\t\t\t\t\t<\/h4>\n\t\t\t\t\t<\/div>\n\t\t\t\t\t<div id=\"collapse-4995-3\" class=\"panel-collapse collapse \">\n\t\t\t\t\t\t<div class=\"panel-body\"><p>Anim pariatur cliche reprehenderit, enim eiusmod high life accusamus terry richardson ad squid. 3 wolf moon officia aute, non cupidatat skateboard dolor brunch. Food truck quinoa nesciunt laborum eiusmod. Brunch 3 wolf moon tempor, sunt aliqua put a bird on it squid single-origin coffee nulla assumenda shoreditch et. Nihil anim keffiyeh helvetica, craft beer labore wes anderson cred nesciunt sapiente ea proident.<\/p>\n<\/div>\n\t\t\t\t\t<\/div>\n\t\t\t   <\/div><\/div>\n\t\t<script data-jetpack-boost=\"ignore\" type=\"text\/javascript\">\n\t\t\tjQuery(document).ready(function() {\t\n\t\t\t\tjQuery('.panel-group.ebor-4995').find('.panel-default:has(\".in\")').addClass('panel-active');\n\t\t\t\t\n\t\t\t    jQuery('.panel-group.ebor-4995').on('shown.bs.collapse', function(e) {\n\t\t\t        jQuery(e.target).closest('.panel-default').addClass(' panel-active');\n\t\t\t    }).on('hidden.bs.collapse', function(e) {\n\t\t\t        jQuery(e.target).closest('.panel-default').removeClass(' panel-active');\n\t\t\t    });\n\t\t\t});  \n\t\t<\/script>\n\t[\/vc_column_inner][\/vc_row_inner][\/vc_column][\/vc_row]<\/p>\n","protected":false},"excerpt":{"rendered":"<p>[vc_row kwoon_bg=&#8221;dark&#8221;][vc_column width=&#8221;1\/1&#8243;][\/vc_column][\/vc_row][vc_row kwoon_bg=&#8221;light&#8221;][vc_column width=&#8221;1\/1&#8243;][\/vc_column][\/vc_row][vc_row kwoon_bg=&#8221;inverse&#8221; css=&#8221;.vc_custom_1432739526109{background-image: url(http:\/\/kwoon.tommusdemos.wpengine.com\/wp-content\/uploads\/sites\/13\/2015\/05\/parallax3.jpg?id=117) !important;}&#8221;][vc_column width=&#8221;1\/1&#8243;][\/vc_column][\/vc_row][vc_row kwoon_bg=&#8221;dark&#8221;][vc_column width=&#8221;1\/1&#8243;][vc_column_text] Cras justo odio, dapibus ac facilisis in, egestas eget quam. Duis mollis, est&#8230;<\/p>\n","protected":false},"author":1,"featured_media":0,"parent":0,"menu_order":0,"comment_status":"open","ping_status":"open","template":"","meta":{"om_disable_all_campaigns":false,"_monsterinsights_skip_tracking":false,"_monsterinsights_sitenote_active":false,"_monsterinsights_sitenote_note":"","_monsterinsights_sitenote_category":0,"footnotes":""},"class_list":["post-220","page","type-page","status-publish","hentry"],"aioseo_notices":[],"jetpack_sharing_enabled":true,"_links":{"self":[{"href":"https:\/\/www.vjevent.fr\/en\/wp-json\/wp\/v2\/pages\/220"}],"collection":[{"href":"https:\/\/www.vjevent.fr\/en\/wp-json\/wp\/v2\/pages"}],"about":[{"href":"https:\/\/www.vjevent.fr\/en\/wp-json\/wp\/v2\/types\/page"}],"author":[{"embeddable":true,"href":"https:\/\/www.vjevent.fr\/en\/wp-json\/wp\/v2\/users\/1"}],"replies":[{"embeddable":true,"href":"https:\/\/www.vjevent.fr\/en\/wp-json\/wp\/v2\/comments?post=220"}],"version-history":[{"count":1,"href":"https:\/\/www.vjevent.fr\/en\/wp-json\/wp\/v2\/pages\/220\/revisions"}],"predecessor-version":[{"id":3018,"href":"https:\/\/www.vjevent.fr\/en\/wp-json\/wp\/v2\/pages\/220\/revisions\/3018"}],"wp:attachment":[{"href":"https:\/\/www.vjevent.fr\/en\/wp-json\/wp\/v2\/media?parent=220"}],"curies":[{"name":"wp","href":"https:\/\/api.w.org\/{rel}","templated":true}]}}