{"id":260,"date":"2015-05-28T11:23:36","date_gmt":"2015-05-28T10:23:36","guid":{"rendered":"http:\/\/tommusrhodus.wpengine.com\/?page_id=260"},"modified":"2015-05-28T11:23:36","modified_gmt":"2015-05-28T10:23:36","slug":"pages-services-2","status":"publish","type":"page","link":"https:\/\/www.vjevent.fr\/en\/pages-services-2\/","title":{"rendered":"Pages &#8211; Services 2"},"content":{"rendered":"<p>[vc_row kwoon_bg=&#8221;dark&#8221;][vc_column width=&#8221;1\/1&#8243;]\n\t\t<div class=\"tabs tabs-bottom tab-container ebor-6307\">\n\t\t\t<div class=\"panel-container\">\n\t\t<div class=\"tab-block\" id=\"tab-1\">\n\t\t\t<\/p>\n<h3 class=\"main-title text-center\" style=\"text-align: center\">Creativity\u00a0is important for us<\/h3>\n<p class=\"lead\" style=\"text-align: center\">Donec ullamcorper nulla non metus auctor fringilla. Cras justo odio, dapibus ac facilisis in, egestas eget quam. Donec ullamcorper nulla non metus auctor fringilla. Curabitur blandit tempus porttitor.<\/p>\n<p>\n\t\t<\/div>\n\t\n\t\t<div class=\"tab-block\" id=\"tab-2\">\n\t\t\t<\/p>\n<h3 class=\"main-title text-center\" style=\"text-align: center\">We bring\u00a0rapid\u00a0solutions<\/h3>\n<p class=\"lead\" style=\"text-align: center\">Nullam id dolor id nibh ultricies vehicula ut id elit. Maecenas sed diam eget risus varius blandit sit amet non magna. Duis mollis, est non commodo luctus, nisi erat porttitor ligula, eget lacinia odio sem.<\/p>\n<p>\n\t\t<\/div>\n\t\n\t\t<div class=\"tab-block\" id=\"tab-3\">\n\t\t\t<\/p>\n<h3 class=\"main-title text-center\" style=\"text-align: center\">Increase\u00a0visibility\u00a0with our SEO<\/h3>\n<p class=\"lead\" style=\"text-align: center\">Cras mattis consectetur purus sit amet fermentum. Cum sociis natoque penatibus et magnis dis parturient montes, nascetur ridiculus mus. Donec sed odio dui. Morbi leo risus, porta ac consectetur.<\/p>\n<p>\n\t\t<\/div>\n\t\n\t\t<div class=\"tab-block\" id=\"tab-4\">\n\t\t\t<\/p>\n<h3 class=\"main-title text-center\" style=\"text-align: center\">We are\u00a0always\u00a0here for you<\/h3>\n<p class=\"lead\" style=\"text-align: center\">Nullam id dolor id nibh ultricies vehicula ut id elit. Fusce dapibus, tellus ac cursus commodo, tortor mauris condimentum nibh, ut fermentum massa justo sit amet risus. Vestibulum id ligula porta.<\/p>\n<p>\n\t\t<\/div>\n\t<\/div>\n\t\t\t<ul class=\"etabs row\">\n\t\t<li class=\"tab col-sm-3\">\n\t\t\t<a href=\"#tab-1\">\n\t\t\t\t<div class=\"icon box\">\n\t\t\t\t\t<img \n\t\t\t\t\t\tsrc=\"https:\/\/i0.wp.com\/www.vjevent.fr\/wp-content\/uploads\/2015\/05\/icon-heart.png?fit=51%2C47&#038;ssl=1\" \n\t\t\t\t\t\tdata-src=\"https:\/\/i0.wp.com\/www.vjevent.fr\/wp-content\/uploads\/2015\/05\/icon-heart.png?fit=51%2C47&#038;ssl=1\" \n\t\t\t\t\t\tdata-ret=\"https:\/\/i0.wp.com\/www.vjevent.fr\/wp-content\/uploads\/2015\/05\/icon-heart%402x.png?fit=101%2C95&#038;ssl=1\" \n\t\t\t\t\t\tclass=\"retina\" \n\t\t\t\t\t\talt=\"alt\" \n\t\t\t\t\t\/>\n\t\t\t\t<\/div>\n\t\t\t\t<h4>Creative Ideas<\/h4>\n\t\t\t<\/a>\n\t\t<\/li>\n\t\n\t\t<li class=\"tab col-sm-3\">\n\t\t\t<a href=\"#tab-2\">\n\t\t\t\t<div class=\"icon box\">\n\t\t\t\t\t<img \n\t\t\t\t\t\tsrc=\"https:\/\/i0.wp.com\/www.vjevent.fr\/wp-content\/uploads\/2015\/05\/icon-clock.png?fit=54%2C54&#038;ssl=1\" \n\t\t\t\t\t\tdata-src=\"https:\/\/i0.wp.com\/www.vjevent.fr\/wp-content\/uploads\/2015\/05\/icon-clock.png?fit=54%2C54&#038;ssl=1\" \n\t\t\t\t\t\tdata-ret=\"https:\/\/i0.wp.com\/www.vjevent.fr\/wp-content\/uploads\/2015\/05\/icon-clock%402x.png?fit=108%2C109&#038;ssl=1\" \n\t\t\t\t\t\tclass=\"retina\" \n\t\t\t\t\t\talt=\"alt\" \n\t\t\t\t\t\/>\n\t\t\t\t<\/div>\n\t\t\t\t<h4>Rapid Solutions<\/h4>\n\t\t\t<\/a>\n\t\t<\/li>\n\t\n\t\t<li class=\"tab col-sm-3\">\n\t\t\t<a href=\"#tab-3\">\n\t\t\t\t<div class=\"icon box\">\n\t\t\t\t\t<img \n\t\t\t\t\t\tsrc=\"https:\/\/i0.wp.com\/www.vjevent.fr\/wp-content\/uploads\/2015\/05\/icon-browser.png?fit=54%2C45&#038;ssl=1\" \n\t\t\t\t\t\tdata-src=\"https:\/\/i0.wp.com\/www.vjevent.fr\/wp-content\/uploads\/2015\/05\/icon-browser.png?fit=54%2C45&#038;ssl=1\" \n\t\t\t\t\t\tdata-ret=\"https:\/\/i0.wp.com\/www.vjevent.fr\/wp-content\/uploads\/2015\/05\/icon-browser%402x.png?fit=108%2C90&#038;ssl=1\" \n\t\t\t\t\t\tclass=\"retina\" \n\t\t\t\t\t\talt=\"alt\" \n\t\t\t\t\t\/>\n\t\t\t\t<\/div>\n\t\t\t\t<h4>Optimization<\/h4>\n\t\t\t<\/a>\n\t\t<\/li>\n\t\n\t\t<li class=\"tab col-sm-3\">\n\t\t\t<a href=\"#tab-4\">\n\t\t\t\t<div class=\"icon box\">\n\t\t\t\t\t<img \n\t\t\t\t\t\tsrc=\"https:\/\/i0.wp.com\/www.vjevent.fr\/wp-content\/uploads\/2015\/05\/icon-help.png?fit=54%2C54&#038;ssl=1\" \n\t\t\t\t\t\tdata-src=\"https:\/\/i0.wp.com\/www.vjevent.fr\/wp-content\/uploads\/2015\/05\/icon-help.png?fit=54%2C54&#038;ssl=1\" \n\t\t\t\t\t\tdata-ret=\"https:\/\/i0.wp.com\/www.vjevent.fr\/wp-content\/uploads\/2015\/05\/icon-help%402x.png?fit=108%2C108&#038;ssl=1\" \n\t\t\t\t\t\tclass=\"retina\" \n\t\t\t\t\t\talt=\"alt\" \n\t\t\t\t\t\/>\n\t\t\t\t<\/div>\n\t\t\t\t<h4>Free Support<\/h4>\n\t\t\t<\/a>\n\t\t<\/li>\n\t<\/ul>\n\t\t<\/div>\n\t\t<script data-jetpack-boost=\"ignore\" type=\"text\/javascript\">\n\t\t\tjQuery(document).ready(function() {\n\t\t\t\tjQuery('.tabs.tabs-bottom.ebor-6307').easytabs({\n\t\t\t\t    animationSpeed: 300,\n\t\t\t\t    updateHash: false,\n\t\t\t\t    cycle: 5000\n\t\t\t\t});\n\t\t\t});\n\t\t<\/script>\n\t[\/vc_column][\/vc_row][vc_row kwoon_bg=&#8221;light&#8221; css=&#8221;.vc_custom_1432808513898{background-image: url(http:\/\/kwoon.tommusdemos.wpengine.com\/wp-content\/uploads\/sites\/13\/2015\/05\/parallax4.jpg?id=136) !important;}&#8221;][vc_column width=&#8221;1\/1&#8243;]\t\n\t\t\t\n\t\t<div class=\"carousel-wrapper\">\n\t\t\t<div class=\"carousel testimonials3\">\n\t\t\t\t\n<div class=\"item text-center\">\n\t<div class=\"quote\">\n\t\n\t\t<blockquote>\n\t\t\t<p>Thank you so much for your email and it was SUCH a pleasure to work with you. The client was super happy with what was produced, and I really enjoyed being part of your creative process.<br \/>\nThank you again for everything and hopefully we will get to work with you again!<\/p>\n<p>Please can I mirror Florry&#8217;s sentiments below &#8211; it was an absolute pleasure to work with you and your performance\/ content was fantastic!<br \/>\nThank you for everything and I hope to work with you again in the future!<\/p>\n<p>V-jaying for the Asahi Rugby World Cup launch event<\/p>\n\t\t<\/blockquote>\n\t\t\n\t\t<div class=\"author\">\n\t\t\n\t\t\t<div class=\"icon\">\n\t\t\t\t\t\t\t<\/div>\n\t\t\t\n\t\t\t<h5>Florry Saunders &#038;  Leanne Farrell &#8211; Fuse UK<\/h5><span class=\"meta\"><\/span> \t\t\t\n\t\t<\/div>\n\t\n\t<\/div>\n<\/div>\n<div class=\"item text-center\">\n\t<div class=\"quote\">\n\t\n\t\t<blockquote>\n\t\t\t<p>The VJ was like the screen &#8230; Monumental!<\/p>\n<p>Vj MIX at The U-Arena La D\u00e9fense for Axa<\/p>\n\t\t<\/blockquote>\n\t\t\n\t\t<div class=\"author\">\n\t\t\n\t\t\t<div class=\"icon\">\n\t\t\t\t\t\t\t<\/div>\n\t\t\t\n\t\t\t<h5>Cedric Benquet &#8211; FC2 Agency<\/h5><span class=\"meta\"><\/span> \t\t\t\n\t\t<\/div>\n\t\n\t<\/div>\n<\/div>\n<div class=\"item text-center\">\n\t<div class=\"quote\">\n\t\n\t\t<blockquote>\n\t\t\t<p>First of all, thank you very much for your performance and that of the DJ at the seminar last week.<br \/>\nThe customers really appreciated it as well as Justine who gave me her feedback. <\/p>\n<p>Arkopharma seminar<\/p>\n\t\t<\/blockquote>\n\t\t\n\t\t<div class=\"author\">\n\t\t\n\t\t\t<div class=\"icon\">\n\t\t\t\t\t\t\t<\/div>\n\t\t\t\n\t\t\t<h5>Marion Pinc\u00eatre &#8211; Gens d&#8217;\u00e9v\u00e9nement<\/h5><span class=\"meta\"><\/span> \t\t\t\n\t\t<\/div>\n\t\n\t<\/div>\n<\/div>\n<div class=\"item text-center\">\n\t<div class=\"quote\">\n\t\n\t\t<blockquote>\n\t\t\t<p>The big boss of R&amp;C took me with both hands and said looking me in the eye: &#8220;Thank you, it was perfect, beautiful. I know it was not easy, I know you have invested a lot and I thank you very much &#8220;. The same goes for my direct client Ariameetis who was in heaven.<br \/>\nI give you this thank you.<br \/>\nIt was a PLEASURE working with you. Everyone had their place, their role to play.<br \/>\nWe took on a big challenge given the time and budget we had.<\/p>\n<p>Mapping in New-York for Relais &amp; Chateaux<\/p>\n\t\t<\/blockquote>\n\t\t\n\t\t<div class=\"author\">\n\t\t\n\t\t\t<div class=\"icon\">\n\t\t\t\t\t\t\t<\/div>\n\t\t\t\n\t\t\t<h5>David Delassus &#8211; A-blok<\/h5><span class=\"meta\"><\/span> \t\t\t\n\t\t<\/div>\n\t\n\t<\/div>\n<\/div>\n<div class=\"item text-center\">\n\t<div class=\"quote\">\n\t\n\t\t<blockquote>\n\t\t\t<p>It was a little late and from the bottom of my bed that I wanted to thank you all for this successful operation.<br \/>\nIt is thanks to our teamwork that we achieved the set objectives = happy guests, satisfied board members and 3 wonderful evenings.<\/p>\n<p>Inauguration of Club Med Valmorel<\/p>\n\t\t<\/blockquote>\n\t\t\n\t\t<div class=\"author\">\n\t\t\n\t\t\t<div class=\"icon\">\n\t\t\t\t\t\t\t<\/div>\n\t\t\t\n\t\t\t<h5>Hel\u00e8ne Demade<\/h5><span class=\"meta\"><\/span> \t\t\t\n\t\t<\/div>\n\t\n\t<\/div>\n<\/div>\t\t\t<\/div>\n\t\t<\/div>\n\t\t\n\t\t\t\t\n[\/vc_column][\/vc_row][vc_row kwoon_bg=&#8221;dark&#8221;][vc_column width=&#8221;1\/1&#8243;]<h3 class=\"main-title text-center\">We are <strong>here<\/strong> to serve you<\/h3>[vc_column_text]<\/p>\n<p class=\"lead\" style=\"text-align: center\">Duis mollis, est non commodo luctus, nisi erat porttitor ligula, eget lacinia odio sem nec elit. Integer posuere erat a ante venenatis dapibus posuere velit aliquet.<\/p>\n<p>[\/vc_column_text][vc_row_inner][vc_column_inner el_class=&#8221;&#8221; width=&#8221;1\/3&#8243;]\n\t\t<div class=\"feature flat-icon wow fadeIn\" data-wow-duration=\"1s\" data-wow-delay=\"0s\">\n\t\t\t<div class=\"icon\"> \n\t\t\t\t<img \n\t\t\t\t\tsrc=\"https:\/\/i0.wp.com\/www.vjevent.fr\/wp-content\/uploads\/2015\/05\/icon-web.png?fit=54%2C50&#038;ssl=1\" \n\t\t\t\t\tdata-src=\"https:\/\/i0.wp.com\/www.vjevent.fr\/wp-content\/uploads\/2015\/05\/icon-web.png?fit=54%2C50&#038;ssl=1\" \n\t\t\t\t\tdata-ret=\"https:\/\/i0.wp.com\/www.vjevent.fr\/wp-content\/uploads\/2015\/05\/icon-web%402x.png?fit=108%2C101&#038;ssl=1\" \n\t\t\t\t\tclass=\"retina\" \n\t\t\t\t\talt=\"alt\" \n\t\t\t\t\/>\n\t\t\t<\/div>\n<h4>Responsive Layout<\/h4>\n<p>Curabitur blandit tempus porttitor. Nulla vitae elit libero, a pharetra augue.\n\t\t<\/div>\n\t\n\t\t<div class=\"feature flat-icon wow fadeIn\" data-wow-duration=\"1s\" data-wow-delay=\"0.3s\">\n\t\t\t<div class=\"icon\"> \n\t\t\t\t<img \n\t\t\t\t\tsrc=\"https:\/\/i0.wp.com\/www.vjevent.fr\/wp-content\/uploads\/2015\/05\/icon-drop.png?fit=42%2C54&#038;ssl=1\" \n\t\t\t\t\tdata-src=\"https:\/\/i0.wp.com\/www.vjevent.fr\/wp-content\/uploads\/2015\/05\/icon-drop.png?fit=42%2C54&#038;ssl=1\" \n\t\t\t\t\tdata-ret=\"https:\/\/i0.wp.com\/www.vjevent.fr\/wp-content\/uploads\/2015\/05\/icon-drop%402x.png?fit=84%2C108&#038;ssl=1\" \n\t\t\t\t\tclass=\"retina\" \n\t\t\t\t\talt=\"alt\" \n\t\t\t\t\/>\n\t\t\t<\/div>\n<h4>Color Palettes<\/h4>\n<p>Curabitur blandit tempus porttitor. Nulla vitae elit libero, a pharetra augue.\n\t\t<\/div>\n\t\n\t\t<div class=\"feature flat-icon wow fadeIn\" data-wow-duration=\"1s\" data-wow-delay=\"0.6s\">\n\t\t\t<div class=\"icon\"> \n\t\t\t\t<img \n\t\t\t\t\tsrc=\"https:\/\/i0.wp.com\/www.vjevent.fr\/wp-content\/uploads\/2015\/05\/icon-tv.png?fit=54%2C48&#038;ssl=1\" \n\t\t\t\t\tdata-src=\"https:\/\/i0.wp.com\/www.vjevent.fr\/wp-content\/uploads\/2015\/05\/icon-tv.png?fit=54%2C48&#038;ssl=1\" \n\t\t\t\t\tdata-ret=\"https:\/\/i0.wp.com\/www.vjevent.fr\/wp-content\/uploads\/2015\/05\/icon-tv%402x.png?fit=108%2C108&#038;ssl=1\" \n\t\t\t\t\tclass=\"retina\" \n\t\t\t\t\talt=\"alt\" \n\t\t\t\t\/>\n\t\t\t<\/div>\n<h4>Video Support<\/h4>\n<p>Curabitur blandit tempus porttitor. Nulla vitae elit libero, a pharetra augue.\n\t\t<\/div>\n\t[\/vc_column_inner][vc_column_inner el_class=&#8221;&#8221; width=&#8221;1\/3&#8243;]\n\t\t<div class=\"feature flat-icon wow fadeIn\" data-wow-duration=\"1s\" data-wow-delay=\"0s\">\n\t\t\t<div class=\"icon\"> \n\t\t\t\t<img \n\t\t\t\t\tsrc=\"https:\/\/i0.wp.com\/www.vjevent.fr\/wp-content\/uploads\/2015\/05\/icon-heart.png?fit=51%2C47&#038;ssl=1\" \n\t\t\t\t\tdata-src=\"https:\/\/i0.wp.com\/www.vjevent.fr\/wp-content\/uploads\/2015\/05\/icon-heart.png?fit=51%2C47&#038;ssl=1\" \n\t\t\t\t\tdata-ret=\"https:\/\/i0.wp.com\/www.vjevent.fr\/wp-content\/uploads\/2015\/05\/icon-heart%402x.png?fit=101%2C95&#038;ssl=1\" \n\t\t\t\t\tclass=\"retina\" \n\t\t\t\t\talt=\"alt\" \n\t\t\t\t\/>\n\t\t\t<\/div>\n<h4>Flat & Clean design<\/h4>\n<p>Curabitur blandit tempus porttitor. Nulla vitae elit libero, a pharetra augue.\n\t\t<\/div>\n\t\n\t\t<div class=\"feature flat-icon wow fadeIn\" data-wow-duration=\"1s\" data-wow-delay=\"0.3s\">\n\t\t\t<div class=\"icon\"> \n\t\t\t\t<img \n\t\t\t\t\tsrc=\"https:\/\/i0.wp.com\/www.vjevent.fr\/wp-content\/uploads\/2015\/05\/icon-help.png?fit=54%2C54&#038;ssl=1\" \n\t\t\t\t\tdata-src=\"https:\/\/i0.wp.com\/www.vjevent.fr\/wp-content\/uploads\/2015\/05\/icon-help.png?fit=54%2C54&#038;ssl=1\" \n\t\t\t\t\tdata-ret=\"https:\/\/i0.wp.com\/www.vjevent.fr\/wp-content\/uploads\/2015\/05\/icon-help%402x.png?fit=108%2C108&#038;ssl=1\" \n\t\t\t\t\tclass=\"retina\" \n\t\t\t\t\talt=\"alt\" \n\t\t\t\t\/>\n\t\t\t<\/div>\n<h4>Free Support & Updates<\/h4>\n<p>Curabitur blandit tempus porttitor. Nulla vitae elit libero, a pharetra augue.\n\t\t<\/div>\n\t\n\t\t<div class=\"feature flat-icon wow fadeIn\" data-wow-duration=\"1s\" data-wow-delay=\"0.6s\">\n\t\t\t<div class=\"icon\"> \n\t\t\t\t<img \n\t\t\t\t\tsrc=\"https:\/\/i0.wp.com\/www.vjevent.fr\/wp-content\/uploads\/2015\/05\/icon-mail.png?fit=54%2C39&#038;ssl=1\" \n\t\t\t\t\tdata-src=\"https:\/\/i0.wp.com\/www.vjevent.fr\/wp-content\/uploads\/2015\/05\/icon-mail.png?fit=54%2C39&#038;ssl=1\" \n\t\t\t\t\tdata-ret=\"https:\/\/i0.wp.com\/www.vjevent.fr\/wp-content\/uploads\/2015\/05\/icon-mail%402x.png?fit=108%2C78&#038;ssl=1\" \n\t\t\t\t\tclass=\"retina\" \n\t\t\t\t\talt=\"alt\" \n\t\t\t\t\/>\n\t\t\t<\/div>\n<h4>Working Contact Form<\/h4>\n<p>Curabitur blandit tempus porttitor. Nulla vitae elit libero, a pharetra augue.\n\t\t<\/div>\n\t[\/vc_column_inner][vc_column_inner el_class=&#8221;&#8221; width=&#8221;1\/3&#8243;]\n\t\t<div class=\"feature flat-icon wow fadeIn\" data-wow-duration=\"1s\" data-wow-delay=\"0s\">\n\t\t\t<div class=\"icon\"> \n\t\t\t\t<img \n\t\t\t\t\tsrc=\"https:\/\/i0.wp.com\/www.vjevent.fr\/wp-content\/uploads\/2015\/05\/icon-print.png?fit=54%2C54&#038;ssl=1\" \n\t\t\t\t\tdata-src=\"https:\/\/i0.wp.com\/www.vjevent.fr\/wp-content\/uploads\/2015\/05\/icon-print.png?fit=54%2C54&#038;ssl=1\" \n\t\t\t\t\tdata-ret=\"https:\/\/i0.wp.com\/www.vjevent.fr\/wp-content\/uploads\/2015\/05\/icon-print%402x.png?fit=108%2C108&#038;ssl=1\" \n\t\t\t\t\tclass=\"retina\" \n\t\t\t\t\talt=\"alt\" \n\t\t\t\t\/>\n\t\t\t<\/div>\n<h4>Print Design<\/h4>\n<p>Curabitur blandit tempus porttitor. Nulla vitae elit libero, a pharetra augue.\n\t\t<\/div>\n\t\n\t\t<div class=\"feature flat-icon wow fadeIn\" data-wow-duration=\"1s\" data-wow-delay=\"0.3s\">\n\t\t\t<div class=\"icon\"> \n\t\t\t\t<img \n\t\t\t\t\tsrc=\"https:\/\/i0.wp.com\/www.vjevent.fr\/wp-content\/uploads\/2015\/05\/icon-clock.png?fit=54%2C54&#038;ssl=1\" \n\t\t\t\t\tdata-src=\"https:\/\/i0.wp.com\/www.vjevent.fr\/wp-content\/uploads\/2015\/05\/icon-clock.png?fit=54%2C54&#038;ssl=1\" \n\t\t\t\t\tdata-ret=\"https:\/\/i0.wp.com\/www.vjevent.fr\/wp-content\/uploads\/2015\/05\/icon-clock%402x.png?fit=108%2C109&#038;ssl=1\" \n\t\t\t\t\tclass=\"retina\" \n\t\t\t\t\talt=\"alt\" \n\t\t\t\t\/>\n\t\t\t<\/div>\n<h4>Rapid Solutions<\/h4>\n<p>Curabitur blandit tempus porttitor. Nulla vitae elit libero, a pharetra augue.\n\t\t<\/div>\n\t\n\t\t<div class=\"feature flat-icon wow fadeIn\" data-wow-duration=\"1s\" data-wow-delay=\"0.6s\">\n\t\t\t<div class=\"icon\"> \n\t\t\t\t<img \n\t\t\t\t\tsrc=\"https:\/\/i0.wp.com\/www.vjevent.fr\/wp-content\/uploads\/2015\/05\/icon-cloud.png?fit=50%2C54&#038;ssl=1\" \n\t\t\t\t\tdata-src=\"https:\/\/i0.wp.com\/www.vjevent.fr\/wp-content\/uploads\/2015\/05\/icon-cloud.png?fit=50%2C54&#038;ssl=1\" \n\t\t\t\t\tdata-ret=\"https:\/\/i0.wp.com\/www.vjevent.fr\/wp-content\/uploads\/2015\/05\/icon-cloud%402x.png?fit=100%2C108&#038;ssl=1\" \n\t\t\t\t\tclass=\"retina\" \n\t\t\t\t\talt=\"alt\" \n\t\t\t\t\/>\n\t\t\t<\/div>\n<h4>Cloud Services<\/h4>\n<p>Curabitur blandit tempus porttitor. Nulla vitae elit libero, a pharetra augue.\n\t\t<\/div>\n\t[\/vc_column_inner][\/vc_row_inner][\/vc_column][\/vc_row][vc_row full_width=&#8221;&#8221; parallax=&#8221;&#8221; parallax_image=&#8221;&#8221; kwoon_bg=&#8221;light&#8221;][vc_column width=&#8221;1\/1&#8243;]<h3 class=\"main-title text-center\"><strong>Steps<\/strong> in our works<\/h3>[vc_column_text]<\/p>\n<p class=\"lead\" style=\"text-align: center\">Duis mollis, est non commodo luctus, nisi erat porttitor ligula, eget lacinia odio sem nec elit. Integer posuere erat a ante venenatis dapibus posuere velit aliquet.<\/p>\n<p>[\/vc_column_text][vc_row_inner][vc_column_inner el_class=&#8221;&#8221; width=&#8221;1\/4&#8243;]\n\t\t<div class=\"text-center steps\">\n\t\t\t<div class=\"wow fadeInUp\" data-wow-duration=\"1s\" data-wow-delay=\"0s\">\n\t\t\t\t<div class=\"steps-item\">\n\t\t\t\t\n\t\t\t\t\t<span class=\"number\"><\/span>\n\t\t\t\t\t\n\t\t\t\t\t<div class=\"icon\"> \n\t\t\t\t\t\t<i class=\"budicon-diamond\"><\/i> \n\t\t\t\t\t<\/div>\n<h4>Collect Ideas<\/h4>\n<p>Nulla vitae libero pharetra augue. Etiam porta malesuada magna mollis euismod. Eget lacinia odio sem nec elit.\n\t\t\t\t\t\n\t\t\t\t<\/div>\n\t\t\t<\/div>\n\t\t<\/div>\n\t[\/vc_column_inner][vc_column_inner el_class=&#8221;&#8221; width=&#8221;1\/4&#8243;]\n\t\t<div class=\"text-center steps\">\n\t\t\t<div class=\"wow fadeInUp\" data-wow-duration=\"1s\" data-wow-delay=\"0.3s\">\n\t\t\t\t<div class=\"steps-item\">\n\t\t\t\t\n\t\t\t\t\t<span class=\"number\"><\/span>\n\t\t\t\t\t\n\t\t\t\t\t<div class=\"icon\"> \n\t\t\t\t\t\t<i class=\"budicon-pie-chart\"><\/i> \n\t\t\t\t\t<\/div>\n<h4>Data Analysis<\/h4>\n<p>Nulla vitae libero pharetra augue. Etiam porta malesuada magna mollis euismod. Eget lacinia odio sem nec elit.\n\t\t\t\t\t\n\t\t\t\t<\/div>\n\t\t\t<\/div>\n\t\t<\/div>\n\t[\/vc_column_inner][vc_column_inner el_class=&#8221;&#8221; width=&#8221;1\/4&#8243;]\n\t\t<div class=\"text-center steps\">\n\t\t\t<div class=\"wow fadeInUp\" data-wow-duration=\"1s\" data-wow-delay=\"0.6s\">\n\t\t\t\t<div class=\"steps-item\">\n\t\t\t\t\n\t\t\t\t\t<span class=\"number\"><\/span>\n\t\t\t\t\t\n\t\t\t\t\t<div class=\"icon\"> \n\t\t\t\t\t\t<i class=\"budicon-brush\"><\/i> \n\t\t\t\t\t<\/div>\n<h4>Magic Touch<\/h4>\n<p>Nulla vitae libero pharetra augue. Etiam porta malesuada magna mollis euismod. Eget lacinia odio sem nec elit.\n\t\t\t\t\t\n\t\t\t\t<\/div>\n\t\t\t<\/div>\n\t\t<\/div>\n\t[\/vc_column_inner][vc_column_inner el_class=&#8221;&#8221; width=&#8221;1\/4&#8243;]\n\t\t<div class=\"text-center steps\">\n\t\t\t<div class=\"wow fadeInUp\" data-wow-duration=\"1s\" data-wow-delay=\"0.9s\">\n\t\t\t\t<div class=\"steps-item\">\n\t\t\t\t\n\t\t\t\t\t<span class=\"number\"><\/span>\n\t\t\t\t\t\n\t\t\t\t\t<div class=\"icon\"> \n\t\t\t\t\t\t<i class=\"budicon-gift\"><\/i> \n\t\t\t\t\t<\/div>\n<h4>Finalize Product<\/h4>\n<p>Nulla vitae libero pharetra augue. Etiam porta malesuada magna mollis euismod. Eget lacinia odio sem nec elit.\n\t\t\t\t\t\n\t\t\t\t<\/div>\n\t\t\t<\/div>\n\t\t<\/div>\n\t[\/vc_column_inner][\/vc_row_inner][\/vc_column][\/vc_row]<\/p>\n","protected":false},"excerpt":{"rendered":"<p>[vc_row kwoon_bg=&#8221;dark&#8221;][vc_column width=&#8221;1\/1&#8243;][\/vc_column][\/vc_row][vc_row kwoon_bg=&#8221;light&#8221; css=&#8221;.vc_custom_1432808513898{background-image: url(http:\/\/kwoon.tommusdemos.wpengine.com\/wp-content\/uploads\/sites\/13\/2015\/05\/parallax4.jpg?id=136) !important;}&#8221;][vc_column width=&#8221;1\/1&#8243;][\/vc_column][\/vc_row][vc_row kwoon_bg=&#8221;dark&#8221;][vc_column width=&#8221;1\/1&#8243;][vc_column_text] Duis mollis, est non commodo luctus, nisi erat porttitor ligula, eget lacinia odio sem nec&#8230;<\/p>\n","protected":false},"author":1,"featured_media":0,"parent":0,"menu_order":0,"comment_status":"open","ping_status":"open","template":"","meta":{"om_disable_all_campaigns":false,"_monsterinsights_skip_tracking":false,"_monsterinsights_sitenote_active":false,"_monsterinsights_sitenote_note":"","_monsterinsights_sitenote_category":0,"footnotes":""},"class_list":["post-260","page","type-page","status-publish","hentry"],"aioseo_notices":[],"jetpack_sharing_enabled":true,"_links":{"self":[{"href":"https:\/\/www.vjevent.fr\/en\/wp-json\/wp\/v2\/pages\/260"}],"collection":[{"href":"https:\/\/www.vjevent.fr\/en\/wp-json\/wp\/v2\/pages"}],"about":[{"href":"https:\/\/www.vjevent.fr\/en\/wp-json\/wp\/v2\/types\/page"}],"author":[{"embeddable":true,"href":"https:\/\/www.vjevent.fr\/en\/wp-json\/wp\/v2\/users\/1"}],"replies":[{"embeddable":true,"href":"https:\/\/www.vjevent.fr\/en\/wp-json\/wp\/v2\/comments?post=260"}],"version-history":[{"count":0,"href":"https:\/\/www.vjevent.fr\/en\/wp-json\/wp\/v2\/pages\/260\/revisions"}],"wp:attachment":[{"href":"https:\/\/www.vjevent.fr\/en\/wp-json\/wp\/v2\/media?parent=260"}],"curies":[{"name":"wp","href":"https:\/\/api.w.org\/{rel}","templated":true}]}}