{"id":3021,"date":"2020-07-18T14:55:35","date_gmt":"2020-07-18T12:55:35","guid":{"rendered":"http:\/\/localhost:8888\/wordpress\/?page_id=3021"},"modified":"2024-11-08T17:56:17","modified_gmt":"2024-11-08T16:56:17","slug":"v-jaying","status":"publish","type":"page","link":"https:\/\/www.vjevent.fr\/en\/v-jaying\/","title":{"rendered":"V-jaying"},"content":{"rendered":"<p>[vc_row kwoon_bg=&#8221;left&#8221; css=&#8221;.vc_custom_1594325530016{background-image: url(https:\/\/www.vjevent.fr\/wp-content\/uploads\/2020\/07\/mixe-vj-arena.jpg?id=2910) !important;}&#8221; el_id=&#8221;vjaying&#8221;][vc_column]\n\t\t<div class=\"feature flat-icon wow fadeIn\" data-wow-duration=\"1s\" data-wow-delay=\"0s\">\n\t\t\t<div class=\"icon\"> \n\t\t\t\t<img \n\t\t\t\t\tsrc=\"https:\/\/i0.wp.com\/www.vjevent.fr\/wp-content\/uploads\/2020\/07\/icon-view.png?fit=54%2C54&#038;ssl=1\" \n\t\t\t\t\tdata-src=\"https:\/\/i0.wp.com\/www.vjevent.fr\/wp-content\/uploads\/2020\/07\/icon-view.png?fit=54%2C54&#038;ssl=1\" \n\t\t\t\t\tdata-ret=\"https:\/\/i0.wp.com\/www.vjevent.fr\/wp-content\/uploads\/2020\/07\/icon-view%402x.png?fit=108%2C108&#038;ssl=1\" \n\t\t\t\t\tclass=\"retina\" \n\t\t\t\t\talt=\"alt\" \n\t\t\t\t\/>\n\t\t\t<\/div>\n<h4>Immersive<\/h4>\n<p>Real-time themed visual moods\n\t\t<\/div>\n\t\n\t\t<div class=\"feature flat-icon wow fadeIn\" data-wow-duration=\"1s\" data-wow-delay=\"0.6s\">\n\t\t\t<div class=\"icon\"> \n\t\t\t\t<img \n\t\t\t\t\tsrc=\"https:\/\/i0.wp.com\/www.vjevent.fr\/wp-content\/uploads\/2015\/05\/icon-heart.png?fit=51%2C47&#038;ssl=1\" \n\t\t\t\t\tdata-src=\"https:\/\/i0.wp.com\/www.vjevent.fr\/wp-content\/uploads\/2015\/05\/icon-heart.png?fit=51%2C47&#038;ssl=1\" \n\t\t\t\t\tdata-ret=\"https:\/\/i0.wp.com\/www.vjevent.fr\/wp-content\/uploads\/2015\/05\/icon-heart%402x.png?fit=101%2C95&#038;ssl=1\" \n\t\t\t\t\tclass=\"retina\" \n\t\t\t\t\talt=\"alt\" \n\t\t\t\t\/>\n\t\t\t<\/div>\n<h4>Communication vector<\/h4>\n<p>Advertiser media and keyword integration\n\t\t<\/div>\n\t\n\t\t<div class=\"feature flat-icon wow fadeIn\" data-wow-duration=\"1s\" data-wow-delay=\"0.9s\">\n\t\t\t<div class=\"icon\"> \n\t\t\t\t<img \n\t\t\t\t\tsrc=\"https:\/\/i0.wp.com\/www.vjevent.fr\/wp-content\/uploads\/2020\/07\/icon-disk.png?fit=54%2C54&#038;ssl=1\" \n\t\t\t\t\tdata-src=\"https:\/\/i0.wp.com\/www.vjevent.fr\/wp-content\/uploads\/2020\/07\/icon-disk.png?fit=54%2C54&#038;ssl=1\" \n\t\t\t\t\tdata-ret=\"https:\/\/i0.wp.com\/www.vjevent.fr\/wp-content\/uploads\/2020\/07\/icon-disk%402x.png?fit=108%2C108&#038;ssl=1\" \n\t\t\t\t\tclass=\"retina\" \n\t\t\t\t\talt=\"alt\" \n\t\t\t\t\/>\n\t\t\t<\/div>\n<h4>In sync with the music<\/h4>\n<p>The vj adapts the video content in real time to the music of the dj or the band.\n\t\t<\/div>\n\t\n\t\t<div class=\"feature flat-icon wow fadeIn\" data-wow-duration=\"1s\" data-wow-delay=\"0.9s\">\n\t\t\t<div class=\"icon\"> \n\t\t\t\t<img \n\t\t\t\t\tsrc=\"https:\/\/i0.wp.com\/www.vjevent.fr\/wp-content\/uploads\/2020\/07\/icon-camera.png?fit=54%2C50&#038;ssl=1\" \n\t\t\t\t\tdata-src=\"https:\/\/i0.wp.com\/www.vjevent.fr\/wp-content\/uploads\/2020\/07\/icon-camera.png?fit=54%2C50&#038;ssl=1\" \n\t\t\t\t\tdata-ret=\"https:\/\/i0.wp.com\/www.vjevent.fr\/wp-content\/uploads\/2020\/07\/icon-camera%402x.png?fit=108%2C101&#038;ssl=1\" \n\t\t\t\t\tclass=\"retina\" \n\t\t\t\t\talt=\"alt\" \n\t\t\t\t\/>\n\t\t\t<\/div>\n<h4><a title=\"Live digital portrait gallery\" href=\"http:\/\/www.vjevent.com\/galerie-de-portraits-numeriques-live\/\">Live photo gallery <\/a> or camera replay<\/h4>\n<p>Innovation and interactivity with the public\n\t\t<\/div>\n\t[\/vc_column][\/vc_row][vc_row][vc_column][vc_column_text]<\/p>\n<h3 class=\"main-title\"><strong>V-jaying<\/strong><strong><br \/>\n<\/strong><\/h3>\n<h4>V-jaying a real-time solution to animate your screens<\/h4>\n<p align=\"justify\">VJ Event&#8217;s services revolve around v-jaying, an artistic performance of mixing streams of images in real time in rhythm with the music. This is the core business of the studio with more than 500 performances since 2005.<\/p>\n<p>VJ Event has an extensive library of video sequences and creates video loops and logo animations adapted to the theme of your event.<\/p>\n<p>The studio provides content design, client media integration, and technical support for animation, from simple one-screen projection to complex multi-screen devices.[\/vc_column_text] [vc_gallery type=&#8221;image_grid&#8221; images=&#8221;3046,3056,3055,3054,3053,3052,3051,3050,3049,3048,3047,3063,3057,3058&#8243;][vc_column_text css=&#8221;.vc_custom_1595088850068{padding-top : 20px !important;}&#8221;]The advantage of v-jaying in events is to allow the creation of rich and artistic content without the constraints of &#8220;off-line&#8221; production. It also energizes your events by increasing interactivity with the public thanks to the capture\/broadcasting of fixed or mobile cameras (optional).<\/p>\n<p>It is done digitally using software and possibly with a mixer to play with multiple video sources (computers, live capture by camera, I-pad video stream, etc.). He thus uses many visual sources: videos, photos, typography, texts, 3d.[\/vc_column_text][\/vc_column][\/vc_row][vc_row kwoon_bg=&#8221;inverse&#8221;][vc_column width=&#8221;1\/12&#8243;][\/vc_column][vc_column width=&#8221;10\/12&#8243;]<h3 class=\"main-title text-center\">Featured <strong>video<\/strong><\/h3>[vc_video link=&#8221;https:\/\/vimeo.com\/474659224&#8243;][vc_column_text]Real time video mix for GSK &#8211; space thematic[\/vc_column_text][\/vc_column][vc_column width=&#8221;1\/12&#8243;][\/vc_column][\/vc_row][vc_row][vc_column][vc_column_text]<\/p>\n<h4><strong>Options<\/strong><\/h4>\n<p><span class=\"pink2\">\u2013 Creation of a thematic video database in the \u201ccolors\u201d of the client<br \/>\n\u2013 Creation of animated slideshows in real time from photographs taken during the evening: <a title=\"Live digital portrait gallery\" href=\"http:\/\/www.vjevent.com\/galerie-de-portraits-numeriques- live\/\">Live digital portrait gallery<\/a><br \/>\n\u2013 Production of original video scenographies<\/span><br \/>\n\u2013 <a href=\"https:\/\/www.vjevent.fr\/aroma-v-jaying\/\" title=\"Aroma v-jaying\" rel=\"noopener\" target=\"_blank\">Aroma V-Jaying<\/a>: Diffusion of fragrances<br \/>\n\u2013 Integration of an i-pad flow allowing guests to draw on the broadcast content or to transfer messages for broadcast after moderation[\/vc_column_text][\/vc_column][\/vc_row][vc_row kwoon_bg=&#8221;inverse&#8221;][vc_column width=&#8221;1\/12&#8243;][\/vc_column][vc_column width=&#8221;10\/12&#8243;]<h3 class=\"main-title text-center\">Featured <strong>video<\/strong><\/h3>[vc_video link=&#8221;https:\/\/vimeo.com\/471755565&#8243;][vc_column_text]A journey through time in pictures during this generation evening for the PMU[\/vc_column_text][\/vc_column][vc_column width=&#8221;1\/12&#8243;][\/vc_column][\/vc_row][vc_row][vc_column][vc_column_text]<strong>References :\u00a0<\/strong>\u2013 Ice Watch &#8211; Matfer-Bourgeat (Novell\u2019Art) \u2013 Porsche (Agence L\u2019Art de Vivre) \u2013 Inauguration du Club Med Valmorel \u2013 Dunhill \u2013 Fun Radio \u2013 N.R.J \u2013 Mus\u00e9e Gr\u00e9vin \u2013 Pommery (Stella Publicis) \u2013 H\u00f4tel Marriott \u2013 Fnac Digitale (Auditoire) \u2013 Mini Austin (Horizon) \u2013 Pages Jaunes \u2013 Vespa (Agence Rouge) \u2013 H.E.C &amp; Dauphine \u2013 Mairie de Boulogne-Billancourt \u2013 Caisse des D\u00e9p\u00f4ts \u2013 Norton Antivirus (Le Public Syst\u00e8me) \u2013 Sony \u2013 NBC Universal (Be A Live) \u2013 Laboratoires Glaxo \u2013 Disney Paris \u2013 La Poste \u2013 M6 mobile \u2013 Infra SNCF \u2013 Nespresso \u2013 Procter &amp; Gamble \u2013 Microsoft \u2013 Puma \u2013 Hoya \u2013 L\u2019Or\u00e9al \u2013 Boursorama \u2013 Axa\u2013 Gecina \u2013 RTE (Agence A-blok) \u2013 Silmo (Couleur Ev\u00e9nements) \u2013 EDF (FeelGoude) \u2013 Mus\u00e9e du Quai Branly \u2013 Espace Van-Gogh (SEDP) \u2013 Schneider Electric \u2013 CACIB (CCE Organisation) \u2013 Reebok (Spice Up) \u2013 Laboratoire Roche (IsiQom) \u2013 PointS (La Franco American Image) \u2013 Cr\u00e9dit Agricole Loire-Atlantique (Novell\u2019Art) \u2013PMU (Monsieur Loyal) \u2013 Parrot SA (Absolute Event), Arkopharma \u2026[\/vc_column_text][\/vc_column][\/vc_row][vc_row][vc_column]<h3 class=\"main-title text-center\">Some of our <strong>vj events<\/strong><\/h3>\t\n\t\t\n\t\t<div class=\"portfolio-grid masonry-portfolio\">\n\t\t\n\t\t\t\t\t\t\n\t\t\t<div class=\"items-wrapper\">\n\t\t\t\n\t\t\t\t<div class=\"isotope items\">\n\t\t\t\t\t\n\n<div class=\"item normal past-events v-jaying\">\n\t<figure> \n\t\t<a href=\"https:\/\/www.vjevent.fr\/en\/portfolio\/soiree-de-gala-au-palais-des-festivals-de-cannes\/\">\n\t\t\t<div class=\"text-overlay\">\n\t\t\t\t<div class=\"info\"><span>Voir les r\u00e9alisations<\/span><\/div>\n\t\t\t<\/div>\n\t\t\t<img decoding=\"async\" src=\"https:\/\/i0.wp.com\/www.vjevent.fr\/wp-content\/uploads\/2024\/02\/star-night.png?fit=1900%2C1300&#038;ssl=1\" alt=\"Gala evening at the Palais des Festivals in Cannes\" \/> \n\t\t<\/a>\n\t<\/figure>\n<\/div>\n\n<div class=\"item normal past-events v-jaying\">\n\t<figure> \n\t\t<a href=\"https:\/\/www.vjevent.fr\/en\/portfolio\/coupe-du-monde-rugby-asahi\/\">\n\t\t\t<div class=\"text-overlay\">\n\t\t\t\t<div class=\"info\"><span>Voir les r\u00e9alisations<\/span><\/div>\n\t\t\t<\/div>\n\t\t\t<img decoding=\"async\" src=\"https:\/\/i0.wp.com\/www.vjevent.fr\/wp-content\/uploads\/2023\/10\/410.jpg?fit=1950%2C1300&#038;ssl=1\" alt=\"Asahi Rugby World Cup launch event\" \/> \n\t\t<\/a>\n\t<\/figure>\n<\/div>\n\n<div class=\"item normal jingles-convention past-events regie-video v-jaying\">\n\t<figure> \n\t\t<a href=\"https:\/\/www.vjevent.fr\/en\/portfolio\/soiree-40-ans-de-l-afdu\/\">\n\t\t\t<div class=\"text-overlay\">\n\t\t\t\t<div class=\"info\"><span>Voir les r\u00e9alisations<\/span><\/div>\n\t\t\t<\/div>\n\t\t\t<img decoding=\"async\" src=\"https:\/\/i0.wp.com\/www.vjevent.fr\/wp-content\/uploads\/2023\/04\/afdu.jpg?fit=2048%2C1365&#038;ssl=1\" alt=\"40 years of AFDU Party\" \/> \n\t\t<\/a>\n\t<\/figure>\n<\/div>\n\n<div class=\"item normal d-jaying past-events v-jaying\">\n\t<figure> \n\t\t<a href=\"https:\/\/www.vjevent.fr\/en\/portfolio\/mixe-vj-dj-pour-le-groupe-beneteau-a-cannes\/\">\n\t\t\t<div class=\"text-overlay\">\n\t\t\t\t<div class=\"info\"><span>Voir les r\u00e9alisations<\/span><\/div>\n\t\t\t<\/div>\n\t\t\t<img decoding=\"async\" src=\"https:\/\/i0.wp.com\/www.vjevent.fr\/wp-content\/uploads\/2022\/02\/beneteau2.jpg?fit=1000%2C666&#038;ssl=1\" alt=\"Vj &#038; dj mix for the Beneteau Group in Cannes\" \/> \n\t\t<\/a>\n\t<\/figure>\n<\/div>\n\n<div class=\"item normal past-events v-jaying\">\n\t<figure> \n\t\t<a href=\"https:\/\/www.vjevent.fr\/en\/portfolio\/mixe-vj-pour-un-evenement-prive-a-londres\/\">\n\t\t\t<div class=\"text-overlay\">\n\t\t\t\t<div class=\"info\"><span>Voir les r\u00e9alisations<\/span><\/div>\n\t\t\t<\/div>\n\t\t\t<img decoding=\"async\" src=\"https:\/\/i0.wp.com\/www.vjevent.fr\/wp-content\/uploads\/2022\/02\/the-roundhouse.jpg?fit=1200%2C947&#038;ssl=1\" alt=\"Vj mix for a private event in London\" \/> \n\t\t<\/a>\n\t<\/figure>\n<\/div>\n\n<div class=\"item normal past-events v-jaying\">\n\t<figure> \n\t\t<a href=\"https:\/\/www.vjevent.fr\/en\/portfolio\/mixe-vj-pour-smart-reboot-now\/\">\n\t\t\t<div class=\"text-overlay\">\n\t\t\t\t<div class=\"info\"><span>Voir les r\u00e9alisations<\/span><\/div>\n\t\t\t<\/div>\n\t\t\t<img decoding=\"async\" src=\"https:\/\/i0.wp.com\/www.vjevent.fr\/wp-content\/uploads\/2022\/02\/smart-reboot-2019-1-1.jpg?fit=1000%2C750&#038;ssl=1\" alt=\"Mixe vj pour l&#8217;\u00e9v\u00e9nement Smart Reboot Now  \u00e0 la Mutualit\u00e9\" \/> \n\t\t<\/a>\n\t<\/figure>\n<\/div>\n\n<div class=\"item normal d-jaying past-events v-jaying\">\n\t<figure> \n\t\t<a href=\"https:\/\/www.vjevent.fr\/en\/portfolio\/mixe-vj-au-terminal-7-a-paris-pour-signia\/\">\n\t\t\t<div class=\"text-overlay\">\n\t\t\t\t<div class=\"info\"><span>Voir les r\u00e9alisations<\/span><\/div>\n\t\t\t<\/div>\n\t\t\t<img decoding=\"async\" src=\"https:\/\/i0.wp.com\/www.vjevent.fr\/wp-content\/uploads\/2022\/02\/signia1.jpg?fit=1600%2C1200&#038;ssl=1\" alt=\"Mixe vj pour l&#8217;\u00e9v\u00e9nement Smart Reboot Now 2019 \u00e0 la Mutualit\u00e9\" \/> \n\t\t<\/a>\n\t<\/figure>\n<\/div>\n\n<div class=\"item normal past-events v-jaying\">\n\t<figure> \n\t\t<a href=\"https:\/\/www.vjevent.fr\/en\/portfolio\/mixe-vj-pour-les-voeux-de-la-mairie-de-montrouge\/\">\n\t\t\t<div class=\"text-overlay\">\n\t\t\t\t<div class=\"info\"><span>Voir les r\u00e9alisations<\/span><\/div>\n\t\t\t<\/div>\n\t\t\t<img decoding=\"async\" src=\"https:\/\/i0.wp.com\/www.vjevent.fr\/wp-content\/uploads\/2021\/08\/back-to-the-future-2.jpg?fit=1171%2C894&#038;ssl=1\" alt=\"Mixe vj pour les voeux 2020 de la Mairie de Montrouge\" \/> \n\t\t<\/a>\n\t<\/figure>\n<\/div>\n\n<div class=\"item normal past-events v-jaying\">\n\t<figure> \n\t\t<a href=\"https:\/\/www.vjevent.fr\/en\/portfolio\/mixe-de-video-soiree-generation\/\">\n\t\t\t<div class=\"text-overlay\">\n\t\t\t\t<div class=\"info\"><span>Voir les r\u00e9alisations<\/span><\/div>\n\t\t\t<\/div>\n\t\t\t<img decoding=\"async\" src=\"https:\/\/i0.wp.com\/www.vjevent.fr\/wp-content\/uploads\/2018\/02\/vj-event-soiree-generation.png?fit=480%2C320&#038;ssl=1\" alt=\"Generation party for the PMU\" \/> \n\t\t<\/a>\n\t<\/figure>\n<\/div>\n\n<div class=\"item normal past-events v-jaying\">\n\t<figure> \n\t\t<a href=\"https:\/\/www.vjevent.fr\/en\/portfolio\/mixe-vj-monumental-arena-la-defense\/\">\n\t\t\t<div class=\"text-overlay\">\n\t\t\t\t<div class=\"info\"><span>Voir les r\u00e9alisations<\/span><\/div>\n\t\t\t<\/div>\n\t\t\t<img decoding=\"async\" src=\"https:\/\/i0.wp.com\/www.vjevent.fr\/wp-content\/uploads\/2021\/05\/VJ-U-Arena-La-Defense-Nanterre-vj-event.jpg?fit=1397%2C761&#038;ssl=1\" alt=\"VJ Event &#8211; vj mix at the Accor Arena La D\u00e9fense\" \/> \n\t\t<\/a>\n\t<\/figure>\n<\/div>\n\n<div class=\"item normal past-events v-jaying\">\n\t<figure> \n\t\t<a href=\"https:\/\/www.vjevent.fr\/en\/portfolio\/mixe-de-video-aerosol-parrot\/\">\n\t\t\t<div class=\"text-overlay\">\n\t\t\t\t<div class=\"info\"><span>Voir les r\u00e9alisations<\/span><\/div>\n\t\t\t<\/div>\n\t\t\t<img decoding=\"async\" src=\"https:\/\/i0.wp.com\/www.vjevent.fr\/wp-content\/uploads\/2017\/12\/vj-event-parrot-min.png?fit=480%2C320&#038;ssl=1\" alt=\"Vj mix for Parrot &#8211; l&#8217;A\u00e9rosol in Paris\" \/> \n\t\t<\/a>\n\t<\/figure>\n<\/div>\n\n<div class=\"item normal past-events v-jaying\">\n\t<figure> \n\t\t<a href=\"https:\/\/www.vjevent.fr\/en\/portfolio\/mix-vj-bolton-consulting\/\">\n\t\t\t<div class=\"text-overlay\">\n\t\t\t\t<div class=\"info\"><span>Voir les r\u00e9alisations<\/span><\/div>\n\t\t\t<\/div>\n\t\t\t<img decoding=\"async\" src=\"https:\/\/i0.wp.com\/www.vjevent.fr\/wp-content\/uploads\/2018\/02\/vj-event-mix-led-cambon.png?fit=480%2C320&#038;ssl=1\" alt=\"Vj mix for Bolton Consulting &#8211; Espace Cambon Paris\" \/> \n\t\t<\/a>\n\t<\/figure>\n<\/div>\n\n<div class=\"item normal past-events v-jaying\">\n\t<figure> \n\t\t<a href=\"https:\/\/www.vjevent.fr\/en\/portfolio\/mix-vj-pour-rte-a-blok-pour-simple\/\">\n\t\t\t<div class=\"text-overlay\">\n\t\t\t\t<div class=\"info\"><span>Voir les r\u00e9alisations<\/span><\/div>\n\t\t\t<\/div>\n\t\t\t<img decoding=\"async\" src=\"https:\/\/i0.wp.com\/www.vjevent.fr\/wp-content\/uploads\/2015\/01\/vjevent-rte-700-300-min.png?fit=480%2C320&#038;ssl=1\" alt=\"Vj mix for RTE &#8211; A-blok for Simple!\" \/> \n\t\t<\/a>\n\t<\/figure>\n<\/div>\n\n<div class=\"item normal past-events v-jaying\">\n\t<figure> \n\t\t<a href=\"https:\/\/www.vjevent.fr\/en\/portfolio\/soiree-annuelle-dune-banque-francaise\/\">\n\t\t\t<div class=\"text-overlay\">\n\t\t\t\t<div class=\"info\"><span>Voir les r\u00e9alisations<\/span><\/div>\n\t\t\t<\/div>\n\t\t\t<img decoding=\"async\" src=\"https:\/\/i0.wp.com\/www.vjevent.fr\/wp-content\/uploads\/2015\/01\/vjaying-palais-de-tokyo-min.png?fit=480%2C320&#038;ssl=1\" alt=\"Yearly party of a well known french bank\" \/> \n\t\t<\/a>\n\t<\/figure>\n<\/div>\n\n<div class=\"item normal past-events architectural-video-mapping structure-mapping v-jaying\">\n\t<figure> \n\t\t<a href=\"https:\/\/www.vjevent.fr\/en\/portfolio\/mapping-et-v-jaying-soiree-paris-lumieres-pour-un-grand-groupe-dassurance-international\/\">\n\t\t\t<div class=\"text-overlay\">\n\t\t\t\t<div class=\"info\"><span>Voir les r\u00e9alisations<\/span><\/div>\n\t\t\t<\/div>\n\t\t\t<img decoding=\"async\" src=\"https:\/\/i0.wp.com\/www.vjevent.fr\/wp-content\/uploads\/2012\/06\/thumb-vjaying-electric-paris-vj-event.png?fit=480%2C320&#038;ssl=1\" alt=\"Mapping and v-jaying: \u201cParis Lumi\u00e8res\u201d evening for a large international insurance group\" \/> \n\t\t<\/a>\n\t<\/figure>\n<\/div>\n\n<div class=\"item normal past-events galerie-photo-temps-reel v-jaying\">\n\t<figure> \n\t\t<a href=\"https:\/\/www.vjevent.fr\/en\/portfolio\/galerie-de-portraits-artistique\/\">\n\t\t\t<div class=\"text-overlay\">\n\t\t\t\t<div class=\"info\"><span>Voir les r\u00e9alisations<\/span><\/div>\n\t\t\t<\/div>\n\t\t\t<img decoding=\"async\" src=\"https:\/\/i0.wp.com\/www.vjevent.fr\/wp-content\/uploads\/2012\/01\/poptraits-warhol.png?fit=480%2C320&#038;ssl=1\" alt=\"Real-time Artistic &#038; Mixed vj portrait gallery for Laboratoire Roche in Hamburg\" \/> \n\t\t<\/a>\n\t<\/figure>\n<\/div>\n\n<div class=\"item normal past-events v-jaying\">\n\t<figure> \n\t\t<a href=\"https:\/\/www.vjevent.fr\/en\/portfolio\/v-jaying-pour-louverture-du-concept-store-reebok-a-paris\/\">\n\t\t\t<div class=\"text-overlay\">\n\t\t\t\t<div class=\"info\"><span>Voir les r\u00e9alisations<\/span><\/div>\n\t\t\t<\/div>\n\t\t\t<img decoding=\"async\" src=\"https:\/\/i0.wp.com\/www.vjevent.fr\/wp-content\/uploads\/2014\/03\/reebok-min.png?fit=480%2C320&#038;ssl=1\" alt=\"V-jaying for the opening of the Reebok Concept Store\" \/> \n\t\t<\/a>\n\t<\/figure>\n<\/div>\n\n<div class=\"item normal d-jaying past-events v-jaying\">\n\t<figure> \n\t\t<a href=\"https:\/\/www.vjevent.fr\/en\/portfolio\/mixe-vj-dj-before-au-musee-du-quai-branly\/\">\n\t\t\t<div class=\"text-overlay\">\n\t\t\t\t<div class=\"info\"><span>Voir les r\u00e9alisations<\/span><\/div>\n\t\t\t<\/div>\n\t\t\t<img decoding=\"async\" src=\"https:\/\/i0.wp.com\/www.vjevent.fr\/wp-content\/uploads\/2013\/11\/musee-quai-branly-vj-event-kanak-min.png?fit=480%2C320&#038;ssl=1\" alt=\"Vj\/dj mix during the Before at the Mus\u00e9e du Quai Branly\" \/> \n\t\t<\/a>\n\t<\/figure>\n<\/div>\n\n<div class=\"item normal aroma-v-jaying past-events v-jaying videos-promotionelles\">\n\t<figure> \n\t\t<a href=\"https:\/\/www.vjevent.fr\/en\/portfolio\/vjaying-lancement-presse-ice-watch\/\">\n\t\t\t<div class=\"text-overlay\">\n\t\t\t\t<div class=\"info\"><span>Voir les r\u00e9alisations<\/span><\/div>\n\t\t\t<\/div>\n\t\t\t<img decoding=\"async\" src=\"https:\/\/i0.wp.com\/www.vjevent.fr\/wp-content\/uploads\/2013\/10\/ice-watch-vjaying-vj-event-min.png?fit=480%2C320&#038;ssl=1\" alt=\"Press launche Ice Watch\" \/> \n\t\t<\/a>\n\t<\/figure>\n<\/div>\n\n<div class=\"item normal aroma-v-jaying past-events v-jaying\">\n\t<figure> \n\t\t<a href=\"https:\/\/www.vjevent.fr\/en\/portfolio\/aroma-v-jaying-diffusion-fragrences\/\">\n\t\t\t<div class=\"text-overlay\">\n\t\t\t\t<div class=\"info\"><span>Voir les r\u00e9alisations<\/span><\/div>\n\t\t\t<\/div>\n\t\t\t<img decoding=\"async\" src=\"https:\/\/i0.wp.com\/www.vjevent.fr\/wp-content\/uploads\/2012\/07\/min-aroma-vjaying.png?fit=480%2C320&#038;ssl=1\" alt=\"Dunhill Master Blend Casablanca &#8211; Aroma V-Jaying\" \/> \n\t\t<\/a>\n\t<\/figure>\n<\/div>\n\n<div class=\"item normal past-events v-jaying videos-ambiance\">\n\t<figure> \n\t\t<a href=\"https:\/\/www.vjevent.fr\/en\/portfolio\/video-dambiance-pour-armani\/\">\n\t\t\t<div class=\"text-overlay\">\n\t\t\t\t<div class=\"info\"><span>Voir les r\u00e9alisations<\/span><\/div>\n\t\t\t<\/div>\n\t\t\t<img decoding=\"async\" src=\"https:\/\/i0.wp.com\/www.vjevent.fr\/wp-content\/uploads\/2011\/02\/armani_vj_event_web-2.png?fit=480%2C320&#038;ssl=1\" alt=\"Ambiant video for Armani\" \/> \n\t\t<\/a>\n\t<\/figure>\n<\/div>\n\n<div class=\"item normal d-jaying emulator past-events v-jaying\">\n\t<figure> \n\t\t<a href=\"https:\/\/www.vjevent.fr\/en\/portfolio\/mixe-dj-emulator-et-vj\/\">\n\t\t\t<div class=\"text-overlay\">\n\t\t\t\t<div class=\"info\"><span>Voir les r\u00e9alisations<\/span><\/div>\n\t\t\t<\/div>\n\t\t\t<img decoding=\"async\" src=\"https:\/\/i0.wp.com\/www.vjevent.fr\/wp-content\/uploads\/2013\/10\/schneider-electric-v-jaying-d-jaying-emulator-min.png?fit=480%2C320&#038;ssl=1\" alt=\"Emulator DJ MIX &#038; VJ mix  for Schneider Electric\" \/> \n\t\t<\/a>\n\t<\/figure>\n<\/div>\t\t\t\t<\/div>\n\t\t\t\t\n\t\t\t\t\t\t\t\n\t\t\t<\/div>\n\t\t\n\t\t<\/div>\n\t\t\n\t\t\t\t\n[\/vc_column][\/vc_row][vc_row kwoon_bg=&#8221;inverse&#8221; css=&#8221;.vc_custom_1595027776987{background-image: url(https:\/\/www.vjevent.fr\/wp-content\/uploads\/2020\/07\/fond-mailing-projets-vj-event.png?id=3013) !important;}&#8221;][vc_column width=&#8221;12\/12&#8243;]<h3 class=\"main-title text-center\">Let&#8217;s imagine together <strong>the visual animation<\/strong> of your event?<\/h3>[vc_column_text]<\/p>\n<p style=\"text-align: center;\"><a class=\"btn btn-border fixed-width\" href=\"\/quelques-unes-des-realisations-vj-event\/\">Achievements<\/a> <a class=\"btn btn-border fixed-width\" href=\"\/contact\">Contact us<\/a><\/p>\n<p>[\/vc_column_text][\/vc_column][\/vc_row]<\/p>","protected":false},"excerpt":{"rendered":"<p>[vc_row kwoon_bg=&#8221;left&#8221; css=&#8221;.vc_custom_1594325530016{background-image: url(https:\/\/www.vjevent.fr\/wp-content\/uploads\/2020\/07\/mixe-vj-arena.jpg?id=2910) !important;}&#8221; el_id=&#8221;vjaying&#8221;][vc_column][\/vc_column][\/vc_row][vc_row][vc_column][vc_column_text] V-jaying V-jaying a real-time solution to animate your screens VJ Event&#8217;s services revolve around v-jaying, an artistic performance of&#8230;<\/p>\n","protected":false},"author":1,"featured_media":0,"parent":0,"menu_order":0,"comment_status":"open","ping_status":"open","template":"","meta":{"om_disable_all_campaigns":false,"_monsterinsights_skip_tracking":false,"_monsterinsights_sitenote_active":false,"_monsterinsights_sitenote_note":"","_monsterinsights_sitenote_category":0,"footnotes":""},"class_list":["post-3021","page","type-page","status-publish","hentry"],"aioseo_notices":[],"jetpack_sharing_enabled":true,"_links":{"self":[{"href":"https:\/\/www.vjevent.fr\/en\/wp-json\/wp\/v2\/pages\/3021"}],"collection":[{"href":"https:\/\/www.vjevent.fr\/en\/wp-json\/wp\/v2\/pages"}],"about":[{"href":"https:\/\/www.vjevent.fr\/en\/wp-json\/wp\/v2\/types\/page"}],"author":[{"embeddable":true,"href":"https:\/\/www.vjevent.fr\/en\/wp-json\/wp\/v2\/users\/1"}],"replies":[{"embeddable":true,"href":"https:\/\/www.vjevent.fr\/en\/wp-json\/wp\/v2\/comments?post=3021"}],"version-history":[{"count":53,"href":"https:\/\/www.vjevent.fr\/en\/wp-json\/wp\/v2\/pages\/3021\/revisions"}],"predecessor-version":[{"id":3809,"href":"https:\/\/www.vjevent.fr\/en\/wp-json\/wp\/v2\/pages\/3021\/revisions\/3809"}],"wp:attachment":[{"href":"https:\/\/www.vjevent.fr\/en\/wp-json\/wp\/v2\/media?parent=3021"}],"curies":[{"name":"wp","href":"https:\/\/api.w.org\/{rel}","templated":true}]}}