{"id":393,"date":"2015-05-29T18:04:28","date_gmt":"2015-05-29T17:04:28","guid":{"rendered":"http:\/\/tommusrhodus.wpengine.com\/?page_id=393"},"modified":"2015-05-29T18:04:28","modified_gmt":"2015-05-29T17:04:28","slug":"home-layout-agency-2","status":"publish","type":"page","link":"https:\/\/www.vjevent.fr\/en\/home-layout-agency-2\/","title":{"rendered":"Home Layout &#8211; Agency 2"},"content":{"rendered":"<p>[vc_row full_width=&#8221;stretch_row&#8221; kwoon_bg=&#8221;light&#8221;][vc_column width=&#8221;1\/1&#8243;]<div class=\"basic-carousel\"><div class=\"item wow fadeIn\" data-wow-duration=\"0.5s\" data-wow-delay=\"0.3s\"><img loading=\"lazy\" decoding=\"async\" width=\"700\" height=\"500\" src=\"https:\/\/i0.wp.com\/www.vjevent.fr\/wp-content\/uploads\/2015\/05\/pp5-1.jpg?fit=700%2C500&amp;ssl=1\" class=\"attachment-full size-full\" alt=\"\" \/><\/div><div class=\"item wow fadeIn\" data-wow-duration=\"0.5s\" data-wow-delay=\"0.6s\"><img loading=\"lazy\" decoding=\"async\" width=\"700\" height=\"500\" src=\"https:\/\/i0.wp.com\/www.vjevent.fr\/wp-content\/uploads\/2015\/05\/pp5-2.jpg?fit=700%2C500&amp;ssl=1\" class=\"attachment-full size-full\" alt=\"\" \/><\/div><div class=\"item wow fadeIn\" data-wow-duration=\"0.5s\" data-wow-delay=\"0.9s\"><img loading=\"lazy\" decoding=\"async\" width=\"700\" height=\"500\" src=\"https:\/\/i0.wp.com\/www.vjevent.fr\/wp-content\/uploads\/2015\/05\/pp5-3.jpg?fit=700%2C500&amp;ssl=1\" class=\"attachment-full size-full\" alt=\"\" \/><\/div><div class=\"item wow fadeIn\" data-wow-duration=\"0.5s\" data-wow-delay=\"1.2s\"><img loading=\"lazy\" decoding=\"async\" width=\"700\" height=\"500\" src=\"https:\/\/i0.wp.com\/www.vjevent.fr\/wp-content\/uploads\/2015\/05\/pp5-4.jpg?fit=700%2C500&amp;ssl=1\" class=\"attachment-full size-full\" alt=\"\" \/><\/div><div class=\"item wow fadeIn\" data-wow-duration=\"0.5s\" data-wow-delay=\"1.5s\"><img loading=\"lazy\" decoding=\"async\" width=\"700\" height=\"500\" src=\"https:\/\/i0.wp.com\/www.vjevent.fr\/wp-content\/uploads\/2015\/05\/pp5-5.jpg?fit=700%2C500&amp;ssl=1\" class=\"attachment-full size-full\" alt=\"\" \/><\/div><div class=\"item wow fadeIn\" data-wow-duration=\"0.5s\" data-wow-delay=\"1.8s\"><img loading=\"lazy\" decoding=\"async\" width=\"700\" height=\"500\" src=\"https:\/\/i0.wp.com\/www.vjevent.fr\/wp-content\/uploads\/2015\/05\/pp5-6.jpg?fit=700%2C500&amp;ssl=1\" class=\"attachment-full size-full\" alt=\"\" \/><\/div><\/div>[\/vc_column][\/vc_row][vc_row kwoon_bg=&#8221;light&#8221;][vc_column width=&#8221;1\/1&#8243;][vc_row_inner][vc_column_inner el_class=&#8221;&#8221; width=&#8221;1\/3&#8243;]\n\t\t<div class=\"feature wow fadeIn\" data-wow-duration=\"0s\" data-wow-delay=\"0s\">\n\t\t\t<div class=\"icon\"> \n\t\t\t\t<i class=\"budicon-browser\"><\/i> \n\t\t\t<\/div>\n<h4>Responsive Layout<\/h4>\n<p>Curabitur blandit tempus porttitor. Nulla vitae elit libero, a pharetra augue.\n\t\t<\/div>\n\t\n\t\t<div class=\"feature wow fadeIn\" data-wow-duration=\"0s\" data-wow-delay=\"0s\">\n\t\t\t<div class=\"icon\"> \n\t\t\t\t<i class=\"budicon-drop\"><\/i> \n\t\t\t<\/div>\n<h4>Color Palettes<\/h4>\n<p>Curabitur blandit tempus porttitor. Nulla vitae elit libero, a pharetra augue.\n\t\t<\/div>\n\t\n\t\t<div class=\"feature wow fadeIn\" data-wow-duration=\"0s\" data-wow-delay=\"0s\">\n\t\t\t<div class=\"icon\"> \n\t\t\t\t<i class=\"budicon-camera-4\"><\/i> \n\t\t\t<\/div>\n<h4>Video Support<\/h4>\n<p>Curabitur blandit tempus porttitor. Nulla vitae elit libero, a pharetra augue.\n\t\t<\/div>\n\t[\/vc_column_inner][vc_column_inner el_class=&#8221;&#8221; width=&#8221;1\/3&#8243;]\n\t\t<div class=\"feature wow fadeIn\" data-wow-duration=\"0s\" data-wow-delay=\"0s\">\n\t\t\t<div class=\"icon\"> \n\t\t\t\t<i class=\"budicon-heart\"><\/i> \n\t\t\t<\/div>\n<h4>Flat & Clean design<\/h4>\n<p>Curabitur blandit tempus porttitor. Nulla vitae elit libero, a pharetra augue.\n\t\t<\/div>\n\t\n\t\t<div class=\"feature wow fadeIn\" data-wow-duration=\"0s\" data-wow-delay=\"0s\">\n\t\t\t<div class=\"icon\"> \n\t\t\t\t<i class=\"budicon-support\"><\/i> \n\t\t\t<\/div>\n<h4>Free Support & Updates<\/h4>\n<p>Curabitur blandit tempus porttitor. Nulla vitae elit libero, a pharetra augue.\n\t\t<\/div>\n\t\n\t\t<div class=\"feature wow fadeIn\" data-wow-duration=\"0s\" data-wow-delay=\"0s\">\n\t\t\t<div class=\"icon\"> \n\t\t\t\t<i class=\"budicon-profile\"><\/i> \n\t\t\t<\/div>\n<h4>Working Contact Form<\/h4>\n<p>Curabitur blandit tempus porttitor. Nulla vitae elit libero, a pharetra augue.\n\t\t<\/div>\n\t[\/vc_column_inner][vc_column_inner el_class=&#8221;&#8221; width=&#8221;1\/3&#8243;]\n\t\t<div class=\"feature wow fadeIn\" data-wow-duration=\"0s\" data-wow-delay=\"0s\">\n\t\t\t<div class=\"icon\"> \n\t\t\t\t<i class=\"budicon-printer-1\"><\/i> \n\t\t\t<\/div>\n<h4>Print Design<\/h4>\n<p>Curabitur blandit tempus porttitor. Nulla vitae elit libero, a pharetra augue.\n\t\t<\/div>\n\t\n\t\t<div class=\"feature wow fadeIn\" data-wow-duration=\"0s\" data-wow-delay=\"0s\">\n\t\t\t<div class=\"icon\"> \n\t\t\t\t<i class=\"budicon-clock-3\"><\/i> \n\t\t\t<\/div>\n<h4>Rapid Solutions<\/h4>\n<p>Curabitur blandit tempus porttitor. Nulla vitae elit libero, a pharetra augue.\n\t\t<\/div>\n\t\n\t\t<div class=\"feature wow fadeIn\" data-wow-duration=\"0s\" data-wow-delay=\"0s\">\n\t\t\t<div class=\"icon\"> \n\t\t\t\t<i class=\"budicon-shopping-cart\"><\/i> \n\t\t\t<\/div>\n<h4>E-Commerce<\/h4>\n<p>Curabitur blandit tempus porttitor. Nulla vitae elit libero, a pharetra augue.\n\t\t<\/div>\n\t[\/vc_column_inner][\/vc_row_inner][\/vc_column][\/vc_row][vc_row kwoon_bg=&#8221;inverse&#8221; css=&#8221;.vc_custom_1433946277998{background-image: url(http:\/\/kwoon.tommusdemos.wpengine.com\/wp-content\/uploads\/sites\/13\/2015\/05\/parallax2.jpg?id=166) !important;}&#8221;][vc_column width=&#8221;1\/1&#8243;]<h3 class=\"main-title text-center\">Let&#8217;s make something <strong>great<\/strong> together<\/h3>[vc_column_text]<\/p>\n<p style=\"text-align: center;\"><a class=\"btn btn-border fixed-width\" href=\"#\">View More Work<\/a>\u00a0<a class=\"btn btn-border fixed-width\" href=\"#\">Get in Touch<\/a><\/p>\n<p>[\/vc_column_text][\/vc_column][\/vc_row][vc_row kwoon_bg=&#8221;light&#8221;][vc_column width=&#8221;1\/4&#8243;]\n\t\t<div class=\"text-center facts\">\n\t\t\n\t\t\t<div class=\"icon-large wow zoomIn\" data-wow-duration=\"1s\" data-wow-delay=\"0s\"> \n\t\t\t\t<i class=\"budicon-camera-1\"><\/i> \n\t\t\t<\/div>\n<h2>7518<\/h2>\n<p>Shots Taken\n\t\t\n\t\t<\/div>\n\t[\/vc_column][vc_column width=&#8221;1\/4&#8243;]\n\t\t<div class=\"text-center facts\">\n\t\t\n\t\t\t<div class=\"icon-large wow zoomIn\" data-wow-duration=\"1s\" data-wow-delay=\"0.3s\"> \n\t\t\t\t<i class=\"budicon-coffee\"><\/i> \n\t\t\t<\/div>\n<h2>3472<\/h2>\n<p>Cups of Coffee\n\t\t\n\t\t<\/div>\n\t[\/vc_column][vc_column width=&#8221;1\/4&#8243;]\n\t\t<div class=\"text-center facts\">\n\t\t\n\t\t\t<div class=\"icon-large wow zoomIn\" data-wow-duration=\"1s\" data-wow-delay=\"0.6s\"> \n\t\t\t\t<i class=\"budicon-video\"><\/i> \n\t\t\t<\/div>\n<h2>2184<\/h2>\n<p>Movies Watched\n\t\t\n\t\t<\/div>\n\t[\/vc_column][vc_column width=&#8221;1\/4&#8243;]\n\t\t<div class=\"text-center facts\">\n\t\t\n\t\t\t<div class=\"icon-large wow zoomIn\" data-wow-duration=\"1s\" data-wow-delay=\"0.9s\"> \n\t\t\t\t<i class=\"budicon-award-1\"><\/i> \n\t\t\t<\/div>\n<h2>4523<\/h2>\n<p>Awards Won\n\t\t\n\t\t<\/div>\n\t[\/vc_column][\/vc_row][vc_row kwoon_bg=&#8221;dark&#8221;][vc_column width=&#8221;1\/4&#8243;][vc_column_text]<\/p>\n<h3 class=\"secondary-title text-uppercase\">AWESOME WORKS<\/h3>\n<p>Cras justo odio, dapibus ac facilisis in, egestas eget quam. Duis mollis, est non commodo luctus, nisi erat. Nullam quis risus eget urna mollis ornare vel eu leo. Duis mollis, est non commodo.<\/p>\n<div class=\"divide10\"><\/div>\n<p><a class=\"btn\" href=\"\/portfolio\">VIEW ALL WORKS<\/a>[\/vc_column_text][\/vc_column][vc_column width=&#8221;3\/4&#8243;]\t\n\t\t\t\n\t\t<div class=\"portfolio-grid col3\">\n\t\t\n\t\t\t\t\t\t\n\t\t\t<div class=\"items-wrapper\">\n\t\t\t\n\t\t\t\t<div class=\"isotope items\">\n\t\t\t\t\t\n\n<div class=\"item past-events v-jaying\">\n\t\n\t<figure> \n\t\t<a href=\"https:\/\/www.vjevent.fr\/en\/portfolio\/soiree-de-gala-au-palais-des-festivals-de-cannes\/\">\n\t\t\t<div class=\"text-overlay\">\n\t\t\t\t<div class=\"info\"><span>Voir les r\u00e9alisations<\/span><\/div>\n\t\t\t<\/div>\n\t\t\t<img loading=\"lazy\" decoding=\"async\" width=\"440\" height=\"295\" src=\"https:\/\/i0.wp.com\/www.vjevent.fr\/wp-content\/uploads\/2024\/02\/star-night.png?resize=440%2C295&amp;ssl=1\" class=\"attachment-grid size-grid wp-post-image\" alt=\"\" srcset=\"https:\/\/i0.wp.com\/www.vjevent.fr\/wp-content\/uploads\/2024\/02\/star-night.png?resize=440%2C295&amp;ssl=1 440w, https:\/\/i0.wp.com\/www.vjevent.fr\/wp-content\/uploads\/2024\/02\/star-night.png?zoom=2&amp;resize=440%2C295&amp;ssl=1 880w, https:\/\/i0.wp.com\/www.vjevent.fr\/wp-content\/uploads\/2024\/02\/star-night.png?zoom=3&amp;resize=440%2C295&amp;ssl=1 1320w\" sizes=\"(max-width: 440px) 100vw, 440px\" \/>\t\t<\/a>\n\t<\/figure>\n\t\n<\/div>\n\n<div class=\"item past-events v-jaying\">\n\t\n\t<figure> \n\t\t<a href=\"https:\/\/www.vjevent.fr\/en\/portfolio\/coupe-du-monde-rugby-asahi\/\">\n\t\t\t<div class=\"text-overlay\">\n\t\t\t\t<div class=\"info\"><span>Voir les r\u00e9alisations<\/span><\/div>\n\t\t\t<\/div>\n\t\t\t<img loading=\"lazy\" decoding=\"async\" width=\"440\" height=\"295\" src=\"https:\/\/i0.wp.com\/www.vjevent.fr\/wp-content\/uploads\/2023\/10\/410.jpg?resize=440%2C295&amp;ssl=1\" class=\"attachment-grid size-grid wp-post-image\" alt=\"\" srcset=\"https:\/\/i0.wp.com\/www.vjevent.fr\/wp-content\/uploads\/2023\/10\/410.jpg?resize=300%2C200&amp;ssl=1 300w, https:\/\/i0.wp.com\/www.vjevent.fr\/wp-content\/uploads\/2023\/10\/410.jpg?resize=440%2C295&amp;ssl=1 440w, https:\/\/i0.wp.com\/www.vjevent.fr\/wp-content\/uploads\/2023\/10\/410.jpg?zoom=2&amp;resize=440%2C295&amp;ssl=1 880w, https:\/\/i0.wp.com\/www.vjevent.fr\/wp-content\/uploads\/2023\/10\/410.jpg?zoom=3&amp;resize=440%2C295&amp;ssl=1 1320w\" sizes=\"(max-width: 440px) 100vw, 440px\" \/>\t\t<\/a>\n\t<\/figure>\n\t\n<\/div>\n\n<div class=\"item jingles-convention past-events\">\n\t\n\t<figure> \n\t\t<a href=\"https:\/\/www.vjevent.fr\/en\/portfolio\/creation-de-videos-promotionnelles-pour-la-region-aveyron\/\">\n\t\t\t<div class=\"text-overlay\">\n\t\t\t\t<div class=\"info\"><span>Voir les r\u00e9alisations<\/span><\/div>\n\t\t\t<\/div>\n\t\t\t<img loading=\"lazy\" decoding=\"async\" width=\"440\" height=\"295\" src=\"https:\/\/i0.wp.com\/www.vjevent.fr\/wp-content\/uploads\/2023\/04\/Aveyron_Visuel.jpg?resize=440%2C295&amp;ssl=1\" class=\"attachment-grid size-grid wp-post-image\" alt=\"Cr\u00e9ation-vid\u00e9o-Aveyron\" srcset=\"https:\/\/i0.wp.com\/www.vjevent.fr\/wp-content\/uploads\/2023\/04\/Aveyron_Visuel.jpg?resize=300%2C200&amp;ssl=1 300w, https:\/\/i0.wp.com\/www.vjevent.fr\/wp-content\/uploads\/2023\/04\/Aveyron_Visuel.jpg?resize=440%2C295&amp;ssl=1 440w\" sizes=\"(max-width: 440px) 100vw, 440px\" \/>\t\t<\/a>\n\t<\/figure>\n\t\n<\/div>\n\n<div class=\"item jingles-convention past-events regie-video v-jaying\">\n\t\n\t<figure> \n\t\t<a href=\"https:\/\/www.vjevent.fr\/en\/portfolio\/soiree-40-ans-de-l-afdu\/\">\n\t\t\t<div class=\"text-overlay\">\n\t\t\t\t<div class=\"info\"><span>Voir les r\u00e9alisations<\/span><\/div>\n\t\t\t<\/div>\n\t\t\t<img loading=\"lazy\" decoding=\"async\" width=\"440\" height=\"295\" src=\"https:\/\/i0.wp.com\/www.vjevent.fr\/wp-content\/uploads\/2023\/04\/afdu.jpg?resize=440%2C295&amp;ssl=1\" class=\"attachment-grid size-grid wp-post-image\" alt=\"soir\u00e9e+afdu+jingle\" srcset=\"https:\/\/i0.wp.com\/www.vjevent.fr\/wp-content\/uploads\/2023\/04\/afdu.jpg?resize=300%2C200&amp;ssl=1 300w, https:\/\/i0.wp.com\/www.vjevent.fr\/wp-content\/uploads\/2023\/04\/afdu.jpg?resize=440%2C295&amp;ssl=1 440w, https:\/\/i0.wp.com\/www.vjevent.fr\/wp-content\/uploads\/2023\/04\/afdu.jpg?zoom=2&amp;resize=440%2C295&amp;ssl=1 880w, https:\/\/i0.wp.com\/www.vjevent.fr\/wp-content\/uploads\/2023\/04\/afdu.jpg?zoom=3&amp;resize=440%2C295&amp;ssl=1 1320w\" sizes=\"(max-width: 440px) 100vw, 440px\" \/>\t\t<\/a>\n\t<\/figure>\n\t\n<\/div>\n\n<div class=\"item video-mapping architectural-video-mapping\">\n\t\n\t<figure> \n\t\t<a href=\"https:\/\/www.vjevent.fr\/en\/portfolio\/mapping-video-au-grand-hotel-2\/\">\n\t\t\t<div class=\"text-overlay\">\n\t\t\t\t<div class=\"info\"><span>Voir les r\u00e9alisations<\/span><\/div>\n\t\t\t<\/div>\n\t\t\t<img loading=\"lazy\" decoding=\"async\" width=\"283\" height=\"190\" src=\"https:\/\/i0.wp.com\/www.vjevent.fr\/wp-content\/uploads\/2021\/02\/mapping-grand-hotel-min-2.png?resize=283%2C190&amp;ssl=1\" class=\"attachment-grid size-grid wp-post-image\" alt=\"Mapping au Grand H\u00f4tel Intercontinenetal Op\u00e9ra \u00e0 Paris\" \/>\t\t<\/a>\n\t<\/figure>\n\t\n<\/div>\n\n<div class=\"item d-jaying past-events v-jaying\">\n\t\n\t<figure> \n\t\t<a href=\"https:\/\/www.vjevent.fr\/en\/portfolio\/mixe-vj-dj-pour-le-groupe-beneteau-a-cannes\/\">\n\t\t\t<div class=\"text-overlay\">\n\t\t\t\t<div class=\"info\"><span>Voir les r\u00e9alisations<\/span><\/div>\n\t\t\t<\/div>\n\t\t\t<img loading=\"lazy\" decoding=\"async\" width=\"440\" height=\"295\" src=\"https:\/\/i0.wp.com\/www.vjevent.fr\/wp-content\/uploads\/2022\/02\/beneteau2.jpg?resize=440%2C295&amp;ssl=1\" class=\"attachment-grid size-grid wp-post-image\" alt=\"Mixe djette vj cannes\" srcset=\"https:\/\/i0.wp.com\/www.vjevent.fr\/wp-content\/uploads\/2022\/02\/beneteau2.jpg?resize=300%2C200&amp;ssl=1 300w, https:\/\/i0.wp.com\/www.vjevent.fr\/wp-content\/uploads\/2022\/02\/beneteau2.jpg?resize=440%2C295&amp;ssl=1 440w, https:\/\/i0.wp.com\/www.vjevent.fr\/wp-content\/uploads\/2022\/02\/beneteau2.jpg?zoom=2&amp;resize=440%2C295&amp;ssl=1 880w\" sizes=\"(max-width: 440px) 100vw, 440px\" \/>\t\t<\/a>\n\t<\/figure>\n\t\n<\/div>\t\t\t\t<\/div>\n\t\t\t\t\n\t\t\t\t\t\t\t\n\t\t\t<\/div>\n\t\t\n\t\t<\/div>\n\t\t\n\t\t\t\t\n[\/vc_column][\/vc_row][vc_row kwoon_bg=&#8221;light&#8221;][vc_column width=&#8221;1\/1&#8243;][vc_column_text]<\/p>\n<h3 class=\"secondary-title text-uppercase\">WHAT DO OUR CUSTOMERS THINK<\/h3>\n<p class=\"lead\">Curabitur blandit tempus porttitor. Vivamus sagittis lacus vel augue laoreet rutrum faucibus dolor auctor. Aenean eu leo quam. Pellentesque ornare sem lacinia quam venenatis vestibulum. Nullam quis risus eget urna mollis ornare vel eu leo.<\/p>\n<p>[\/vc_column_text]\t\n\t\t\n\t\t<div class=\"row text-center testimonials2\">\n\t\t\t\n<div \n\tclass=\"col-md-3 col-sm-6 wow fadeInUp\" \n\tdata-wow-duration=\"1s\" \n\tdata-wow-delay=\"0s\"\n>\n\n\t<div class=\"quote\">\n\t\n\t\t<blockquote>\n\t\t\t<p>Thank you so much for your email and it was SUCH a pleasure to work with you. The client was super happy with what was produced, and I really enjoyed being part of your creative process.<br \/>\nThank you again for everything and hopefully we will get to work with you again!<\/p>\n<p>Please can I mirror Florry&#8217;s sentiments below &#8211; it was an absolute pleasure to work with you and your performance\/ content was fantastic!<br \/>\nThank you for everything and I hope to work with you again in the future!<\/p>\n<p>V-jaying for the Asahi Rugby World Cup launch event<\/p>\n\t\t<\/blockquote>\n\t\t\n\t\t<div class=\"author\">\n\t\t\n\t\t\t<div class=\"icon text-center\"> \n\t\t\t\t\t\t\t<\/div>\n\t\t\t\n\t\t\t<h5>Florry Saunders &#038;  Leanne Farrell &#8211; Fuse UK<\/h5><span class=\"meta\"><\/span> \t\t\t\n\t\t<\/div>\n\t\n\t<\/div>\n\t\n<\/div>\n<div \n\tclass=\"col-md-3 col-sm-6 wow fadeInUp\" \n\tdata-wow-duration=\"1s\" \n\tdata-wow-delay=\"0.3s\"\n>\n\n\t<div class=\"quote\">\n\t\n\t\t<blockquote>\n\t\t\t<p>The VJ was like the screen &#8230; Monumental!<\/p>\n<p>Vj MIX at The U-Arena La D\u00e9fense for Axa<\/p>\n\t\t<\/blockquote>\n\t\t\n\t\t<div class=\"author\">\n\t\t\n\t\t\t<div class=\"icon text-center\"> \n\t\t\t\t\t\t\t<\/div>\n\t\t\t\n\t\t\t<h5>Cedric Benquet &#8211; FC2 Agency<\/h5><span class=\"meta\"><\/span> \t\t\t\n\t\t<\/div>\n\t\n\t<\/div>\n\t\n<\/div>\n<div \n\tclass=\"col-md-3 col-sm-6 wow fadeInUp\" \n\tdata-wow-duration=\"1s\" \n\tdata-wow-delay=\"0.6s\"\n>\n\n\t<div class=\"quote\">\n\t\n\t\t<blockquote>\n\t\t\t<p>First of all, thank you very much for your performance and that of the DJ at the seminar last week.<br \/>\nThe customers really appreciated it as well as Justine who gave me her feedback. <\/p>\n<p>Arkopharma seminar<\/p>\n\t\t<\/blockquote>\n\t\t\n\t\t<div class=\"author\">\n\t\t\n\t\t\t<div class=\"icon text-center\"> \n\t\t\t\t\t\t\t<\/div>\n\t\t\t\n\t\t\t<h5>Marion Pinc\u00eatre &#8211; Gens d&#8217;\u00e9v\u00e9nement<\/h5><span class=\"meta\"><\/span> \t\t\t\n\t\t<\/div>\n\t\n\t<\/div>\n\t\n<\/div>\n<div \n\tclass=\"col-md-3 col-sm-6 wow fadeInUp\" \n\tdata-wow-duration=\"1s\" \n\tdata-wow-delay=\"0.9s\"\n>\n\n\t<div class=\"quote\">\n\t\n\t\t<blockquote>\n\t\t\t<p>The big boss of R&amp;C took me with both hands and said looking me in the eye: &#8220;Thank you, it was perfect, beautiful. I know it was not easy, I know you have invested a lot and I thank you very much &#8220;. The same goes for my direct client Ariameetis who was in heaven.<br \/>\nI give you this thank you.<br \/>\nIt was a PLEASURE working with you. Everyone had their place, their role to play.<br \/>\nWe took on a big challenge given the time and budget we had.<\/p>\n<p>Mapping in New-York for Relais &amp; Chateaux<\/p>\n\t\t<\/blockquote>\n\t\t\n\t\t<div class=\"author\">\n\t\t\n\t\t\t<div class=\"icon text-center\"> \n\t\t\t\t\t\t\t<\/div>\n\t\t\t\n\t\t\t<h5>David Delassus &#8211; A-blok<\/h5><span class=\"meta\"><\/span> \t\t\t\n\t\t<\/div>\n\t\n\t<\/div>\n\t\n<\/div>\t\t<\/div>\n\t\n\t\t\t\t\n[\/vc_column][\/vc_row][vc_row kwoon_bg=&#8221;dark&#8221;][vc_column width=&#8221;1\/1&#8243;][vc_column_text]<\/p>\n<h3 class=\"secondary-title text-uppercase\">ABOUT THE COMPANY<\/h3>\n<p class=\"lead\">Cras justo odio, dapibus ac facilisis in, egestas eget quam. Duis mollis, est non commodo luctus, nisi erat porttitor ligula, eget lacinia odio sem nec elit. Donec ullamcorper nulla non metus auctor fringilla.<\/p>\n<p>[\/vc_column_text][vc_row_inner][vc_column_inner el_class=&#8221;&#8221; width=&#8221;1\/3&#8243;][vc_column_text]<\/p>\n<h3>Our Skills<\/h3>\n<p>Duis non lectus sit amet est imperdiet cursus elementum vitae eros. Etiam adipiscingmorbi vitae magna tellus, ac mattis urna phasellus rhoncus.[\/vc_column_text][vc_empty_space height=&#8221;32px&#8221;]<ul class=\"progress-list\">\n\t\t\t\t\t<li>\n\t\t\t\t\t\t<p>CSS\/HTML <em>90%<\/em><\/p>\n\t\t\t\t\t\t<div class=\"progress plain\">\n\t\t\t\t\t\t\t<div class=\"bar\" style=\"width: 90%;\"><\/div>\n\t\t\t\t\t\t<\/div>\n\t\t\t\t\t<\/li>\n\t\t\t\t<\/ul><ul class=\"progress-list\">\n\t\t\t\t\t<li>\n\t\t\t\t\t\t<p>jQuery <em>80%<\/em><\/p>\n\t\t\t\t\t\t<div class=\"progress plain\">\n\t\t\t\t\t\t\t<div class=\"bar\" style=\"width: 80%;\"><\/div>\n\t\t\t\t\t\t<\/div>\n\t\t\t\t\t<\/li>\n\t\t\t\t<\/ul><ul class=\"progress-list\">\n\t\t\t\t\t<li>\n\t\t\t\t\t\t<p>WordPress <em>100%<\/em><\/p>\n\t\t\t\t\t\t<div class=\"progress plain\">\n\t\t\t\t\t\t\t<div class=\"bar\" style=\"width: 100%;\"><\/div>\n\t\t\t\t\t\t<\/div>\n\t\t\t\t\t<\/li>\n\t\t\t\t<\/ul><ul class=\"progress-list\">\n\t\t\t\t\t<li>\n\t\t\t\t\t\t<p>Washing Dishes <em>50%<\/em><\/p>\n\t\t\t\t\t\t<div class=\"progress plain\">\n\t\t\t\t\t\t\t<div class=\"bar\" style=\"width: 50%;\"><\/div>\n\t\t\t\t\t\t<\/div>\n\t\t\t\t\t<\/li>\n\t\t\t\t<\/ul>[\/vc_column_inner][vc_column_inner el_class=&#8221;&#8221; width=&#8221;1\/3&#8243;][vc_column_text]<\/p>\n<h3>Why Choose Us?<\/h3>\n<p>[\/vc_column_text]\n\t\t<div class=\"tabs tabs-top left tab-container ebor-7152 bordered\"><ul class=\"etabs\"> <li class=\"tab\"><a href=\"#tab-1\">This is<\/a><\/li>  <li class=\"tab\"><a href=\"#tab-2\">Tabbed<\/a><\/li>  <li class=\"tab\"><a href=\"#tab-3\">Content<\/a><\/li> <\/ul><div class=\"panel-container\"><div class=\"tab-block\" id=\"tab-1\"><p>Aenean lacinia bibendum nulla sed consectetur. Fusce dapibus, tellus ac cursus commodo, tortor mauris condimentum nibh, ut fermentum massa justo sit amet risus. Vestibulum id ligula porta felis euismod semper. Lorem ipsum dolor sit amet, consectetur adipiscing elit.<\/p>\n<p>Donec sed odio dui. Donec sed odio dui. Praesent commodo cursus magna, vel scelerisque nisl consectetur et. Maecenas faucibus mollis interdum.<\/p>\n<ul class=\"circled\">\n<li>Mauris lacinia dui non metus dignissim venenatis.<\/li>\n<li>Etiam elit tellus, condimentum tempor lobortis.<\/li>\n<li>Aliquam pharetra vestibulum arcu, eget iaculis.<\/li>\n<\/ul>\n<p>\n<\/div><div class=\"tab-block\" id=\"tab-2\"><p>Nullam quis risus eget urna mollis ornare vel eu leo. Donec sed odio dui. Donec ullamcorper nulla non metus auctor fringilla. Lorem ipsum dolor sit amet, consectetur adipiscing elit. Lorem ipsum dolor sit amet, consectetur adipiscing elit. Vestibulum id ligula porta felis euismod semper. Cras mattis consectetur purus sit amet fermentum. Aenean eu leo quam. Pellentesque ornare sem lacinia quam venenatis vestibulum. Maecenas faucibus mollis interdum.<\/p>\n<\/div><div class=\"tab-block\" id=\"tab-3\"><p>Nullam quis risus eget urna mollis ornare vel eu leo. Donec sed odio dui. Donec ullamcorper nulla non metus auctor fringilla. Lorem ipsum dolor sit amet, consectetur adipiscing elit. Lorem ipsum dolor sit amet, consectetur adipiscing elit. Vestibulum id ligula porta felis euismod semper.<\/p>\n<\/div><\/div><\/div>\n\t\t<script data-jetpack-boost=\"ignore\" type=\"text\/javascript\">\n\t\t\tjQuery(document).ready(function() {\n\t\t\t\tjQuery('.tabs.tabs-top.ebor-7152').easytabs({\n\t\t\t\t    animationSpeed: 300,\n\t\t\t\t    updateHash: false\n\t\t\t\t});\n\t\t\t});\n\t\t<\/script>\n\t[\/vc_column_inner][vc_column_inner el_class=&#8221;&#8221; width=&#8221;1\/3&#8243;][vc_column_text]<\/p>\n<h3>Core Features of the Company<\/h3>\n<p>[\/vc_column_text]\n\t\t<div class=\"panel-group bordered ebor-4902\" id=\"accordion-4902\"><div class=\"panel panel-default\">\n\t\t\t\t\t<div class=\"panel-heading\">\n\t\t\t\t\t\t<h4 class=\"panel-title\">\n\t\t\t\t\t\t\t<a data-toggle=\"collapse\" class=\"panel-toggle active\" data-parent=\"#accordion-4902\" href=\"#collapse-4902-1\">100% Responsive<\/a>\n\t\t\t\t\t\t<\/h4>\n\t\t\t\t\t<\/div>\n\t\t\t\t\t<div id=\"collapse-4902-1\" class=\"panel-collapse collapse in\">\n\t\t\t\t\t\t<div class=\"panel-body\"><p>Anim pariatur cliche reprehenderit, enim eiusmod high life accusamus terry richardson ad squid. 3 wolf moon officia aute, non cupidatat skateboard dolor brunch. Food truck quinoa nesciunt laborum eiusmod. Brunch 3 wolf moon tempor, sunt aliqua put a bird on it squid single-origin coffee nulla assumenda shoreditch et. Nihil anim keffiyeh helvetica, craft beer labore wes anderson cred nesciunt sapiente ea proident.<\/p>\n<\/div>\n\t\t\t\t\t<\/div>\n\t\t\t   <\/div><div class=\"panel panel-default\">\n\t\t\t\t\t<div class=\"panel-heading\">\n\t\t\t\t\t\t<h4 class=\"panel-title\">\n\t\t\t\t\t\t\t<a data-toggle=\"collapse\" class=\"panel-toggle \" data-parent=\"#accordion-4902\" href=\"#collapse-4902-2\">Clean & Professional Design<\/a>\n\t\t\t\t\t\t<\/h4>\n\t\t\t\t\t<\/div>\n\t\t\t\t\t<div id=\"collapse-4902-2\" class=\"panel-collapse collapse \">\n\t\t\t\t\t\t<div class=\"panel-body\"><p>Anim pariatur cliche reprehenderit, enim eiusmod high life accusamus terry richardson ad squid. 3 wolf moon officia aute, non cupidatat skateboard dolor brunch. Food truck quinoa nesciunt laborum eiusmod. Brunch 3 wolf moon tempor, sunt aliqua put a bird on it squid single-origin coffee nulla assumenda shoreditch et. Nihil anim keffiyeh helvetica, craft beer labore wes anderson cred nesciunt sapiente ea proident.<\/p>\n<\/div>\n\t\t\t\t\t<\/div>\n\t\t\t   <\/div><div class=\"panel panel-default\">\n\t\t\t\t\t<div class=\"panel-heading\">\n\t\t\t\t\t\t<h4 class=\"panel-title\">\n\t\t\t\t\t\t\t<a data-toggle=\"collapse\" class=\"panel-toggle \" data-parent=\"#accordion-4902\" href=\"#collapse-4902-3\">Free Support & Updates<\/a>\n\t\t\t\t\t\t<\/h4>\n\t\t\t\t\t<\/div>\n\t\t\t\t\t<div id=\"collapse-4902-3\" class=\"panel-collapse collapse \">\n\t\t\t\t\t\t<div class=\"panel-body\"><p>Anim pariatur cliche reprehenderit, enim eiusmod high life accusamus terry richardson ad squid. 3 wolf moon officia aute, non cupidatat skateboard dolor brunch. Food truck quinoa nesciunt laborum eiusmod. Brunch 3 wolf moon tempor, sunt aliqua put a bird on it squid single-origin coffee nulla assumenda shoreditch et. Nihil anim keffiyeh helvetica, craft beer labore wes anderson cred nesciunt sapiente ea proident.<\/p>\n<\/div>\n\t\t\t\t\t<\/div>\n\t\t\t   <\/div><\/div>\n\t\t<script data-jetpack-boost=\"ignore\" type=\"text\/javascript\">\n\t\t\tjQuery(document).ready(function() {\t\n\t\t\t\tjQuery('.panel-group.ebor-4902').find('.panel-default:has(\".in\")').addClass('panel-active');\n\t\t\t\t\n\t\t\t    jQuery('.panel-group.ebor-4902').on('shown.bs.collapse', function(e) {\n\t\t\t        jQuery(e.target).closest('.panel-default').addClass(' panel-active');\n\t\t\t    }).on('hidden.bs.collapse', function(e) {\n\t\t\t        jQuery(e.target).closest('.panel-default').removeClass(' panel-active');\n\t\t\t    });\n\t\t\t});  \n\t\t<\/script>\n\t[\/vc_column_inner][\/vc_row_inner][\/vc_column][\/vc_row]<\/p>\n","protected":false},"excerpt":{"rendered":"<p>[vc_row full_width=&#8221;stretch_row&#8221; kwoon_bg=&#8221;light&#8221;][vc_column width=&#8221;1\/1&#8243;][\/vc_column][\/vc_row][vc_row kwoon_bg=&#8221;light&#8221;][vc_column width=&#8221;1\/1&#8243;][vc_row_inner][vc_column_inner el_class=&#8221;&#8221; width=&#8221;1\/3&#8243;][\/vc_column_inner][vc_column_inner el_class=&#8221;&#8221; width=&#8221;1\/3&#8243;][\/vc_column_inner][vc_column_inner el_class=&#8221;&#8221; width=&#8221;1\/3&#8243;][\/vc_column_inner][\/vc_row_inner][\/vc_column][\/vc_row][vc_row kwoon_bg=&#8221;inverse&#8221; css=&#8221;.vc_custom_1433946277998{background-image: url(http:\/\/kwoon.tommusdemos.wpengine.com\/wp-content\/uploads\/sites\/13\/2015\/05\/parallax2.jpg?id=166) !important;}&#8221;][vc_column width=&#8221;1\/1&#8243;][vc_column_text] View More Work\u00a0Get in Touch [\/vc_column_text][\/vc_column][\/vc_row][vc_row kwoon_bg=&#8221;light&#8221;][vc_column width=&#8221;1\/4&#8243;][\/vc_column][vc_column&#8230;<\/p>\n","protected":false},"author":1,"featured_media":0,"parent":0,"menu_order":0,"comment_status":"open","ping_status":"open","template":"","meta":{"om_disable_all_campaigns":false,"_monsterinsights_skip_tracking":false,"_monsterinsights_sitenote_active":false,"_monsterinsights_sitenote_note":"","_monsterinsights_sitenote_category":0,"footnotes":""},"class_list":["post-393","page","type-page","status-publish","hentry"],"aioseo_notices":[],"jetpack_sharing_enabled":true,"_links":{"self":[{"href":"https:\/\/www.vjevent.fr\/en\/wp-json\/wp\/v2\/pages\/393"}],"collection":[{"href":"https:\/\/www.vjevent.fr\/en\/wp-json\/wp\/v2\/pages"}],"about":[{"href":"https:\/\/www.vjevent.fr\/en\/wp-json\/wp\/v2\/types\/page"}],"author":[{"embeddable":true,"href":"https:\/\/www.vjevent.fr\/en\/wp-json\/wp\/v2\/users\/1"}],"replies":[{"embeddable":true,"href":"https:\/\/www.vjevent.fr\/en\/wp-json\/wp\/v2\/comments?post=393"}],"version-history":[{"count":0,"href":"https:\/\/www.vjevent.fr\/en\/wp-json\/wp\/v2\/pages\/393\/revisions"}],"wp:attachment":[{"href":"https:\/\/www.vjevent.fr\/en\/wp-json\/wp\/v2\/media?parent=393"}],"curies":[{"name":"wp","href":"https:\/\/api.w.org\/{rel}","templated":true}]}}