{"id":547,"date":"2015-06-01T12:25:44","date_gmt":"2015-06-01T11:25:44","guid":{"rendered":"http:\/\/tommusrhodus.wpengine.com\/?page_id=547"},"modified":"2015-06-01T12:25:44","modified_gmt":"2015-06-01T11:25:44","slug":"home-layout-photography-1","status":"publish","type":"page","link":"https:\/\/www.vjevent.fr\/en\/home-layout-photography-1\/","title":{"rendered":"Home Layout &#8211; Photography 1"},"content":{"rendered":"<p>[vc_row full_width=&#8221;stretch_row&#8221; kwoon_bg=&#8221;light&#8221;][vc_column width=&#8221;1\/1&#8243;][rev_slider_vc alias=&#8221;homePhotography&#8221;][\/vc_column][\/vc_row][vc_row kwoon_bg=&#8221;dark&#8221;][vc_column width=&#8221;1\/1&#8243;]<h3 class=\"main-title text-center\">My <strong>specialties<\/strong><\/h3>[vc_column_text]<\/p>\n<p class=\"lead\" style=\"text-align: center\">Nullam id dolor id nibh ultricies vehicula ut id elit. Lorem ipsum dolor sit amet, consectetur adipiscing elit. Cras justo odio, dapibus ac facilisis in, egestas eget quam. Etiam porta sem malesuada magna mollis euismod.<\/p>\n<p>[\/vc_column_text]<div class=\"carousel-wrapper wow fadeIn\" data-wow-duration=\"1s\" data-wow-delay=\"0.3s\"><div class=\"carousel carousel-boxed portfolio\">\n\t\t<div class=\"item\">\n\t\t\t<figure><img loading=\"lazy\" decoding=\"async\" width=\"440\" height=\"290\" src=\"https:\/\/i0.wp.com\/www.vjevent.fr\/wp-content\/uploads\/2015\/06\/hps1.jpg?fit=440%2C290&amp;ssl=1\" class=\"attachment-full size-full\" alt=\"\" \/><\/figure>\n\t\t\t<div class=\"box text-center\"><\/p>\n<h4>Food Photography<\/h4>\n<p><\/div>\n\t\t<\/div>\n\t\n\t\t<div class=\"item\">\n\t\t\t<figure><img loading=\"lazy\" decoding=\"async\" width=\"440\" height=\"290\" src=\"https:\/\/i0.wp.com\/www.vjevent.fr\/wp-content\/uploads\/2015\/06\/hps2.jpg?fit=440%2C290&amp;ssl=1\" class=\"attachment-full size-full\" alt=\"\" \/><\/figure>\n\t\t\t<div class=\"box text-center\"><\/p>\n<h4>Urban\u00a0Photography<\/h4>\n<p><\/div>\n\t\t<\/div>\n\t\n\t\t<div class=\"item\">\n\t\t\t<figure><img loading=\"lazy\" decoding=\"async\" width=\"440\" height=\"290\" src=\"https:\/\/i0.wp.com\/www.vjevent.fr\/wp-content\/uploads\/2015\/06\/hps3.jpg?fit=440%2C290&amp;ssl=1\" class=\"attachment-full size-full\" alt=\"\" \/><\/figure>\n\t\t\t<div class=\"box text-center\"><\/p>\n<h4>Conceptual\u00a0Photography<\/h4>\n<p><\/div>\n\t\t<\/div>\n\t\n\t\t<div class=\"item\">\n\t\t\t<figure><img loading=\"lazy\" decoding=\"async\" width=\"440\" height=\"290\" src=\"https:\/\/i0.wp.com\/www.vjevent.fr\/wp-content\/uploads\/2015\/06\/hps4.jpg?fit=440%2C290&amp;ssl=1\" class=\"attachment-full size-full\" alt=\"\" \/><\/figure>\n\t\t\t<div class=\"box text-center\"><\/p>\n<h4>Drink Photography<\/h4>\n<p><\/div>\n\t\t<\/div>\n\t\n\t\t<div class=\"item\">\n\t\t\t<figure><img loading=\"lazy\" decoding=\"async\" width=\"440\" height=\"290\" src=\"https:\/\/i0.wp.com\/www.vjevent.fr\/wp-content\/uploads\/2015\/06\/hps1.jpg?fit=440%2C290&amp;ssl=1\" class=\"attachment-full size-full\" alt=\"\" \/><\/figure>\n\t\t\t<div class=\"box text-center\"><\/p>\n<h4>Macro\u00a0Photography<\/h4>\n<p><\/div>\n\t\t<\/div>\n\t<\/div><\/div>[vc_empty_space height=&#8221;50px&#8221;][vc_column_text]<\/p>\n<p style=\"text-align: center\"><a class=\"btn wow fadeInUp animated\" href=\"\/portfolio\">View My Portfolio<\/a><\/p>\n<p>[\/vc_column_text][\/vc_column][\/vc_row][vc_row kwoon_bg=&#8221;left&#8221; css=&#8221;.vc_custom_1433158775525{background-image: url(http:\/\/kwoon.tommusdemos.wpengine.com\/wp-content\/uploads\/sites\/13\/2015\/06\/hpf.jpg?id=559) !important;}&#8221;][vc_column width=&#8221;1\/1&#8243;][vc_column_text]<\/p>\n<h3 class=\"main-title\">My\u00a0<strong>services<\/strong><\/h3>\n<p class=\"lead\">Fusce dapibus, tellus ac cursus commodo, tortor mauris condimentum nibh, ut fermentum massa.<\/p>\n<p>[\/vc_column_text]\n\t\t<div class=\"feature wow fadeIn\" data-wow-duration=\"1s\" data-wow-delay=\"0.3s\">\n\t\t\t<div class=\"icon\"> \n\t\t\t\t<i class=\"budicon-heart\"><\/i> \n\t\t\t<\/div>\n<h4>Wedding Photography<\/h4>\n<p>Curabitur blandit tempus porttitor. Nulla vitae elit libero, a pharetra augue.\n\t\t<\/div>\n\t\n\t\t<div class=\"feature wow fadeIn\" data-wow-duration=\"1s\" data-wow-delay=\"0.6s\">\n\t\t\t<div class=\"icon\"> \n\t\t\t\t<i class=\"budicon-diamond\"><\/i> \n\t\t\t<\/div>\n<h4>Jewelery Photography<\/h4>\n<p>Curabitur blandit tempus porttitor. Nulla vitae elit libero, a pharetra augue.\n\t\t<\/div>\n\t\n\t\t<div class=\"feature wow fadeIn\" data-wow-duration=\"1s\" data-wow-delay=\"0.9s\">\n\t\t\t<div class=\"icon\"> \n\t\t\t\t<i class=\"budicon-cocktail\"><\/i> \n\t\t\t<\/div>\n<h4>Food Photography<\/h4>\n<p>Curabitur blandit tempus porttitor. Nulla vitae elit libero, a pharetra augue.\n\t\t<\/div>\n\t[\/vc_column][\/vc_row][vc_row kwoon_bg=&#8221;dark&#8221;][vc_column width=&#8221;1\/1&#8243;]<h3 class=\"main-title text-center\">My<strong> awarded<\/strong> shots<\/h3>\t\n\t\t\n\t\t<div class=\"portfolio-grid masonry-portfolio\">\n\t\t\n\t\t\t<div class=\"isotope-filter button-group box\"><ul><li><a class=\"button is-checked\" data-filter=\"*\">All<\/a><\/li><li><a class=\"button\" data-filter=\".aroma-v-jaying\">Aroma v-jaying<\/a><\/li><li><a class=\"button\" data-filter=\".jingles-convention\">Jingles creation for corporate events<\/a><\/li><li><a class=\"button\" data-filter=\".d-jaying\">D-jaying<\/a><\/li><li><a class=\"button\" data-filter=\".emulator\">Emulator dj<\/a><\/li><li><a class=\"button\" data-filter=\".past-events\">Past events<\/a><\/li><li><a class=\"button\" data-filter=\".galerie-photo-temps-reel\">Real-time photo gallery<\/a><\/li><li><a class=\"button\" data-filter=\".video-mapping\">Video mapping<\/a><\/li><li><a class=\"button\" data-filter=\".architectural-video-mapping\">Architectural video mapping<\/a><\/li><li><a class=\"button\" data-filter=\".structure-mapping\">Structure video mapping<\/a><\/li><li><a class=\"button\" data-filter=\".regie-video\">Video broadcast<\/a><\/li><li><a class=\"button\" data-filter=\".v-jaying\">V-jaying<\/a><\/li><li><a class=\"button\" data-filter=\".videos-ambiance\">Ambient videos<\/a><\/li><li><a class=\"button\" data-filter=\".videos-trade-shows\">Videos for tradeshows<\/a><\/li><li><a class=\"button\" data-filter=\".videos-promotionelles\">Promotional videos<\/a><\/li><li><a class=\"button\" data-filter=\".vj-event-lab\">VJ Event Lab<\/a><\/li><\/ul><\/div><div class=\"clearfix\"><\/div>\t\t\t\n\t\t\t<div class=\"items-wrapper\">\n\t\t\t\n\t\t\t\t<div class=\"isotope items\">\n\t\t\t\t\t\n\n<div class=\"item normal past-events v-jaying\">\n\t<figure> \n\t\t<a href=\"https:\/\/www.vjevent.fr\/en\/portfolio\/soiree-de-gala-au-palais-des-festivals-de-cannes\/\">\n\t\t\t<div class=\"text-overlay\">\n\t\t\t\t<div class=\"info\"><span>Voir les r\u00e9alisations<\/span><\/div>\n\t\t\t<\/div>\n\t\t\t<img decoding=\"async\" src=\"https:\/\/i0.wp.com\/www.vjevent.fr\/wp-content\/uploads\/2024\/02\/star-night.png?fit=1900%2C1300&#038;ssl=1\" alt=\"Gala evening at the Palais des Festivals in Cannes\" \/> \n\t\t<\/a>\n\t<\/figure>\n<\/div>\n\n<div class=\"item normal past-events v-jaying\">\n\t<figure> \n\t\t<a href=\"https:\/\/www.vjevent.fr\/en\/portfolio\/coupe-du-monde-rugby-asahi\/\">\n\t\t\t<div class=\"text-overlay\">\n\t\t\t\t<div class=\"info\"><span>Voir les r\u00e9alisations<\/span><\/div>\n\t\t\t<\/div>\n\t\t\t<img decoding=\"async\" src=\"https:\/\/i0.wp.com\/www.vjevent.fr\/wp-content\/uploads\/2023\/10\/410.jpg?fit=1950%2C1300&#038;ssl=1\" alt=\"Asahi Rugby World Cup launch event\" \/> \n\t\t<\/a>\n\t<\/figure>\n<\/div>\n\n<div class=\"item normal jingles-convention past-events\">\n\t<figure> \n\t\t<a href=\"https:\/\/www.vjevent.fr\/en\/portfolio\/creation-de-videos-promotionnelles-pour-la-region-aveyron\/\">\n\t\t\t<div class=\"text-overlay\">\n\t\t\t\t<div class=\"info\"><span>Voir les r\u00e9alisations<\/span><\/div>\n\t\t\t<\/div>\n\t\t\t<img decoding=\"async\" src=\"https:\/\/i0.wp.com\/www.vjevent.fr\/wp-content\/uploads\/2023\/04\/Aveyron_Visuel.jpg?fit=800%2C533&#038;ssl=1\" alt=\"Creation of promotional videos for the Aveyron region\" \/> \n\t\t<\/a>\n\t<\/figure>\n<\/div>\n\n<div class=\"item normal jingles-convention past-events regie-video v-jaying\">\n\t<figure> \n\t\t<a href=\"https:\/\/www.vjevent.fr\/en\/portfolio\/soiree-40-ans-de-l-afdu\/\">\n\t\t\t<div class=\"text-overlay\">\n\t\t\t\t<div class=\"info\"><span>Voir les r\u00e9alisations<\/span><\/div>\n\t\t\t<\/div>\n\t\t\t<img decoding=\"async\" src=\"https:\/\/i0.wp.com\/www.vjevent.fr\/wp-content\/uploads\/2023\/04\/afdu.jpg?fit=2048%2C1365&#038;ssl=1\" alt=\"40 years of AFDU Party\" \/> \n\t\t<\/a>\n\t<\/figure>\n<\/div>\n\n<div class=\"item width2 video-mapping architectural-video-mapping\">\n\t<figure> \n\t\t<a href=\"https:\/\/www.vjevent.fr\/en\/portfolio\/mapping-video-au-grand-hotel-2\/\">\n\t\t\t<div class=\"text-overlay\">\n\t\t\t\t<div class=\"info\"><span>Voir les r\u00e9alisations<\/span><\/div>\n\t\t\t<\/div>\n\t\t\t<img decoding=\"async\" src=\"https:\/\/i0.wp.com\/www.vjevent.fr\/wp-content\/uploads\/2021\/02\/mapping-grand-hotel-min-2.png?fit=283%2C190&#038;ssl=1\" alt=\"Video mapping at the Grand H\u00f4tel in Paris\" \/> \n\t\t<\/a>\n\t<\/figure>\n<\/div>\n\n<div class=\"item normal d-jaying past-events v-jaying\">\n\t<figure> \n\t\t<a href=\"https:\/\/www.vjevent.fr\/en\/portfolio\/mixe-vj-dj-pour-le-groupe-beneteau-a-cannes\/\">\n\t\t\t<div class=\"text-overlay\">\n\t\t\t\t<div class=\"info\"><span>Voir les r\u00e9alisations<\/span><\/div>\n\t\t\t<\/div>\n\t\t\t<img decoding=\"async\" src=\"https:\/\/i0.wp.com\/www.vjevent.fr\/wp-content\/uploads\/2022\/02\/beneteau2.jpg?fit=1000%2C666&#038;ssl=1\" alt=\"Vj &#038; dj mix for the Beneteau Group in Cannes\" \/> \n\t\t<\/a>\n\t<\/figure>\n<\/div>\n\n<div class=\"item normal jingles-convention past-events\">\n\t<figure> \n\t\t<a href=\"https:\/\/www.vjevent.fr\/en\/portfolio\/creation-d-infodecors-en-temps-reel-pour-la-nuit-du-bien-commun\/\">\n\t\t\t<div class=\"text-overlay\">\n\t\t\t\t<div class=\"info\"><span>Voir les r\u00e9alisations<\/span><\/div>\n\t\t\t<\/div>\n\t\t\t<img decoding=\"async\" src=\"https:\/\/i0.wp.com\/www.vjevent.fr\/wp-content\/uploads\/2022\/02\/nuit-bien-commun-2.jpg?fit=1000%2C750&#038;ssl=1\" alt=\"Real time video backgrounds for the Nuit du Bien Commun\" \/> \n\t\t<\/a>\n\t<\/figure>\n<\/div>\n\n<div class=\"item normal past-events v-jaying\">\n\t<figure> \n\t\t<a href=\"https:\/\/www.vjevent.fr\/en\/portfolio\/mixe-vj-pour-un-evenement-prive-a-londres\/\">\n\t\t\t<div class=\"text-overlay\">\n\t\t\t\t<div class=\"info\"><span>Voir les r\u00e9alisations<\/span><\/div>\n\t\t\t<\/div>\n\t\t\t<img decoding=\"async\" src=\"https:\/\/i0.wp.com\/www.vjevent.fr\/wp-content\/uploads\/2022\/02\/the-roundhouse.jpg?fit=1200%2C947&#038;ssl=1\" alt=\"Vj mix for a private event in London\" \/> \n\t\t<\/a>\n\t<\/figure>\n<\/div>\n\n<div class=\"item normal past-events v-jaying\">\n\t<figure> \n\t\t<a href=\"https:\/\/www.vjevent.fr\/en\/portfolio\/mixe-vj-pour-smart-reboot-now\/\">\n\t\t\t<div class=\"text-overlay\">\n\t\t\t\t<div class=\"info\"><span>Voir les r\u00e9alisations<\/span><\/div>\n\t\t\t<\/div>\n\t\t\t<img decoding=\"async\" src=\"https:\/\/i0.wp.com\/www.vjevent.fr\/wp-content\/uploads\/2022\/02\/smart-reboot-2019-1-1.jpg?fit=1000%2C750&#038;ssl=1\" alt=\"Mixe vj pour l&#8217;\u00e9v\u00e9nement Smart Reboot Now  \u00e0 la Mutualit\u00e9\" \/> \n\t\t<\/a>\n\t<\/figure>\n<\/div>\n\n<div class=\"item normal d-jaying past-events v-jaying\">\n\t<figure> \n\t\t<a href=\"https:\/\/www.vjevent.fr\/en\/portfolio\/mixe-vj-au-terminal-7-a-paris-pour-signia\/\">\n\t\t\t<div class=\"text-overlay\">\n\t\t\t\t<div class=\"info\"><span>Voir les r\u00e9alisations<\/span><\/div>\n\t\t\t<\/div>\n\t\t\t<img decoding=\"async\" src=\"https:\/\/i0.wp.com\/www.vjevent.fr\/wp-content\/uploads\/2022\/02\/signia1.jpg?fit=1600%2C1200&#038;ssl=1\" alt=\"Mixe vj pour l&#8217;\u00e9v\u00e9nement Smart Reboot Now 2019 \u00e0 la Mutualit\u00e9\" \/> \n\t\t<\/a>\n\t<\/figure>\n<\/div>\n\n<div class=\"item normal past-events v-jaying\">\n\t<figure> \n\t\t<a href=\"https:\/\/www.vjevent.fr\/en\/portfolio\/mixe-vj-pour-les-voeux-de-la-mairie-de-montrouge\/\">\n\t\t\t<div class=\"text-overlay\">\n\t\t\t\t<div class=\"info\"><span>Voir les r\u00e9alisations<\/span><\/div>\n\t\t\t<\/div>\n\t\t\t<img decoding=\"async\" src=\"https:\/\/i0.wp.com\/www.vjevent.fr\/wp-content\/uploads\/2021\/08\/back-to-the-future-2.jpg?fit=1171%2C894&#038;ssl=1\" alt=\"Mixe vj pour les voeux 2020 de la Mairie de Montrouge\" \/> \n\t\t<\/a>\n\t<\/figure>\n<\/div>\t\t\t\t<\/div>\n\t\t\t\t\n\t\t\t\t<div class=\"cbp-l-loadMore-button\"><a href='https:\/\/www.vjevent.fr\/en\/wp-json\/wp\/v2\/pages\/547\/page\/2' class='btn-load-more btn'>Load More Projects<\/a><a href='https:\/\/www.vjevent.fr\/en\/wp-json\/wp\/v2\/pages\/547\/page\/3' class='btn-load-more btn'>Load More Projects<\/a><a href='https:\/\/www.vjevent.fr\/en\/wp-json\/wp\/v2\/pages\/547\/page\/4' class='btn-load-more btn'>Load More Projects<\/a><\/div>\t\t\t\n\t\t\t<\/div>\n\t\t\n\t\t<\/div>\n\t\t\n\t\t\t\t\n[\/vc_column][\/vc_row][vc_row kwoon_bg=&#8221;inverse&#8221;][vc_column width=&#8221;1\/1&#8243;]<h3 class=\"main-title text-center\">Latest <strong>instagram<\/strong> shots<\/h3>\n\t\t<div id=\"instafeed\"><\/div>\t\n\t\t<script data-jetpack-boost=\"ignore\" type=\"text\/javascript\">\n\t\t\tjQuery(document).ready(function(){\n\t\t\t\tvar instagramFeed = new Instafeed({\n\t\t\t\t    get: 'user',\n\t\t\t\t    userId: 1215763826,\n\t\t\t\t    accessToken: '1215763826.467ede5.aa54392aa9eb46f0b9e7191f7211ec3a',\n\t\t\t\t    resolution: 'low_resolution',\n\t\t\t\t    template: '<div class=\"item\"><figure class=\"frame\"><img decoding=\"async\" src=\"{{image}}\" \/><a href=\"{{link}}\" class=\"link-out\" target=\"_blank\"><i class=\"icon-link\"><\/i><\/a><\/figure><\/div>',\n\t\t\t\t    after: function () {\n\t\t\t\t       jQuery('#instafeed').owlCarousel({\n\t\t\t\t           loop: false,\n\t\t\t\t           margin: 10,\n\t\t\t\t           nav: true,\n\t\t\t\t           navText: [\"\", \"\"],\n\t\t\t\t           dots: false,\n\t\t\t\t           responsive: {\n\t\t\t\t               0: {\n\t\t\t\t                   items: 2\n\t\t\t\t               },\n\t\t\t\t               768: {\n\t\t\t\t                   items: 4\n\t\t\t\t               },\n\t\t\t\t               1000: {\n\t\t\t\t                   items: 5\n\t\t\t\t               }\n\t\t\t\t           },\n\t\t\t\t           success: function(response){\n\t\t\t\t           \tresponse.data.forEach(function(e){\n\t\t\t\t           \t\te.images.thumbnail = {\n\t\t\t\t           \t\t\turl: e.images.thumbnail.url,\n\t\t\t\t           \t\t\twidth: 600,\n\t\t\t\t           \t\t\theight: 600\n\t\t\t\t           \t\t};\n\t\t\t\t           \t});\n\t\t\t\t           }\n\t\t\t\t       })\t\t\t\t\t    }\n\t\t\t\t});\n\t\t\t\tjQuery('#instafeed').each(function() {\n\t\t\t\t    instagramFeed.run();\n\t\t\t\t});\n\t\t\t});\n\t\t<\/script>\n\t[\/vc_column][\/vc_row][vc_row kwoon_bg=&#8221;dark&#8221;][vc_column width=&#8221;1\/1&#8243;]<h3 class=\"main-title text-center\">Popular <strong>blog<\/strong> posts<\/h3>\t\t\n\t\t\t\n\t\t<div class=\"blog grid-view-img\">\n\t\t\n\t\t\t<div class=\"blog-posts\">\n\t\t\t\t<div class=\"isotope\">\n\t\t\t\t\t\n<div class=\"post-grid\">\n\t<div \n\t\tclass=\"post wow fadeIn\"\n\t\tdata-wow-duration=\"1s\" \n\t\tdata-wow-delay=\"0s\"\n\t>\n\t\n\t\t<figure>\n\t\t\t<a href=\"https:\/\/www.vjevent.fr\/en\/gallery-post-type\/\"> \n\t\t\t\t<img loading=\"lazy\" decoding=\"async\" width=\"440\" height=\"320\" src=\"https:\/\/i0.wp.com\/www.vjevent.fr\/wp-content\/uploads\/2015\/06\/hpp2-full.jpg?resize=440%2C320&amp;ssl=1\" class=\"attachment-tile size-tile wp-post-image\" alt=\"\" \/>\t\t\t<\/a> \n\t\t<\/figure>\n\t\t\n\t\t<div class=\"content\">\n\t\t\t<div class=\"meta\">\n\n\t<span class=\"date\">\n\t\t10 June 2015\t<\/span>\n\t\n\t\t\n\t\n<\/div><h2 class=\"post-title\"><a href=\"https:\/\/www.vjevent.fr\/en\/gallery-post-type\/\">Gallery Post Type<\/a><\/h2>\t\t<\/div>\n\t\n\t<\/div>\n<\/div>\n<div class=\"post-grid\">\n\t<div \n\t\tclass=\"post wow fadeIn\"\n\t\tdata-wow-duration=\"1s\" \n\t\tdata-wow-delay=\"0s\"\n\t>\n\t\n\t\t<figure>\n\t\t\t<a href=\"https:\/\/www.vjevent.fr\/en\/video-post-type\/\"> \n\t\t\t\t<img loading=\"lazy\" decoding=\"async\" width=\"440\" height=\"320\" src=\"https:\/\/i0.wp.com\/www.vjevent.fr\/wp-content\/uploads\/2015\/06\/hpp13-full.jpg?resize=440%2C320&amp;ssl=1\" class=\"attachment-tile size-tile wp-post-image\" alt=\"\" \/>\t\t\t<\/a> \n\t\t<\/figure>\n\t\t\n\t\t<div class=\"content\">\n\t\t\t<div class=\"meta\">\n\n\t<span class=\"date\">\n\t\t10 June 2015\t<\/span>\n\t\n\t\t\n\t\n<\/div><h2 class=\"post-title\"><a href=\"https:\/\/www.vjevent.fr\/en\/video-post-type\/\">Video Post Type<\/a><\/h2>\t\t<\/div>\n\t\n\t<\/div>\n<\/div>\n<div class=\"post-grid\">\n\t<div \n\t\tclass=\"post wow fadeIn\"\n\t\tdata-wow-duration=\"1s\" \n\t\tdata-wow-delay=\"0s\"\n\t>\n\t\n\t\t<figure>\n\t\t\t<a href=\"https:\/\/www.vjevent.fr\/en\/image-post-type\/\"> \n\t\t\t\t<img loading=\"lazy\" decoding=\"async\" width=\"440\" height=\"320\" src=\"https:\/\/i0.wp.com\/www.vjevent.fr\/wp-content\/uploads\/2015\/06\/Unknown.jpeg?resize=440%2C320&amp;ssl=1\" class=\"attachment-tile size-tile wp-post-image\" alt=\"\" \/>\t\t\t<\/a> \n\t\t<\/figure>\n\t\t\n\t\t<div class=\"content\">\n\t\t\t<div class=\"meta\">\n\n\t<span class=\"date\">\n\t\t9 June 2015\t<\/span>\n\t\n\t\t\n\t\n<\/div><h2 class=\"post-title\"><a href=\"https:\/\/www.vjevent.fr\/en\/image-post-type\/\">Image Post Type<\/a><\/h2>\t\t<\/div>\n\t\n\t<\/div>\n<\/div>\n<div class=\"post-grid\">\n\t<div \n\t\tclass=\"post wow fadeIn\"\n\t\tdata-wow-duration=\"1s\" \n\t\tdata-wow-delay=\"0s\"\n\t>\n\t\n\t\t<figure>\n\t\t\t<a href=\"https:\/\/www.vjevent.fr\/en\/blog-post-no-sidebar\/\"> \n\t\t\t\t<img loading=\"lazy\" decoding=\"async\" width=\"440\" height=\"320\" src=\"https:\/\/i0.wp.com\/www.vjevent.fr\/wp-content\/uploads\/2015\/06\/hpp9-full.jpg?resize=440%2C320&amp;ssl=1\" class=\"attachment-tile size-tile wp-post-image\" alt=\"\" \/>\t\t\t<\/a> \n\t\t<\/figure>\n\t\t\n\t\t<div class=\"content\">\n\t\t\t<div class=\"meta\">\n\n\t<span class=\"date\">\n\t\t9 June 2015\t<\/span>\n\t\n\t\t\n\t\n<\/div><h2 class=\"post-title\"><a href=\"https:\/\/www.vjevent.fr\/en\/blog-post-no-sidebar\/\">Blog Post No Sidebar<\/a><\/h2>\t\t<\/div>\n\t\n\t<\/div>\n<\/div>\n<div class=\"post-grid\">\n\t<div \n\t\tclass=\"post wow fadeIn\"\n\t\tdata-wow-duration=\"1s\" \n\t\tdata-wow-delay=\"0s\"\n\t>\n\t\n\t\t<figure>\n\t\t\t<a href=\"https:\/\/www.vjevent.fr\/en\/standard-post-type\/\"> \n\t\t\t\t<img loading=\"lazy\" decoding=\"async\" width=\"440\" height=\"320\" src=\"https:\/\/i0.wp.com\/www.vjevent.fr\/wp-content\/uploads\/2015\/06\/hpp1-full.jpg?resize=440%2C320&amp;ssl=1\" class=\"attachment-tile size-tile wp-post-image\" alt=\"\" \/>\t\t\t<\/a> \n\t\t<\/figure>\n\t\t\n\t\t<div class=\"content\">\n\t\t\t<div class=\"meta\">\n\n\t<span class=\"date\">\n\t\t8 June 2015\t<\/span>\n\t\n\t\t\n\t\n<\/div><h2 class=\"post-title\"><a href=\"https:\/\/www.vjevent.fr\/en\/standard-post-type\/\">Standard Post Type<\/a><\/h2>\t\t<\/div>\n\t\n\t<\/div>\n<\/div>\n<div class=\"post-grid\">\n\t<div \n\t\tclass=\"post wow fadeIn\"\n\t\tdata-wow-duration=\"1s\" \n\t\tdata-wow-delay=\"0s\"\n\t>\n\t\n\t\t<figure>\n\t\t\t<a href=\"https:\/\/www.vjevent.fr\/en\/quote-post-type\/\"> \n\t\t\t\t<img loading=\"lazy\" decoding=\"async\" width=\"440\" height=\"320\" src=\"https:\/\/i0.wp.com\/www.vjevent.fr\/wp-content\/uploads\/2015\/06\/hpp6-full.jpg?resize=440%2C320&amp;ssl=1\" class=\"attachment-tile size-tile wp-post-image\" alt=\"\" \/>\t\t\t<\/a> \n\t\t<\/figure>\n\t\t\n\t\t<div class=\"content\">\n\t\t\t<div class=\"meta\">\n\n\t<span class=\"date\">\n\t\t8 June 2015\t<\/span>\n\t\n\t\t\n\t\n<\/div><h2 class=\"post-title\"><a href=\"https:\/\/www.vjevent.fr\/en\/quote-post-type\/\">Quote Post Type<\/a><\/h2>\t\t<\/div>\n\t\n\t<\/div>\n<\/div>\t\t\t\t<\/div>\n\t\t\t<\/div>\n\t\t\n\t\t\t\t\t\n\t\t<\/div>\n\t\t\n\t\t\t\t\n[\/vc_column][\/vc_row]<\/p>\n","protected":false},"excerpt":{"rendered":"<p>[vc_row full_width=&#8221;stretch_row&#8221; kwoon_bg=&#8221;light&#8221;][vc_column width=&#8221;1\/1&#8243;][rev_slider_vc alias=&#8221;homePhotography&#8221;][\/vc_column][\/vc_row][vc_row kwoon_bg=&#8221;dark&#8221;][vc_column width=&#8221;1\/1&#8243;][vc_column_text] Nullam id dolor id nibh ultricies vehicula ut id elit. Lorem ipsum dolor sit amet, consectetur adipiscing elit&#8230;.<\/p>\n","protected":false},"author":1,"featured_media":0,"parent":0,"menu_order":0,"comment_status":"open","ping_status":"open","template":"","meta":{"om_disable_all_campaigns":false,"_monsterinsights_skip_tracking":false,"_monsterinsights_sitenote_active":false,"_monsterinsights_sitenote_note":"","_monsterinsights_sitenote_category":0,"footnotes":""},"class_list":["post-547","page","type-page","status-publish","hentry"],"aioseo_notices":[],"jetpack_sharing_enabled":true,"_links":{"self":[{"href":"https:\/\/www.vjevent.fr\/en\/wp-json\/wp\/v2\/pages\/547"}],"collection":[{"href":"https:\/\/www.vjevent.fr\/en\/wp-json\/wp\/v2\/pages"}],"about":[{"href":"https:\/\/www.vjevent.fr\/en\/wp-json\/wp\/v2\/types\/page"}],"author":[{"embeddable":true,"href":"https:\/\/www.vjevent.fr\/en\/wp-json\/wp\/v2\/users\/1"}],"replies":[{"embeddable":true,"href":"https:\/\/www.vjevent.fr\/en\/wp-json\/wp\/v2\/comments?post=547"}],"version-history":[{"count":0,"href":"https:\/\/www.vjevent.fr\/en\/wp-json\/wp\/v2\/pages\/547\/revisions"}],"wp:attachment":[{"href":"https:\/\/www.vjevent.fr\/en\/wp-json\/wp\/v2\/media?parent=547"}],"curies":[{"name":"wp","href":"https:\/\/api.w.org\/{rel}","templated":true}]}}