{"id":609,"date":"2015-06-01T18:21:12","date_gmt":"2015-06-01T17:21:12","guid":{"rendered":"http:\/\/tommusrhodus.wpengine.com\/?page_id=609"},"modified":"2020-07-07T16:51:40","modified_gmt":"2020-07-07T14:51:40","slug":"blog-classic-blog","status":"publish","type":"page","link":"https:\/\/www.vjevent.fr\/en\/blog-classic-blog\/","title":{"rendered":"Blog &#8211; Classic Blog"},"content":{"rendered":"<p>[vc_row full_width=&#8221;&#8221; parallax=&#8221;&#8221; parallax_image=&#8221;&#8221; kwoon_bg=&#8221;dark&#8221;][vc_column width=&#8221;1\/1&#8243;]\t\t\n\t\t\n\t\t<div class=\"blog row classic-view\">\n\t\t\n\t\t\t<div class=\"col-sm-8 blog-content\">\n\t\t\t\n\t\t\t\t<div class=\"blog-posts\">\n\t\t\t\t\t<div class=\"post\">\n\n\t\n<div class=\"blog-slider-wrapper main\">\n\t<div class=\"basic-slider text-center\">\n\t\t<div class=\"item\"><figure><img loading=\"lazy\" decoding=\"async\" width=\"770\" height=\"430\" src=\"https:\/\/i0.wp.com\/www.vjevent.fr\/wp-content\/uploads\/2015\/06\/hb1.jpg?fit=770%2C430&amp;ssl=1\" class=\"attachment-full size-full\" alt=\"\" \/><\/figure><\/div><div class=\"item\"><figure><img loading=\"lazy\" decoding=\"async\" width=\"770\" height=\"430\" src=\"https:\/\/i0.wp.com\/www.vjevent.fr\/wp-content\/uploads\/2015\/06\/hb2.jpg?fit=770%2C430&amp;ssl=1\" class=\"attachment-full size-full\" alt=\"\" \/><\/figure><\/div>\t<\/div>\n<\/div>\n\n<h2 class=\"post-title\"><a href=\"https:\/\/www.vjevent.fr\/en\/gallery-post-type\/\">Gallery Post Type<\/a><\/h2><div class=\"meta\">\n\n\t<span class=\"date\">\n\t\t10 June 2015\t<\/span>\n\t\n\t\t\n\t\n<\/div><p>Fusce dapibus, tellus ac cursus commodo, tortor mauris condimentum nibh, ut fermentum massa justo sit amet. Vivamus sagittis lacus vel augue laoreet rutrum faucibus dolor...<\/p>\n\t\n\t<a href=\"https:\/\/www.vjevent.fr\/en\/gallery-post-type\/\" class=\"more\">Continue Reading<\/a> \n\n<\/div>\n\n<hr \/><div class=\"post\">\n\n\t\n\t\t\t<figure class=\"media-wrapper player main full\">\n\t\t\t\t<iframe loading=\"lazy\" title=\"Seasons\" src=\"https:\/\/player.vimeo.com\/video\/24496773?dnt=1&amp;app_id=122963\" width=\"1170\" height=\"658\" frameborder=\"0\" allow=\"autoplay; fullscreen; picture-in-picture; clipboard-write; encrypted-media; web-share\" referrerpolicy=\"strict-origin-when-cross-origin\"><\/iframe>\n\t\t\t<\/figure>\n\t\t<h2 class=\"post-title\"><a href=\"https:\/\/www.vjevent.fr\/en\/video-post-type\/\">Video Post Type<\/a><\/h2><div class=\"meta\">\n\n\t<span class=\"date\">\n\t\t10 June 2015\t<\/span>\n\t\n\t\t\n\t\n<\/div><p>Fusce dapibus, tellus ac cursus commodo, tortor mauris condimentum nibh, ut fermentum massa justo sit amet. Vivamus sagittis lacus vel augue laoreet rutrum faucibus dolor...<\/p>\n\t\n\t<a href=\"https:\/\/www.vjevent.fr\/en\/video-post-type\/\" class=\"more\">Continue Reading<\/a> \n\n<\/div>\n\n<hr \/><div class=\"post\">\n\n\t\n\t<figure class=\"main\">\n\t\t<a href=\"https:\/\/www.vjevent.fr\/en\/image-post-type\/\">\n\t\t\t<div class=\"text-overlay\">\n\t\t\t\t<div class=\"info\"><span>Read More<\/span><\/div>\n\t\t\t<\/div>\n\t\t\t<img loading=\"lazy\" decoding=\"async\" width=\"770\" height=\"550\" src=\"https:\/\/i0.wp.com\/www.vjevent.fr\/wp-content\/uploads\/2015\/06\/Unknown.jpeg?fit=770%2C550&amp;ssl=1\" class=\"attachment-large size-large wp-post-image\" alt=\"\" \/>\t\t<\/a>\n\t<\/figure>\n\n<h2 class=\"post-title\"><a href=\"https:\/\/www.vjevent.fr\/en\/image-post-type\/\">Image Post Type<\/a><\/h2><div class=\"meta\">\n\n\t<span class=\"date\">\n\t\t9 June 2015\t<\/span>\n\t\n\t\t\n\t\n<\/div><p>Fusce dapibus, tellus ac cursus commodo, tortor mauris condimentum nibh, ut fermentum massa justo sit amet. Vivamus sagittis lacus vel augue laoreet rutrum faucibus dolor...<\/p>\n\t\n\t<a href=\"https:\/\/www.vjevent.fr\/en\/image-post-type\/\" class=\"more\">Continue Reading<\/a> \n\n<\/div>\n\n<hr \/><div class=\"post\">\n\n\t\n\t<figure class=\"main\">\n\t\t<a href=\"https:\/\/www.vjevent.fr\/en\/blog-post-no-sidebar\/\">\n\t\t\t<div class=\"text-overlay\">\n\t\t\t\t<div class=\"info\"><span>Read More<\/span><\/div>\n\t\t\t<\/div>\n\t\t\t<img loading=\"lazy\" decoding=\"async\" width=\"730\" height=\"470\" src=\"https:\/\/i0.wp.com\/www.vjevent.fr\/wp-content\/uploads\/2015\/06\/hpp9-full.jpg?fit=730%2C470&amp;ssl=1\" class=\"attachment-large size-large wp-post-image\" alt=\"\" \/>\t\t<\/a>\n\t<\/figure>\n\n<h2 class=\"post-title\"><a href=\"https:\/\/www.vjevent.fr\/en\/blog-post-no-sidebar\/\">Blog Post No Sidebar<\/a><\/h2><div class=\"meta\">\n\n\t<span class=\"date\">\n\t\t9 June 2015\t<\/span>\n\t\n\t\t\n\t\n<\/div><p>Fusce dapibus, tellus ac cursus commodo, tortor mauris condimentum nibh, ut fermentum massa justo sit amet. Vivamus sagittis lacus vel augue laoreet rutrum faucibus dolor...<\/p>\n\t\n\t<a href=\"https:\/\/www.vjevent.fr\/en\/blog-post-no-sidebar\/\" class=\"more\">Continue Reading<\/a> \n\n<\/div>\n\n<hr \/>\t\t\t\t<\/div>\n\t\t\t\t\n\t\t\t\t<div class='pagination'><ul><li class='active'><a class='btn' href='https:\/\/www.vjevent.fr\/en\/wp-json\/wp\/v2\/pages\/609\/'><span>1<\/span><\/a><\/li> <li><a class='btn' href='https:\/\/www.vjevent.fr\/en\/wp-json\/wp\/v2\/pages\/609\/page\/2\/'>2<\/span><\/a><\/li> <li><a class='btn' href='https:\/\/www.vjevent.fr\/en\/wp-json\/wp\/v2\/pages\/609\/page\/3\/'>3<\/span><\/a><\/li> <li><a class='btn' href='https:\/\/www.vjevent.fr\/en\/wp-json\/wp\/v2\/pages\/609\/page\/9\/'><span>Last<\/span><\/a><\/li> <\/ul><\/div>\t\t\t\t\n\t\t\t<\/div>\n\t\t\t\n\t\t\t<aside class=\"col-sm-4 sidebar\">\n\t\t\t\t<div id=\"search-2\" class=\"sidebox widget widget_search\"><form class=\"searchform pull-right\" method=\"get\" id=\"searchform\" action=\"https:\/\/www.vjevent.fr\/en\/\">\n\t<input type=\"text\" name=\"s\" placeholder=\"Search something\">\n\t<button type=\"submit\" class=\"btn\"><i class=\"icon-search-1\"><\/i><\/button>\n<\/form>\n<div class=\"clearfix\"><\/div><\/div>\n\t\t<div id=\"recent-posts-2\" class=\"sidebox widget widget_recent_entries\">\n\t\t<h3 class=\"widget-title\">Recent Posts<\/h3>\n\t\t<ul>\n\t\t\t\t\t\t\t\t\t\t\t<li>\n\t\t\t\t\t<a href=\"https:\/\/www.vjevent.fr\/en\/gallery-post-type\/\">Gallery Post Type<\/a>\n\t\t\t\t\t\t\t\t\t<\/li>\n\t\t\t\t\t\t\t\t\t\t\t<li>\n\t\t\t\t\t<a href=\"https:\/\/www.vjevent.fr\/en\/video-post-type\/\">Video Post Type<\/a>\n\t\t\t\t\t\t\t\t\t<\/li>\n\t\t\t\t\t\t\t\t\t\t\t<li>\n\t\t\t\t\t<a href=\"https:\/\/www.vjevent.fr\/en\/image-post-type\/\">Image Post Type<\/a>\n\t\t\t\t\t\t\t\t\t<\/li>\n\t\t\t\t\t\t\t\t\t\t\t<li>\n\t\t\t\t\t<a href=\"https:\/\/www.vjevent.fr\/en\/blog-post-no-sidebar\/\">Blog Post No Sidebar<\/a>\n\t\t\t\t\t\t\t\t\t<\/li>\n\t\t\t\t\t\t\t\t\t\t\t<li>\n\t\t\t\t\t<a href=\"https:\/\/www.vjevent.fr\/en\/standard-post-type\/\">Standard Post Type<\/a>\n\t\t\t\t\t\t\t\t\t<\/li>\n\t\t\t\t\t<\/ul>\n\n\t\t<\/div><div id=\"recent-comments-2\" class=\"sidebox widget widget_recent_comments\"><h3 class=\"widget-title\">Recent Comments<\/h3><ul id=\"recentcomments\"><\/ul><\/div><div id=\"categories-3\" class=\"sidebox widget widget_categories\"><h3 class=\"widget-title\">Categories<\/h3>\n\t\t\t<ul>\n\t\t\t\t<li class=\"cat-item-none\">No categories<\/li>\t\t\t<\/ul>\n\n\t\t\t<\/div><div id=\"tag_cloud-1\" class=\"sidebox widget widget_tag_cloud\"><h3 class=\"widget-title\">Tags<\/h3><div class=\"tagcloud\"><a href=\"https:\/\/www.vjevent.fr\/en\/tag\/blog\/\" class=\"tag-cloud-link tag-link-22 tag-link-position-1\" style=\"font-size: 22pt;\" aria-label=\"Blog (12 items)\">Blog<\/a>\n<a href=\"https:\/\/www.vjevent.fr\/en\/tag\/commercial\/\" class=\"tag-cloud-link tag-link-23 tag-link-position-2\" style=\"font-size: 22pt;\" aria-label=\"Commercial (12 items)\">Commercial<\/a>\n<a href=\"https:\/\/www.vjevent.fr\/en\/tag\/communication-audiovisuelle-dynamique\/\" class=\"tag-cloud-link tag-link-91 tag-link-position-3\" style=\"font-size: 11.111111111111pt;\" aria-label=\"communication audiovisuelle dynamique (2 items)\">communication audiovisuelle dynamique<\/a>\n<a href=\"https:\/\/www.vjevent.fr\/en\/tag\/creation-video-salon\/\" class=\"tag-cloud-link tag-link-95 tag-link-position-4\" style=\"font-size: 11.111111111111pt;\" aria-label=\"creation video salon (2 items)\">creation video salon<\/a>\n<a href=\"https:\/\/www.vjevent.fr\/en\/tag\/creation-video\/\" class=\"tag-cloud-link tag-link-94 tag-link-position-5\" style=\"font-size: 14.913580246914pt;\" aria-label=\"cr\u00e9ation video (4 items)\">cr\u00e9ation video<\/a>\n<a href=\"https:\/\/www.vjevent.fr\/en\/tag\/d-jaying\/\" class=\"tag-cloud-link tag-link-96 tag-link-position-6\" style=\"font-size: 11.111111111111pt;\" aria-label=\"d-jaying (2 items)\">d-jaying<\/a>\n<a href=\"https:\/\/www.vjevent.fr\/en\/tag\/digital-signage\/\" class=\"tag-cloud-link tag-link-107 tag-link-position-7\" style=\"font-size: 11.111111111111pt;\" aria-label=\"digital signage (2 items)\">digital signage<\/a>\n<a href=\"https:\/\/www.vjevent.fr\/en\/tag\/fun\/\" class=\"tag-cloud-link tag-link-24 tag-link-position-8\" style=\"font-size: 22pt;\" aria-label=\"Fun (12 items)\">Fun<\/a>\n<a href=\"https:\/\/www.vjevent.fr\/en\/tag\/illustration\/\" class=\"tag-cloud-link tag-link-25 tag-link-position-9\" style=\"font-size: 22pt;\" aria-label=\"Illustration (12 items)\">Illustration<\/a>\n<a href=\"https:\/\/www.vjevent.fr\/en\/tag\/lancement-de-produit\/\" class=\"tag-cloud-link tag-link-120 tag-link-position-10\" style=\"font-size: 11.111111111111pt;\" aria-label=\"lancement de produit (2 items)\">lancement de produit<\/a>\n<a href=\"https:\/\/www.vjevent.fr\/en\/tag\/mapping\/\" class=\"tag-cloud-link tag-link-123 tag-link-position-11\" style=\"font-size: 13.185185185185pt;\" aria-label=\"mapping (3 items)\">mapping<\/a>\n<a href=\"https:\/\/www.vjevent.fr\/en\/tag\/mapping-2d-3d\/\" class=\"tag-cloud-link tag-link-125 tag-link-position-12\" style=\"font-size: 11.111111111111pt;\" aria-label=\"mapping 2d 3d (2 items)\">mapping 2d 3d<\/a>\n<a href=\"https:\/\/www.vjevent.fr\/en\/tag\/mapping-architectural\/\" class=\"tag-cloud-link tag-link-126 tag-link-position-13\" style=\"font-size: 11.111111111111pt;\" aria-label=\"mapping architectural (2 items)\">mapping architectural<\/a>\n<a href=\"https:\/\/www.vjevent.fr\/en\/tag\/mapping-structure\/\" class=\"tag-cloud-link tag-link-128 tag-link-position-14\" style=\"font-size: 8pt;\" aria-label=\"mapping structure (1 item)\">mapping structure<\/a>\n<a href=\"https:\/\/www.vjevent.fr\/en\/tag\/mapping-video\/\" class=\"tag-cloud-link tag-link-129 tag-link-position-15\" style=\"font-size: 8pt;\" aria-label=\"mapping video (1 item)\">mapping video<\/a>\n<a href=\"https:\/\/www.vjevent.fr\/en\/tag\/marque-vj\/\" class=\"tag-cloud-link tag-link-130 tag-link-position-16\" style=\"font-size: 8pt;\" aria-label=\"marque vj (1 item)\">marque vj<\/a>\n<a href=\"https:\/\/www.vjevent.fr\/en\/tag\/matfer-bourgeat\/\" class=\"tag-cloud-link tag-link-131 tag-link-position-17\" style=\"font-size: 8pt;\" aria-label=\"matfer bourgeat (1 item)\">matfer bourgeat<\/a>\n<a href=\"https:\/\/www.vjevent.fr\/en\/tag\/mix-dj\/\" class=\"tag-cloud-link tag-link-132 tag-link-position-18\" style=\"font-size: 8pt;\" aria-label=\"mix dj (1 item)\">mix dj<\/a>\n<a href=\"https:\/\/www.vjevent.fr\/en\/tag\/mix-video\/\" class=\"tag-cloud-link tag-link-133 tag-link-position-19\" style=\"font-size: 8pt;\" aria-label=\"mix video (1 item)\">mix video<\/a>\n<a href=\"https:\/\/www.vjevent.fr\/en\/tag\/mix-vj\/\" class=\"tag-cloud-link tag-link-134 tag-link-position-20\" style=\"font-size: 8pt;\" aria-label=\"mix vj (1 item)\">mix vj<\/a>\n<a href=\"https:\/\/www.vjevent.fr\/en\/tag\/mix-vj-musee\/\" class=\"tag-cloud-link tag-link-135 tag-link-position-21\" style=\"font-size: 8pt;\" aria-label=\"mix vj musee (1 item)\">mix vj musee<\/a>\n<a href=\"https:\/\/www.vjevent.fr\/en\/tag\/mobilier-dj-vj\/\" class=\"tag-cloud-link tag-link-136 tag-link-position-22\" style=\"font-size: 8pt;\" aria-label=\"mobilier dj-vj (1 item)\">mobilier dj-vj<\/a>\n<a href=\"https:\/\/www.vjevent.fr\/en\/tag\/multi-screen-broadcast\/\" class=\"tag-cloud-link tag-link-137 tag-link-position-23\" style=\"font-size: 11.111111111111pt;\" aria-label=\"multi-screen broadcast (2 items)\">multi-screen broadcast<\/a>\n<a href=\"https:\/\/www.vjevent.fr\/en\/tag\/musee\/\" class=\"tag-cloud-link tag-link-138 tag-link-position-24\" style=\"font-size: 8pt;\" aria-label=\"mus\u00e9e (1 item)\">mus\u00e9e<\/a>\n<a href=\"https:\/\/www.vjevent.fr\/en\/tag\/parfums\/\" class=\"tag-cloud-link tag-link-139 tag-link-position-25\" style=\"font-size: 8pt;\" aria-label=\"parfums (1 item)\">parfums<\/a>\n<a href=\"https:\/\/www.vjevent.fr\/en\/tag\/photography\/\" class=\"tag-cloud-link tag-link-26 tag-link-position-26\" style=\"font-size: 22pt;\" aria-label=\"Photography (12 items)\">Photography<\/a>\n<a href=\"https:\/\/www.vjevent.fr\/en\/tag\/photo-live\/\" class=\"tag-cloud-link tag-link-140 tag-link-position-27\" style=\"font-size: 8pt;\" aria-label=\"photo live (1 item)\">photo live<\/a>\n<a href=\"https:\/\/www.vjevent.fr\/en\/tag\/photo-warhol\/\" class=\"tag-cloud-link tag-link-141 tag-link-position-28\" style=\"font-size: 8pt;\" aria-label=\"photo warhol (1 item)\">photo warhol<\/a>\n<a href=\"https:\/\/www.vjevent.fr\/en\/tag\/playzilla\/\" class=\"tag-cloud-link tag-link-143 tag-link-position-29\" style=\"font-size: 8pt;\" aria-label=\"playzilla (1 item)\">playzilla<\/a>\n<a href=\"https:\/\/www.vjevent.fr\/en\/tag\/projection-batiment\/\" class=\"tag-cloud-link tag-link-144 tag-link-position-30\" style=\"font-size: 8pt;\" aria-label=\"projection batiment (1 item)\">projection batiment<\/a>\n<a href=\"https:\/\/www.vjevent.fr\/en\/tag\/projection-repere\/\" class=\"tag-cloud-link tag-link-145 tag-link-position-31\" style=\"font-size: 8pt;\" aria-label=\"projection rep\u00e9r\u00e9 (1 item)\">projection rep\u00e9r\u00e9<\/a>\n<a href=\"https:\/\/www.vjevent.fr\/en\/tag\/projection-reperee\/\" class=\"tag-cloud-link tag-link-146 tag-link-position-32\" style=\"font-size: 8pt;\" aria-label=\"projection rep\u00e9r\u00e9e (1 item)\">projection rep\u00e9r\u00e9e<\/a>\n<a href=\"https:\/\/www.vjevent.fr\/en\/tag\/reebok\/\" class=\"tag-cloud-link tag-link-147 tag-link-position-33\" style=\"font-size: 8pt;\" aria-label=\"reebok (1 item)\">reebok<\/a>\n<a href=\"https:\/\/www.vjevent.fr\/en\/tag\/retro-mapping\/\" class=\"tag-cloud-link tag-link-150 tag-link-position-34\" style=\"font-size: 8pt;\" aria-label=\"retro-mapping (1 item)\">retro-mapping<\/a>\n<a href=\"https:\/\/www.vjevent.fr\/en\/tag\/regie-multi-cameras\/\" class=\"tag-cloud-link tag-link-148 tag-link-position-35\" style=\"font-size: 8pt;\" aria-label=\"r\u00e9gie multi-cameras (1 item)\">r\u00e9gie multi-cameras<\/a>\n<a href=\"https:\/\/www.vjevent.fr\/en\/tag\/v-jaying-2\/\" class=\"tag-cloud-link tag-link-151 tag-link-position-36\" style=\"font-size: 11.111111111111pt;\" aria-label=\"v-jaying (2 items)\">v-jaying<\/a>\n<a href=\"https:\/\/www.vjevent.fr\/en\/tag\/video-jockey\/\" class=\"tag-cloud-link tag-link-156 tag-link-position-37\" style=\"font-size: 8pt;\" aria-label=\"video-jockey (1 item)\">video-jockey<\/a>\n<a href=\"https:\/\/www.vjevent.fr\/en\/tag\/video-mapping\/\" class=\"tag-cloud-link tag-link-153 tag-link-position-38\" style=\"font-size: 13.185185185185pt;\" aria-label=\"video mapping (3 items)\">video mapping<\/a>\n<a href=\"https:\/\/www.vjevent.fr\/en\/tag\/video-promotionnelle\/\" class=\"tag-cloud-link tag-link-154 tag-link-position-39\" style=\"font-size: 13.185185185185pt;\" aria-label=\"video promotionnelle (3 items)\">video promotionnelle<\/a>\n<a href=\"https:\/\/www.vjevent.fr\/en\/tag\/videos-lancement-de-produits\/\" class=\"tag-cloud-link tag-link-157 tag-link-position-40\" style=\"font-size: 8pt;\" aria-label=\"videos lancement de produits (1 item)\">videos lancement de produits<\/a>\n<a href=\"https:\/\/www.vjevent.fr\/en\/tag\/videos-promotionnelles\/\" class=\"tag-cloud-link tag-link-158 tag-link-position-41\" style=\"font-size: 11.111111111111pt;\" aria-label=\"videos promotionnelles (2 items)\">videos promotionnelles<\/a>\n<a href=\"https:\/\/www.vjevent.fr\/en\/tag\/video-temps-reel\/\" class=\"tag-cloud-link tag-link-155 tag-link-position-42\" style=\"font-size: 11.111111111111pt;\" aria-label=\"video temps reel (2 items)\">video temps reel<\/a>\n<a href=\"https:\/\/www.vjevent.fr\/en\/tag\/video-defile\/\" class=\"tag-cloud-link tag-link-152 tag-link-position-43\" style=\"font-size: 8pt;\" aria-label=\"vid\u00e9o d\u00e9fil\u00e9 (1 item)\">vid\u00e9o d\u00e9fil\u00e9<\/a>\n<a href=\"https:\/\/www.vjevent.fr\/en\/tag\/visual-jockey\/\" class=\"tag-cloud-link tag-link-159 tag-link-position-44\" style=\"font-size: 11.111111111111pt;\" aria-label=\"visual jockey (2 items)\">visual jockey<\/a>\n<a href=\"https:\/\/www.vjevent.fr\/en\/tag\/web\/\" class=\"tag-cloud-link tag-link-27 tag-link-position-45\" style=\"font-size: 22pt;\" aria-label=\"Web (12 items)\">Web<\/a><\/div>\n<\/div> \n\t\t\t<\/aside>\n\t\t\n\t\t<\/div>\n\t\t\n\t\t\t\t\n[\/vc_column][\/vc_row]<\/p>\n","protected":false},"excerpt":{"rendered":"<p>[vc_row full_width=&#8221;&#8221; parallax=&#8221;&#8221; parallax_image=&#8221;&#8221; kwoon_bg=&#8221;dark&#8221;][vc_column width=&#8221;1\/1&#8243;][\/vc_column][\/vc_row]<\/p>\n","protected":false},"author":1,"featured_media":0,"parent":0,"menu_order":0,"comment_status":"closed","ping_status":"open","template":"","meta":{"om_disable_all_campaigns":false,"_monsterinsights_skip_tracking":false,"_monsterinsights_sitenote_active":false,"_monsterinsights_sitenote_note":"","_monsterinsights_sitenote_category":0,"footnotes":""},"class_list":["post-609","page","type-page","status-publish","hentry"],"aioseo_notices":[],"jetpack_sharing_enabled":true,"_links":{"self":[{"href":"https:\/\/www.vjevent.fr\/en\/wp-json\/wp\/v2\/pages\/609"}],"collection":[{"href":"https:\/\/www.vjevent.fr\/en\/wp-json\/wp\/v2\/pages"}],"about":[{"href":"https:\/\/www.vjevent.fr\/en\/wp-json\/wp\/v2\/types\/page"}],"author":[{"embeddable":true,"href":"https:\/\/www.vjevent.fr\/en\/wp-json\/wp\/v2\/users\/1"}],"replies":[{"embeddable":true,"href":"https:\/\/www.vjevent.fr\/en\/wp-json\/wp\/v2\/comments?post=609"}],"version-history":[{"count":1,"href":"https:\/\/www.vjevent.fr\/en\/wp-json\/wp\/v2\/pages\/609\/revisions"}],"predecessor-version":[{"id":2783,"href":"https:\/\/www.vjevent.fr\/en\/wp-json\/wp\/v2\/pages\/609\/revisions\/2783"}],"wp:attachment":[{"href":"https:\/\/www.vjevent.fr\/en\/wp-json\/wp\/v2\/media?parent=609"}],"curies":[{"name":"wp","href":"https:\/\/api.w.org\/{rel}","templated":true}]}}