{"id":672,"date":"2015-06-02T11:57:35","date_gmt":"2015-06-02T10:57:35","guid":{"rendered":"http:\/\/tommusrhodus.wpengine.com\/?page_id=672"},"modified":"2015-06-02T11:57:35","modified_gmt":"2015-06-02T10:57:35","slug":"portfolio-detail-grid-4-columns","status":"publish","type":"page","link":"https:\/\/www.vjevent.fr\/en\/portfolio-detail-grid-4-columns\/","title":{"rendered":"Portfolio &#8211; Detail Grid 4 Columns"},"content":{"rendered":"<p>[vc_row full_width=&#8221;&#8221; parallax=&#8221;&#8221; parallax_image=&#8221;&#8221; kwoon_bg=&#8221;dark&#8221;][vc_column width=&#8221;1\/1&#8243;]\t\n\t\t\n\t\t<div class=\"portfolio-grid detailed col4\">\n\t\t\n\t\t\t<div class=\"isotope-filter button-group box\"><ul><li><a class=\"button is-checked\" data-filter=\"*\">All<\/a><\/li><li><a class=\"button\" data-filter=\".aroma-v-jaying\">Aroma v-jaying<\/a><\/li><li><a class=\"button\" data-filter=\".jingles-convention\">Jingles creation for corporate events<\/a><\/li><li><a class=\"button\" data-filter=\".d-jaying\">D-jaying<\/a><\/li><li><a class=\"button\" data-filter=\".emulator\">Emulator dj<\/a><\/li><li><a class=\"button\" data-filter=\".past-events\">Past events<\/a><\/li><li><a class=\"button\" data-filter=\".galerie-photo-temps-reel\">Real-time photo gallery<\/a><\/li><li><a class=\"button\" data-filter=\".video-mapping\">Video mapping<\/a><\/li><li><a class=\"button\" data-filter=\".architectural-video-mapping\">Architectural video mapping<\/a><\/li><li><a class=\"button\" data-filter=\".structure-mapping\">Structure video mapping<\/a><\/li><li><a class=\"button\" data-filter=\".regie-video\">Video broadcast<\/a><\/li><li><a class=\"button\" data-filter=\".v-jaying\">V-jaying<\/a><\/li><li><a class=\"button\" data-filter=\".videos-ambiance\">Ambient videos<\/a><\/li><li><a class=\"button\" data-filter=\".videos-trade-shows\">Videos for tradeshows<\/a><\/li><li><a class=\"button\" data-filter=\".videos-promotionelles\">Promotional videos<\/a><\/li><li><a class=\"button\" data-filter=\".vj-event-lab\">VJ Event Lab<\/a><\/li><\/ul><\/div><div class=\"clearfix\"><\/div>\t\t\t\n\t\t\t<div class=\"items-wrapper\">\n\t\t\t\n\t\t\t\t<div class=\"isotope items\">\n\t\t\t\t\t\n\n<div class=\"item past-events v-jaying\">\n\t\n\t<figure> \n\t\t<a href=\"https:\/\/i0.wp.com\/www.vjevent.fr\/wp-content\/uploads\/2024\/02\/star-night.png?fit=1900%2C1300&#038;ssl=1\" class=\"fancybox-media\" data-rel=\"portfolio\">\n\t\t\t<div class=\"text-overlay\">\n\t\t\t\t<div class=\"info\"><span>Voir les r\u00e9alisations<\/span><\/div>\n\t\t\t<\/div>\n\t\t\t<img loading=\"lazy\" decoding=\"async\" width=\"440\" height=\"295\" src=\"https:\/\/i0.wp.com\/www.vjevent.fr\/wp-content\/uploads\/2024\/02\/star-night.png?resize=440%2C295&amp;ssl=1\" class=\"attachment-grid size-grid wp-post-image\" alt=\"\" srcset=\"https:\/\/i0.wp.com\/www.vjevent.fr\/wp-content\/uploads\/2024\/02\/star-night.png?resize=440%2C295&amp;ssl=1 440w, https:\/\/i0.wp.com\/www.vjevent.fr\/wp-content\/uploads\/2024\/02\/star-night.png?zoom=2&amp;resize=440%2C295&amp;ssl=1 880w, https:\/\/i0.wp.com\/www.vjevent.fr\/wp-content\/uploads\/2024\/02\/star-night.png?zoom=3&amp;resize=440%2C295&amp;ssl=1 1320w\" sizes=\"(max-width: 440px) 100vw, 440px\" \/>\t\t<\/a>\n\t<\/figure>\n\t\n\t<div class=\"box\">\n\t\t<h4 class=\"post-title\"><a href=\"https:\/\/www.vjevent.fr\/en\/portfolio\/soiree-de-gala-au-palais-des-festivals-de-cannes\/\">Gala evening at the Palais des Festivals in Cannes<\/a><\/h4>\t\t<span class=\"meta category\"><a href=\"https:\/\/www.vjevent.fr\/en\/portfolio_category\/past-events\/\">Past events<\/a>, <a href=\"https:\/\/www.vjevent.fr\/en\/portfolio_category\/v-jaying\/\">V-jaying<\/a><\/span> \n\t<\/div>\n\n<\/div>\n\n<div class=\"item past-events v-jaying\">\n\t\n\t<figure> \n\t\t<a href=\"https:\/\/i0.wp.com\/www.vjevent.fr\/wp-content\/uploads\/2023\/10\/410.jpg?fit=1950%2C1300&#038;ssl=1\" class=\"fancybox-media\" data-rel=\"portfolio\">\n\t\t\t<div class=\"text-overlay\">\n\t\t\t\t<div class=\"info\"><span>Voir les r\u00e9alisations<\/span><\/div>\n\t\t\t<\/div>\n\t\t\t<img loading=\"lazy\" decoding=\"async\" width=\"440\" height=\"295\" src=\"https:\/\/i0.wp.com\/www.vjevent.fr\/wp-content\/uploads\/2023\/10\/410.jpg?resize=440%2C295&amp;ssl=1\" class=\"attachment-grid size-grid wp-post-image\" alt=\"\" srcset=\"https:\/\/i0.wp.com\/www.vjevent.fr\/wp-content\/uploads\/2023\/10\/410.jpg?resize=300%2C200&amp;ssl=1 300w, https:\/\/i0.wp.com\/www.vjevent.fr\/wp-content\/uploads\/2023\/10\/410.jpg?resize=440%2C295&amp;ssl=1 440w, https:\/\/i0.wp.com\/www.vjevent.fr\/wp-content\/uploads\/2023\/10\/410.jpg?zoom=2&amp;resize=440%2C295&amp;ssl=1 880w, https:\/\/i0.wp.com\/www.vjevent.fr\/wp-content\/uploads\/2023\/10\/410.jpg?zoom=3&amp;resize=440%2C295&amp;ssl=1 1320w\" sizes=\"(max-width: 440px) 100vw, 440px\" \/>\t\t<\/a>\n\t<\/figure>\n\t\n\t<div class=\"box\">\n\t\t<h4 class=\"post-title\"><a href=\"https:\/\/www.vjevent.fr\/en\/portfolio\/coupe-du-monde-rugby-asahi\/\">Asahi Rugby World Cup launch event<\/a><\/h4>\t\t<span class=\"meta category\"><a href=\"https:\/\/www.vjevent.fr\/en\/portfolio_category\/past-events\/\">Past events<\/a>, <a href=\"https:\/\/www.vjevent.fr\/en\/portfolio_category\/v-jaying\/\">V-jaying<\/a><\/span> \n\t<\/div>\n\n<\/div>\n\n<div class=\"item jingles-convention past-events\">\n\t\n\t<figure> \n\t\t<a href=\"https:\/\/i0.wp.com\/www.vjevent.fr\/wp-content\/uploads\/2023\/04\/Aveyron_Visuel.jpg?fit=800%2C533&#038;ssl=1\" class=\"fancybox-media\" data-rel=\"portfolio\">\n\t\t\t<div class=\"text-overlay\">\n\t\t\t\t<div class=\"info\"><span>Voir les r\u00e9alisations<\/span><\/div>\n\t\t\t<\/div>\n\t\t\t<img loading=\"lazy\" decoding=\"async\" width=\"440\" height=\"295\" src=\"https:\/\/i0.wp.com\/www.vjevent.fr\/wp-content\/uploads\/2023\/04\/Aveyron_Visuel.jpg?resize=440%2C295&amp;ssl=1\" class=\"attachment-grid size-grid wp-post-image\" alt=\"Cr\u00e9ation-vid\u00e9o-Aveyron\" srcset=\"https:\/\/i0.wp.com\/www.vjevent.fr\/wp-content\/uploads\/2023\/04\/Aveyron_Visuel.jpg?resize=300%2C200&amp;ssl=1 300w, https:\/\/i0.wp.com\/www.vjevent.fr\/wp-content\/uploads\/2023\/04\/Aveyron_Visuel.jpg?resize=440%2C295&amp;ssl=1 440w\" sizes=\"(max-width: 440px) 100vw, 440px\" \/>\t\t<\/a>\n\t<\/figure>\n\t\n\t<div class=\"box\">\n\t\t<h4 class=\"post-title\"><a href=\"https:\/\/www.vjevent.fr\/en\/portfolio\/creation-de-videos-promotionnelles-pour-la-region-aveyron\/\">Creation of promotional videos for the Aveyron region<\/a><\/h4>\t\t<span class=\"meta category\"><a href=\"https:\/\/www.vjevent.fr\/en\/portfolio_category\/jingles-convention\/\">Jingles creation for corporate events<\/a>, <a href=\"https:\/\/www.vjevent.fr\/en\/portfolio_category\/past-events\/\">Past events<\/a><\/span> \n\t<\/div>\n\n<\/div>\n\n<div class=\"item jingles-convention past-events regie-video v-jaying\">\n\t\n\t<figure> \n\t\t<a href=\"https:\/\/i0.wp.com\/www.vjevent.fr\/wp-content\/uploads\/2023\/04\/afdu.jpg?fit=2048%2C1365&#038;ssl=1\" class=\"fancybox-media\" data-rel=\"portfolio\">\n\t\t\t<div class=\"text-overlay\">\n\t\t\t\t<div class=\"info\"><span>Voir les r\u00e9alisations<\/span><\/div>\n\t\t\t<\/div>\n\t\t\t<img loading=\"lazy\" decoding=\"async\" width=\"440\" height=\"295\" src=\"https:\/\/i0.wp.com\/www.vjevent.fr\/wp-content\/uploads\/2023\/04\/afdu.jpg?resize=440%2C295&amp;ssl=1\" class=\"attachment-grid size-grid wp-post-image\" alt=\"soir\u00e9e+afdu+jingle\" srcset=\"https:\/\/i0.wp.com\/www.vjevent.fr\/wp-content\/uploads\/2023\/04\/afdu.jpg?resize=300%2C200&amp;ssl=1 300w, https:\/\/i0.wp.com\/www.vjevent.fr\/wp-content\/uploads\/2023\/04\/afdu.jpg?resize=440%2C295&amp;ssl=1 440w, https:\/\/i0.wp.com\/www.vjevent.fr\/wp-content\/uploads\/2023\/04\/afdu.jpg?zoom=2&amp;resize=440%2C295&amp;ssl=1 880w, https:\/\/i0.wp.com\/www.vjevent.fr\/wp-content\/uploads\/2023\/04\/afdu.jpg?zoom=3&amp;resize=440%2C295&amp;ssl=1 1320w\" sizes=\"(max-width: 440px) 100vw, 440px\" \/>\t\t<\/a>\n\t<\/figure>\n\t\n\t<div class=\"box\">\n\t\t<h4 class=\"post-title\"><a href=\"https:\/\/www.vjevent.fr\/en\/portfolio\/soiree-40-ans-de-l-afdu\/\">40 years of AFDU Party<\/a><\/h4>\t\t<span class=\"meta category\"><a href=\"https:\/\/www.vjevent.fr\/en\/portfolio_category\/jingles-convention\/\">Jingles creation for corporate events<\/a>, <a href=\"https:\/\/www.vjevent.fr\/en\/portfolio_category\/past-events\/\">Past events<\/a>, <a href=\"https:\/\/www.vjevent.fr\/en\/portfolio_category\/regie-video\/\">Video broadcast<\/a>, <a href=\"https:\/\/www.vjevent.fr\/en\/portfolio_category\/v-jaying\/\">V-jaying<\/a><\/span> \n\t<\/div>\n\n<\/div>\n\n<div class=\"item video-mapping architectural-video-mapping\">\n\t\n\t<figure> \n\t\t<a href=\"https:\/\/vimeo.com\/436598775\" class=\"fancybox-media\" data-rel=\"portfolio\">\n\t\t\t<div class=\"text-overlay\">\n\t\t\t\t<div class=\"info\"><span>Voir les r\u00e9alisations<\/span><\/div>\n\t\t\t<\/div>\n\t\t\t<img loading=\"lazy\" decoding=\"async\" width=\"283\" height=\"190\" src=\"https:\/\/i0.wp.com\/www.vjevent.fr\/wp-content\/uploads\/2021\/02\/mapping-grand-hotel-min-2.png?resize=283%2C190&amp;ssl=1\" class=\"attachment-grid size-grid wp-post-image\" alt=\"Mapping au Grand H\u00f4tel Intercontinenetal Op\u00e9ra \u00e0 Paris\" \/>\t\t<\/a>\n\t<\/figure>\n\t\n\t<div class=\"box\">\n\t\t<h4 class=\"post-title\"><a href=\"https:\/\/www.vjevent.fr\/en\/portfolio\/mapping-video-au-grand-hotel-2\/\">Video mapping at the Grand H\u00f4tel in Paris<\/a><\/h4>\t\t<span class=\"meta category\"><a href=\"https:\/\/www.vjevent.fr\/en\/portfolio_category\/video-mapping\/\">Video mapping<\/a>, <a href=\"https:\/\/www.vjevent.fr\/en\/portfolio_category\/architectural-video-mapping\/\">Architectural video mapping<\/a><\/span> \n\t<\/div>\n\n<\/div>\n\n<div class=\"item d-jaying past-events v-jaying\">\n\t\n\t<figure> \n\t\t<a href=\"https:\/\/i0.wp.com\/www.vjevent.fr\/wp-content\/uploads\/2022\/02\/beneteau2.jpg?fit=1000%2C666&#038;ssl=1\" class=\"fancybox-media\" data-rel=\"portfolio\">\n\t\t\t<div class=\"text-overlay\">\n\t\t\t\t<div class=\"info\"><span>Voir les r\u00e9alisations<\/span><\/div>\n\t\t\t<\/div>\n\t\t\t<img loading=\"lazy\" decoding=\"async\" width=\"440\" height=\"295\" src=\"https:\/\/i0.wp.com\/www.vjevent.fr\/wp-content\/uploads\/2022\/02\/beneteau2.jpg?resize=440%2C295&amp;ssl=1\" class=\"attachment-grid size-grid wp-post-image\" alt=\"Mixe djette vj cannes\" srcset=\"https:\/\/i0.wp.com\/www.vjevent.fr\/wp-content\/uploads\/2022\/02\/beneteau2.jpg?resize=300%2C200&amp;ssl=1 300w, https:\/\/i0.wp.com\/www.vjevent.fr\/wp-content\/uploads\/2022\/02\/beneteau2.jpg?resize=440%2C295&amp;ssl=1 440w, https:\/\/i0.wp.com\/www.vjevent.fr\/wp-content\/uploads\/2022\/02\/beneteau2.jpg?zoom=2&amp;resize=440%2C295&amp;ssl=1 880w\" sizes=\"(max-width: 440px) 100vw, 440px\" \/>\t\t<\/a>\n\t<\/figure>\n\t\n\t<div class=\"box\">\n\t\t<h4 class=\"post-title\"><a href=\"https:\/\/www.vjevent.fr\/en\/portfolio\/mixe-vj-dj-pour-le-groupe-beneteau-a-cannes\/\">Vj &#038; dj mix for the Beneteau Group in Cannes<\/a><\/h4>\t\t<span class=\"meta category\"><a href=\"https:\/\/www.vjevent.fr\/en\/portfolio_category\/d-jaying\/\">D-jaying<\/a>, <a href=\"https:\/\/www.vjevent.fr\/en\/portfolio_category\/past-events\/\">Past events<\/a>, <a href=\"https:\/\/www.vjevent.fr\/en\/portfolio_category\/v-jaying\/\">V-jaying<\/a><\/span> \n\t<\/div>\n\n<\/div>\n\n<div class=\"item jingles-convention past-events\">\n\t\n\t<figure> \n\t\t<a href=\"https:\/\/i0.wp.com\/www.vjevent.fr\/wp-content\/uploads\/2022\/02\/nuit-bien-commun-2.jpg?fit=1000%2C750&#038;ssl=1\" class=\"fancybox-media\" data-rel=\"portfolio\">\n\t\t\t<div class=\"text-overlay\">\n\t\t\t\t<div class=\"info\"><span>Voir les r\u00e9alisations<\/span><\/div>\n\t\t\t<\/div>\n\t\t\t<img loading=\"lazy\" decoding=\"async\" width=\"440\" height=\"295\" src=\"https:\/\/i0.wp.com\/www.vjevent.fr\/wp-content\/uploads\/2022\/02\/nuit-bien-commun-2.jpg?resize=440%2C295&amp;ssl=1\" class=\"attachment-grid size-grid wp-post-image\" alt=\"Info d\u00e9cor temps r\u00e9el\" srcset=\"https:\/\/i0.wp.com\/www.vjevent.fr\/wp-content\/uploads\/2022\/02\/nuit-bien-commun-2.jpg?resize=440%2C295&amp;ssl=1 440w, https:\/\/i0.wp.com\/www.vjevent.fr\/wp-content\/uploads\/2022\/02\/nuit-bien-commun-2.jpg?zoom=2&amp;resize=440%2C295&amp;ssl=1 880w\" sizes=\"(max-width: 440px) 100vw, 440px\" \/>\t\t<\/a>\n\t<\/figure>\n\t\n\t<div class=\"box\">\n\t\t<h4 class=\"post-title\"><a href=\"https:\/\/www.vjevent.fr\/en\/portfolio\/creation-d-infodecors-en-temps-reel-pour-la-nuit-du-bien-commun\/\">Real time video backgrounds for the Nuit du Bien Commun<\/a><\/h4>\t\t<span class=\"meta category\"><a href=\"https:\/\/www.vjevent.fr\/en\/portfolio_category\/jingles-convention\/\">Jingles creation for corporate events<\/a>, <a href=\"https:\/\/www.vjevent.fr\/en\/portfolio_category\/past-events\/\">Past events<\/a><\/span> \n\t<\/div>\n\n<\/div>\n\n<div class=\"item past-events v-jaying\">\n\t\n\t<figure> \n\t\t<a href=\"https:\/\/player.vimeo.com\/video\/436505288\" class=\"fancybox-media\" data-rel=\"portfolio\">\n\t\t\t<div class=\"text-overlay\">\n\t\t\t\t<div class=\"info\"><span>Voir les r\u00e9alisations<\/span><\/div>\n\t\t\t<\/div>\n\t\t\t<img loading=\"lazy\" decoding=\"async\" width=\"440\" height=\"295\" src=\"https:\/\/i0.wp.com\/www.vjevent.fr\/wp-content\/uploads\/2022\/02\/the-roundhouse.jpg?resize=440%2C295&amp;ssl=1\" class=\"attachment-grid size-grid wp-post-image\" alt=\"mix-vj-roundhouse\" srcset=\"https:\/\/i0.wp.com\/www.vjevent.fr\/wp-content\/uploads\/2022\/02\/the-roundhouse.jpg?resize=440%2C295&amp;ssl=1 440w, https:\/\/i0.wp.com\/www.vjevent.fr\/wp-content\/uploads\/2022\/02\/the-roundhouse.jpg?zoom=2&amp;resize=440%2C295&amp;ssl=1 880w\" sizes=\"(max-width: 440px) 100vw, 440px\" \/>\t\t<\/a>\n\t<\/figure>\n\t\n\t<div class=\"box\">\n\t\t<h4 class=\"post-title\"><a href=\"https:\/\/www.vjevent.fr\/en\/portfolio\/mixe-vj-pour-un-evenement-prive-a-londres\/\">Vj mix for a private event in London<\/a><\/h4>\t\t<span class=\"meta category\"><a href=\"https:\/\/www.vjevent.fr\/en\/portfolio_category\/past-events\/\">Past events<\/a>, <a href=\"https:\/\/www.vjevent.fr\/en\/portfolio_category\/v-jaying\/\">V-jaying<\/a><\/span> \n\t<\/div>\n\n<\/div>\n\n<div class=\"item past-events v-jaying\">\n\t\n\t<figure> \n\t\t<a href=\"https:\/\/i0.wp.com\/www.vjevent.fr\/wp-content\/uploads\/2022\/02\/smart-reboot-2019-1-1.jpg?fit=1000%2C750&#038;ssl=1\" class=\"fancybox-media\" data-rel=\"portfolio\">\n\t\t\t<div class=\"text-overlay\">\n\t\t\t\t<div class=\"info\"><span>Voir les r\u00e9alisations<\/span><\/div>\n\t\t\t<\/div>\n\t\t\t<img loading=\"lazy\" decoding=\"async\" width=\"440\" height=\"295\" src=\"https:\/\/i0.wp.com\/www.vjevent.fr\/wp-content\/uploads\/2022\/02\/smart-reboot-2019-1-1.jpg?resize=440%2C295&amp;ssl=1\" class=\"attachment-grid size-grid wp-post-image\" alt=\"Smart Rebbot now -vj event\" srcset=\"https:\/\/i0.wp.com\/www.vjevent.fr\/wp-content\/uploads\/2022\/02\/smart-reboot-2019-1-1.jpg?resize=440%2C295&amp;ssl=1 440w, https:\/\/i0.wp.com\/www.vjevent.fr\/wp-content\/uploads\/2022\/02\/smart-reboot-2019-1-1.jpg?zoom=2&amp;resize=440%2C295&amp;ssl=1 880w\" sizes=\"(max-width: 440px) 100vw, 440px\" \/>\t\t<\/a>\n\t<\/figure>\n\t\n\t<div class=\"box\">\n\t\t<h4 class=\"post-title\"><a href=\"https:\/\/www.vjevent.fr\/en\/portfolio\/mixe-vj-pour-smart-reboot-now\/\">Mixe vj pour l&#8217;\u00e9v\u00e9nement Smart Reboot Now  \u00e0 la Mutualit\u00e9<\/a><\/h4>\t\t<span class=\"meta category\"><a href=\"https:\/\/www.vjevent.fr\/en\/portfolio_category\/past-events\/\">Past events<\/a>, <a href=\"https:\/\/www.vjevent.fr\/en\/portfolio_category\/v-jaying\/\">V-jaying<\/a><\/span> \n\t<\/div>\n\n<\/div>\n\n<div class=\"item d-jaying past-events v-jaying\">\n\t\n\t<figure> \n\t\t<a href=\"https:\/\/i0.wp.com\/www.vjevent.fr\/wp-content\/uploads\/2022\/02\/signia1.jpg?fit=1600%2C1200&#038;ssl=1\" class=\"fancybox-media\" data-rel=\"portfolio\">\n\t\t\t<div class=\"text-overlay\">\n\t\t\t\t<div class=\"info\"><span>Voir les r\u00e9alisations<\/span><\/div>\n\t\t\t<\/div>\n\t\t\t<img loading=\"lazy\" decoding=\"async\" width=\"440\" height=\"295\" src=\"https:\/\/i0.wp.com\/www.vjevent.fr\/wp-content\/uploads\/2022\/02\/signia1.jpg?resize=440%2C295&amp;ssl=1\" class=\"attachment-grid size-grid wp-post-image\" alt=\"mix video-jockey vdj\" srcset=\"https:\/\/i0.wp.com\/www.vjevent.fr\/wp-content\/uploads\/2022\/02\/signia1.jpg?resize=440%2C295&amp;ssl=1 440w, https:\/\/i0.wp.com\/www.vjevent.fr\/wp-content\/uploads\/2022\/02\/signia1.jpg?zoom=2&amp;resize=440%2C295&amp;ssl=1 880w, https:\/\/i0.wp.com\/www.vjevent.fr\/wp-content\/uploads\/2022\/02\/signia1.jpg?zoom=3&amp;resize=440%2C295&amp;ssl=1 1320w\" sizes=\"(max-width: 440px) 100vw, 440px\" \/>\t\t<\/a>\n\t<\/figure>\n\t\n\t<div class=\"box\">\n\t\t<h4 class=\"post-title\"><a href=\"https:\/\/www.vjevent.fr\/en\/portfolio\/mixe-vj-au-terminal-7-a-paris-pour-signia\/\">Mixe vj pour l&#8217;\u00e9v\u00e9nement Smart Reboot Now 2019 \u00e0 la Mutualit\u00e9<\/a><\/h4>\t\t<span class=\"meta category\"><a href=\"https:\/\/www.vjevent.fr\/en\/portfolio_category\/d-jaying\/\">D-jaying<\/a>, <a href=\"https:\/\/www.vjevent.fr\/en\/portfolio_category\/past-events\/\">Past events<\/a>, <a href=\"https:\/\/www.vjevent.fr\/en\/portfolio_category\/v-jaying\/\">V-jaying<\/a><\/span> \n\t<\/div>\n\n<\/div>\n\n<div class=\"item past-events v-jaying\">\n\t\n\t<figure> \n\t\t<a href=\"https:\/\/i0.wp.com\/www.vjevent.fr\/wp-content\/uploads\/2021\/08\/back-to-the-future-2.jpg?fit=1171%2C894&#038;ssl=1\" class=\"fancybox-media\" data-rel=\"portfolio\">\n\t\t\t<div class=\"text-overlay\">\n\t\t\t\t<div class=\"info\"><span>Voir les r\u00e9alisations<\/span><\/div>\n\t\t\t<\/div>\n\t\t\t<img loading=\"lazy\" decoding=\"async\" width=\"440\" height=\"295\" src=\"https:\/\/i0.wp.com\/www.vjevent.fr\/wp-content\/uploads\/2021\/08\/back-to-the-future-2.jpg?resize=440%2C295&amp;ssl=1\" class=\"attachment-grid size-grid wp-post-image\" alt=\"V-jaying soir\u00e9e de voeux de la Mairie de Montrouge\" srcset=\"https:\/\/i0.wp.com\/www.vjevent.fr\/wp-content\/uploads\/2021\/08\/back-to-the-future-2.jpg?resize=440%2C295&amp;ssl=1 440w, https:\/\/i0.wp.com\/www.vjevent.fr\/wp-content\/uploads\/2021\/08\/back-to-the-future-2.jpg?zoom=2&amp;resize=440%2C295&amp;ssl=1 880w\" sizes=\"(max-width: 440px) 100vw, 440px\" \/>\t\t<\/a>\n\t<\/figure>\n\t\n\t<div class=\"box\">\n\t\t<h4 class=\"post-title\"><a href=\"https:\/\/www.vjevent.fr\/en\/portfolio\/mixe-vj-pour-les-voeux-de-la-mairie-de-montrouge\/\">Mixe vj pour les voeux 2020 de la Mairie de Montrouge<\/a><\/h4>\t\t<span class=\"meta category\"><a href=\"https:\/\/www.vjevent.fr\/en\/portfolio_category\/past-events\/\">Past events<\/a>, <a href=\"https:\/\/www.vjevent.fr\/en\/portfolio_category\/v-jaying\/\">V-jaying<\/a><\/span> \n\t<\/div>\n\n<\/div>\n\n<div class=\"item past-events v-jaying\">\n\t\n\t<figure> \n\t\t<a href=\"http:\/\/vimeo.com\/471755565\" class=\"fancybox-media\" data-rel=\"portfolio\">\n\t\t\t<div class=\"text-overlay\">\n\t\t\t\t<div class=\"info\"><span>Voir les r\u00e9alisations<\/span><\/div>\n\t\t\t<\/div>\n\t\t\t<img loading=\"lazy\" decoding=\"async\" width=\"440\" height=\"295\" src=\"https:\/\/i0.wp.com\/www.vjevent.fr\/wp-content\/uploads\/2018\/02\/vj-event-soiree-generation.png?resize=440%2C295&amp;ssl=1\" class=\"attachment-grid size-grid wp-post-image\" alt=\"Soir\u00e9e - g\u00e9neration\" srcset=\"https:\/\/i0.wp.com\/www.vjevent.fr\/wp-content\/uploads\/2018\/02\/vj-event-soiree-generation.png?resize=300%2C200&amp;ssl=1 300w, https:\/\/i0.wp.com\/www.vjevent.fr\/wp-content\/uploads\/2018\/02\/vj-event-soiree-generation.png?resize=440%2C295&amp;ssl=1 440w\" sizes=\"(max-width: 440px) 100vw, 440px\" \/>\t\t<\/a>\n\t<\/figure>\n\t\n\t<div class=\"box\">\n\t\t<h4 class=\"post-title\"><a href=\"https:\/\/www.vjevent.fr\/en\/portfolio\/mixe-de-video-soiree-generation\/\">Generation party for the PMU<\/a><\/h4>\t\t<span class=\"meta category\"><a href=\"https:\/\/www.vjevent.fr\/en\/portfolio_category\/past-events\/\">Past events<\/a>, <a href=\"https:\/\/www.vjevent.fr\/en\/portfolio_category\/v-jaying\/\">V-jaying<\/a><\/span> \n\t<\/div>\n\n<\/div>\t\t\t\t<\/div>\n\t\t\t\t\n\t\t\t\t<div class=\"cbp-l-loadMore-button\"><a href='https:\/\/www.vjevent.fr\/en\/wp-json\/wp\/v2\/pages\/672\/page\/2' class='btn-load-more btn'>Load More Projects<\/a><a href='https:\/\/www.vjevent.fr\/en\/wp-json\/wp\/v2\/pages\/672\/page\/3' class='btn-load-more btn'>Load More Projects<\/a><\/div>\t\t\t\n\t\t\t<\/div>\n\t\t\n\t\t<\/div>\n\t\t\n\t\t\t\t\n[\/vc_column][\/vc_row][vc_row kwoon_bg=&#8221;inverse&#8221; css=&#8221;.vc_custom_1433242775011{background-image: url(http:\/\/kwoon.tommusdemos.wpengine.com\/wp-content\/uploads\/sites\/13\/2015\/05\/parallax2.jpg?id=166) !important;}&#8221;][vc_column width=&#8221;1\/1&#8243;]<h3 class=\"main-title text-center\">Let&#8217;s make something <strong>great<\/strong> together<\/h3>[vc_column_text]<\/p>\n<p style=\"text-align: center\"><a class=\"btn btn-border fixed-width wow fadeInUp animated\" href=\"#\">Get in Touch<\/a><\/p>\n<p>[\/vc_column_text][\/vc_column][\/vc_row]<\/p>\n","protected":false},"excerpt":{"rendered":"<p>[vc_row full_width=&#8221;&#8221; parallax=&#8221;&#8221; parallax_image=&#8221;&#8221; kwoon_bg=&#8221;dark&#8221;][vc_column width=&#8221;1\/1&#8243;][\/vc_column][\/vc_row][vc_row kwoon_bg=&#8221;inverse&#8221; css=&#8221;.vc_custom_1433242775011{background-image: url(http:\/\/kwoon.tommusdemos.wpengine.com\/wp-content\/uploads\/sites\/13\/2015\/05\/parallax2.jpg?id=166) !important;}&#8221;][vc_column width=&#8221;1\/1&#8243;][vc_column_text] Get in Touch [\/vc_column_text][\/vc_column][\/vc_row]<\/p>\n","protected":false},"author":1,"featured_media":0,"parent":0,"menu_order":0,"comment_status":"open","ping_status":"open","template":"","meta":{"om_disable_all_campaigns":false,"_monsterinsights_skip_tracking":false,"_monsterinsights_sitenote_active":false,"_monsterinsights_sitenote_note":"","_monsterinsights_sitenote_category":0,"footnotes":""},"class_list":["post-672","page","type-page","status-publish","hentry"],"aioseo_notices":[],"jetpack_sharing_enabled":true,"_links":{"self":[{"href":"https:\/\/www.vjevent.fr\/en\/wp-json\/wp\/v2\/pages\/672"}],"collection":[{"href":"https:\/\/www.vjevent.fr\/en\/wp-json\/wp\/v2\/pages"}],"about":[{"href":"https:\/\/www.vjevent.fr\/en\/wp-json\/wp\/v2\/types\/page"}],"author":[{"embeddable":true,"href":"https:\/\/www.vjevent.fr\/en\/wp-json\/wp\/v2\/users\/1"}],"replies":[{"embeddable":true,"href":"https:\/\/www.vjevent.fr\/en\/wp-json\/wp\/v2\/comments?post=672"}],"version-history":[{"count":0,"href":"https:\/\/www.vjevent.fr\/en\/wp-json\/wp\/v2\/pages\/672\/revisions"}],"wp:attachment":[{"href":"https:\/\/www.vjevent.fr\/en\/wp-json\/wp\/v2\/media?parent=672"}],"curies":[{"name":"wp","href":"https:\/\/api.w.org\/{rel}","templated":true}]}}