{"id":677,"date":"2015-06-02T12:02:52","date_gmt":"2015-06-02T11:02:52","guid":{"rendered":"http:\/\/tommusrhodus.wpengine.com\/?page_id=677"},"modified":"2023-10-17T09:32:53","modified_gmt":"2023-10-17T07:32:53","slug":"quelques-unes-des-realisations-vj-event","status":"publish","type":"page","link":"https:\/\/www.vjevent.fr\/en\/quelques-unes-des-realisations-vj-event\/","title":{"rendered":"Some of our achievements"},"content":{"rendered":"<p><\/p>\n<p>[vc_row full_width=&#8221;stretch_row&#8221;][vc_column][vc_empty_space height=&#8221;70px&#8221;]\t\n\t\t\t\n\t\t<div class=\"portfolio-grid fullscreen-portfolio\">\n\t\t\n\t\t\t<div class=\"container bp20\">\n\t\t\t\t<div class=\"isotope-filter button-group box\"><ul><li><a class=\"button is-checked\" data-filter=\"*\">All<\/a><\/li><li><a class=\"button\" data-filter=\".aroma-v-jaying\">Aroma v-jaying<\/a><\/li><li><a class=\"button\" data-filter=\".jingles-convention\">Jingles creation for corporate events<\/a><\/li><li><a class=\"button\" data-filter=\".d-jaying\">D-jaying<\/a><\/li><li><a class=\"button\" data-filter=\".emulator\">Emulator dj<\/a><\/li><li><a class=\"button\" data-filter=\".past-events\">Past events<\/a><\/li><li><a class=\"button\" data-filter=\".galerie-photo-temps-reel\">Real-time photo gallery<\/a><\/li><li><a class=\"button\" data-filter=\".video-mapping\">Video mapping<\/a><\/li><li><a class=\"button\" data-filter=\".architectural-video-mapping\">Architectural video mapping<\/a><\/li><li><a class=\"button\" data-filter=\".structure-mapping\">Structure video mapping<\/a><\/li><li><a class=\"button\" data-filter=\".regie-video\">Video broadcast<\/a><\/li><li><a class=\"button\" data-filter=\".v-jaying\">V-jaying<\/a><\/li><li><a class=\"button\" data-filter=\".videos-ambiance\">Ambient videos<\/a><\/li><li><a class=\"button\" data-filter=\".videos-trade-shows\">Videos for tradeshows<\/a><\/li><li><a class=\"button\" data-filter=\".videos-promotionelles\">Promotional videos<\/a><\/li><li><a class=\"button\" data-filter=\".vj-event-lab\">VJ Event Lab<\/a><\/li><\/ul><\/div><div class=\"clearfix\"><\/div>\t\t\t<\/div>\n\t\t\t\n\t\t\t<div class=\"items-wrapper\">\n\t\t\t\n\t\t\t\t<div class=\"isotope items\">\n\t\t\t\t\t\n\n<div class=\"item past-events v-jaying\">\n\t<figure>\n\t\t<a href=\"https:\/\/www.vjevent.fr\/en\/portfolio\/soiree-de-gala-au-palais-des-festivals-de-cannes\/\">\n\t\t\t<div class=\"text-overlay\">\n\t\t\t\t<div class=\"info\"><span>Voir les r\u00e9alisations<\/span><\/div>\n\t\t\t<\/div>\n\t\t\t<img loading=\"lazy\" decoding=\"async\" width=\"440\" height=\"295\" src=\"https:\/\/i0.wp.com\/www.vjevent.fr\/wp-content\/uploads\/2024\/02\/star-night.png?resize=440%2C295&amp;ssl=1\" class=\"attachment-grid size-grid wp-post-image\" alt=\"\" srcset=\"https:\/\/i0.wp.com\/www.vjevent.fr\/wp-content\/uploads\/2024\/02\/star-night.png?resize=440%2C295&amp;ssl=1 440w, https:\/\/i0.wp.com\/www.vjevent.fr\/wp-content\/uploads\/2024\/02\/star-night.png?zoom=2&amp;resize=440%2C295&amp;ssl=1 880w, https:\/\/i0.wp.com\/www.vjevent.fr\/wp-content\/uploads\/2024\/02\/star-night.png?zoom=3&amp;resize=440%2C295&amp;ssl=1 1320w\" sizes=\"(max-width: 440px) 100vw, 440px\" \/>\t\t<\/a>\n\t<\/figure>\n<\/div>\n\n<div class=\"item past-events v-jaying\">\n\t<figure>\n\t\t<a href=\"https:\/\/www.vjevent.fr\/en\/portfolio\/coupe-du-monde-rugby-asahi\/\">\n\t\t\t<div class=\"text-overlay\">\n\t\t\t\t<div class=\"info\"><span>Voir les r\u00e9alisations<\/span><\/div>\n\t\t\t<\/div>\n\t\t\t<img loading=\"lazy\" decoding=\"async\" width=\"440\" height=\"295\" src=\"https:\/\/i0.wp.com\/www.vjevent.fr\/wp-content\/uploads\/2023\/10\/410.jpg?resize=440%2C295&amp;ssl=1\" class=\"attachment-grid size-grid wp-post-image\" alt=\"\" srcset=\"https:\/\/i0.wp.com\/www.vjevent.fr\/wp-content\/uploads\/2023\/10\/410.jpg?resize=300%2C200&amp;ssl=1 300w, https:\/\/i0.wp.com\/www.vjevent.fr\/wp-content\/uploads\/2023\/10\/410.jpg?resize=440%2C295&amp;ssl=1 440w, https:\/\/i0.wp.com\/www.vjevent.fr\/wp-content\/uploads\/2023\/10\/410.jpg?zoom=2&amp;resize=440%2C295&amp;ssl=1 880w, https:\/\/i0.wp.com\/www.vjevent.fr\/wp-content\/uploads\/2023\/10\/410.jpg?zoom=3&amp;resize=440%2C295&amp;ssl=1 1320w\" sizes=\"(max-width: 440px) 100vw, 440px\" \/>\t\t<\/a>\n\t<\/figure>\n<\/div>\n\n<div class=\"item jingles-convention past-events\">\n\t<figure>\n\t\t<a href=\"https:\/\/www.vjevent.fr\/en\/portfolio\/creation-de-videos-promotionnelles-pour-la-region-aveyron\/\">\n\t\t\t<div class=\"text-overlay\">\n\t\t\t\t<div class=\"info\"><span>Voir les r\u00e9alisations<\/span><\/div>\n\t\t\t<\/div>\n\t\t\t<img loading=\"lazy\" decoding=\"async\" width=\"440\" height=\"295\" src=\"https:\/\/i0.wp.com\/www.vjevent.fr\/wp-content\/uploads\/2023\/04\/Aveyron_Visuel.jpg?resize=440%2C295&amp;ssl=1\" class=\"attachment-grid size-grid wp-post-image\" alt=\"Cr\u00e9ation-vid\u00e9o-Aveyron\" srcset=\"https:\/\/i0.wp.com\/www.vjevent.fr\/wp-content\/uploads\/2023\/04\/Aveyron_Visuel.jpg?resize=300%2C200&amp;ssl=1 300w, https:\/\/i0.wp.com\/www.vjevent.fr\/wp-content\/uploads\/2023\/04\/Aveyron_Visuel.jpg?resize=440%2C295&amp;ssl=1 440w\" sizes=\"(max-width: 440px) 100vw, 440px\" \/>\t\t<\/a>\n\t<\/figure>\n<\/div>\n\n<div class=\"item jingles-convention past-events regie-video v-jaying\">\n\t<figure>\n\t\t<a href=\"https:\/\/www.vjevent.fr\/en\/portfolio\/soiree-40-ans-de-l-afdu\/\">\n\t\t\t<div class=\"text-overlay\">\n\t\t\t\t<div class=\"info\"><span>Voir les r\u00e9alisations<\/span><\/div>\n\t\t\t<\/div>\n\t\t\t<img loading=\"lazy\" decoding=\"async\" width=\"440\" height=\"295\" src=\"https:\/\/i0.wp.com\/www.vjevent.fr\/wp-content\/uploads\/2023\/04\/afdu.jpg?resize=440%2C295&amp;ssl=1\" class=\"attachment-grid size-grid wp-post-image\" alt=\"soir\u00e9e+afdu+jingle\" srcset=\"https:\/\/i0.wp.com\/www.vjevent.fr\/wp-content\/uploads\/2023\/04\/afdu.jpg?resize=300%2C200&amp;ssl=1 300w, https:\/\/i0.wp.com\/www.vjevent.fr\/wp-content\/uploads\/2023\/04\/afdu.jpg?resize=440%2C295&amp;ssl=1 440w, https:\/\/i0.wp.com\/www.vjevent.fr\/wp-content\/uploads\/2023\/04\/afdu.jpg?zoom=2&amp;resize=440%2C295&amp;ssl=1 880w, https:\/\/i0.wp.com\/www.vjevent.fr\/wp-content\/uploads\/2023\/04\/afdu.jpg?zoom=3&amp;resize=440%2C295&amp;ssl=1 1320w\" sizes=\"(max-width: 440px) 100vw, 440px\" \/>\t\t<\/a>\n\t<\/figure>\n<\/div>\n\n<div class=\"item video-mapping architectural-video-mapping\">\n\t<figure>\n\t\t<a href=\"https:\/\/www.vjevent.fr\/en\/portfolio\/mapping-video-au-grand-hotel-2\/\">\n\t\t\t<div class=\"text-overlay\">\n\t\t\t\t<div class=\"info\"><span>Voir les r\u00e9alisations<\/span><\/div>\n\t\t\t<\/div>\n\t\t\t<img loading=\"lazy\" decoding=\"async\" width=\"283\" height=\"190\" src=\"https:\/\/i0.wp.com\/www.vjevent.fr\/wp-content\/uploads\/2021\/02\/mapping-grand-hotel-min-2.png?resize=283%2C190&amp;ssl=1\" class=\"attachment-grid size-grid wp-post-image\" alt=\"Mapping au Grand H\u00f4tel Intercontinenetal Op\u00e9ra \u00e0 Paris\" \/>\t\t<\/a>\n\t<\/figure>\n<\/div>\n\n<div class=\"item d-jaying past-events v-jaying\">\n\t<figure>\n\t\t<a href=\"https:\/\/www.vjevent.fr\/en\/portfolio\/mixe-vj-dj-pour-le-groupe-beneteau-a-cannes\/\">\n\t\t\t<div class=\"text-overlay\">\n\t\t\t\t<div class=\"info\"><span>Voir les r\u00e9alisations<\/span><\/div>\n\t\t\t<\/div>\n\t\t\t<img loading=\"lazy\" decoding=\"async\" width=\"440\" height=\"295\" src=\"https:\/\/i0.wp.com\/www.vjevent.fr\/wp-content\/uploads\/2022\/02\/beneteau2.jpg?resize=440%2C295&amp;ssl=1\" class=\"attachment-grid size-grid wp-post-image\" alt=\"Mixe djette vj cannes\" srcset=\"https:\/\/i0.wp.com\/www.vjevent.fr\/wp-content\/uploads\/2022\/02\/beneteau2.jpg?resize=300%2C200&amp;ssl=1 300w, https:\/\/i0.wp.com\/www.vjevent.fr\/wp-content\/uploads\/2022\/02\/beneteau2.jpg?resize=440%2C295&amp;ssl=1 440w, https:\/\/i0.wp.com\/www.vjevent.fr\/wp-content\/uploads\/2022\/02\/beneteau2.jpg?zoom=2&amp;resize=440%2C295&amp;ssl=1 880w\" sizes=\"(max-width: 440px) 100vw, 440px\" \/>\t\t<\/a>\n\t<\/figure>\n<\/div>\n\n<div class=\"item jingles-convention past-events\">\n\t<figure>\n\t\t<a href=\"https:\/\/www.vjevent.fr\/en\/portfolio\/creation-d-infodecors-en-temps-reel-pour-la-nuit-du-bien-commun\/\">\n\t\t\t<div class=\"text-overlay\">\n\t\t\t\t<div class=\"info\"><span>Voir les r\u00e9alisations<\/span><\/div>\n\t\t\t<\/div>\n\t\t\t<img loading=\"lazy\" decoding=\"async\" width=\"440\" height=\"295\" src=\"https:\/\/i0.wp.com\/www.vjevent.fr\/wp-content\/uploads\/2022\/02\/nuit-bien-commun-2.jpg?resize=440%2C295&amp;ssl=1\" class=\"attachment-grid size-grid wp-post-image\" alt=\"Info d\u00e9cor temps r\u00e9el\" srcset=\"https:\/\/i0.wp.com\/www.vjevent.fr\/wp-content\/uploads\/2022\/02\/nuit-bien-commun-2.jpg?resize=440%2C295&amp;ssl=1 440w, https:\/\/i0.wp.com\/www.vjevent.fr\/wp-content\/uploads\/2022\/02\/nuit-bien-commun-2.jpg?zoom=2&amp;resize=440%2C295&amp;ssl=1 880w\" sizes=\"(max-width: 440px) 100vw, 440px\" \/>\t\t<\/a>\n\t<\/figure>\n<\/div>\n\n<div class=\"item past-events v-jaying\">\n\t<figure>\n\t\t<a href=\"https:\/\/www.vjevent.fr\/en\/portfolio\/mixe-vj-pour-un-evenement-prive-a-londres\/\">\n\t\t\t<div class=\"text-overlay\">\n\t\t\t\t<div class=\"info\"><span>Voir les r\u00e9alisations<\/span><\/div>\n\t\t\t<\/div>\n\t\t\t<img loading=\"lazy\" decoding=\"async\" width=\"440\" height=\"295\" src=\"https:\/\/i0.wp.com\/www.vjevent.fr\/wp-content\/uploads\/2022\/02\/the-roundhouse.jpg?resize=440%2C295&amp;ssl=1\" class=\"attachment-grid size-grid wp-post-image\" alt=\"mix-vj-roundhouse\" srcset=\"https:\/\/i0.wp.com\/www.vjevent.fr\/wp-content\/uploads\/2022\/02\/the-roundhouse.jpg?resize=440%2C295&amp;ssl=1 440w, https:\/\/i0.wp.com\/www.vjevent.fr\/wp-content\/uploads\/2022\/02\/the-roundhouse.jpg?zoom=2&amp;resize=440%2C295&amp;ssl=1 880w\" sizes=\"(max-width: 440px) 100vw, 440px\" \/>\t\t<\/a>\n\t<\/figure>\n<\/div>\n\n<div class=\"item past-events v-jaying\">\n\t<figure>\n\t\t<a href=\"https:\/\/www.vjevent.fr\/en\/portfolio\/mixe-vj-pour-smart-reboot-now\/\">\n\t\t\t<div class=\"text-overlay\">\n\t\t\t\t<div class=\"info\"><span>Voir les r\u00e9alisations<\/span><\/div>\n\t\t\t<\/div>\n\t\t\t<img loading=\"lazy\" decoding=\"async\" width=\"440\" height=\"295\" src=\"https:\/\/i0.wp.com\/www.vjevent.fr\/wp-content\/uploads\/2022\/02\/smart-reboot-2019-1-1.jpg?resize=440%2C295&amp;ssl=1\" class=\"attachment-grid size-grid wp-post-image\" alt=\"Smart Rebbot now -vj event\" srcset=\"https:\/\/i0.wp.com\/www.vjevent.fr\/wp-content\/uploads\/2022\/02\/smart-reboot-2019-1-1.jpg?resize=440%2C295&amp;ssl=1 440w, https:\/\/i0.wp.com\/www.vjevent.fr\/wp-content\/uploads\/2022\/02\/smart-reboot-2019-1-1.jpg?zoom=2&amp;resize=440%2C295&amp;ssl=1 880w\" sizes=\"(max-width: 440px) 100vw, 440px\" \/>\t\t<\/a>\n\t<\/figure>\n<\/div>\n\n<div class=\"item d-jaying past-events v-jaying\">\n\t<figure>\n\t\t<a href=\"https:\/\/www.vjevent.fr\/en\/portfolio\/mixe-vj-au-terminal-7-a-paris-pour-signia\/\">\n\t\t\t<div class=\"text-overlay\">\n\t\t\t\t<div class=\"info\"><span>Voir les r\u00e9alisations<\/span><\/div>\n\t\t\t<\/div>\n\t\t\t<img loading=\"lazy\" decoding=\"async\" width=\"440\" height=\"295\" src=\"https:\/\/i0.wp.com\/www.vjevent.fr\/wp-content\/uploads\/2022\/02\/signia1.jpg?resize=440%2C295&amp;ssl=1\" class=\"attachment-grid size-grid wp-post-image\" alt=\"mix video-jockey vdj\" srcset=\"https:\/\/i0.wp.com\/www.vjevent.fr\/wp-content\/uploads\/2022\/02\/signia1.jpg?resize=440%2C295&amp;ssl=1 440w, https:\/\/i0.wp.com\/www.vjevent.fr\/wp-content\/uploads\/2022\/02\/signia1.jpg?zoom=2&amp;resize=440%2C295&amp;ssl=1 880w, https:\/\/i0.wp.com\/www.vjevent.fr\/wp-content\/uploads\/2022\/02\/signia1.jpg?zoom=3&amp;resize=440%2C295&amp;ssl=1 1320w\" sizes=\"(max-width: 440px) 100vw, 440px\" \/>\t\t<\/a>\n\t<\/figure>\n<\/div>\n\n<div class=\"item past-events v-jaying\">\n\t<figure>\n\t\t<a href=\"https:\/\/www.vjevent.fr\/en\/portfolio\/mixe-vj-pour-les-voeux-de-la-mairie-de-montrouge\/\">\n\t\t\t<div class=\"text-overlay\">\n\t\t\t\t<div class=\"info\"><span>Voir les r\u00e9alisations<\/span><\/div>\n\t\t\t<\/div>\n\t\t\t<img loading=\"lazy\" decoding=\"async\" width=\"440\" height=\"295\" src=\"https:\/\/i0.wp.com\/www.vjevent.fr\/wp-content\/uploads\/2021\/08\/back-to-the-future-2.jpg?resize=440%2C295&amp;ssl=1\" class=\"attachment-grid size-grid wp-post-image\" alt=\"V-jaying soir\u00e9e de voeux de la Mairie de Montrouge\" srcset=\"https:\/\/i0.wp.com\/www.vjevent.fr\/wp-content\/uploads\/2021\/08\/back-to-the-future-2.jpg?resize=440%2C295&amp;ssl=1 440w, https:\/\/i0.wp.com\/www.vjevent.fr\/wp-content\/uploads\/2021\/08\/back-to-the-future-2.jpg?zoom=2&amp;resize=440%2C295&amp;ssl=1 880w\" sizes=\"(max-width: 440px) 100vw, 440px\" \/>\t\t<\/a>\n\t<\/figure>\n<\/div>\n\n<div class=\"item past-events v-jaying\">\n\t<figure>\n\t\t<a href=\"https:\/\/www.vjevent.fr\/en\/portfolio\/mixe-de-video-soiree-generation\/\">\n\t\t\t<div class=\"text-overlay\">\n\t\t\t\t<div class=\"info\"><span>Voir les r\u00e9alisations<\/span><\/div>\n\t\t\t<\/div>\n\t\t\t<img loading=\"lazy\" decoding=\"async\" width=\"440\" height=\"295\" src=\"https:\/\/i0.wp.com\/www.vjevent.fr\/wp-content\/uploads\/2018\/02\/vj-event-soiree-generation.png?resize=440%2C295&amp;ssl=1\" class=\"attachment-grid size-grid wp-post-image\" alt=\"Soir\u00e9e - g\u00e9neration\" srcset=\"https:\/\/i0.wp.com\/www.vjevent.fr\/wp-content\/uploads\/2018\/02\/vj-event-soiree-generation.png?resize=300%2C200&amp;ssl=1 300w, https:\/\/i0.wp.com\/www.vjevent.fr\/wp-content\/uploads\/2018\/02\/vj-event-soiree-generation.png?resize=440%2C295&amp;ssl=1 440w\" sizes=\"(max-width: 440px) 100vw, 440px\" \/>\t\t<\/a>\n\t<\/figure>\n<\/div>\n\n<div class=\"item past-events v-jaying\">\n\t<figure>\n\t\t<a href=\"https:\/\/www.vjevent.fr\/en\/portfolio\/mixe-vj-monumental-arena-la-defense\/\">\n\t\t\t<div class=\"text-overlay\">\n\t\t\t\t<div class=\"info\"><span>Voir les r\u00e9alisations<\/span><\/div>\n\t\t\t<\/div>\n\t\t\t<img loading=\"lazy\" decoding=\"async\" width=\"440\" height=\"295\" src=\"https:\/\/i0.wp.com\/www.vjevent.fr\/wp-content\/uploads\/2021\/05\/VJ-U-Arena-La-Defense-Nanterre-vj-event.jpg?resize=440%2C295&amp;ssl=1\" class=\"attachment-grid size-grid wp-post-image\" alt=\"Vj U arena nanterre\" srcset=\"https:\/\/i0.wp.com\/www.vjevent.fr\/wp-content\/uploads\/2021\/05\/VJ-U-Arena-La-Defense-Nanterre-vj-event.jpg?resize=440%2C295&amp;ssl=1 440w, https:\/\/i0.wp.com\/www.vjevent.fr\/wp-content\/uploads\/2021\/05\/VJ-U-Arena-La-Defense-Nanterre-vj-event.jpg?zoom=2&amp;resize=440%2C295&amp;ssl=1 880w, https:\/\/i0.wp.com\/www.vjevent.fr\/wp-content\/uploads\/2021\/05\/VJ-U-Arena-La-Defense-Nanterre-vj-event.jpg?zoom=3&amp;resize=440%2C295&amp;ssl=1 1320w\" sizes=\"(max-width: 440px) 100vw, 440px\" \/>\t\t<\/a>\n\t<\/figure>\n<\/div>\n\n<div class=\"item video-mapping vj-event-lab\">\n\t<figure>\n\t\t<a href=\"https:\/\/www.vjevent.fr\/en\/portfolio\/mapping-sur-robe-projet-en-developpement\/\">\n\t\t\t<div class=\"text-overlay\">\n\t\t\t\t<div class=\"info\"><span>Voir les r\u00e9alisations<\/span><\/div>\n\t\t\t<\/div>\n\t\t\t<img loading=\"lazy\" decoding=\"async\" width=\"440\" height=\"295\" src=\"https:\/\/i0.wp.com\/www.vjevent.fr\/wp-content\/uploads\/2020\/07\/etudes-textures-robe-1-scaled.jpg?resize=440%2C295&amp;ssl=1\" class=\"attachment-grid size-grid wp-post-image\" alt=\"Mapping temps r\u00e9el &amp; vjaying sur robe\" srcset=\"https:\/\/i0.wp.com\/www.vjevent.fr\/wp-content\/uploads\/2020\/07\/etudes-textures-robe-1-scaled.jpg?resize=440%2C295&amp;ssl=1 440w, https:\/\/i0.wp.com\/www.vjevent.fr\/wp-content\/uploads\/2020\/07\/etudes-textures-robe-1-scaled.jpg?zoom=2&amp;resize=440%2C295&amp;ssl=1 880w, https:\/\/i0.wp.com\/www.vjevent.fr\/wp-content\/uploads\/2020\/07\/etudes-textures-robe-1-scaled.jpg?zoom=3&amp;resize=440%2C295&amp;ssl=1 1320w\" sizes=\"(max-width: 440px) 100vw, 440px\" \/>\t\t<\/a>\n\t<\/figure>\n<\/div>\n\n<div class=\"item video-mapping structure-mapping vj-event-lab\">\n\t<figure>\n\t\t<a href=\"https:\/\/www.vjevent.fr\/en\/portfolio\/mapping-video-structure-dj\/\">\n\t\t\t<div class=\"text-overlay\">\n\t\t\t\t<div class=\"info\"><span>Voir les r\u00e9alisations<\/span><\/div>\n\t\t\t<\/div>\n\t\t\t<img loading=\"lazy\" decoding=\"async\" width=\"440\" height=\"295\" src=\"https:\/\/i0.wp.com\/www.vjevent.fr\/wp-content\/uploads\/2020\/07\/textures1.png?resize=440%2C295&amp;ssl=1\" class=\"attachment-grid size-grid wp-post-image\" alt=\"Mapping vid\u00e9o &amp; vjaying sur structure dj boot\" \/>\t\t<\/a>\n\t<\/figure>\n<\/div>\n\n<div class=\"item past-events v-jaying\">\n\t<figure>\n\t\t<a href=\"https:\/\/www.vjevent.fr\/en\/portfolio\/mixe-de-video-aerosol-parrot\/\">\n\t\t\t<div class=\"text-overlay\">\n\t\t\t\t<div class=\"info\"><span>Voir les r\u00e9alisations<\/span><\/div>\n\t\t\t<\/div>\n\t\t\t<img loading=\"lazy\" decoding=\"async\" width=\"440\" height=\"295\" src=\"https:\/\/i0.wp.com\/www.vjevent.fr\/wp-content\/uploads\/2017\/12\/vj-event-parrot-min.png?resize=440%2C295&amp;ssl=1\" class=\"attachment-grid size-grid wp-post-image\" alt=\"Soir\u00e9e Parrot vjaying\" srcset=\"https:\/\/i0.wp.com\/www.vjevent.fr\/wp-content\/uploads\/2017\/12\/vj-event-parrot-min.png?resize=300%2C200&amp;ssl=1 300w, https:\/\/i0.wp.com\/www.vjevent.fr\/wp-content\/uploads\/2017\/12\/vj-event-parrot-min.png?resize=440%2C295&amp;ssl=1 440w\" sizes=\"(max-width: 440px) 100vw, 440px\" \/>\t\t<\/a>\n\t<\/figure>\n<\/div>\n\n<div class=\"item past-events regie-video\">\n\t<figure>\n\t\t<a href=\"https:\/\/www.vjevent.fr\/en\/portfolio\/regie-video\/\">\n\t\t\t<div class=\"text-overlay\">\n\t\t\t\t<div class=\"info\"><span>Voir les r\u00e9alisations<\/span><\/div>\n\t\t\t<\/div>\n\t\t\t<img loading=\"lazy\" decoding=\"async\" width=\"440\" height=\"295\" src=\"https:\/\/i0.wp.com\/www.vjevent.fr\/wp-content\/uploads\/2017\/11\/vj-event-congre-de-la-chasse-min.png?resize=440%2C295&amp;ssl=1\" class=\"attachment-grid size-grid wp-post-image\" alt=\"Congr\u00e8s de la Chasse vj et r\u00e9gie vid\u00e9o\" srcset=\"https:\/\/i0.wp.com\/www.vjevent.fr\/wp-content\/uploads\/2017\/11\/vj-event-congre-de-la-chasse-min.png?resize=300%2C200&amp;ssl=1 300w, https:\/\/i0.wp.com\/www.vjevent.fr\/wp-content\/uploads\/2017\/11\/vj-event-congre-de-la-chasse-min.png?resize=440%2C295&amp;ssl=1 440w\" sizes=\"(max-width: 440px) 100vw, 440px\" \/>\t\t<\/a>\n\t<\/figure>\n<\/div>\n\n<div class=\"item past-events v-jaying\">\n\t<figure>\n\t\t<a href=\"https:\/\/www.vjevent.fr\/en\/portfolio\/mix-vj-bolton-consulting\/\">\n\t\t\t<div class=\"text-overlay\">\n\t\t\t\t<div class=\"info\"><span>Voir les r\u00e9alisations<\/span><\/div>\n\t\t\t<\/div>\n\t\t\t<img loading=\"lazy\" decoding=\"async\" width=\"440\" height=\"295\" src=\"https:\/\/i0.wp.com\/www.vjevent.fr\/wp-content\/uploads\/2018\/02\/vj-event-mix-led-cambon.png?resize=440%2C295&amp;ssl=1\" class=\"attachment-grid size-grid wp-post-image\" alt=\"Mixe vj sur mur de Led\" srcset=\"https:\/\/i0.wp.com\/www.vjevent.fr\/wp-content\/uploads\/2018\/02\/vj-event-mix-led-cambon.png?resize=300%2C200&amp;ssl=1 300w, https:\/\/i0.wp.com\/www.vjevent.fr\/wp-content\/uploads\/2018\/02\/vj-event-mix-led-cambon.png?resize=440%2C295&amp;ssl=1 440w\" sizes=\"(max-width: 440px) 100vw, 440px\" \/>\t\t<\/a>\n\t<\/figure>\n<\/div>\t\t\t\t<\/div>\n\t\t\t\t\n\t\t\t\t\t\t\t\t\n\t\t\t<\/div>\n\t\t\t\n\t\t<\/div>\n\t\t\n\t\t\t\t\n[\/vc_column][\/vc_row][vc_row kwoon_bg=&#8221;light&#8221;][vc_column]<h3 class=\"main-title text-center\">What if we imagined together <strong>the visual animation<\/strong> of your next event?<br \/>\n<\/h3>[vc_column_text]<\/p>\n<p style=\"text-align: center;\"><a class=\"btn btn-border fixed-width wow fadeInUp animated\" href=\"https:\/\/www.vjevent.fr\/en\/contactez-vj-event\/\"><span style=\"color: #000000;\">Contact-me<\/span><\/a><\/p>\n<p>[\/vc_column_text][\/vc_column][\/vc_row]<\/p>\n<p><\/p>","protected":false},"excerpt":{"rendered":"<p>[vc_row full_width=&#8221;stretch_row&#8221;][vc_column][vc_empty_space height=&#8221;70px&#8221;][\/vc_column][\/vc_row][vc_row kwoon_bg=&#8221;light&#8221;][vc_column][vc_column_text] Contact-me [\/vc_column_text][\/vc_column][\/vc_row]<\/p>\n","protected":false},"author":1,"featured_media":0,"parent":0,"menu_order":0,"comment_status":"open","ping_status":"open","template":"","meta":{"om_disable_all_campaigns":false,"_monsterinsights_skip_tracking":false,"_monsterinsights_sitenote_active":false,"_monsterinsights_sitenote_note":"","_monsterinsights_sitenote_category":0,"footnotes":""},"class_list":["post-677","page","type-page","status-publish","hentry"],"aioseo_notices":[],"jetpack_sharing_enabled":true,"_links":{"self":[{"href":"https:\/\/www.vjevent.fr\/en\/wp-json\/wp\/v2\/pages\/677"}],"collection":[{"href":"https:\/\/www.vjevent.fr\/en\/wp-json\/wp\/v2\/pages"}],"about":[{"href":"https:\/\/www.vjevent.fr\/en\/wp-json\/wp\/v2\/types\/page"}],"author":[{"embeddable":true,"href":"https:\/\/www.vjevent.fr\/en\/wp-json\/wp\/v2\/users\/1"}],"replies":[{"embeddable":true,"href":"https:\/\/www.vjevent.fr\/en\/wp-json\/wp\/v2\/comments?post=677"}],"version-history":[{"count":9,"href":"https:\/\/www.vjevent.fr\/en\/wp-json\/wp\/v2\/pages\/677\/revisions"}],"predecessor-version":[{"id":3758,"href":"https:\/\/www.vjevent.fr\/en\/wp-json\/wp\/v2\/pages\/677\/revisions\/3758"}],"wp:attachment":[{"href":"https:\/\/www.vjevent.fr\/en\/wp-json\/wp\/v2\/media?parent=677"}],"curies":[{"name":"wp","href":"https:\/\/api.w.org\/{rel}","templated":true}]}}