{"id":132,"date":"2015-05-27T15:03:28","date_gmt":"2015-05-27T14:03:28","guid":{"rendered":"http:\/\/tommusrhodus.wpengine.com\/?page_id=132"},"modified":"2015-05-27T15:03:28","modified_gmt":"2015-05-27T14:03:28","slug":"pages-about-2","status":"publish","type":"page","link":"https:\/\/www.vjevent.fr\/fr\/pages-about-2\/","title":{"rendered":"Pages &#8211; About 2"},"content":{"rendered":"<p>[vc_row kwoon_bg=\u00a0\u00bbdark\u00a0\u00bb][vc_column width=\u00a0\u00bb1\/1&Prime;][vc_column_text]<\/p>\n<h2 class=\"post-title\">Who is Behind All This<\/h2>\n<p>[\/vc_column_text]\t\n\t\t\t\n\t\t<div class=\"row\">\n\n\t<div class=\"col-sm-7\">\n\t\t<p>Dipl\u00f4m\u00e9 de l\u2019\u00e9cole des Gobelins, j&rsquo; exerce comme vid\u00e9o jockey (vj) et designer vid\u00e9o et multim\u00e9dia depuis quinze ans. Pluridisciplinaire et polyvalent, j&rsquo;ai particip\u00e9 \u00e0 des projets vid\u00e9os exp\u00e9rimentaux et r\u00e9alis\u00e9 des projets artistiques photographiques et graphiques.<\/p>\n<p>En 2001,\u00a0 j&rsquo;ai cr\u00e9e Kablevision un collectif vj parisien compos\u00e9 de visuals jockeys et de dj\u2019s.Musicalement ouvert, Kablevision travaillait sur des projets audio-visuels en relation avec des djs et des groupes de diff\u00e9rents styles. Le collectif animait aussi ses propres soir\u00e9es \u00e0 Paris.<\/p>\n<p>J&rsquo;ai particip\u00e9 au festival Vid\u00e9a 2001 \u00e0 Barcelone et j&rsquo;ai pr\u00e9sent\u00e9 mes travaux plusieursfois au Projet 101 \u00e0 Paris, o\u00f9 j&rsquo;ai fait mes d\u00e9buts de Vid\u00e9o Jockey en 2000. En 2004,j&rsquo;ai particip\u00e9 au premier festival de v-jaying \u00e0 Paris, Av Flux, ainsi qu\u2019au festival des<\/p>\n<p>R\u00e9seaux de la Cr\u00e9ation. J&rsquo;ai multipli\u00e9 mes apparitions en 2006 et 2007 sur la sc\u00e8ne parisienne et internationale en me produisant dans des galeries, lors de festivals ( Les Bruits D\u00e9fendus, Festival Cinematek 2005 de Codamag,Festival international de V-jaying Lux 2006 &#8211; S\u00e9ville, Festival Protoclip, festival Vision-r 2007) et de soir\u00e9es.<\/p>\n<p>D\u00e9but 2005, j&rsquo;ai fond\u00e9 le studio de cr\u00e9ation visuelle VJ Event, une des premi\u00e8res structures \u00e0 offrir des prestations professionnelles de v-jaying destin\u00e9es au monde de l\u2019\u00e9v\u00e9nementiel. En plus de participer \u00e0 des \u00e9v\u00e9nements grands publics (Tourn\u00e9e Fun Radio, Back to school de N.R.J au Zenith, Technoparade 2010 et 2012, Before du Mus\u00e9e du Quai Branly),je r\u00e9alise des prestations de v-jaying et de mapping pour des marques de renomm\u00e9es (Vespa, Mont Blanc, Mini, Sony, Reebok, L\u2019Or\u00e9al, Allianz, Relais &amp; Chateaux &#8230;).<\/p>\n<p>J&rsquo;ai ainsi plus de cinq cents \u00e9v\u00e9nements \u00e0 mon actif. J&rsquo;assure tant la direction artistique, que la production des contenus et leur diffusion (Op\u00e9rateur vid\u00e9o certifi\u00e9 Modulo Pi,\u00a0 Resolume, Madrix).<\/p>\n<p>&nbsp;<\/p>\n\n\t<ul class=\"social\">\n\t\t<li><a href=\"https:\/\/fr.linkedin.com\/in\/vjevent\/fr\" target=\"_blank\"><i class=\"icon-s-linkedin\"><\/i><\/a><\/li><li><a href=\"https:\/\/www.facebook.com\/studiovjevent\" target=\"_blank\"><i class=\"icon-s-facebook\"><\/i><\/a><\/li>\t<\/ul>\n\t<\/div>\n\t\n\t<div class=\"col-sm-5\">\n\t\t<figure><img loading=\"lazy\" decoding=\"async\" width=\"430\" height=\"452\" src=\"https:\/\/i0.wp.com\/www.vjevent.fr\/wp-content\/uploads\/2015\/05\/florian-vj-event-1.png?fit=430%2C452&amp;ssl=1\" class=\"attachment-full size-full wp-post-image\" alt=\"Photo de profil Florian RAFFENNE\" srcset=\"https:\/\/i0.wp.com\/www.vjevent.fr\/wp-content\/uploads\/2015\/05\/florian-vj-event-1.png?w=430&amp;ssl=1 430w, https:\/\/i0.wp.com\/www.vjevent.fr\/wp-content\/uploads\/2015\/05\/florian-vj-event-1.png?resize=285%2C300&amp;ssl=1 285w\" sizes=\"(max-width: 430px) 100vw, 430px\" \/><\/figure>\n\t<\/div>\n\n<\/div>\n<div class=\"clearfix\"><\/div>\t\t\n\t\t\t\t\n[\/vc_column][\/vc_row][vc_row kwoon_bg=\u00a0\u00bbinverse\u00a0\u00bb css=\u00a0\u00bb.vc_custom_1432739552117{background-image: url(http:\/\/kwoon.tommusdemos.wpengine.com\/wp-content\/uploads\/sites\/13\/2015\/05\/parallax5.jpg?id=134) !important;}\u00a0\u00bb][vc_column width=\u00a0\u00bb1\/12&Prime;][\/vc_column][vc_column width=\u00a0\u00bb10\/12&Prime;]<h3 class=\"main-title text-center\">Company<strong> Progress<\/strong><\/h3>[vc_column_text]<\/p>\n<p class=\"lead\" style=\"text-align: center\">Nullam quis risus eget urna mollis ornare vel eu leo. Donec ullamcorper nulla non metus auctor fringilla. Lorem ipsum dolor sit amet, consectetur adipiscing elit.<\/p>\n<p>[\/vc_column_text][vc_row_inner][vc_column_inner el_class=\u00a0\u00bb\u00a0\u00bb width=\u00a0\u00bb1\/4&Prime;]\n\t\t<div class=\"circle-progress-wrapper\">\n\t\t\t<div class=\"circle-progress circle circle328\"> \n\t\t\t\t<strong>New Visitors<\/strong> \n\t\t\t<\/div>\n\t\t<\/div>\n\t\t<script data-jetpack-boost=\"ignore\" type=\"text\/javascript\">\n\t\t\tjQuery(window).load(function() {\n\t\t\t\tvar circle328 = new ProgressBar.Circle(\".circle.circle328\", {\n\t\t\t        color: \"#f5ae56\",\n\t\t\t        trailColor: \"rgba(255,255,255,0.1)\",\n\t\t\t\t    strokeWidth: 2,\n\t\t\t\t    trailWidth: 2,\n\t\t\t\t    duration: 4500,\n\t\t\t\t    easing: \"easeInOut\",\n\t\t\t\t    text: {\n\t\t\t\t        value: \"0.4\"\n\t\t\t\t    },\n\t\t\t\t    step: function(state, bar) {\n\t\t\t\t        bar.setText((bar.value() * 100).toFixed(0));\n\t\t\t\t    }\n\t\t\t    });\n\t\t\t\n\t\t\t    circle328.animate(0.4);\n\t\t\t});\n\t\t<\/script>\n\t[\/vc_column_inner][vc_column_inner el_class=\u00a0\u00bb\u00a0\u00bb width=\u00a0\u00bb1\/4&Prime;]\n\t\t<div class=\"circle-progress-wrapper\">\n\t\t\t<div class=\"circle-progress circle circle117\"> \n\t\t\t\t<strong>Social Media<\/strong> \n\t\t\t<\/div>\n\t\t<\/div>\n\t\t<script data-jetpack-boost=\"ignore\" type=\"text\/javascript\">\n\t\t\tjQuery(window).load(function() {\n\t\t\t\tvar circle117 = new ProgressBar.Circle(\".circle.circle117\", {\n\t\t\t        color: \"#53cfc2\",\n\t\t\t        trailColor: \"rgba(255,255,255,0.1)\",\n\t\t\t\t    strokeWidth: 2,\n\t\t\t\t    trailWidth: 2,\n\t\t\t\t    duration: 4500,\n\t\t\t\t    easing: \"easeInOut\",\n\t\t\t\t    text: {\n\t\t\t\t        value: \"0.8\"\n\t\t\t\t    },\n\t\t\t\t    step: function(state, bar) {\n\t\t\t\t        bar.setText((bar.value() * 100).toFixed(0));\n\t\t\t\t    }\n\t\t\t    });\n\t\t\t\n\t\t\t    circle117.animate(0.8);\n\t\t\t});\n\t\t<\/script>\n\t[\/vc_column_inner][vc_column_inner el_class=\u00a0\u00bb\u00a0\u00bb width=\u00a0\u00bb1\/4&Prime;]\n\t\t<div class=\"circle-progress-wrapper\">\n\t\t\t<div class=\"circle-progress circle circle294\"> \n\t\t\t\t<strong>Referrals<\/strong> \n\t\t\t<\/div>\n\t\t<\/div>\n\t\t<script data-jetpack-boost=\"ignore\" type=\"text\/javascript\">\n\t\t\tjQuery(window).load(function() {\n\t\t\t\tvar circle294 = new ProgressBar.Circle(\".circle.circle294\", {\n\t\t\t        color: \"#ef6578\",\n\t\t\t        trailColor: \"rgba(255,255,255,0.1)\",\n\t\t\t\t    strokeWidth: 2,\n\t\t\t\t    trailWidth: 2,\n\t\t\t\t    duration: 4500,\n\t\t\t\t    easing: \"easeInOut\",\n\t\t\t\t    text: {\n\t\t\t\t        value: \"0.34\"\n\t\t\t\t    },\n\t\t\t\t    step: function(state, bar) {\n\t\t\t\t        bar.setText((bar.value() * 100).toFixed(0));\n\t\t\t\t    }\n\t\t\t    });\n\t\t\t\n\t\t\t    circle294.animate(0.34);\n\t\t\t});\n\t\t<\/script>\n\t[\/vc_column_inner][vc_column_inner el_class=\u00a0\u00bb\u00a0\u00bb width=\u00a0\u00bb1\/4&Prime;]\n\t\t<div class=\"circle-progress-wrapper\">\n\t\t\t<div class=\"circle-progress circle circle871\"> \n\t\t\t\t<strong>Search Engines<\/strong> \n\t\t\t<\/div>\n\t\t<\/div>\n\t\t<script data-jetpack-boost=\"ignore\" type=\"text\/javascript\">\n\t\t\tjQuery(window).load(function() {\n\t\t\t\tvar circle871 = new ProgressBar.Circle(\".circle.circle871\", {\n\t\t\t        color: \"#67b7d4\",\n\t\t\t        trailColor: \"rgba(255,255,255,0.1)\",\n\t\t\t\t    strokeWidth: 2,\n\t\t\t\t    trailWidth: 2,\n\t\t\t\t    duration: 4500,\n\t\t\t\t    easing: \"easeInOut\",\n\t\t\t\t    text: {\n\t\t\t\t        value: \"0.45\"\n\t\t\t\t    },\n\t\t\t\t    step: function(state, bar) {\n\t\t\t\t        bar.setText((bar.value() * 100).toFixed(0));\n\t\t\t\t    }\n\t\t\t    });\n\t\t\t\n\t\t\t    circle871.animate(0.45);\n\t\t\t});\n\t\t<\/script>\n\t[\/vc_column_inner][\/vc_row_inner][\/vc_column][vc_column width=\u00a0\u00bb1\/12&Prime;][\/vc_column][\/vc_row][vc_row kwoon_bg=\u00a0\u00bblight\u00a0\u00bb][vc_column width=\u00a0\u00bb1\/1&Prime;]<h3 class=\"main-title text-center\">About the <strong>company<\/strong><\/h3>[vc_column_text]<\/p>\n<p class=\"lead\" style=\"text-align: center\">Cras justo odio, dapibus ac facilisis in, egestas eget quam. Duis mollis, est non commodo luctus, nisi erat porttitor ligula, eget lacinia odio sem nec elit. Donec ullamcorper nulla non metus auctor fringilla.<\/p>\n<p>[\/vc_column_text][vc_row_inner][vc_column_inner el_class=\u00a0\u00bb\u00a0\u00bb width=\u00a0\u00bb1\/3&Prime;][vc_column_text]<\/p>\n<h3>Our Skills<\/h3>\n<p>Duis non lectus sit amet est imperdiet cursus elementum vitae eros. Etiam adipiscingmorbi vitae magna tellus, ac mattis urna phasellus rhoncus.[\/vc_column_text][vc_empty_space height=\u00a0\u00bb32px\u00a0\u00bb]<ul class=\"progress-list\">\n\t\t\t\t\t<li>\n\t\t\t\t\t\t<p>CSS\/HTML <em>90%<\/em><\/p>\n\t\t\t\t\t\t<div class=\"progress plain\">\n\t\t\t\t\t\t\t<div class=\"bar\" style=\"width: 90%;\"><\/div>\n\t\t\t\t\t\t<\/div>\n\t\t\t\t\t<\/li>\n\t\t\t\t<\/ul><ul class=\"progress-list\">\n\t\t\t\t\t<li>\n\t\t\t\t\t\t<p>jQuery <em>80%<\/em><\/p>\n\t\t\t\t\t\t<div class=\"progress plain\">\n\t\t\t\t\t\t\t<div class=\"bar\" style=\"width: 80%;\"><\/div>\n\t\t\t\t\t\t<\/div>\n\t\t\t\t\t<\/li>\n\t\t\t\t<\/ul><ul class=\"progress-list\">\n\t\t\t\t\t<li>\n\t\t\t\t\t\t<p>WordPress <em>100%<\/em><\/p>\n\t\t\t\t\t\t<div class=\"progress plain\">\n\t\t\t\t\t\t\t<div class=\"bar\" style=\"width: 100%;\"><\/div>\n\t\t\t\t\t\t<\/div>\n\t\t\t\t\t<\/li>\n\t\t\t\t<\/ul><ul class=\"progress-list\">\n\t\t\t\t\t<li>\n\t\t\t\t\t\t<p>Washing Dishes <em>50%<\/em><\/p>\n\t\t\t\t\t\t<div class=\"progress plain\">\n\t\t\t\t\t\t\t<div class=\"bar\" style=\"width: 50%;\"><\/div>\n\t\t\t\t\t\t<\/div>\n\t\t\t\t\t<\/li>\n\t\t\t\t<\/ul>[\/vc_column_inner][vc_column_inner el_class=\u00a0\u00bb\u00a0\u00bb width=\u00a0\u00bb1\/3&Prime;][vc_column_text]<\/p>\n<h3>Why Choose Us?<\/h3>\n<p>[\/vc_column_text]\n\t\t<div class=\"tabs tabs-top left tab-container ebor-3496 bordered\"><ul class=\"etabs\"> <li class=\"tab\"><a href=\"#tab-1\">This is<\/a><\/li>  <li class=\"tab\"><a href=\"#tab-2\">Tabbed<\/a><\/li>  <li class=\"tab\"><a href=\"#tab-3\">Content<\/a><\/li> <\/ul><div class=\"panel-container\"><div class=\"tab-block\" id=\"tab-1\"><p>Aenean lacinia bibendum nulla sed consectetur. Fusce dapibus, tellus ac cursus commodo, tortor mauris condimentum nibh, ut fermentum massa justo sit amet risus. Vestibulum id ligula porta felis euismod semper. Lorem ipsum dolor sit amet, consectetur adipiscing elit.<\/p>\n<p>Donec sed odio dui. Donec sed odio dui. Praesent commodo cursus magna, vel scelerisque nisl consectetur et. Maecenas faucibus mollis interdum.<\/p>\n<ul class=\"circled\">\n<li>Mauris lacinia dui non metus dignissim venenatis.<\/li>\n<li>Etiam elit tellus, condimentum tempor lobortis.<\/li>\n<li>Aliquam pharetra vestibulum arcu, eget iaculis.<\/li>\n<\/ul>\n<p>\n<\/div><div class=\"tab-block\" id=\"tab-2\"><p>Nullam quis risus eget urna mollis ornare vel eu leo. Donec sed odio dui. Donec ullamcorper nulla non metus auctor fringilla. Lorem ipsum dolor sit amet, consectetur adipiscing elit. Lorem ipsum dolor sit amet, consectetur adipiscing elit. Vestibulum id ligula porta felis euismod semper. Cras mattis consectetur purus sit amet fermentum. Aenean eu leo quam. Pellentesque ornare sem lacinia quam venenatis vestibulum. Maecenas faucibus mollis interdum.<\/p>\n<\/div><div class=\"tab-block\" id=\"tab-3\"><p>Nullam quis risus eget urna mollis ornare vel eu leo. Donec sed odio dui. Donec ullamcorper nulla non metus auctor fringilla. Lorem ipsum dolor sit amet, consectetur adipiscing elit. Lorem ipsum dolor sit amet, consectetur adipiscing elit. Vestibulum id ligula porta felis euismod semper.<\/p>\n<\/div><\/div><\/div>\n\t\t<script data-jetpack-boost=\"ignore\" type=\"text\/javascript\">\n\t\t\tjQuery(document).ready(function() {\n\t\t\t\tjQuery('.tabs.tabs-top.ebor-3496').easytabs({\n\t\t\t\t    animationSpeed: 300,\n\t\t\t\t    updateHash: false\n\t\t\t\t});\n\t\t\t});\n\t\t<\/script>\n\t[\/vc_column_inner][vc_column_inner el_class=\u00a0\u00bb\u00a0\u00bb width=\u00a0\u00bb1\/3&Prime;][vc_column_text]<\/p>\n<h3>Core Features of the Company<\/h3>\n<p>[\/vc_column_text]\n\t\t<div class=\"panel-group bordered ebor-1848\" id=\"accordion-1848\"><div class=\"panel panel-default\">\n\t\t\t\t\t<div class=\"panel-heading\">\n\t\t\t\t\t\t<h4 class=\"panel-title\">\n\t\t\t\t\t\t\t<a data-toggle=\"collapse\" class=\"panel-toggle active\" data-parent=\"#accordion-1848\" href=\"#collapse-1848-1\">100% Responsive<\/a>\n\t\t\t\t\t\t<\/h4>\n\t\t\t\t\t<\/div>\n\t\t\t\t\t<div id=\"collapse-1848-1\" class=\"panel-collapse collapse in\">\n\t\t\t\t\t\t<div class=\"panel-body\"><p>Anim pariatur cliche reprehenderit, enim eiusmod high life accusamus terry richardson ad squid. 3 wolf moon officia aute, non cupidatat skateboard dolor brunch. Food truck quinoa nesciunt laborum eiusmod. Brunch 3 wolf moon tempor, sunt aliqua put a bird on it squid single-origin coffee nulla assumenda shoreditch et. Nihil anim keffiyeh helvetica, craft beer labore wes anderson cred nesciunt sapiente ea proident.<\/p>\n<\/div>\n\t\t\t\t\t<\/div>\n\t\t\t   <\/div><div class=\"panel panel-default\">\n\t\t\t\t\t<div class=\"panel-heading\">\n\t\t\t\t\t\t<h4 class=\"panel-title\">\n\t\t\t\t\t\t\t<a data-toggle=\"collapse\" class=\"panel-toggle \" data-parent=\"#accordion-1848\" href=\"#collapse-1848-2\">Clean & Professional Design<\/a>\n\t\t\t\t\t\t<\/h4>\n\t\t\t\t\t<\/div>\n\t\t\t\t\t<div id=\"collapse-1848-2\" class=\"panel-collapse collapse \">\n\t\t\t\t\t\t<div class=\"panel-body\"><p>Anim pariatur cliche reprehenderit, enim eiusmod high life accusamus terry richardson ad squid. 3 wolf moon officia aute, non cupidatat skateboard dolor brunch. Food truck quinoa nesciunt laborum eiusmod. Brunch 3 wolf moon tempor, sunt aliqua put a bird on it squid single-origin coffee nulla assumenda shoreditch et. Nihil anim keffiyeh helvetica, craft beer labore wes anderson cred nesciunt sapiente ea proident.<\/p>\n<\/div>\n\t\t\t\t\t<\/div>\n\t\t\t   <\/div><div class=\"panel panel-default\">\n\t\t\t\t\t<div class=\"panel-heading\">\n\t\t\t\t\t\t<h4 class=\"panel-title\">\n\t\t\t\t\t\t\t<a data-toggle=\"collapse\" class=\"panel-toggle \" data-parent=\"#accordion-1848\" href=\"#collapse-1848-3\">Free Support & Updates<\/a>\n\t\t\t\t\t\t<\/h4>\n\t\t\t\t\t<\/div>\n\t\t\t\t\t<div id=\"collapse-1848-3\" class=\"panel-collapse collapse \">\n\t\t\t\t\t\t<div class=\"panel-body\"><p>Anim pariatur cliche reprehenderit, enim eiusmod high life accusamus terry richardson ad squid. 3 wolf moon officia aute, non cupidatat skateboard dolor brunch. Food truck quinoa nesciunt laborum eiusmod. Brunch 3 wolf moon tempor, sunt aliqua put a bird on it squid single-origin coffee nulla assumenda shoreditch et. Nihil anim keffiyeh helvetica, craft beer labore wes anderson cred nesciunt sapiente ea proident.<\/p>\n<\/div>\n\t\t\t\t\t<\/div>\n\t\t\t   <\/div><\/div>\n\t\t<script data-jetpack-boost=\"ignore\" type=\"text\/javascript\">\n\t\t\tjQuery(document).ready(function() {\t\n\t\t\t\tjQuery('.panel-group.ebor-1848').find('.panel-default:has(\".in\")').addClass('panel-active');\n\t\t\t\t\n\t\t\t    jQuery('.panel-group.ebor-1848').on('shown.bs.collapse', function(e) {\n\t\t\t        jQuery(e.target).closest('.panel-default').addClass(' panel-active');\n\t\t\t    }).on('hidden.bs.collapse', function(e) {\n\t\t\t        jQuery(e.target).closest('.panel-default').removeClass(' panel-active');\n\t\t\t    });\n\t\t\t});  \n\t\t<\/script>\n\t[\/vc_column_inner][\/vc_row_inner][\/vc_column][\/vc_row][vc_row kwoon_bg=\u00a0\u00bblight\u00a0\u00bb css=\u00a0\u00bb.vc_custom_1432735561245{background-image: url(http:\/\/kwoon.tommusdemos.wpengine.com\/wp-content\/uploads\/sites\/13\/2015\/05\/parallax4.jpg?id=136) !important;}\u00a0\u00bb][vc_column width=\u00a0\u00bb1\/1&Prime;]\t\n\t\t\t\n\t\t<div class=\"carousel-wrapper\">\n\t\t\t<div class=\"carousel testimonials3\">\n\t\t\t\t\n<div class=\"item text-center\">\n\t<div class=\"quote\">\n\t\n\t\t<blockquote>\n\t\t\t<p>Thank you so much for your email and it was SUCH a pleasure to work with you. The client was super happy with what was produced, and I really enjoyed being part of your creative process.<br \/>\nThank you again for everything and hopefully we will get to work with you again!<\/p>\n<p>Please can I mirror Florry&rsquo;s sentiments below &#8211; it was an absolute pleasure to work with you and your performance\/ content was fantastic!<br \/>\nThank you for everything and I hope to work with you again in the future!<\/p>\n<p>Mixe vj pour ASAHI lors du lancement de la Coupe du Monde de Rugby<\/p>\n\t\t<\/blockquote>\n\t\t\n\t\t<div class=\"author\">\n\t\t\n\t\t\t<div class=\"icon\">\n\t\t\t\t\t\t\t<\/div>\n\t\t\t\n\t\t\t<h5>Florry Saunders &#038;  Leanne Farrell &#8211; Fuse UK<\/h5><span class=\"meta\"><\/span> \t\t\t\n\t\t<\/div>\n\t\n\t<\/div>\n<\/div>\n<div class=\"item text-center\">\n\t<div class=\"quote\">\n\t\n\t\t<blockquote>\n\t\t\t<p>Le VJ a \u00e9t\u00e9 comme l&rsquo;\u00e9cran &#8230; Monumental !<\/p>\n<p>Mixe vj au U-Arena La D\u00e9fense pour Axa<\/p>\n\t\t<\/blockquote>\n\t\t\n\t\t<div class=\"author\">\n\t\t\n\t\t\t<div class=\"icon\">\n\t\t\t\t\t\t\t<\/div>\n\t\t\t\n\t\t\t<h5>Cedric Benquet &#8211; Agence FC2<\/h5><span class=\"meta\"><\/span> \t\t\t\n\t\t<\/div>\n\t\n\t<\/div>\n<\/div>\n<div class=\"item text-center\">\n\t<div class=\"quote\">\n\t\n\t\t<blockquote>\n\t\t\t<p>Tout d\u2019abord, un grand merci \u00e0 vous pour votre prestation ainsi que celle du DJ lors du s\u00e9minaire de la semaine derni\u00e8re.<br \/>\nLes clients ont beaucoup appr\u00e9ci\u00e9 ainsi que Justine qui m\u2019a fait ses retours. <\/p>\n<p>S\u00e9minaire Arkopharma<\/p>\n\t\t<\/blockquote>\n\t\t\n\t\t<div class=\"author\">\n\t\t\n\t\t\t<div class=\"icon\">\n\t\t\t\t\t\t\t<\/div>\n\t\t\t\n\t\t\t<h5>Marion Pinc\u00eatre &#8211; Gens d&rsquo;\u00e9v\u00e9nement<\/h5><span class=\"meta\"><\/span> \t\t\t\n\t\t<\/div>\n\t\n\t<\/div>\n<\/div>\n<div class=\"item text-center\">\n\t<div class=\"quote\">\n\t\n\t\t<blockquote>\n\t\t\t<p>Le big boss de R&amp;C m&rsquo;a pris avec ses deux mains et ma dit en me regardant dans les yeux : \u00ab\u00a0Merci, c&rsquo;\u00e9tait parfait, magnifique. Je sais que cela n&rsquo;a pas \u00e9t\u00e9 facile, je sais que vous vous \u00eates beaucoup investi et je vous en remercie grandement\u00a0\u00bb. De m\u00eame pour mon client direct Ariameetis qui \u00e9tait aux anges.<br \/>\nJe vous remets ce merci.<br \/>\nC&rsquo;\u00e9tait un PLAISIR de travailler avec vous. Chacun avait sa place, son r\u00f4le \u00e0 jouer.<br \/>\nNous avons relev\u00e9 un sacr\u00e9 d\u00e9fi vu le temps et le budget que nous avions.\u00a0\u00bb<\/p>\n<p>Mapping \u00e0 New-York pour Relais &amp; Chateaux<\/p>\n\t\t<\/blockquote>\n\t\t\n\t\t<div class=\"author\">\n\t\t\n\t\t\t<div class=\"icon\">\n\t\t\t\t\t\t\t<\/div>\n\t\t\t\n\t\t\t<h5>David Delassus &#8211;  A-blok<\/h5><span class=\"meta\"><\/span> \t\t\t\n\t\t<\/div>\n\t\n\t<\/div>\n<\/div>\n<div class=\"item text-center\">\n\t<div class=\"quote\">\n\t\n\t\t<blockquote>\n\t\t\t<p>C&rsquo;est avec un peu de retard et du fond de mon lit que je tenais \u00e0 tous vous remercier pour cette op\u00e9ration r\u00e9ussie.<br \/>\nC&rsquo;est gr\u00e2ce \u00e0 notre travail d&rsquo;\u00e9quipe que nous avons atteint les objectifs fix\u00e9s = des invit\u00e9s heureux, les membres du conseil d&rsquo;administration combl\u00e9s et 3 magnifiques soir\u00e9es.<\/p>\n<p>Inauguration du Club Med Valmorel<\/p>\n\t\t<\/blockquote>\n\t\t\n\t\t<div class=\"author\">\n\t\t\n\t\t\t<div class=\"icon\">\n\t\t\t\t\t\t\t<\/div>\n\t\t\t\n\t\t\t<h5>Hel\u00e8ne Demade<\/h5><span class=\"meta\"><\/span> \t\t\t\n\t\t<\/div>\n\t\n\t<\/div>\n<\/div>\t\t\t<\/div>\n\t\t<\/div>\n\t\t\n\t\t\t\t\n[\/vc_column][\/vc_row][vc_row kwoon_bg=\u00a0\u00bblight\u00a0\u00bb][vc_column width=\u00a0\u00bb1\/1&Prime;]\t\n\t\t\t\n\t\t<div class=\"carousel-wrapper\">\n\t\t\t<div class=\"carousel clients\">\n\t\t\t\t\n<div class=\"item\">\n\t<img loading=\"lazy\" decoding=\"async\" width=\"134\" height=\"68\" src=\"https:\/\/i0.wp.com\/www.vjevent.fr\/wp-content\/uploads\/2020\/07\/vespa.png?fit=134%2C68&amp;ssl=1\" class=\"attachment-full size-full wp-post-image\" alt=\"Vespa\" \/><\/div>\n<div class=\"item\">\n\t<img loading=\"lazy\" decoding=\"async\" width=\"134\" height=\"68\" src=\"https:\/\/i0.wp.com\/www.vjevent.fr\/wp-content\/uploads\/2020\/07\/sony.png?fit=134%2C68&amp;ssl=1\" class=\"attachment-full size-full wp-post-image\" alt=\"Sony\" \/><\/div>\n<div class=\"item\">\n\t<img loading=\"lazy\" decoding=\"async\" width=\"134\" height=\"68\" src=\"https:\/\/i0.wp.com\/www.vjevent.fr\/wp-content\/uploads\/2020\/07\/sncf.png?fit=134%2C68&amp;ssl=1\" class=\"attachment-full size-full wp-post-image\" alt=\"sncf\" \/><\/div>\n<div class=\"item\">\n\t<img loading=\"lazy\" decoding=\"async\" width=\"134\" height=\"68\" src=\"https:\/\/i0.wp.com\/www.vjevent.fr\/wp-content\/uploads\/2020\/07\/procter-gamble.png?fit=134%2C68&amp;ssl=1\" class=\"attachment-full size-full wp-post-image\" alt=\"Procter Gamble\" \/><\/div>\n<div class=\"item\">\n\t<img loading=\"lazy\" decoding=\"async\" width=\"134\" height=\"68\" src=\"https:\/\/i0.wp.com\/www.vjevent.fr\/wp-content\/uploads\/2020\/07\/porsche.png?fit=134%2C68&amp;ssl=1\" class=\"attachment-full size-full wp-post-image\" alt=\"Porsche\" \/><\/div>\n<div class=\"item\">\n\t<img loading=\"lazy\" decoding=\"async\" width=\"134\" height=\"68\" src=\"https:\/\/i0.wp.com\/www.vjevent.fr\/wp-content\/uploads\/2020\/07\/nike.png?fit=134%2C68&amp;ssl=1\" class=\"attachment-full size-full wp-post-image\" alt=\"Nike\" \/><\/div>\t\t\t<\/div>\n\t\t<\/div>\n\t\t\n\t\t\t\t\n[\/vc_column][\/vc_row]<\/p>\n","protected":false},"excerpt":{"rendered":"<p>[vc_row kwoon_bg=\u00a0\u00bbdark\u00a0\u00bb][vc_column width=\u00a0\u00bb1\/1&Prime;][vc_column_text] Who is Behind All This [\/vc_column_text][\/vc_column][\/vc_row][vc_row kwoon_bg=\u00a0\u00bbinverse\u00a0\u00bb css=\u00a0\u00bb.vc_custom_1432739552117{background-image: url(http:\/\/kwoon.tommusdemos.wpengine.com\/wp-content\/uploads\/sites\/13\/2015\/05\/parallax5.jpg?id=134) !important;}\u00a0\u00bb][vc_column width=\u00a0\u00bb1\/12&Prime;][\/vc_column][vc_column width=\u00a0\u00bb10\/12&Prime;][vc_column_text] Nullam quis risus eget urna mollis ornare vel eu leo&#8230;.<\/p>\n","protected":false},"author":1,"featured_media":0,"parent":0,"menu_order":0,"comment_status":"open","ping_status":"open","template":"","meta":{"om_disable_all_campaigns":false,"_monsterinsights_skip_tracking":false,"_monsterinsights_sitenote_active":false,"_monsterinsights_sitenote_note":"","_monsterinsights_sitenote_category":0,"footnotes":""},"class_list":["post-132","page","type-page","status-publish","hentry"],"aioseo_notices":[],"jetpack_sharing_enabled":true,"_links":{"self":[{"href":"https:\/\/www.vjevent.fr\/fr\/wp-json\/wp\/v2\/pages\/132"}],"collection":[{"href":"https:\/\/www.vjevent.fr\/fr\/wp-json\/wp\/v2\/pages"}],"about":[{"href":"https:\/\/www.vjevent.fr\/fr\/wp-json\/wp\/v2\/types\/page"}],"author":[{"embeddable":true,"href":"https:\/\/www.vjevent.fr\/fr\/wp-json\/wp\/v2\/users\/1"}],"replies":[{"embeddable":true,"href":"https:\/\/www.vjevent.fr\/fr\/wp-json\/wp\/v2\/comments?post=132"}],"version-history":[{"count":0,"href":"https:\/\/www.vjevent.fr\/fr\/wp-json\/wp\/v2\/pages\/132\/revisions"}],"wp:attachment":[{"href":"https:\/\/www.vjevent.fr\/fr\/wp-json\/wp\/v2\/media?parent=132"}],"curies":[{"name":"wp","href":"https:\/\/api.w.org\/{rel}","templated":true}]}}