{"id":3021,"date":"2020-07-18T14:55:35","date_gmt":"2020-07-18T12:55:35","guid":{"rendered":"http:\/\/localhost:8888\/wordpress\/?page_id=3021"},"modified":"2024-11-08T17:56:17","modified_gmt":"2024-11-08T16:56:17","slug":"v-jaying","status":"publish","type":"page","link":"https:\/\/www.vjevent.fr\/fr\/v-jaying\/","title":{"rendered":"V-jaying"},"content":{"rendered":"<p>[vc_row kwoon_bg=\u00a0\u00bbleft\u00a0\u00bb css=\u00a0\u00bb.vc_custom_1594325530016{background-image: url(https:\/\/www.vjevent.fr\/wp-content\/uploads\/2020\/07\/mixe-vj-arena.jpg?id=2910) !important;}\u00a0\u00bb el_id=\u00a0\u00bbvjaying\u00a0\u00bb][vc_column]\n\t\t<div class=\"feature flat-icon wow fadeIn\" data-wow-duration=\"1s\" data-wow-delay=\"0s\">\n\t\t\t<div class=\"icon\"> \n\t\t\t\t<img \n\t\t\t\t\tsrc=\"https:\/\/i0.wp.com\/www.vjevent.fr\/wp-content\/uploads\/2020\/07\/icon-view.png?fit=54%2C54&#038;ssl=1\" \n\t\t\t\t\tdata-src=\"https:\/\/i0.wp.com\/www.vjevent.fr\/wp-content\/uploads\/2020\/07\/icon-view.png?fit=54%2C54&#038;ssl=1\" \n\t\t\t\t\tdata-ret=\"https:\/\/i0.wp.com\/www.vjevent.fr\/wp-content\/uploads\/2020\/07\/icon-view%402x.png?fit=108%2C108&#038;ssl=1\" \n\t\t\t\t\tclass=\"retina\" \n\t\t\t\t\talt=\"alt\" \n\t\t\t\t\/>\n\t\t\t<\/div>\n<h4>Immersif<\/h4>\n<p>Ambiances visuelles th\u00e9matiques en temps r\u00e9el\n\t\t<\/div>\n\t\n\t\t<div class=\"feature flat-icon wow fadeIn\" data-wow-duration=\"1s\" data-wow-delay=\"0.6s\">\n\t\t\t<div class=\"icon\"> \n\t\t\t\t<img \n\t\t\t\t\tsrc=\"https:\/\/i0.wp.com\/www.vjevent.fr\/wp-content\/uploads\/2015\/05\/icon-heart.png?fit=51%2C47&#038;ssl=1\" \n\t\t\t\t\tdata-src=\"https:\/\/i0.wp.com\/www.vjevent.fr\/wp-content\/uploads\/2015\/05\/icon-heart.png?fit=51%2C47&#038;ssl=1\" \n\t\t\t\t\tdata-ret=\"https:\/\/i0.wp.com\/www.vjevent.fr\/wp-content\/uploads\/2015\/05\/icon-heart%402x.png?fit=101%2C95&#038;ssl=1\" \n\t\t\t\t\tclass=\"retina\" \n\t\t\t\t\talt=\"alt\" \n\t\t\t\t\/>\n\t\t\t<\/div>\n<h4>Vecteur de communication<\/h4>\n<p>Int\u00e9gration des m\u00e9dia et de mots cl\u00e9s de l\u2019annonceur\n\t\t<\/div>\n\t\n\t\t<div class=\"feature flat-icon wow fadeIn\" data-wow-duration=\"1s\" data-wow-delay=\"0.9s\">\n\t\t\t<div class=\"icon\"> \n\t\t\t\t<img \n\t\t\t\t\tsrc=\"https:\/\/i0.wp.com\/www.vjevent.fr\/wp-content\/uploads\/2020\/07\/icon-disk.png?fit=54%2C54&#038;ssl=1\" \n\t\t\t\t\tdata-src=\"https:\/\/i0.wp.com\/www.vjevent.fr\/wp-content\/uploads\/2020\/07\/icon-disk.png?fit=54%2C54&#038;ssl=1\" \n\t\t\t\t\tdata-ret=\"https:\/\/i0.wp.com\/www.vjevent.fr\/wp-content\/uploads\/2020\/07\/icon-disk%402x.png?fit=108%2C108&#038;ssl=1\" \n\t\t\t\t\tclass=\"retina\" \n\t\t\t\t\talt=\"alt\" \n\t\t\t\t\/>\n\t\t\t<\/div>\n<h4>En synchronisation avec la musique<\/h4>\n<p>Le vj adapte le contenu vid\u00e9o en temps r\u00e9el \u00e0 la musique du dj ou du groupe.\n\t\t<\/div>\n\t\n\t\t<div class=\"feature flat-icon wow fadeIn\" data-wow-duration=\"1s\" data-wow-delay=\"0.9s\">\n\t\t\t<div class=\"icon\"> \n\t\t\t\t<img \n\t\t\t\t\tsrc=\"https:\/\/i0.wp.com\/www.vjevent.fr\/wp-content\/uploads\/2020\/07\/icon-camera.png?fit=54%2C50&#038;ssl=1\" \n\t\t\t\t\tdata-src=\"https:\/\/i0.wp.com\/www.vjevent.fr\/wp-content\/uploads\/2020\/07\/icon-camera.png?fit=54%2C50&#038;ssl=1\" \n\t\t\t\t\tdata-ret=\"https:\/\/i0.wp.com\/www.vjevent.fr\/wp-content\/uploads\/2020\/07\/icon-camera%402x.png?fit=108%2C101&#038;ssl=1\" \n\t\t\t\t\tclass=\"retina\" \n\t\t\t\t\talt=\"alt\" \n\t\t\t\t\/>\n\t\t\t<\/div>\n<h4><a title=\"Live digital portrait gallery\" href=\"http:\/\/www.vjevent.com\/galerie-de-portraits-numeriques-live\/\">Galerie de portraits live<\/a> ou reprise cam\u00e9ra<\/h4>\n<p>Innovation et interactivit\u00e9 avec le public.\n\t\t<\/div>\n\t[\/vc_column][\/vc_row][vc_row][vc_column][vc_column_text]<\/p>\n<h3 class=\"main-title\"><strong>V-jaying<\/strong><strong><br \/>\n<\/strong><\/h3>\n<h4>Le v-jaying une solution en temps r\u00e9el pour animer vos \u00e9crans<\/h4>\n<p align=\"justify\">Les prestations de VJ Event se d\u00e9clinent autour du v-jaying, performance artistique de mixage de flux d\u2019images en temps r\u00e9el en rythme avec la musique. C\u2019est le coeur de m\u00e9tier du studio avec plus de 500 prestations depuis 2005.<\/p>\n<p>VJ Event dispose d\u2019une biblioth\u00e8que \u00e9tendue de s\u00e9quences vid\u00e9os et r\u00e9alise des boucles vid\u00e9os et des animations de logos adapt\u00e9es \u00e0 la th\u00e9matique de votre \u00e9v\u00e9nement.<\/p>\n<p>Le studio assure la conception de contenu, l\u2019int\u00e9gration des m\u00e9dias du client, ainsi que la prise en charge technique de l\u2019animation, d\u2019une projection simple sur un \u00e9cran jusqu\u2019\u00e0 des dispositifs multi-\u00e9crans complexes.[\/vc_column_text] [vc_gallery type=\u00a0\u00bbimage_grid\u00a0\u00bb images=\u00a0\u00bb3046,3056,3055,3054,3053,3052,3051,3050,3049,3048,3047,3063,3057,3058&Prime;][vc_column_text css=\u00a0\u00bb.vc_custom_1595088850068{padding-top : 20px !important;}\u00a0\u00bb]L\u2019atout du v-jaying dans l\u2019\u00e9v\u00e9nementiel est de permettre une cr\u00e9ation de contenus riches et artistiques sans les contraintes de la production \u00ab\u00a0off-line\u00a0\u00bb. Il dynamise aussi vos \u00e9v\u00e9nements en renfor\u00e7ant l\u2019interactivit\u00e9 avec le publique gr\u00e2ce \u00e0 la captation\/rediffusion cam\u00e9ras fixes ou mobiles (option).<\/p>\n<p>Il s\u2019effectue de fa\u00e7on num\u00e9rique \u00e0 l\u2019aide de logiciels et \u00e9ventuellement avec un m\u00e9langeur permettant de jouer avec des sources vid\u00e9os multiples (ordinateurs, captation en directe par cam\u00e9ra, flux vid\u00e9o I-pad\u2026). Il fait ainsi appel \u00e0 de nombreuses sources visuelles: vid\u00e9os, photos, typographies, textes, animations flash, 3d.[\/vc_column_text][\/vc_column][\/vc_row][vc_row kwoon_bg=\u00a0\u00bbinverse\u00a0\u00bb][vc_column width=\u00a0\u00bb1\/12&Prime;][\/vc_column][vc_column width=\u00a0\u00bb10\/12&Prime;]<h3 class=\"main-title text-center\"><strong>Vid\u00e9o \u00e0 la une<\/strong><\/h3>[vc_video link=\u00a0\u00bbhttps:\/\/vimeo.com\/474659224&Prime;][vc_column_text]Mixe en temps r\u00e9el pour les laboratoires GSK &#8211; Th\u00e8me de l&rsquo;espace[\/vc_column_text][\/vc_column][vc_column width=\u00a0\u00bb1\/12&Prime;][\/vc_column][\/vc_row][vc_row][vc_column][vc_column_text]<\/p>\n<h4><strong>Les compl\u00e9ments<\/strong><\/h4>\n<p><span class=\"pink2\">\u2013 Cr\u00e9ation d\u2019une base de donn\u00e9e vid\u00e9o th\u00e9matique aux \u00ab couleurs \u00bb du client<br \/>\n\u2013 Cr\u00e9ation de diaporamas anim\u00e9s en temps r\u00e9el \u00e0 partir de photographies prises lors de la soir\u00e9e : <a title=\"Live digital portrait gallery\" href=\"http:\/\/www.vjevent.com\/galerie-de-portraits-numeriques- live\/\">Live digital portrait gallery<\/a><br \/>\n\u2013 R\u00e9alisation de sc\u00e9nographies vid\u00e9os originales<\/span><br \/>\n\u2013 <a title=\"Aroma v-jaying\" href=\"https:\/\/www.vjevent.fr\/aroma-v-jaying\/\" target=\"_blank\" rel=\"noopener\">Aroma V-Jaying<\/a>: Diffusion de fragrances<br \/>\n\u2013 Int\u00e9gration d\u2019un flux i-pad permettant aux invit\u00e9s de dessiner sur le contenu diffus\u00e9 ou de transf\u00e9rer des messages pour diffusion apr\u00e8s mod\u00e9ration[\/vc_column_text][\/vc_column][\/vc_row][vc_row kwoon_bg=\u00a0\u00bbinverse\u00a0\u00bb][vc_column width=\u00a0\u00bb1\/12&Prime;][\/vc_column][vc_column width=\u00a0\u00bb10\/12&Prime;]<h3 class=\"main-title text-center\"><strong>Vid\u00e9o <\/strong>\u00e0 la une<\/h3>[vc_video link=\u00a0\u00bbhttps:\/\/vimeo.com\/471755565&Prime;][vc_column_text]Un voyage dans le temps en images lors de cette soir\u00e9e g\u00e9n\u00e9ration pour le PMU[\/vc_column_text][\/vc_column][vc_column width=\u00a0\u00bb1\/12&Prime;][\/vc_column][\/vc_row][vc_row][vc_column][vc_column_text]<strong>R\u00e9f\u00e9rences : <\/strong>\u2013 Ice Watch &#8211; Matfer-Bourgeat (Novell\u2019Art) \u2013 Porsche (Agence L\u2019Art de Vivre) \u2013 Inauguration du Club Med Valmorel \u2013 Dunhill \u2013 Fun Radio \u2013 N.R.J \u2013 Mus\u00e9e Gr\u00e9vin \u2013 Pommery (Stella Publicis) \u2013 H\u00f4tel Marriott \u2013 Fnac Digitale (Auditoire) \u2013 Mini Austin (Horizon) \u2013 Pages Jaunes \u2013 Vespa (Agence Rouge) \u2013 H.E.C &amp; Dauphine \u2013 Mairie de Boulogne-Billancourt \u2013 Caisse des D\u00e9p\u00f4ts \u2013 Norton Antivirus (Le Public Syst\u00e8me) \u2013 Sony \u2013 NBC Universal (Be A Live) \u2013 Laboratoires Glaxo \u2013 Disney Paris \u2013 La Poste \u2013 M6 mobile \u2013 Infra SNCF \u2013 Nespresso \u2013 Procter &amp; Gamble \u2013 Microsoft \u2013 Puma \u2013 Hoya \u2013 L\u2019Or\u00e9al \u2013 Boursorama \u2013 Axa\u2013 Gecina \u2013 RTE (Agence A-blok) \u2013 Silmo (Couleur Ev\u00e9nements) \u2013 EDF (FeelGoude) \u2013 Mus\u00e9e du Quai Branly \u2013 Espace Van-Gogh (SEDP) \u2013 Schneider Electric \u2013 CACIB (CCE Organisation) \u2013 Reebok (Spice Up) \u2013 Laboratoire Roche (IsiQom) \u2013 PointS (La Franco American Image) \u2013 Cr\u00e9dit Agricole Loire-Atlantique (Novell\u2019Art) \u2013PMU (Monsieur Loyal) \u2013 Parrot SA (Absolute Event), Arkopharma \u2026[\/vc_column_text][\/vc_column][\/vc_row][vc_row][vc_column]<h3 class=\"main-title text-center\">Quelques uns de mes \u00e9v\u00e9nements vj<\/h3>\t\n\t\t\n\t\t<div class=\"portfolio-grid masonry-portfolio\">\n\t\t\n\t\t\t\t\t\t\n\t\t\t<div class=\"items-wrapper\">\n\t\t\t\n\t\t\t\t<div class=\"isotope items\">\n\t\t\t\t\t\n\n<div class=\"item normal past-events v-jaying\">\n\t<figure> \n\t\t<a href=\"https:\/\/www.vjevent.fr\/fr\/portfolio\/soiree-de-gala-au-palais-des-festivals-de-cannes\/\">\n\t\t\t<div class=\"text-overlay\">\n\t\t\t\t<div class=\"info\"><span>Voir les r\u00e9alisations<\/span><\/div>\n\t\t\t<\/div>\n\t\t\t<img decoding=\"async\" src=\"https:\/\/i0.wp.com\/www.vjevent.fr\/wp-content\/uploads\/2024\/02\/star-night.png?fit=1900%2C1300&#038;ssl=1\" alt=\"Soir\u00e9e de Gala au Palais des festivals de Cannes\" \/> \n\t\t<\/a>\n\t<\/figure>\n<\/div>\n\n<div class=\"item normal past-events v-jaying\">\n\t<figure> \n\t\t<a href=\"https:\/\/www.vjevent.fr\/fr\/portfolio\/coupe-du-monde-rugby-asahi\/\">\n\t\t\t<div class=\"text-overlay\">\n\t\t\t\t<div class=\"info\"><span>Voir les r\u00e9alisations<\/span><\/div>\n\t\t\t<\/div>\n\t\t\t<img decoding=\"async\" src=\"https:\/\/i0.wp.com\/www.vjevent.fr\/wp-content\/uploads\/2023\/10\/410.jpg?fit=1950%2C1300&#038;ssl=1\" alt=\"Soir\u00e9e de lancement de la Coupe du Monde de Rubgy  Asahi\" \/> \n\t\t<\/a>\n\t<\/figure>\n<\/div>\n\n<div class=\"item normal jingles-convention past-events regie-video v-jaying\">\n\t<figure> \n\t\t<a href=\"https:\/\/www.vjevent.fr\/fr\/portfolio\/soiree-40-ans-de-l-afdu\/\">\n\t\t\t<div class=\"text-overlay\">\n\t\t\t\t<div class=\"info\"><span>Voir les r\u00e9alisations<\/span><\/div>\n\t\t\t<\/div>\n\t\t\t<img decoding=\"async\" src=\"https:\/\/i0.wp.com\/www.vjevent.fr\/wp-content\/uploads\/2023\/04\/afdu.jpg?fit=2048%2C1365&#038;ssl=1\" alt=\"Soir\u00e9e des 40 ANS de l&rsquo;AFDU\" \/> \n\t\t<\/a>\n\t<\/figure>\n<\/div>\n\n<div class=\"item normal d-jaying past-events v-jaying\">\n\t<figure> \n\t\t<a href=\"https:\/\/www.vjevent.fr\/fr\/portfolio\/mixe-vj-dj-pour-le-groupe-beneteau-a-cannes\/\">\n\t\t\t<div class=\"text-overlay\">\n\t\t\t\t<div class=\"info\"><span>Voir les r\u00e9alisations<\/span><\/div>\n\t\t\t<\/div>\n\t\t\t<img decoding=\"async\" src=\"https:\/\/i0.wp.com\/www.vjevent.fr\/wp-content\/uploads\/2022\/02\/beneteau2.jpg?fit=1000%2C666&#038;ssl=1\" alt=\"Mixe vj &#038; dj  pour le Groupe Beneteau \u00e0 Cannes\" \/> \n\t\t<\/a>\n\t<\/figure>\n<\/div>\n\n<div class=\"item normal past-events v-jaying\">\n\t<figure> \n\t\t<a href=\"https:\/\/www.vjevent.fr\/fr\/portfolio\/mixe-vj-pour-un-evenement-prive-a-londres\/\">\n\t\t\t<div class=\"text-overlay\">\n\t\t\t\t<div class=\"info\"><span>Voir les r\u00e9alisations<\/span><\/div>\n\t\t\t<\/div>\n\t\t\t<img decoding=\"async\" src=\"https:\/\/i0.wp.com\/www.vjevent.fr\/wp-content\/uploads\/2022\/02\/the-roundhouse.jpg?fit=1200%2C947&#038;ssl=1\" alt=\"Mixe vj pour un \u00e9v\u00e9nement priv\u00e9 \u00e0 Londres\" \/> \n\t\t<\/a>\n\t<\/figure>\n<\/div>\n\n<div class=\"item normal past-events v-jaying\">\n\t<figure> \n\t\t<a href=\"https:\/\/www.vjevent.fr\/fr\/portfolio\/mixe-vj-pour-smart-reboot-now\/\">\n\t\t\t<div class=\"text-overlay\">\n\t\t\t\t<div class=\"info\"><span>Voir les r\u00e9alisations<\/span><\/div>\n\t\t\t<\/div>\n\t\t\t<img decoding=\"async\" src=\"https:\/\/i0.wp.com\/www.vjevent.fr\/wp-content\/uploads\/2022\/02\/smart-reboot-2019-1-1.jpg?fit=1000%2C750&#038;ssl=1\" alt=\"Mixe vj pour l&rsquo;\u00e9v\u00e9nement Smart Reboot Now \u00e0 la Mutualit\u00e9\" \/> \n\t\t<\/a>\n\t<\/figure>\n<\/div>\n\n<div class=\"item normal d-jaying past-events v-jaying\">\n\t<figure> \n\t\t<a href=\"https:\/\/www.vjevent.fr\/fr\/portfolio\/mixe-vj-au-terminal-7-a-paris-pour-signia\/\">\n\t\t\t<div class=\"text-overlay\">\n\t\t\t\t<div class=\"info\"><span>Voir les r\u00e9alisations<\/span><\/div>\n\t\t\t<\/div>\n\t\t\t<img decoding=\"async\" src=\"https:\/\/i0.wp.com\/www.vjevent.fr\/wp-content\/uploads\/2022\/02\/signia1.jpg?fit=1600%2C1200&#038;ssl=1\" alt=\"Mixe vj au Terminal 7 \u00e0 Paris pour  Signia\" \/> \n\t\t<\/a>\n\t<\/figure>\n<\/div>\n\n<div class=\"item normal past-events v-jaying\">\n\t<figure> \n\t\t<a href=\"https:\/\/www.vjevent.fr\/fr\/portfolio\/mixe-vj-pour-les-voeux-de-la-mairie-de-montrouge\/\">\n\t\t\t<div class=\"text-overlay\">\n\t\t\t\t<div class=\"info\"><span>Voir les r\u00e9alisations<\/span><\/div>\n\t\t\t<\/div>\n\t\t\t<img decoding=\"async\" src=\"https:\/\/i0.wp.com\/www.vjevent.fr\/wp-content\/uploads\/2021\/08\/back-to-the-future-2.jpg?fit=1171%2C894&#038;ssl=1\" alt=\"Mixe vj  pour les voeux 2020 de la Mairie de Montrouge\" \/> \n\t\t<\/a>\n\t<\/figure>\n<\/div>\n\n<div class=\"item normal past-events v-jaying\">\n\t<figure> \n\t\t<a href=\"https:\/\/www.vjevent.fr\/fr\/portfolio\/mixe-de-video-soiree-generation\/\">\n\t\t\t<div class=\"text-overlay\">\n\t\t\t\t<div class=\"info\"><span>Voir les r\u00e9alisations<\/span><\/div>\n\t\t\t<\/div>\n\t\t\t<img decoding=\"async\" src=\"https:\/\/i0.wp.com\/www.vjevent.fr\/wp-content\/uploads\/2018\/02\/vj-event-soiree-generation.png?fit=480%2C320&#038;ssl=1\" alt=\"Mixe de vid\u00e9o en temps r\u00e9el &#8211; Soir\u00e9e G\u00e9n\u00e9ration  pour le PMU\" \/> \n\t\t<\/a>\n\t<\/figure>\n<\/div>\n\n<div class=\"item normal past-events v-jaying\">\n\t<figure> \n\t\t<a href=\"https:\/\/www.vjevent.fr\/fr\/portfolio\/mixe-vj-monumental-arena-la-defense\/\">\n\t\t\t<div class=\"text-overlay\">\n\t\t\t\t<div class=\"info\"><span>Voir les r\u00e9alisations<\/span><\/div>\n\t\t\t<\/div>\n\t\t\t<img decoding=\"async\" src=\"https:\/\/i0.wp.com\/www.vjevent.fr\/wp-content\/uploads\/2021\/05\/VJ-U-Arena-La-Defense-Nanterre-vj-event.jpg?fit=1397%2C761&#038;ssl=1\" alt=\"VJ Event -Mixe vj \u00e0 l&rsquo;Arena La D\u00e9fense\" \/> \n\t\t<\/a>\n\t<\/figure>\n<\/div>\n\n<div class=\"item normal past-events v-jaying\">\n\t<figure> \n\t\t<a href=\"https:\/\/www.vjevent.fr\/fr\/portfolio\/mixe-de-video-aerosol-parrot\/\">\n\t\t\t<div class=\"text-overlay\">\n\t\t\t\t<div class=\"info\"><span>Voir les r\u00e9alisations<\/span><\/div>\n\t\t\t<\/div>\n\t\t\t<img decoding=\"async\" src=\"https:\/\/i0.wp.com\/www.vjevent.fr\/wp-content\/uploads\/2017\/12\/vj-event-parrot-min.png?fit=480%2C320&#038;ssl=1\" alt=\"Mixe de vid\u00e9o en temps r\u00e9el pour Parrot \u00e0 l&rsquo;A\u00e9rosol\" \/> \n\t\t<\/a>\n\t<\/figure>\n<\/div>\n\n<div class=\"item normal past-events v-jaying\">\n\t<figure> \n\t\t<a href=\"https:\/\/www.vjevent.fr\/fr\/portfolio\/mix-vj-bolton-consulting\/\">\n\t\t\t<div class=\"text-overlay\">\n\t\t\t\t<div class=\"info\"><span>Voir les r\u00e9alisations<\/span><\/div>\n\t\t\t<\/div>\n\t\t\t<img decoding=\"async\" src=\"https:\/\/i0.wp.com\/www.vjevent.fr\/wp-content\/uploads\/2018\/02\/vj-event-mix-led-cambon.png?fit=480%2C320&#038;ssl=1\" alt=\"Mix vj Bolton Consulting &#8211; Espace Cambon\" \/> \n\t\t<\/a>\n\t<\/figure>\n<\/div>\n\n<div class=\"item normal past-events v-jaying\">\n\t<figure> \n\t\t<a href=\"https:\/\/www.vjevent.fr\/fr\/portfolio\/mix-vj-pour-rte-a-blok-pour-simple\/\">\n\t\t\t<div class=\"text-overlay\">\n\t\t\t\t<div class=\"info\"><span>Voir les r\u00e9alisations<\/span><\/div>\n\t\t\t<\/div>\n\t\t\t<img decoding=\"async\" src=\"https:\/\/i0.wp.com\/www.vjevent.fr\/wp-content\/uploads\/2015\/01\/vjevent-rte-700-300-min.png?fit=480%2C320&#038;ssl=1\" alt=\"Mix vj pour RTE &#8211; A-blok pour Simple!\" \/> \n\t\t<\/a>\n\t<\/figure>\n<\/div>\n\n<div class=\"item normal past-events v-jaying\">\n\t<figure> \n\t\t<a href=\"https:\/\/www.vjevent.fr\/fr\/portfolio\/soiree-annuelle-dune-banque-francaise\/\">\n\t\t\t<div class=\"text-overlay\">\n\t\t\t\t<div class=\"info\"><span>Voir les r\u00e9alisations<\/span><\/div>\n\t\t\t<\/div>\n\t\t\t<img decoding=\"async\" src=\"https:\/\/i0.wp.com\/www.vjevent.fr\/wp-content\/uploads\/2015\/01\/vjaying-palais-de-tokyo-min.png?fit=480%2C320&#038;ssl=1\" alt=\"Soir\u00e9e annuelle d&rsquo;une Banque Fran\u00e7aise\" \/> \n\t\t<\/a>\n\t<\/figure>\n<\/div>\n\n<div class=\"item normal past-events architectural-video-mapping structure-mapping v-jaying\">\n\t<figure> \n\t\t<a href=\"https:\/\/www.vjevent.fr\/fr\/portfolio\/mapping-et-v-jaying-soiree-paris-lumieres-pour-un-grand-groupe-dassurance-international\/\">\n\t\t\t<div class=\"text-overlay\">\n\t\t\t\t<div class=\"info\"><span>Voir les r\u00e9alisations<\/span><\/div>\n\t\t\t<\/div>\n\t\t\t<img decoding=\"async\" src=\"https:\/\/i0.wp.com\/www.vjevent.fr\/wp-content\/uploads\/2012\/06\/thumb-vjaying-electric-paris-vj-event.png?fit=480%2C320&#038;ssl=1\" alt=\"Mapping et v-jaying : Soir\u00e9e \u00ab Paris Lumi\u00e8res \u00bb pour un grand groupe d\u2019Assurance international\" \/> \n\t\t<\/a>\n\t<\/figure>\n<\/div>\n\n<div class=\"item normal past-events galerie-photo-temps-reel v-jaying\">\n\t<figure> \n\t\t<a href=\"https:\/\/www.vjevent.fr\/fr\/portfolio\/galerie-de-portraits-artistique\/\">\n\t\t\t<div class=\"text-overlay\">\n\t\t\t\t<div class=\"info\"><span>Voir les r\u00e9alisations<\/span><\/div>\n\t\t\t<\/div>\n\t\t\t<img decoding=\"async\" src=\"https:\/\/i0.wp.com\/www.vjevent.fr\/wp-content\/uploads\/2012\/01\/poptraits-warhol.png?fit=480%2C320&#038;ssl=1\" alt=\"Galerie de portraits Artistique &#038; Mixe vj en temps r\u00e9el pour le Laboratoire Roche \u00e0 Hambourg\" \/> \n\t\t<\/a>\n\t<\/figure>\n<\/div>\n\n<div class=\"item normal past-events v-jaying\">\n\t<figure> \n\t\t<a href=\"https:\/\/www.vjevent.fr\/fr\/portfolio\/v-jaying-pour-louverture-du-concept-store-reebok-a-paris\/\">\n\t\t\t<div class=\"text-overlay\">\n\t\t\t\t<div class=\"info\"><span>Voir les r\u00e9alisations<\/span><\/div>\n\t\t\t<\/div>\n\t\t\t<img decoding=\"async\" src=\"https:\/\/i0.wp.com\/www.vjevent.fr\/wp-content\/uploads\/2014\/03\/reebok-min.png?fit=480%2C320&#038;ssl=1\" alt=\"V-jaying pour l&rsquo;ouverture du Concept Store Reebok \u00e0 Paris\" \/> \n\t\t<\/a>\n\t<\/figure>\n<\/div>\n\n<div class=\"item normal d-jaying past-events v-jaying\">\n\t<figure> \n\t\t<a href=\"https:\/\/www.vjevent.fr\/fr\/portfolio\/mixe-vj-dj-before-au-musee-du-quai-branly\/\">\n\t\t\t<div class=\"text-overlay\">\n\t\t\t\t<div class=\"info\"><span>Voir les r\u00e9alisations<\/span><\/div>\n\t\t\t<\/div>\n\t\t\t<img decoding=\"async\" src=\"https:\/\/i0.wp.com\/www.vjevent.fr\/wp-content\/uploads\/2013\/11\/musee-quai-branly-vj-event-kanak-min.png?fit=480%2C320&#038;ssl=1\" alt=\"Mixe vj\/dj  Before au Mus\u00e9e du Quai Branly\" \/> \n\t\t<\/a>\n\t<\/figure>\n<\/div>\n\n<div class=\"item normal aroma-v-jaying past-events v-jaying videos-promotionelles\">\n\t<figure> \n\t\t<a href=\"https:\/\/www.vjevent.fr\/fr\/portfolio\/vjaying-lancement-presse-ice-watch\/\">\n\t\t\t<div class=\"text-overlay\">\n\t\t\t\t<div class=\"info\"><span>Voir les r\u00e9alisations<\/span><\/div>\n\t\t\t<\/div>\n\t\t\t<img decoding=\"async\" src=\"https:\/\/i0.wp.com\/www.vjevent.fr\/wp-content\/uploads\/2013\/10\/ice-watch-vjaying-vj-event-min.png?fit=480%2C320&#038;ssl=1\" alt=\"Lancement Presse Ice Watch\" \/> \n\t\t<\/a>\n\t<\/figure>\n<\/div>\n\n<div class=\"item normal aroma-v-jaying past-events v-jaying\">\n\t<figure> \n\t\t<a href=\"https:\/\/www.vjevent.fr\/fr\/portfolio\/aroma-v-jaying-diffusion-fragrences\/\">\n\t\t\t<div class=\"text-overlay\">\n\t\t\t\t<div class=\"info\"><span>Voir les r\u00e9alisations<\/span><\/div>\n\t\t\t<\/div>\n\t\t\t<img decoding=\"async\" src=\"https:\/\/i0.wp.com\/www.vjevent.fr\/wp-content\/uploads\/2012\/07\/min-aroma-vjaying.png?fit=480%2C320&#038;ssl=1\" alt=\"Dunhill Master Blend Casablanca &#8211; Aroma V-Jaying\" \/> \n\t\t<\/a>\n\t<\/figure>\n<\/div>\n\n<div class=\"item normal past-events v-jaying videos-ambiance\">\n\t<figure> \n\t\t<a href=\"https:\/\/www.vjevent.fr\/fr\/portfolio\/video-dambiance-pour-armani\/\">\n\t\t\t<div class=\"text-overlay\">\n\t\t\t\t<div class=\"info\"><span>Voir les r\u00e9alisations<\/span><\/div>\n\t\t\t<\/div>\n\t\t\t<img decoding=\"async\" src=\"https:\/\/i0.wp.com\/www.vjevent.fr\/wp-content\/uploads\/2011\/02\/armani_vj_event_web-2.png?fit=480%2C320&#038;ssl=1\" alt=\"Vid\u00e9o d&rsquo;ambiance pour Armani\" \/> \n\t\t<\/a>\n\t<\/figure>\n<\/div>\n\n<div class=\"item normal d-jaying emulator past-events v-jaying\">\n\t<figure> \n\t\t<a href=\"https:\/\/www.vjevent.fr\/fr\/portfolio\/mixe-dj-emulator-et-vj\/\">\n\t\t\t<div class=\"text-overlay\">\n\t\t\t\t<div class=\"info\"><span>Voir les r\u00e9alisations<\/span><\/div>\n\t\t\t<\/div>\n\t\t\t<img decoding=\"async\" src=\"https:\/\/i0.wp.com\/www.vjevent.fr\/wp-content\/uploads\/2013\/10\/schneider-electric-v-jaying-d-jaying-emulator-min.png?fit=480%2C320&#038;ssl=1\" alt=\"Mixe dj emulator&#038;vj  pour Schneider Electric\" \/> \n\t\t<\/a>\n\t<\/figure>\n<\/div>\t\t\t\t<\/div>\n\t\t\t\t\n\t\t\t\t\t\t\t\n\t\t\t<\/div>\n\t\t\n\t\t<\/div>\n\t\t\n\t\t\t\t\n[\/vc_column][\/vc_row][vc_row kwoon_bg=\u00a0\u00bbinverse\u00a0\u00bb css=\u00a0\u00bb.vc_custom_1595027776987{background-image: url(https:\/\/www.vjevent.fr\/wp-content\/uploads\/2020\/07\/fond-mailing-projets-vj-event.png?id=3013) !important;}\u00a0\u00bb][vc_column width=\u00a0\u00bb12\/12&Prime;]<h3 class=\"main-title text-center\">Et si nous imaginons ensemble l&rsquo; <strong>animation visuelle<\/strong> de votre \u00e9v\u00e9nement?<\/h3>[vc_column_text]<\/p>\n<p style=\"text-align: center;\"><a class=\"btn btn-border fixed-width\" href=\"\/quelques-unes-des-realisations-vj-event\/\">R\u00e9alisations<\/a> <a class=\"btn btn-border fixed-width\" href=\"\/contact\">Contactez-moi<\/a><\/p>\n<p>[\/vc_column_text][\/vc_column][\/vc_row]<\/p>","protected":false},"excerpt":{"rendered":"<p>[vc_row kwoon_bg=\u00a0\u00bbleft\u00a0\u00bb css=\u00a0\u00bb.vc_custom_1594325530016{background-image: url(https:\/\/www.vjevent.fr\/wp-content\/uploads\/2020\/07\/mixe-vj-arena.jpg?id=2910) !important;}\u00a0\u00bb el_id=\u00a0\u00bbvjaying\u00a0\u00bb][vc_column][\/vc_column][\/vc_row][vc_row][vc_column][vc_column_text] V-jaying Le v-jaying une solution en temps r\u00e9el pour animer vos \u00e9crans Les prestations de VJ Event se d\u00e9clinent&#8230;<\/p>\n","protected":false},"author":1,"featured_media":0,"parent":0,"menu_order":0,"comment_status":"open","ping_status":"open","template":"","meta":{"om_disable_all_campaigns":false,"_monsterinsights_skip_tracking":false,"_monsterinsights_sitenote_active":false,"_monsterinsights_sitenote_note":"","_monsterinsights_sitenote_category":0,"footnotes":""},"class_list":["post-3021","page","type-page","status-publish","hentry"],"aioseo_notices":[],"jetpack_sharing_enabled":true,"_links":{"self":[{"href":"https:\/\/www.vjevent.fr\/fr\/wp-json\/wp\/v2\/pages\/3021"}],"collection":[{"href":"https:\/\/www.vjevent.fr\/fr\/wp-json\/wp\/v2\/pages"}],"about":[{"href":"https:\/\/www.vjevent.fr\/fr\/wp-json\/wp\/v2\/types\/page"}],"author":[{"embeddable":true,"href":"https:\/\/www.vjevent.fr\/fr\/wp-json\/wp\/v2\/users\/1"}],"replies":[{"embeddable":true,"href":"https:\/\/www.vjevent.fr\/fr\/wp-json\/wp\/v2\/comments?post=3021"}],"version-history":[{"count":53,"href":"https:\/\/www.vjevent.fr\/fr\/wp-json\/wp\/v2\/pages\/3021\/revisions"}],"predecessor-version":[{"id":3809,"href":"https:\/\/www.vjevent.fr\/fr\/wp-json\/wp\/v2\/pages\/3021\/revisions\/3809"}],"wp:attachment":[{"href":"https:\/\/www.vjevent.fr\/fr\/wp-json\/wp\/v2\/media?parent=3021"}],"curies":[{"name":"wp","href":"https:\/\/api.w.org\/{rel}","templated":true}]}}