{"id":3077,"date":"2020-07-18T19:07:39","date_gmt":"2020-07-18T17:07:39","guid":{"rendered":"http:\/\/localhost:8888\/wordpress\/?page_id=3077"},"modified":"2023-04-15T22:20:55","modified_gmt":"2023-04-15T20:20:55","slug":"video-mapping","status":"publish","type":"page","link":"https:\/\/www.vjevent.fr\/fr\/video-mapping\/","title":{"rendered":"Mapping vid\u00e9o"},"content":{"rendered":"<p>[vc_row kwoon_bg=\u00a0\u00bbleft\u00a0\u00bb css=\u00a0\u00bb.vc_custom_1595092705295{background-image: url(https:\/\/www.vjevent.fr\/wp-content\/uploads\/2020\/07\/mapping-vj-event-grand-hotel.jpg?id=2912) !important;}\u00a0\u00bb el_id=\u00a0\u00bbvjaying\u00a0\u00bb][vc_column]\n\t\t<div class=\"feature flat-icon wow fadeIn\" data-wow-duration=\"1s\" data-wow-delay=\"0s\">\n\t\t\t<div class=\"icon\"> \n\t\t\t\t<img \n\t\t\t\t\tsrc=\"https:\/\/i0.wp.com\/www.vjevent.fr\/wp-content\/uploads\/2020\/07\/spectaculaire-mapping.png?fit=54%2C54&#038;ssl=1\" \n\t\t\t\t\tdata-src=\"https:\/\/i0.wp.com\/www.vjevent.fr\/wp-content\/uploads\/2020\/07\/spectaculaire-mapping.png?fit=54%2C54&#038;ssl=1\" \n\t\t\t\t\tdata-ret=\"https:\/\/i0.wp.com\/www.vjevent.fr\/wp-content\/uploads\/2020\/07\/spectaculaire-mapping%402x.png?fit=108%2C108&#038;ssl=1\" \n\t\t\t\t\tclass=\"retina\" \n\t\t\t\t\talt=\"alt\" \n\t\t\t\t\/>\n\t\t\t<\/div>\n<h4>Effet \u00ab\u00a0Wow\u00a0\u00bb<\/h4>\n<p>Le mapping architectural ou d&rsquo;objet a toujours un c\u00f4t\u00e9 magique !\n\t\t<\/div>\n\t\n\t\t<div class=\"feature flat-icon wow fadeIn\" data-wow-duration=\"1s\" data-wow-delay=\"0.6s\">\n\t\t\t<div class=\"icon\"> \n\t\t\t\t<img \n\t\t\t\t\tsrc=\"https:\/\/i0.wp.com\/www.vjevent.fr\/wp-content\/uploads\/2020\/07\/immersif-mapping.png?fit=54%2C54&#038;ssl=1\" \n\t\t\t\t\tdata-src=\"https:\/\/i0.wp.com\/www.vjevent.fr\/wp-content\/uploads\/2020\/07\/immersif-mapping.png?fit=54%2C54&#038;ssl=1\" \n\t\t\t\t\tdata-ret=\"https:\/\/i0.wp.com\/www.vjevent.fr\/wp-content\/uploads\/2020\/07\/immersif-mapping%402x.png?fit=108%2C108&#038;ssl=1\" \n\t\t\t\t\tclass=\"retina\" \n\t\t\t\t\talt=\"alt\" \n\t\t\t\t\/>\n\t\t\t<\/div>\n<h4>Immersif<\/h4>\n<p>Plongez votre audience dans des univers de r\u00e9alit\u00e9 augment\u00e9e architecturale !\n\t\t<\/div>\n\t\n\t\t<div class=\"feature flat-icon wow fadeIn\" data-wow-duration=\"1s\" data-wow-delay=\"0.9s\">\n\t\t\t<div class=\"icon\"> \n\t\t\t\t<img \n\t\t\t\t\tsrc=\"https:\/\/i0.wp.com\/www.vjevent.fr\/wp-content\/uploads\/2020\/07\/multi-support-mapping.png?fit=54%2C54&#038;ssl=1\" \n\t\t\t\t\tdata-src=\"https:\/\/i0.wp.com\/www.vjevent.fr\/wp-content\/uploads\/2020\/07\/multi-support-mapping.png?fit=54%2C54&#038;ssl=1\" \n\t\t\t\t\tdata-ret=\"https:\/\/i0.wp.com\/www.vjevent.fr\/wp-content\/uploads\/2020\/07\/multi-support-mapping%402x.png?fit=108%2C108&#038;ssl=1\" \n\t\t\t\t\tclass=\"retina\" \n\t\t\t\t\talt=\"alt\" \n\t\t\t\t\/>\n\t\t\t<\/div>\n<h4>Multi-support<\/h4>\n<p>Le mapping vid\u00e9o peut \u00eatre mis en place sur des formes 2d ou 3d abstraites, g\u00e9om\u00e9triques ou figuratives\n\t\t<\/div>\n\t[\/vc_column][\/vc_row][vc_row][vc_column][vc_column_text]<\/p>\n<h3 class=\"main-title\"><strong>Mapping architectural ou d&rsquo;objets<\/strong><strong><br \/>\n<\/strong><\/h3>\n<h4>Des installations vid\u00e9o spectaculaires pour animer votre \u00e9v\u00e9nement ou habiller un espace :<\/h4>\n<p>Le vid\u00e9o Mapping ou Projection Mapping, ou encore Mapping vid\u00e9o est un proc\u00e9d\u00e9 de projection vid\u00e9o sur des volumes 3d ou des surfaces 2d afin de cr\u00e9er des d\u00e9cors de grande taille.<\/p>\n<p>Le mapping vid\u00e9o architectural est l\u2019adaptation d\u2019un contenu visuel \u00e0 une surface 3d d&rsquo;un b\u00e2timent (Int\u00e9rieure ou ext\u00e9rieure) par l\u2019application de masques sur la source de projection. Il s\u2019agit d\u2019installations in situ tr\u00e8s spectaculaires et uniques.<\/p>\n<p>En utilisant une combinaison judicieuse de cr\u00e9ation vid\u00e9o et sonore synesth\u00e9sique ce type d\u2019installation transporte les spectateurs dans un univers de r\u00e9alit\u00e9 augment\u00e9e en les impliquant \u00e9motionnellement.[\/vc_column_text][vc_gallery type=\u00a0\u00bbimage_grid\u00a0\u00bb images=\u00a0\u00bb3091,3092,3093,3094,3095,3096,3097,3098,3099,3100,3101,3102,3103,3104,3105,2912,3106,3107,3108,3109,3110&Prime;][vc_column_text css=\u00a0\u00bb.vc_custom_1595095534692{padding-top: 20px !important;}\u00a0\u00bb]<\/p>\n<p align=\"justify\">Le mapping vid\u00e9o se pr\u00eate aussi bien \u00e0 des soir\u00e9es \u00e9v\u00e9nementielles ou institutionnelles (projection monumentale sur facade de b\u00e2timents, retro-mapping, d\u00e9cor projet\u00e9 sur les murs ou sur une surface 3 D cr\u00e9\u00e9e sp\u00e9cialement \u00e0 cet effet) qu\u2019\u00e0 des installations \u00e9ph\u00e8m\u00e9res ou permanentes pour habiller un espace d\u2019accueil d\u2019une entreprise, d\u2019un magasin ou encore un fond de sc\u00e8ne lors d\u2019une convention.<\/p>\n<p align=\"justify\">VJ EVENT propose aussi la r\u00e9alisation de dispositifs sc\u00e9niques sur mesure pour les conventions, spectacles ou soir\u00e9es, tel que des mapping sur objet 3 D (ex.: Flacon de parfum) ou 2 D (ligne de toits, formes figuratives, \u2026).<\/p>\n<p>[\/vc_column_text][\/vc_column][\/vc_row][vc_row kwoon_bg=\u00a0\u00bbinverse\u00a0\u00bb][vc_column width=\u00a0\u00bb1\/12&Prime;][\/vc_column][vc_column width=\u00a0\u00bb10\/12&Prime;]<h3 class=\"main-title text-center\">Vid\u00e9o <strong>\u00e0 la une\u00a0<\/strong><\/h3>[vc_video link=\u00a0\u00bbhttps:\/\/vimeo.com\/436598775&Prime;][vc_column_text]Captation live et cr\u00e9ation originale d&rsquo;un mapping dans le salon du Grand H\u00f4tel Intercontinental \u00e0 Paris[\/vc_column_text][\/vc_column][vc_column width=\u00a0\u00bb1\/12&Prime;][\/vc_column][\/vc_row][vc_row][vc_column][vc_column_text]<\/p>\n<h4><strong>Les compl\u00e9ments<\/strong><\/h4>\n<p>&#8211; En alternative au mapping de fa\u00e7ade, VJ Event con\u00e7oit des projections rep\u00e9r\u00e9es sur des surfaces en deux dimensions. Cette technique permet de changer rapidement de d\u00e9cor et d\u2019immerger le public dans des ambiances diff\u00e9rentes.<\/p>\n<p>Il est possible de concevoir des d\u00e9coupes de diff\u00e9rentes formes pour repr\u00e9senter des objets ou des paysages par exemple. En alternative \u00e0 la projection, il est possible de cr\u00e9er des formes originales \u00e0 partir de dalles LED, comme un Arc de Triomphe par exemple.<\/p>\n<p>\u2013 <a href=\"https:\/\/www.vjevent.fr\/v-jaying\/\" title=\"V-jaying\">V-Jaying<\/a> : Mixe vj sur la surface architecturale ou les objets sc\u00e9niques<br \/>\n\u2013 <a href=\"https:\/\/www.vjevent.fr\/aroma-v-jaying\/\" title=\"Aroma v-jaying\">Aroma V-Jaying<\/a> : Diffusion de fragrances[\/vc_column_text][\/vc_column][\/vc_row][vc_row kwoon_bg=\u00a0\u00bbinverse\u00a0\u00bb][vc_column width=\u00a0\u00bb1\/12&Prime;][\/vc_column][vc_column width=\u00a0\u00bb10\/12&Prime;]<h3 class=\"main-title text-center\">Vid\u00e9o <strong>\u00e0 la une\u00a0<\/strong><\/h3>[vc_video link=\u00a0\u00bbhttps:\/\/vimeo.com\/513848057&Prime;][vc_column_text]Etude pour projection mapp\u00e9 sur un desk dj[\/vc_column_text][\/vc_column][vc_column width=\u00a0\u00bb1\/12&Prime;][\/vc_column][\/vc_row][vc_row][vc_column][vc_column_text]<strong>R\u00e9f\u00e9rences :<\/strong><\/p>\n<p>&#8211; <a href=\"https:\/\/www.vjevent.fr\/portfolio\/mapping-video-au-grand-hotel\/\" title=\"Mapping vid\u00e9o au Grand H\u00f4tel\">Mapping du grand salon du Grand H\u00f4tel Intercontinental \u00e0 Paris<\/a><\/p>\n<p>\u2013 <a href=\"https:\/\/www.vjevent.fr\/portfolio\/mapping-architectural-new-york\/\" title=\"Mapping architectural \u00e0 New-York\" rel=\"noopener\" target=\"_blank\">Mapping au Gotham Hall \u00e0 New-York<\/a> (Agence A-blok)<\/p>\n<p>&#8211; <a href=\"https:\/\/www.vjevent.fr\/portfolio\/mapping-et-v-jaying-soiree-paris-lumieres-pour-un-grand-groupe-dassurance-international\/\" title=\"Mapping et v-jaying : Soir\u00e9e \u00ab Paris Lumi\u00e8res \u00bb pour un grand groupe d\u2019Assurance international\">Mapping sur structure<\/a> en forme de toits de Paris <\/p>\n<p>&#8211; <a href=\"https:\/\/www.vjevent.fr\/portfolio\/mapping-sur-robe-projet-en-developpement\/\" title=\"Mapping sur robe\">Mapping sur robe<\/a><\/p>\n<p>\u2013 Mapping pour des \u00e9v\u00e9nements priv\u00e9s \u00e0 Monaco et Marrakech (Gala Organisation)<\/p>\n<p>[\/vc_column_text][\/vc_column][\/vc_row][vc_row kwoon_bg=\u00a0\u00bbinverse\u00a0\u00bb css=\u00a0\u00bb.vc_custom_1595027776987{background-image: url(https:\/\/www.vjevent.fr\/wp-content\/uploads\/2020\/07\/fond-mailing-projets-vj-event.png?id=3013) !important;}\u00a0\u00bb][vc_column width=\u00a0\u00bb12\/12&Prime;]<h3 class=\"main-title text-center\">Vous avez un projet de <strong>mapping vid\u00e9o<\/strong>\u00a0 ou vous souhaitez organiser un mapping au Grand H\u00f4tel?<\/h3>[vc_column_text]<\/p>\n<p style=\"text-align: center\"><a class=\"btn btn-border fixed-width\" href=\"https:\/\/www.vjevent.fr\/contactez-vj-event\/\">Contactez-moi<\/a><\/p>\n<p>[\/vc_column_text][\/vc_column][\/vc_row]<\/p>","protected":false},"excerpt":{"rendered":"<p>[vc_row kwoon_bg=\u00a0\u00bbleft\u00a0\u00bb css=\u00a0\u00bb.vc_custom_1595092705295{background-image: url(https:\/\/www.vjevent.fr\/wp-content\/uploads\/2020\/07\/mapping-vj-event-grand-hotel.jpg?id=2912) !important;}\u00a0\u00bb el_id=\u00a0\u00bbvjaying\u00a0\u00bb][vc_column][\/vc_column][\/vc_row][vc_row][vc_column][vc_column_text] Mapping architectural ou d&rsquo;objets Des installations vid\u00e9o spectaculaires pour animer votre \u00e9v\u00e9nement ou habiller un espace : Le vid\u00e9o&#8230;<\/p>\n","protected":false},"author":1,"featured_media":0,"parent":0,"menu_order":0,"comment_status":"open","ping_status":"open","template":"","meta":{"om_disable_all_campaigns":false,"_monsterinsights_skip_tracking":false,"_monsterinsights_sitenote_active":false,"_monsterinsights_sitenote_note":"","_monsterinsights_sitenote_category":0,"footnotes":""},"class_list":["post-3077","page","type-page","status-publish","hentry"],"aioseo_notices":[],"jetpack_sharing_enabled":true,"_links":{"self":[{"href":"https:\/\/www.vjevent.fr\/fr\/wp-json\/wp\/v2\/pages\/3077"}],"collection":[{"href":"https:\/\/www.vjevent.fr\/fr\/wp-json\/wp\/v2\/pages"}],"about":[{"href":"https:\/\/www.vjevent.fr\/fr\/wp-json\/wp\/v2\/types\/page"}],"author":[{"embeddable":true,"href":"https:\/\/www.vjevent.fr\/fr\/wp-json\/wp\/v2\/users\/1"}],"replies":[{"embeddable":true,"href":"https:\/\/www.vjevent.fr\/fr\/wp-json\/wp\/v2\/comments?post=3077"}],"version-history":[{"count":13,"href":"https:\/\/www.vjevent.fr\/fr\/wp-json\/wp\/v2\/pages\/3077\/revisions"}],"predecessor-version":[{"id":3702,"href":"https:\/\/www.vjevent.fr\/fr\/wp-json\/wp\/v2\/pages\/3077\/revisions\/3702"}],"wp:attachment":[{"href":"https:\/\/www.vjevent.fr\/fr\/wp-json\/wp\/v2\/media?parent=3077"}],"curies":[{"name":"wp","href":"https:\/\/api.w.org\/{rel}","templated":true}]}}