{"id":3153,"date":"2020-07-19T03:18:50","date_gmt":"2020-07-19T01:18:50","guid":{"rendered":"http:\/\/localhost:8888\/wordpress\/?page_id=3153"},"modified":"2023-04-15T21:55:51","modified_gmt":"2023-04-15T19:55:51","slug":"aroma-v-jaying","status":"publish","type":"page","link":"https:\/\/www.vjevent.fr\/fr\/aroma-v-jaying\/","title":{"rendered":"Aroma v-jaying"},"content":{"rendered":"<p>[vc_row kwoon_bg=\u00a0\u00bbleft\u00a0\u00bb css=\u00a0\u00bb.vc_custom_1595122310101{padding-top: 0px !important;padding-bottom: 0px !important;background-image: url(https:\/\/www.vjevent.fr\/wp-content\/uploads\/2020\/07\/aroma-vjaying.png?id=3157) !important;}\u00a0\u00bb el_id=\u00a0\u00bbvjaying\u00a0\u00bb][vc_column]\n\t\t<div class=\"feature flat-icon wow fadeIn\" data-wow-duration=\"1s\" data-wow-delay=\"0s\">\n\t\t\t<div class=\"icon\"> \n\t\t\t\t<img \n\t\t\t\t\tsrc=\"https:\/\/i0.wp.com\/www.vjevent.fr\/wp-content\/uploads\/2020\/07\/multisensoriel-aroma-vjaying.png?fit=54%2C54&#038;ssl=1\" \n\t\t\t\t\tdata-src=\"https:\/\/i0.wp.com\/www.vjevent.fr\/wp-content\/uploads\/2020\/07\/multisensoriel-aroma-vjaying.png?fit=54%2C54&#038;ssl=1\" \n\t\t\t\t\tdata-ret=\"https:\/\/i0.wp.com\/www.vjevent.fr\/wp-content\/uploads\/2020\/07\/multisensoriel-aroma-vjaying%402x.png?fit=108%2C108&#038;ssl=1\" \n\t\t\t\t\tclass=\"retina\" \n\t\t\t\t\talt=\"alt\" \n\t\t\t\t\/>\n\t\t\t<\/div>\n<h4>Sc\u00e9nograhies multisensorielles<\/h4>\n<p>L&rsquo;Aroma v-jaying permet la synchronisation parfums\/images\/sons\n\t\t<\/div>\n\t\n\t\t<div class=\"feature flat-icon wow fadeIn\" data-wow-duration=\"1s\" data-wow-delay=\"0.6s\">\n\t\t\t<div class=\"icon\"> \n\t\t\t\t<img \n\t\t\t\t\tsrc=\"https:\/\/i0.wp.com\/www.vjevent.fr\/wp-content\/uploads\/2020\/07\/icon-view.png?fit=54%2C54&#038;ssl=1\" \n\t\t\t\t\tdata-src=\"https:\/\/i0.wp.com\/www.vjevent.fr\/wp-content\/uploads\/2020\/07\/icon-view.png?fit=54%2C54&#038;ssl=1\" \n\t\t\t\t\tdata-ret=\"https:\/\/i0.wp.com\/www.vjevent.fr\/wp-content\/uploads\/2020\/07\/icon-view%402x.png?fit=108%2C108&#038;ssl=1\" \n\t\t\t\t\tclass=\"retina\" \n\t\t\t\t\talt=\"alt\" \n\t\t\t\t\/>\n\t\t\t<\/div>\n<h4>Immersif<\/h4>\n<p>Diffusion de fragrances dans de grands espaces\n\t\t<\/div>\n\t\n\t\t<div class=\"feature flat-icon wow fadeIn\" data-wow-duration=\"1s\" data-wow-delay=\"0.9s\">\n\t\t\t<div class=\"icon\"> \n\t\t\t\t<img \n\t\t\t\t\tsrc=\"https:\/\/i0.wp.com\/www.vjevent.fr\/wp-content\/uploads\/2020\/07\/sur-mesure-aroma-vjaying.png?fit=54%2C54&#038;ssl=1\" \n\t\t\t\t\tdata-src=\"https:\/\/i0.wp.com\/www.vjevent.fr\/wp-content\/uploads\/2020\/07\/sur-mesure-aroma-vjaying.png?fit=54%2C54&#038;ssl=1\" \n\t\t\t\t\tdata-ret=\"https:\/\/i0.wp.com\/www.vjevent.fr\/wp-content\/uploads\/2020\/07\/sur-mesure-aroma-vjaying%402x.png?fit=108%2C108&#038;ssl=1\" \n\t\t\t\t\tclass=\"retina\" \n\t\t\t\t\talt=\"alt\" \n\t\t\t\t\/>\n\t\t\t<\/div>\n<h4>Sur mesure<\/h4>\n<p>Catalogue de fragrances \u00e9tendu et conception sp\u00e9cifique\n\t\t<\/div>\n\t[\/vc_column][\/vc_row][vc_row][vc_column][vc_column_text]<\/p>\n<h3 class=\"main-title\"><strong>Aroma v-jaying &#8211; Diffusion de fragrances<\/strong><strong><br \/>\n<\/strong><\/h3>\n<h4>Une exp\u00e9rience multisensorielle alliant parfums, images et sons: la cr\u00e9ation en live d\u2019ambiances olfactives<\/h4>\n<p>Nous recourons \u00e0 l\u2019ensemble des sens pour cr\u00e9er des \u00e9motions fortes. A l\u2019aide d\u2019une interface, l\u2019aroma-vj contr\u00f4le \u00e0 distance la diffusion de parfums. Il est ainsi possible d\u2019associer fragrances, ambiances sonores et vid\u00e9os afin de cr\u00e9er des environnements multisensoriels dans de grands espaces ou dans plusieurs espaces diff\u00e9rents (zoning).<br \/>\nNous disposons d\u2019un catalogue de plus de 600 fragrances et pouvons cr\u00e9er des parfums sur mesure.[\/vc_column_text][vc_column_text css=\u00a0\u00bb.vc_custom_1595121636502{padding-top: 20px !important;}\u00a0\u00bb]Quelques exemples de fragrances :<br \/>\nChampagne Brut, Blue Ginseng, Menthe, Th\u00e9 Vert Fum\u00e9, Feu de Bois, Caf\u00e9 Noir, Oc\u00e9an Iod\u00e9, Cuir, Savane, Garrigue, Jasmin, Fleur d\u2019Oranger, Ananas, Citron, Framboise, Fruit de la Passion, Eucalyptus, Figuier, Cannelle, Gingembre, Cacao, Miel, Vanille \u2026[\/vc_column_text][\/vc_column][\/vc_row][vc_row kwoon_bg=\u00a0\u00bbinverse\u00a0\u00bb][vc_column width=\u00a0\u00bb1\/12&Prime;][\/vc_column][vc_column width=\u00a0\u00bb10\/12&Prime;]<h3 class=\"main-title text-center\">Vid\u00e9o <strong>\u00e0 la une<\/strong><\/h3>[vc_video link=\u00a0\u00bbhttps:\/\/vimeo.com\/513824003&Prime;][vc_column_text]Cr\u00e9ation d&rsquo;une vid\u00e9o d&rsquo;ambiance avec diffusion ofactive pour une suite d&rsquo;h\u00f4tel[\/vc_column_text][\/vc_column][vc_column width=\u00a0\u00bb1\/12&Prime;][\/vc_column][\/vc_row][vc_row][vc_column][vc_column_text]<strong>R\u00e9f\u00e9rences :<\/strong><\/p>\n<p>\u2013 Dunhill<\/p>\n<p>\u2013 H\u00f4tel 7<\/p>\n<p>\u2013 Stylos Mont-Blanc<\/p>\n<p>\u2013 Office du Tourisme d\u2019Afrique du sud<\/p>\n<p>\u2013 Tassimo<\/p>\n<p>\u2013 Spa Miramar<\/p>\n<p>&#8211; Netflix<\/p>\n<p>[\/vc_column_text][\/vc_column][\/vc_row][vc_row kwoon_bg=\u00a0\u00bbinverse\u00a0\u00bb css=\u00a0\u00bb.vc_custom_1595027776987{background-image: url(https:\/\/www.vjevent.fr\/wp-content\/uploads\/2020\/07\/fond-mailing-projets-vj-event.png?id=3013) !important;}\u00a0\u00bb][vc_column width=\u00a0\u00bb12\/12&Prime;]<h3 class=\"main-title text-center\">Vous souhaitez mettre en place une <strong>animation olfactive<\/strong>?<\/h3>[vc_column_text]<\/p>\n<p style=\"text-align: center\"><a class=\"btn btn-border fixed-width\" href=\"http:\/\/contact-contact-1\/\">Contactez-moi<\/a><\/p>\n<p>[\/vc_column_text][\/vc_column][\/vc_row]<\/p>","protected":false},"excerpt":{"rendered":"<p>[vc_row kwoon_bg=\u00a0\u00bbleft\u00a0\u00bb css=\u00a0\u00bb.vc_custom_1595122310101{padding-top: 0px !important;padding-bottom: 0px !important;background-image: url(https:\/\/www.vjevent.fr\/wp-content\/uploads\/2020\/07\/aroma-vjaying.png?id=3157) !important;}\u00a0\u00bb el_id=\u00a0\u00bbvjaying\u00a0\u00bb][vc_column][\/vc_column][\/vc_row][vc_row][vc_column][vc_column_text] Aroma v-jaying &#8211; Diffusion de fragrances Une exp\u00e9rience multisensorielle alliant parfums, images et sons: la&#8230;<\/p>\n","protected":false},"author":1,"featured_media":0,"parent":0,"menu_order":0,"comment_status":"open","ping_status":"open","template":"","meta":{"om_disable_all_campaigns":false,"_monsterinsights_skip_tracking":false,"_monsterinsights_sitenote_active":false,"_monsterinsights_sitenote_note":"","_monsterinsights_sitenote_category":0,"footnotes":""},"class_list":["post-3153","page","type-page","status-publish","hentry"],"aioseo_notices":[],"jetpack_sharing_enabled":true,"_links":{"self":[{"href":"https:\/\/www.vjevent.fr\/fr\/wp-json\/wp\/v2\/pages\/3153"}],"collection":[{"href":"https:\/\/www.vjevent.fr\/fr\/wp-json\/wp\/v2\/pages"}],"about":[{"href":"https:\/\/www.vjevent.fr\/fr\/wp-json\/wp\/v2\/types\/page"}],"author":[{"embeddable":true,"href":"https:\/\/www.vjevent.fr\/fr\/wp-json\/wp\/v2\/users\/1"}],"replies":[{"embeddable":true,"href":"https:\/\/www.vjevent.fr\/fr\/wp-json\/wp\/v2\/comments?post=3153"}],"version-history":[{"count":16,"href":"https:\/\/www.vjevent.fr\/fr\/wp-json\/wp\/v2\/pages\/3153\/revisions"}],"predecessor-version":[{"id":3699,"href":"https:\/\/www.vjevent.fr\/fr\/wp-json\/wp\/v2\/pages\/3153\/revisions\/3699"}],"wp:attachment":[{"href":"https:\/\/www.vjevent.fr\/fr\/wp-json\/wp\/v2\/media?parent=3153"}],"curies":[{"name":"wp","href":"https:\/\/api.w.org\/{rel}","templated":true}]}}