{"id":3165,"date":"2020-07-19T14:02:04","date_gmt":"2020-07-19T12:02:04","guid":{"rendered":"http:\/\/localhost:8888\/wordpress\/?page_id=3165"},"modified":"2023-10-17T09:22:50","modified_gmt":"2023-10-17T07:22:50","slug":"galerie-de-portraits-numeriques-live","status":"publish","type":"page","link":"https:\/\/www.vjevent.fr\/fr\/galerie-de-portraits-numeriques-live\/","title":{"rendered":"Galerie de portraits num\u00e9riques live"},"content":{"rendered":"<p>[vc_row kwoon_bg=\u00a0\u00bbleft\u00a0\u00bb css=\u00a0\u00bb.vc_custom_1595161508550{padding-top: 0px !important;padding-bottom: 0px !important;background-image: url(https:\/\/www.vjevent.fr\/wp-content\/uploads\/2020\/07\/poptraits-warhol.png?id=3168) !important;}\u00a0\u00bb el_id=\u00a0\u00bbvjaying\u00a0\u00bb][vc_column]\n\t\t<div class=\"feature flat-icon wow fadeIn\" data-wow-duration=\"1s\" data-wow-delay=\"0s\">\n\t\t\t<div class=\"icon\"> \n\t\t\t\t<img \n\t\t\t\t\tsrc=\"https:\/\/i0.wp.com\/www.vjevent.fr\/wp-content\/uploads\/2020\/07\/icon-camera.png?fit=54%2C50&#038;ssl=1\" \n\t\t\t\t\tdata-src=\"https:\/\/i0.wp.com\/www.vjevent.fr\/wp-content\/uploads\/2020\/07\/icon-camera.png?fit=54%2C50&#038;ssl=1\" \n\t\t\t\t\tdata-ret=\"https:\/\/i0.wp.com\/www.vjevent.fr\/wp-content\/uploads\/2020\/07\/icon-camera%402x.png?fit=108%2C101&#038;ssl=1\" \n\t\t\t\t\tclass=\"retina\" \n\t\t\t\t\talt=\"alt\" \n\t\t\t\t\/>\n\t\t\t<\/div>\n<h4>Creation of portraits frescoes<\/h4>\n<p>Artistic processing of photos in real time\n\t\t<\/div>\n\t\n\t\t<div class=\"feature flat-icon wow fadeIn\" data-wow-duration=\"1s\" data-wow-delay=\"0.6s\">\n\t\t\t<div class=\"icon\"> \n\t\t\t\t<img \n\t\t\t\t\tsrc=\"https:\/\/i0.wp.com\/www.vjevent.fr\/wp-content\/uploads\/2015\/06\/icon-arrows.png?fit=54%2C55&#038;ssl=1\" \n\t\t\t\t\tdata-src=\"https:\/\/i0.wp.com\/www.vjevent.fr\/wp-content\/uploads\/2015\/06\/icon-arrows.png?fit=54%2C55&#038;ssl=1\" \n\t\t\t\t\tdata-ret=\"https:\/\/i0.wp.com\/www.vjevent.fr\/wp-content\/uploads\/2015\/06\/icon-arrows%402x.png?fit=108%2C109&#038;ssl=1\" \n\t\t\t\t\tclass=\"retina\" \n\t\t\t\t\talt=\"alt\" \n\t\t\t\t\/>\n\t\t\t<\/div>\n<h4>Unifier<\/h4>\n<p>Formation of logos from photos or keywords\n\t\t<\/div>\n\t[\/vc_column][\/vc_row][vc_row][vc_column][vc_column_text]<\/p>\n<h3 class=\"main-title\"><strong>Live digital portrait gallery<\/strong><\/h3>\n<p>During a <a href=\"https:\/\/www.vjevent.fr\/v-jaying\/\" title=\"V-jaying\" rel=\"noopener\" target=\"_blank\">vj mix<\/a>, we offer you to broadcast photos taken during the event with real-time effects and\/or by creating encoded video frescoes from templates made before the event.<\/p>\n<p>We collect the photos taken by the photographer and broadcast them either directly with the addition of textures in real time or after processing.<\/p>\n<p>It is thus possible to create, for example, a video where the portraits form the company logo.<\/p>\n<p>Similarly, it is possible to retrieve keywords upstream or during the event and include them in animations.<br \/>\nDe m\u00eame, il est possible de r\u00e9cup\u00e9rer des mots cl\u00e9s en amont ou lors de l\u2019\u00e9v\u00e9nement et de les inclure dans des animations.[\/vc_column_text][\/vc_column][\/vc_row][vc_row kwoon_bg=\u00a0\u00bbinverse\u00a0\u00bb][vc_column width=\u00a0\u00bb1\/12&Prime;][\/vc_column][vc_column width=\u00a0\u00bb10\/12&Prime;]<h3 class=\"main-title text-center\">Featured <strong>video\u00a0<\/strong><\/h3>[vc_video link=\u00a0\u00bbhttps:\/\/vimeo.com\/508373359&Prime;][vc_column_text]Example of creating a fresco of portraits for Total[\/vc_column_text][\/vc_column][vc_column width=\u00a0\u00bb1\/12&Prime;][\/vc_column][\/vc_row][vc_row][vc_column][vc_column_text]<strong>R\u00e9f\u00e9rences :<\/strong><\/p>\n<p>&#8211; La Poste PACS 2015 \u2013 Paris Sud<\/p>\n<p>&#8211; Laboratoire Roche<\/p>\n<p>&#8211; Axa<\/p>\n<p>[\/vc_column_text][\/vc_column][\/vc_row][vc_row kwoon_bg=\u00a0\u00bbinverse\u00a0\u00bb][vc_column width=\u00a0\u00bb1\/12&Prime;][\/vc_column][vc_column width=\u00a0\u00bb10\/12&Prime;]<h3 class=\"main-title text-center\">Featured <strong>video\u00a0<\/strong><\/h3>[vc_video link=\u00a0\u00bbhttps:\/\/vimeo.com\/585948223&Prime;][vc_column_text]Creation of frescoes of digital portraits from photos taken during the evening [\/vc_column_text][\/vc_column][vc_column width=\u00a0\u00bb1\/12&Prime;][\/vc_column][\/vc_row][vc_row kwoon_bg=\u00a0\u00bbinverse\u00a0\u00bb css=\u00a0\u00bb.vc_custom_1595027776987{background-image: url(https:\/\/www.vjevent.fr\/wp-content\/uploads\/2020\/07\/fond-mailing-projets-vj-event.png?id=3013) !important;}\u00a0\u00bb][vc_column width=\u00a0\u00bb12\/12&Prime;]<h3 class=\"main-title text-center\">You want to set up an animation with <strong>digital portraits<\/strong>?<\/h3>[vc_column_text]<\/p>\n<p style=\"text-align: center\"><a class=\"btn btn-border fixed-width\" href=\"http:\/\/contact-contact-1\/\">Contact me<\/a><\/p>\n<p>[\/vc_column_text][\/vc_column][\/vc_row]<\/p>\n","protected":false},"excerpt":{"rendered":"<p>[vc_row kwoon_bg=\u00a0\u00bbleft\u00a0\u00bb css=\u00a0\u00bb.vc_custom_1595161508550{padding-top: 0px !important;padding-bottom: 0px !important;background-image: url(https:\/\/www.vjevent.fr\/wp-content\/uploads\/2020\/07\/poptraits-warhol.png?id=3168) !important;}\u00a0\u00bb el_id=\u00a0\u00bbvjaying\u00a0\u00bb][vc_column][\/vc_column][\/vc_row][vc_row][vc_column][vc_column_text] Live digital portrait gallery During a vj mix, we offer you to broadcast photos taken&#8230;<\/p>\n","protected":false},"author":1,"featured_media":0,"parent":0,"menu_order":0,"comment_status":"open","ping_status":"open","template":"","meta":{"om_disable_all_campaigns":false,"_monsterinsights_skip_tracking":false,"_monsterinsights_sitenote_active":false,"_monsterinsights_sitenote_note":"","_monsterinsights_sitenote_category":0,"footnotes":""},"class_list":["post-3165","page","type-page","status-publish","hentry"],"aioseo_notices":[],"jetpack_sharing_enabled":true,"_links":{"self":[{"href":"https:\/\/www.vjevent.fr\/fr\/wp-json\/wp\/v2\/pages\/3165"}],"collection":[{"href":"https:\/\/www.vjevent.fr\/fr\/wp-json\/wp\/v2\/pages"}],"about":[{"href":"https:\/\/www.vjevent.fr\/fr\/wp-json\/wp\/v2\/types\/page"}],"author":[{"embeddable":true,"href":"https:\/\/www.vjevent.fr\/fr\/wp-json\/wp\/v2\/users\/1"}],"replies":[{"embeddable":true,"href":"https:\/\/www.vjevent.fr\/fr\/wp-json\/wp\/v2\/comments?post=3165"}],"version-history":[{"count":18,"href":"https:\/\/www.vjevent.fr\/fr\/wp-json\/wp\/v2\/pages\/3165\/revisions"}],"predecessor-version":[{"id":3756,"href":"https:\/\/www.vjevent.fr\/fr\/wp-json\/wp\/v2\/pages\/3165\/revisions\/3756"}],"wp:attachment":[{"href":"https:\/\/www.vjevent.fr\/fr\/wp-json\/wp\/v2\/media?parent=3165"}],"curies":[{"name":"wp","href":"https:\/\/api.w.org\/{rel}","templated":true}]}}