{"id":3326,"date":"2020-07-18T21:30:46","date_gmt":"2020-07-18T19:30:46","guid":{"rendered":"http:\/\/localhost:8888\/wordpress\/?page_id=3114"},"modified":"2023-10-17T20:22:30","modified_gmt":"2023-10-17T18:22:30","slug":"creation-video","status":"publish","type":"page","link":"https:\/\/www.vjevent.fr\/fr\/creation-video\/","title":{"rendered":"Cr\u00e9ation vid\u00e9o"},"content":{"rendered":"<p>[vc_row kwoon_bg=\u00a0\u00bbleft\u00a0\u00bb css=\u00a0\u00bb.vc_custom_1595102987802{background-image: url(https:\/\/www.vjevent.fr\/wp-content\/uploads\/2020\/07\/salon-matfer-bourgeat-1.png?id =3120) !important;}\u00a0\u00bb el_id=\u00a0\u00bbvjaying\u00a0\u00bb][vc_column]\n\t\t<div class=\"feature flat-icon wow fadeIn\" data-wow-duration=\"1s\" data-wow-delay=\"0s\">\n\t\t\t<div class=\"icon\"> \n\t\t\t\t<img \n\t\t\t\t\tsrc=\"https:\/\/i0.wp.com\/www.vjevent.fr\/wp-content\/uploads\/2020\/07\/motion-design.png?fit=54%2C54&#038;ssl=1\" \n\t\t\t\t\tdata-src=\"https:\/\/i0.wp.com\/www.vjevent.fr\/wp-content\/uploads\/2020\/07\/motion-design.png?fit=54%2C54&#038;ssl=1\" \n\t\t\t\t\tdata-ret=\"https:\/\/i0.wp.com\/www.vjevent.fr\/wp-content\/uploads\/2020\/07\/motion-design%402x.png?fit=108%2C108&#038;ssl=1\" \n\t\t\t\t\tclass=\"retina\" \n\t\t\t\t\talt=\"alt\" \n\t\t\t\t\/>\n\t\t\t<\/div>\n<h4>Cr\u00e9ations sur mesure<\/h4>\n<p>Motion design et textures digitales\n\t\t<\/div>\n\t\n\t\t<div class=\"feature flat-icon wow fadeIn\" data-wow-duration=\"1s\" data-wow-delay=\"0.6s\">\n\t\t\t<div class=\"icon\"> \n\t\t\t\t<img \n\t\t\t\t\tsrc=\"https:\/\/i0.wp.com\/www.vjevent.fr\/wp-content\/uploads\/2020\/07\/sound-design.png?fit=54%2C54&#038;ssl=1\" \n\t\t\t\t\tdata-src=\"https:\/\/i0.wp.com\/www.vjevent.fr\/wp-content\/uploads\/2020\/07\/sound-design.png?fit=54%2C54&#038;ssl=1\" \n\t\t\t\t\tdata-ret=\"https:\/\/i0.wp.com\/www.vjevent.fr\/wp-content\/uploads\/2020\/07\/sound-design%402x.png?fit=108%2C108&#038;ssl=1\" \n\t\t\t\t\tclass=\"retina\" \n\t\t\t\t\talt=\"alt\" \n\t\t\t\t\/>\n\t\t\t<\/div>\n<h4>Design Sonore<\/h4>\n<p>VJ Event cr\u00e9\u00e9 des vid\u00e9os o\u00f9 le son se combine avec l&rsquo;image.\n\t\t<\/div>\n\t\n\t\t<div class=\"feature flat-icon wow fadeIn\" data-wow-duration=\"1s\" data-wow-delay=\"0.9s\">\n\t\t\t<div class=\"icon\"> \n\t\t\t\t<img \n\t\t\t\t\tsrc=\"https:\/\/i0.wp.com\/www.vjevent.fr\/wp-content\/uploads\/2020\/07\/high-resolution.png?fit=54%2C54&#038;ssl=1\" \n\t\t\t\t\tdata-src=\"https:\/\/i0.wp.com\/www.vjevent.fr\/wp-content\/uploads\/2020\/07\/high-resolution.png?fit=54%2C54&#038;ssl=1\" \n\t\t\t\t\tdata-ret=\"https:\/\/i0.wp.com\/www.vjevent.fr\/wp-content\/uploads\/2020\/07\/high-resolution%402x.png?fit=108%2C108&#038;ssl=1\" \n\t\t\t\t\tclass=\"retina\" \n\t\t\t\t\talt=\"alt\" \n\t\t\t\t\/>\n\t\t\t<\/div>\n<h4>Cr\u00e9ations de tr\u00e8s hautes r\u00e9solution,  diffusion vj ou via media server<\/h4>\n<p>Cr\u00e9ations d&rsquo;infod\u00e9cors en temps r\u00e9el ou cr\u00e9ation vid\u00e9o pour media server multi-\u00e9crans\n\t\t<\/div>\n\t[\/vc_column][\/vc_row][vc_row][vc_column][vc_column_text]<\/p>\n<h3 class=\"main-title\"><strong>Cr\u00e9ation vid\u00e9o<\/strong><strong><br \/>\n<\/strong><\/h3>\n<h4>Cre\u00e9ation de jingles vid\u00e9os, infod\u00e9cors et vid\u00e9os de respiration pour les conventions<\/h4>\n<p>VJ EVENT cr\u00e9\u00e9 des virgules vid\u00e9o esth\u00e9tiques pour vos sessions pl\u00e9ni\u00e8res( jingles d&rsquo;entr\u00e9e et de sortie de salle, mont\u00e9e de sc\u00e8ne, lancement de s\u00e9quences, etc.). Elles peuvent \u00eatre aussi diffus\u00e9es par un vj pour dynamiser votre convention.<\/p>\n<p>Celles-ci peuvent \u00eatre compl\u00e9t\u00e9es par des infodecors et des vid\u00e9os de r\u00e9spiration.<\/p>\n<p>[\/vc_column_text][vc_gallery type=\u00a0\u00bbimage_grid\u00a0\u00bb images=\u00a0\u00bb2912,3121,3122,3123,3124,3125,3126,3127&Prime;][vc_column_text css=\u00a0\u00bb.vc_custom_1595101584656{padding-top: 20px !important;}\u00a0\u00bb]<\/p>\n<h4>Promotional videos<\/h4>\n<p>VJ Event met en valeur vos produits et services d&rsquo;une fa\u00e7on dynamique et esthetique. <\/p>\n<p>Ideal pour vos stands lors de salons, booster votre point de vente ou pour impressionner votre audience lors des lancements de produit.[\/vc_column_text][\/vc_column][\/vc_row][vc_row kwoon_bg=\u00a0\u00bbinverse\u00a0\u00bb][vc_column width=\u00a0\u00bb1\/ 12&Prime;][\/vc_column][vc_column width=\u00a0\u00bb10\/12&Prime;]<h3 class=\"main-title text-center\">Featured <strong>Video<\/strong><\/h3>[vc_video link=\u00a0\u00bbhttps:\/\/vimeo.com\/508373359&Prime; ][vc_column_text]Cr\u00e9ation d&rsquo;une vid\u00e9o pour Total \u00e0 partir de portraits photo[\/vc_column_text][\/vc_column][vc_column width=\u00a0\u00bb1\/12&Prime;][\/vc_column][\/vc_row][vc_row][vc_column] [vc_column_text]<\/p>\n<h4>Vid\u00e9os d&rsquo;atmosph\u00e8re<\/h4>\n<p>Nos cr\u00e9ations audiovisuelles vous permettent d&rsquo;habiller l&rsquo;espace de vos \u00e9v\u00e9nements afin de cr\u00e9er des ambiances multisensorielles alliant images, design sonore et fragrances.[\/vc_column_text][\/vc_column][\/vc_row]<br \/>\n[vc_row kwoon_bg=\u00a0\u00bbinverse\u00a0\u00bb][vc_column width=\u00a0\u00bb1\/12&Prime;][\/vc_column][vc_column width=\u00a0\u00bb10\/12&Prime;]<h3 class=\"main-title text-center\">Featured <strong>video<\/strong><\/h3>[vc_video link=\u00a0\u00bbhttps:\/\/vimeo.com\/513824842&Prime;][vc_column_text]Cr\u00e9ation d&rsquo;une vid\u00e9o d&rsquo;ambiance pour la pr\u00e9sentation des fragrances d&rsquo;un parfum Armani [ \/vc_column_text][\/vc_column][vc_column width=\u00a0\u00bb1\/12&Prime;][\/vc_column][\/vc_row][vc_row][vc_column][vc_column_text]<strong>References:<\/strong><\/p>\n<p><strong>Pl\u00e9ni\u00e8res:<\/strong> \u2013 Konica-Minolta (Actamedia Pebrok) \u2013 Infra SNCF (A-blok Agency for Signature Event) \u2013 Total (CWT) &#8211; Boursorama (A-Blok) \u2013 La Banque Postale: PACS 2015 &#8211; Toyota<\/p>\n<p><strong>Salons:<\/strong> \u2013 Hitachi (Bambuck) &#8211; Schr\u00f6der (First Event) \u2013 Logitech and Bowers &amp; Wilkins (A-blok Agency) \u2013 InterfaceFloor (Eko Events) &#8211; Matfer Bourgeat<\/p>\n<p><strong>Vid\u00e9os d&rsquo;atmosph\u00e8re:<\/strong> \u2013 Armani (JB Prod) \u2013 S.N.C.F (Agence A-blok) \u2013 Arko pharma (Agence Paradiso) &#8211; GSK (Agence Volcanic)[\/vc_column_text][\/vc_column][\/vc_row][vc_row kwoon_bg=\u00a0\u00bbinverse\u00a0\u00bb css=\u00a0\u00bb.vc_custom_1595027776987{background-image: url(https:\/\/www.vjevent.fr\/wp-content\/uploads\/2020\/07\/fond-mailing-projets-vj-event.png?id=3013) !important;}\u00a0\u00bb][vc_column width=\u00a0\u00bb12\/12&Prime;]<h3 class=\"main-title text-center\">You have a <strong>video creation project<\/strong> ?<\/h3>[vc_column_text]<\/p>\n<p style=\"text-align: center\"><a class=\"btn btn-border fixed-width\" href=\"\/contact\">Contactez-moi<\/a><\/p>\n<p>[\/vc_column_text][\/vc_column][\/vc_row]<\/p>","protected":false},"excerpt":{"rendered":"<p>[vc_row kwoon_bg=\u00a0\u00bbleft\u00a0\u00bb css=\u00a0\u00bb.vc_custom_1595102987802{background-image: url(https:\/\/www.vjevent.fr\/wp-content\/uploads\/2020\/07\/salon-matfer-bourgeat-1.png?id =3120) !important;}\u00a0\u00bb el_id=\u00a0\u00bbvjaying\u00a0\u00bb][vc_column][\/vc_column][\/vc_row][vc_row][vc_column][vc_column_text] Cr\u00e9ation vid\u00e9o Cre\u00e9ation de jingles vid\u00e9os, infod\u00e9cors et vid\u00e9os de respiration pour les conventions VJ EVENT cr\u00e9\u00e9 des&#8230;<\/p>\n","protected":false},"author":1,"featured_media":0,"parent":0,"menu_order":0,"comment_status":"open","ping_status":"open","template":"","meta":{"om_disable_all_campaigns":false,"_monsterinsights_skip_tracking":false,"_monsterinsights_sitenote_active":false,"_monsterinsights_sitenote_note":"","_monsterinsights_sitenote_category":0,"footnotes":""},"class_list":["post-3326","page","type-page","status-publish","hentry"],"aioseo_notices":[],"jetpack_sharing_enabled":true,"_links":{"self":[{"href":"https:\/\/www.vjevent.fr\/fr\/wp-json\/wp\/v2\/pages\/3326"}],"collection":[{"href":"https:\/\/www.vjevent.fr\/fr\/wp-json\/wp\/v2\/pages"}],"about":[{"href":"https:\/\/www.vjevent.fr\/fr\/wp-json\/wp\/v2\/types\/page"}],"author":[{"embeddable":true,"href":"https:\/\/www.vjevent.fr\/fr\/wp-json\/wp\/v2\/users\/1"}],"replies":[{"embeddable":true,"href":"https:\/\/www.vjevent.fr\/fr\/wp-json\/wp\/v2\/comments?post=3326"}],"version-history":[{"count":15,"href":"https:\/\/www.vjevent.fr\/fr\/wp-json\/wp\/v2\/pages\/3326\/revisions"}],"predecessor-version":[{"id":3771,"href":"https:\/\/www.vjevent.fr\/fr\/wp-json\/wp\/v2\/pages\/3326\/revisions\/3771"}],"wp:attachment":[{"href":"https:\/\/www.vjevent.fr\/fr\/wp-json\/wp\/v2\/media?parent=3326"}],"curies":[{"name":"wp","href":"https:\/\/api.w.org\/{rel}","templated":true}]}}