{"id":429,"date":"2015-06-01T10:05:25","date_gmt":"2015-06-01T09:05:25","guid":{"rendered":"http:\/\/tommusrhodus.wpengine.com\/?page_id=429"},"modified":"2015-06-01T10:05:25","modified_gmt":"2015-06-01T09:05:25","slug":"home-layout-business-1","status":"publish","type":"page","link":"https:\/\/www.vjevent.fr\/fr\/home-layout-business-1\/","title":{"rendered":"Home Layout &#8211; Business 1"},"content":{"rendered":"<p>[vc_row full_width=\u00a0\u00bbstretch_row\u00a0\u00bb kwoon_bg=\u00a0\u00bblight\u00a0\u00bb][vc_column width=\u00a0\u00bb1\/1&Prime;][rev_slider_vc alias=\u00a0\u00bbhomeBusiness1&Prime;][\/vc_column][\/vc_row][vc_row kwoon_bg=\u00a0\u00bblight\u00a0\u00bb][vc_column width=\u00a0\u00bb1\/1&Prime;]<h3 class=\"main-title text-center\">We are <strong>here<\/strong> to serve you<\/h3>[vc_column_text]<\/p>\n<p class=\"lead\" style=\"text-align: center;\">Duis mollis, est non commodo luctus, nisi erat porttitor ligula, eget lacinia odio sem nec elit. Integer posuere erat a ante venenatis dapibus posuere velit aliquet.<\/p>\n<p>[\/vc_column_text][vc_row_inner][vc_column_inner el_class=\u00a0\u00bb\u00a0\u00bb width=\u00a0\u00bb1\/3&Prime;]\n\t\t<div class=\"feature wow fadeIn\" data-wow-duration=\"0s\" data-wow-delay=\"0s\">\n\t\t\t<div class=\"icon\"> \n\t\t\t\t<i class=\"budicon-browser\"><\/i> \n\t\t\t<\/div>\n<h4>Responsive Layout<\/h4>\n<p>Curabitur blandit tempus porttitor. Nulla vitae elit libero, a pharetra augue.\n\t\t<\/div>\n\t\n\t\t<div class=\"feature wow fadeIn\" data-wow-duration=\"0s\" data-wow-delay=\"0s\">\n\t\t\t<div class=\"icon\"> \n\t\t\t\t<i class=\"budicon-drop\"><\/i> \n\t\t\t<\/div>\n<h4>Color Palettes<\/h4>\n<p>Curabitur blandit tempus porttitor. Nulla vitae elit libero, a pharetra augue.\n\t\t<\/div>\n\t\n\t\t<div class=\"feature wow fadeIn\" data-wow-duration=\"0s\" data-wow-delay=\"0s\">\n\t\t\t<div class=\"icon\"> \n\t\t\t\t<i class=\"budicon-camera-4\"><\/i> \n\t\t\t<\/div>\n<h4>Video Support<\/h4>\n<p>Curabitur blandit tempus porttitor. Nulla vitae elit libero, a pharetra augue.\n\t\t<\/div>\n\t[\/vc_column_inner][vc_column_inner el_class=\u00a0\u00bb\u00a0\u00bb width=\u00a0\u00bb1\/3&Prime;]\n\t\t<div class=\"feature wow fadeIn\" data-wow-duration=\"0s\" data-wow-delay=\"0s\">\n\t\t\t<div class=\"icon\"> \n\t\t\t\t<i class=\"budicon-heart\"><\/i> \n\t\t\t<\/div>\n<h4>Flat & Clean design<\/h4>\n<p>Curabitur blandit tempus porttitor. Nulla vitae elit libero, a pharetra augue.\n\t\t<\/div>\n\t\n\t\t<div class=\"feature wow fadeIn\" data-wow-duration=\"0s\" data-wow-delay=\"0s\">\n\t\t\t<div class=\"icon\"> \n\t\t\t\t<i class=\"budicon-support\"><\/i> \n\t\t\t<\/div>\n<h4>Free Support & Updates<\/h4>\n<p>Curabitur blandit tempus porttitor. Nulla vitae elit libero, a pharetra augue.\n\t\t<\/div>\n\t\n\t\t<div class=\"feature wow fadeIn\" data-wow-duration=\"0s\" data-wow-delay=\"0s\">\n\t\t\t<div class=\"icon\"> \n\t\t\t\t<i class=\"budicon-profile\"><\/i> \n\t\t\t<\/div>\n<h4>Working Contact Form<\/h4>\n<p>Curabitur blandit tempus porttitor. Nulla vitae elit libero, a pharetra augue.\n\t\t<\/div>\n\t[\/vc_column_inner][vc_column_inner el_class=\u00a0\u00bb\u00a0\u00bb width=\u00a0\u00bb1\/3&Prime;]\n\t\t<div class=\"feature wow fadeIn\" data-wow-duration=\"0s\" data-wow-delay=\"0s\">\n\t\t\t<div class=\"icon\"> \n\t\t\t\t<i class=\"budicon-printer-1\"><\/i> \n\t\t\t<\/div>\n<h4>Print Design<\/h4>\n<p>Curabitur blandit tempus porttitor. Nulla vitae elit libero, a pharetra augue.\n\t\t<\/div>\n\t\n\t\t<div class=\"feature wow fadeIn\" data-wow-duration=\"0s\" data-wow-delay=\"0s\">\n\t\t\t<div class=\"icon\"> \n\t\t\t\t<i class=\"budicon-clock-3\"><\/i> \n\t\t\t<\/div>\n<h4>Rapid Solutions<\/h4>\n<p>Curabitur blandit tempus porttitor. Nulla vitae elit libero, a pharetra augue.\n\t\t<\/div>\n\t\n\t\t<div class=\"feature wow fadeIn\" data-wow-duration=\"0s\" data-wow-delay=\"0s\">\n\t\t\t<div class=\"icon\"> \n\t\t\t\t<i class=\"budicon-shopping-cart\"><\/i> \n\t\t\t<\/div>\n<h4>E-Commerce<\/h4>\n<p>Curabitur blandit tempus porttitor. Nulla vitae elit libero, a pharetra augue.\n\t\t<\/div>\n\t[\/vc_column_inner][\/vc_row_inner][\/vc_column][\/vc_row][vc_row kwoon_bg=\u00a0\u00bbdark\u00a0\u00bb][vc_column width=\u00a0\u00bb1\/1&Prime;]<h3 class=\"main-title text-center\">Customer <strong>testimonials<\/strong><\/h3>\t\n\t\t\t\n\t\t<div class=\"testimonials\">\n\t\t\t<div class=\"row\">\n\t\t\t\t\n<div class=\"col-sm-12 col-md-6\">\n\t<div \n\t\tclass=\"quote wow fadeIn \"\n\t\tdata-wow-duration=\"1s\" \n\t\tdata-wow-delay=\"0s\"\n\t>\n\t\n\t\t<div class=\"icon text-center\">\n\t\t\t\t\t\t<div class=\"author\">\n\t\t\t\t<h5>Florry Saunders &#038;  Leanne Farrell &#8211; Fuse UK<\/h5><span class=\"meta\"><\/span> \t\t\t<\/div>\n\t\t<\/div>\n\t\t<blockquote class=\"box\">\n\t\t\t<p>Thank you so much for your email and it was SUCH a pleasure to work with you. The client was super happy with what was produced, and I really enjoyed being part of your creative process.<br \/>\nThank you again for everything and hopefully we will get to work with you again!<\/p>\n<p>Please can I mirror Florry&rsquo;s sentiments below &#8211; it was an absolute pleasure to work with you and your performance\/ content was fantastic!<br \/>\nThank you for everything and I hope to work with you again in the future!<\/p>\n<p>Mixe vj pour ASAHI lors du lancement de la Coupe du Monde de Rugby<\/p>\n\t\t<\/blockquote>\n\t\t\n\t<\/div>\n<\/div>\n<div class=\"col-sm-12 col-md-6\">\n\t<div \n\t\tclass=\"quote wow fadeIn right\"\n\t\tdata-wow-duration=\"1s\" \n\t\tdata-wow-delay=\"0.3s\"\n\t>\n\t\n\t\t<div class=\"icon text-center\">\n\t\t\t\t\t\t<div class=\"author\">\n\t\t\t\t<h5>Cedric Benquet &#8211; Agence FC2<\/h5><span class=\"meta\"><\/span> \t\t\t<\/div>\n\t\t<\/div>\n\t\t<blockquote class=\"box\">\n\t\t\t<p>Le VJ a \u00e9t\u00e9 comme l&rsquo;\u00e9cran &#8230; Monumental !<\/p>\n<p>Mixe vj au U-Arena La D\u00e9fense pour Axa<\/p>\n\t\t<\/blockquote>\n\t\t\n\t<\/div>\n<\/div><\/div><div class=\"divide30\"><\/div><div class=\"row\">\n<div class=\"col-sm-12 col-md-6\">\n\t<div \n\t\tclass=\"quote wow fadeIn \"\n\t\tdata-wow-duration=\"1s\" \n\t\tdata-wow-delay=\"0.6s\"\n\t>\n\t\n\t\t<div class=\"icon text-center\">\n\t\t\t\t\t\t<div class=\"author\">\n\t\t\t\t<h5>Marion Pinc\u00eatre &#8211; Gens d&rsquo;\u00e9v\u00e9nement<\/h5><span class=\"meta\"><\/span> \t\t\t<\/div>\n\t\t<\/div>\n\t\t<blockquote class=\"box\">\n\t\t\t<p>Tout d\u2019abord, un grand merci \u00e0 vous pour votre prestation ainsi que celle du DJ lors du s\u00e9minaire de la semaine derni\u00e8re.<br \/>\nLes clients ont beaucoup appr\u00e9ci\u00e9 ainsi que Justine qui m\u2019a fait ses retours. <\/p>\n<p>S\u00e9minaire Arkopharma<\/p>\n\t\t<\/blockquote>\n\t\t\n\t<\/div>\n<\/div>\n<div class=\"col-sm-12 col-md-6\">\n\t<div \n\t\tclass=\"quote wow fadeIn right\"\n\t\tdata-wow-duration=\"1s\" \n\t\tdata-wow-delay=\"0.9s\"\n\t>\n\t\n\t\t<div class=\"icon text-center\">\n\t\t\t\t\t\t<div class=\"author\">\n\t\t\t\t<h5>David Delassus &#8211;  A-blok<\/h5><span class=\"meta\"><\/span> \t\t\t<\/div>\n\t\t<\/div>\n\t\t<blockquote class=\"box\">\n\t\t\t<p>Le big boss de R&amp;C m&rsquo;a pris avec ses deux mains et ma dit en me regardant dans les yeux : \u00ab\u00a0Merci, c&rsquo;\u00e9tait parfait, magnifique. Je sais que cela n&rsquo;a pas \u00e9t\u00e9 facile, je sais que vous vous \u00eates beaucoup investi et je vous en remercie grandement\u00a0\u00bb. De m\u00eame pour mon client direct Ariameetis qui \u00e9tait aux anges.<br \/>\nJe vous remets ce merci.<br \/>\nC&rsquo;\u00e9tait un PLAISIR de travailler avec vous. Chacun avait sa place, son r\u00f4le \u00e0 jouer.<br \/>\nNous avons relev\u00e9 un sacr\u00e9 d\u00e9fi vu le temps et le budget que nous avions.\u00a0\u00bb<\/p>\n<p>Mapping \u00e0 New-York pour Relais &amp; Chateaux<\/p>\n\t\t<\/blockquote>\n\t\t\n\t<\/div>\n<\/div><\/div><div class=\"divide30\"><\/div><div class=\"row\">\t\t\t<\/div>\n\t\t<\/div>\n\t\t\n\t\t\t\t\n[\/vc_column][\/vc_row][vc_row kwoon_bg=\u00a0\u00bblight\u00a0\u00bb][vc_column width=\u00a0\u00bb1\/1&Prime;]\t\n\t\t\t\n\t\t<div class=\"carousel-wrapper\">\n\t\t\t<div class=\"carousel clients\">\n\t\t\t\t\n<div class=\"item\">\n\t<img loading=\"lazy\" decoding=\"async\" width=\"134\" height=\"68\" src=\"https:\/\/i0.wp.com\/www.vjevent.fr\/wp-content\/uploads\/2020\/07\/vespa.png?fit=134%2C68&amp;ssl=1\" class=\"attachment-full size-full wp-post-image\" alt=\"Vespa\" \/><\/div>\n<div class=\"item\">\n\t<img loading=\"lazy\" decoding=\"async\" width=\"134\" height=\"68\" src=\"https:\/\/i0.wp.com\/www.vjevent.fr\/wp-content\/uploads\/2020\/07\/sony.png?fit=134%2C68&amp;ssl=1\" class=\"attachment-full size-full wp-post-image\" alt=\"Sony\" \/><\/div>\n<div class=\"item\">\n\t<img loading=\"lazy\" decoding=\"async\" width=\"134\" height=\"68\" src=\"https:\/\/i0.wp.com\/www.vjevent.fr\/wp-content\/uploads\/2020\/07\/sncf.png?fit=134%2C68&amp;ssl=1\" class=\"attachment-full size-full wp-post-image\" alt=\"sncf\" \/><\/div>\n<div class=\"item\">\n\t<img loading=\"lazy\" decoding=\"async\" width=\"134\" height=\"68\" src=\"https:\/\/i0.wp.com\/www.vjevent.fr\/wp-content\/uploads\/2020\/07\/procter-gamble.png?fit=134%2C68&amp;ssl=1\" class=\"attachment-full size-full wp-post-image\" alt=\"Procter Gamble\" \/><\/div>\n<div class=\"item\">\n\t<img loading=\"lazy\" decoding=\"async\" width=\"134\" height=\"68\" src=\"https:\/\/i0.wp.com\/www.vjevent.fr\/wp-content\/uploads\/2020\/07\/porsche.png?fit=134%2C68&amp;ssl=1\" class=\"attachment-full size-full wp-post-image\" alt=\"Porsche\" \/><\/div>\n<div class=\"item\">\n\t<img loading=\"lazy\" decoding=\"async\" width=\"134\" height=\"68\" src=\"https:\/\/i0.wp.com\/www.vjevent.fr\/wp-content\/uploads\/2020\/07\/nike.png?fit=134%2C68&amp;ssl=1\" class=\"attachment-full size-full wp-post-image\" alt=\"Nike\" \/><\/div>\t\t\t<\/div>\n\t\t<\/div>\n\t\t\n\t\t\t\t\n[\/vc_column][\/vc_row][vc_row kwoon_bg=\u00a0\u00bbdark\u00a0\u00bb][vc_column width=\u00a0\u00bb1\/1&Prime;]<h3 class=\"main-title text-center\"><strong>Our process<\/strong> on creating awesome projects<\/h3>[vc_column_text]<\/p>\n<p class=\"lead\" style=\"text-align: center;\">Curabitur blandit tempus porttitor. Donec sed odio dui. Fusce dapibus, tellus ac cursus commodo, tortor mauris condimentum nibh, ut fermentum massa justo sit amet risus. Nullam id dolor id nibh ultricies vehicula ut id elit.<\/p>\n<p>[\/vc_column_text]<div class=\"row process\"><div class=\"row-same-height\">\n\t\t<div class=\"col-md-6 col-md-height process-item border-bottom border-right\">\n\t\t\t<div class=\"content wow fadeIn\" data-wow-duration=\"1s\" data-wow-delay=\"0s\">\n\t\t\t\t<div class=\"icon\"> \n\t\t\t\t\t<img \n\t\t\t\t\t\tsrc=\"https:\/\/i0.wp.com\/www.vjevent.fr\/wp-content\/uploads\/2015\/05\/icon-graph.png?fit=54%2C50&#038;ssl=1\" \n\t\t\t\t\t\tdata-src=\"https:\/\/i0.wp.com\/www.vjevent.fr\/wp-content\/uploads\/2015\/05\/icon-graph.png?fit=54%2C50&#038;ssl=1\" \n\t\t\t\t\t\tdata-ret=\"https:\/\/i0.wp.com\/www.vjevent.fr\/wp-content\/uploads\/2015\/05\/icon-graph%402x.png?fit=108%2C101&#038;ssl=1\" \n\t\t\t\t\t\tclass=\"retina\" \n\t\t\t\t\t\talt=\"alt\" \n\t\t\t\t\t\/>\n\t\t\t\t<\/div>\n<h4>Collect Ideas<\/h4>\n<p>Sed posuere consectetur est at lobortis. Maecenas sed diam eget risus varius blandit sit amet non magna. Integer posuere erat a ante venenatis dapibus.<\/p>\n<ul class=\"lp0 circled\">\n<li>Cras justo odio, dapibus ac facilisis eget quam.<\/li>\n<li>Donec ullamcorper nulla non metus auctor fringilla.<\/li>\n<\/ul>\n<p>\n\n\t\t\t<\/div>\n\t\t<\/div>\n\t\n\t\t<div class=\"col-md-6 col-md-height process-item border-bottom\">\n\t\t\t<div class=\"content wow fadeIn\" data-wow-duration=\"1s\" data-wow-delay=\"0.3s\">\n\t\t\t\t<div class=\"icon\"> \n\t\t\t\t\t<img \n\t\t\t\t\t\tsrc=\"https:\/\/i0.wp.com\/www.vjevent.fr\/wp-content\/uploads\/2015\/05\/icon-board.png?fit=54%2C52&#038;ssl=1\" \n\t\t\t\t\t\tdata-src=\"https:\/\/i0.wp.com\/www.vjevent.fr\/wp-content\/uploads\/2015\/05\/icon-board.png?fit=54%2C52&#038;ssl=1\" \n\t\t\t\t\t\tdata-ret=\"https:\/\/i0.wp.com\/www.vjevent.fr\/wp-content\/uploads\/2015\/05\/icon-board%402x.png?fit=108%2C102&#038;ssl=1\" \n\t\t\t\t\t\tclass=\"retina\" \n\t\t\t\t\t\talt=\"alt\" \n\t\t\t\t\t\/>\n\t\t\t\t<\/div>\n<h4>Data Analysis<\/h4>\n<p>Sed posuere consectetur est at lobortis. Maecenas sed diam eget risus varius blandit sit amet non magna. Integer posuere erat a ante venenatis dapibus.<\/p>\n<ul class=\"lp0 circled\">\n<li>Cras justo odio, dapibus ac facilisis eget quam.<\/li>\n<li>Donec ullamcorper nulla non metus auctor fringilla.<\/li>\n<\/ul>\n<p>\n\n\t\t\t<\/div>\n\t\t<\/div>\n\t<\/div><div class=\"row-same-height\">\n\t\t<div class=\"col-md-6 col-md-height process-item border-right\">\n\t\t\t<div class=\"content wow fadeIn\" data-wow-duration=\"1s\" data-wow-delay=\"0.6s\">\n\t\t\t\t<div class=\"icon\"> \n\t\t\t\t\t<img \n\t\t\t\t\t\tsrc=\"https:\/\/i0.wp.com\/www.vjevent.fr\/wp-content\/uploads\/2015\/05\/icon-heart.png?fit=51%2C47&#038;ssl=1\" \n\t\t\t\t\t\tdata-src=\"https:\/\/i0.wp.com\/www.vjevent.fr\/wp-content\/uploads\/2015\/05\/icon-heart.png?fit=51%2C47&#038;ssl=1\" \n\t\t\t\t\t\tdata-ret=\"https:\/\/i0.wp.com\/www.vjevent.fr\/wp-content\/uploads\/2015\/05\/icon-heart%402x.png?fit=101%2C95&#038;ssl=1\" \n\t\t\t\t\t\tclass=\"retina\" \n\t\t\t\t\t\talt=\"alt\" \n\t\t\t\t\t\/>\n\t\t\t\t<\/div>\n<h4>Magic Touch<\/h4>\n<p>Sed posuere consectetur est at lobortis. Maecenas sed diam eget risus varius blandit sit amet non magna. Integer posuere erat a ante venenatis dapibus.<\/p>\n<ul class=\"lp0 circled\">\n<li>Cras justo odio, dapibus ac facilisis eget quam.<\/li>\n<li>Donec ullamcorper nulla non metus auctor fringilla.<\/li>\n<\/ul>\n<p>\n\n\t\t\t<\/div>\n\t\t<\/div>\n\t\n\t\t<div class=\"col-md-6 col-md-height process-item \">\n\t\t\t<div class=\"content wow fadeIn\" data-wow-duration=\"1s\" data-wow-delay=\"0.9s\">\n\t\t\t\t<div class=\"icon\"> \n\t\t\t\t\t<img \n\t\t\t\t\t\tsrc=\"https:\/\/i0.wp.com\/www.vjevent.fr\/wp-content\/uploads\/2015\/05\/icon-tv.png?fit=54%2C48&#038;ssl=1\" \n\t\t\t\t\t\tdata-src=\"https:\/\/i0.wp.com\/www.vjevent.fr\/wp-content\/uploads\/2015\/05\/icon-tv.png?fit=54%2C48&#038;ssl=1\" \n\t\t\t\t\t\tdata-ret=\"https:\/\/i0.wp.com\/www.vjevent.fr\/wp-content\/uploads\/2015\/05\/icon-tv%402x.png?fit=108%2C108&#038;ssl=1\" \n\t\t\t\t\t\tclass=\"retina\" \n\t\t\t\t\t\talt=\"alt\" \n\t\t\t\t\t\/>\n\t\t\t\t<\/div>\n<h4>Finalize Product<\/h4>\n<p>Sed posuere consectetur est at lobortis. Maecenas sed diam eget risus varius blandit sit amet non magna. Integer posuere erat a ante venenatis dapibus.<\/p>\n<ul class=\"lp0 circled\">\n<li>Cras justo odio, dapibus ac facilisis eget quam.<\/li>\n<li>Donec ullamcorper nulla non metus auctor fringilla.<\/li>\n<\/ul>\n<p>\n\n\t\t\t<\/div>\n\t\t<\/div>\n\t<\/div><div class=\"row-same-height\"><\/div><\/div>[\/vc_column][\/vc_row][vc_row kwoon_bg=\u00a0\u00bbinverse\u00a0\u00bb css=\u00a0\u00bb.vc_custom_1432827037672{background-image: url(http:\/\/kwoon.tommusdemos.wpengine.com\/wp-content\/uploads\/sites\/13\/2015\/05\/parallax2.jpg?id=166) !important;}\u00a0\u00bb][vc_column width=\u00a0\u00bb1\/1&Prime;]<h3 class=\"main-title text-center\">Let&rsquo;s make something <strong>great<\/strong> together<\/h3>[vc_column_text]<\/p>\n<p style=\"text-align: center;\"><a class=\"btn btn-border fixed-width\" href=\"#\">View More Work<\/a> <a class=\"btn btn-border fixed-width\" href=\"#\">Get In Touch<\/a><\/p>\n<p>[\/vc_column_text][\/vc_column][\/vc_row][vc_row kwoon_bg=\u00a0\u00bbdark\u00a0\u00bb][vc_column width=\u00a0\u00bb1\/1&Prime;]<h3 class=\"main-title text-center\"><strong>Recent<\/strong> news<\/h3>\t\t\n\t\t\n\t\t<div class=\"carousel-wrapper wow fadeIn\" data-wow-duration=\"1s\" data-wow-delay=\"0.3s\">\n\t\t\t<div class=\"carousel carousel-boxed blog\">\n\t\t\t\t<div class=\"item\">\n\n\t<figure>\n\t\t<img loading=\"lazy\" decoding=\"async\" width=\"440\" height=\"295\" src=\"https:\/\/i0.wp.com\/www.vjevent.fr\/wp-content\/uploads\/2015\/06\/hpp2-full.jpg?resize=440%2C295&amp;ssl=1\" class=\"attachment-grid size-grid wp-post-image\" alt=\"\" \/>\t<\/figure>\n\t\n\t<div class=\"box\">\n\t\t<h3 class=\"post-title\"><a href=\"https:\/\/www.vjevent.fr\/fr\/gallery-post-type\/\">Gallery Post Type<\/a><\/h3><div class=\"meta\">\n\n\t<span class=\"date\">\n\t\t10 juin 2015\t<\/span>\n\t\n\t\t\n\t\n<\/div><p>Fusce dapibus, tellus ac cursus commodo, tortor mauris condimentum nibh, ut fermentum massa justo sit amet. Vivamus sagittis lacus vel augue laoreet rutrum faucibus dolor...<\/p>\n\t\t<a href=\"https:\/\/www.vjevent.fr\/fr\/gallery-post-type\/\" class=\"more\">Continue Reading<\/a> \n\t<\/div>\n\n<\/div><div class=\"item\">\n\n\t<figure>\n\t\t<img loading=\"lazy\" decoding=\"async\" width=\"440\" height=\"295\" src=\"https:\/\/i0.wp.com\/www.vjevent.fr\/wp-content\/uploads\/2015\/06\/hpp13-full.jpg?resize=440%2C295&amp;ssl=1\" class=\"attachment-grid size-grid wp-post-image\" alt=\"\" \/>\t<\/figure>\n\t\n\t<div class=\"box\">\n\t\t<h3 class=\"post-title\"><a href=\"https:\/\/www.vjevent.fr\/fr\/video-post-type\/\">Video Post Type<\/a><\/h3><div class=\"meta\">\n\n\t<span class=\"date\">\n\t\t10 juin 2015\t<\/span>\n\t\n\t\t\n\t\n<\/div><p>Fusce dapibus, tellus ac cursus commodo, tortor mauris condimentum nibh, ut fermentum massa justo sit amet. Vivamus sagittis lacus vel augue laoreet rutrum faucibus dolor...<\/p>\n\t\t<a href=\"https:\/\/www.vjevent.fr\/fr\/video-post-type\/\" class=\"more\">Continue Reading<\/a> \n\t<\/div>\n\n<\/div><div class=\"item\">\n\n\t<figure>\n\t\t<img loading=\"lazy\" decoding=\"async\" width=\"440\" height=\"295\" src=\"https:\/\/i0.wp.com\/www.vjevent.fr\/wp-content\/uploads\/2015\/06\/Unknown.jpeg?resize=440%2C295&amp;ssl=1\" class=\"attachment-grid size-grid wp-post-image\" alt=\"\" \/>\t<\/figure>\n\t\n\t<div class=\"box\">\n\t\t<h3 class=\"post-title\"><a href=\"https:\/\/www.vjevent.fr\/fr\/image-post-type\/\">Image Post Type<\/a><\/h3><div class=\"meta\">\n\n\t<span class=\"date\">\n\t\t9 juin 2015\t<\/span>\n\t\n\t\t\n\t\n<\/div><p>Fusce dapibus, tellus ac cursus commodo, tortor mauris condimentum nibh, ut fermentum massa justo sit amet. Vivamus sagittis lacus vel augue laoreet rutrum faucibus dolor...<\/p>\n\t\t<a href=\"https:\/\/www.vjevent.fr\/fr\/image-post-type\/\" class=\"more\">Continue Reading<\/a> \n\t<\/div>\n\n<\/div><div class=\"item\">\n\n\t<figure>\n\t\t<img loading=\"lazy\" decoding=\"async\" width=\"440\" height=\"295\" src=\"https:\/\/i0.wp.com\/www.vjevent.fr\/wp-content\/uploads\/2015\/06\/hpp9-full.jpg?resize=440%2C295&amp;ssl=1\" class=\"attachment-grid size-grid wp-post-image\" alt=\"\" \/>\t<\/figure>\n\t\n\t<div class=\"box\">\n\t\t<h3 class=\"post-title\"><a href=\"https:\/\/www.vjevent.fr\/fr\/blog-post-no-sidebar\/\">Blog Post No Sidebar<\/a><\/h3><div class=\"meta\">\n\n\t<span class=\"date\">\n\t\t9 juin 2015\t<\/span>\n\t\n\t\t\n\t\n<\/div><p>Fusce dapibus, tellus ac cursus commodo, tortor mauris condimentum nibh, ut fermentum massa justo sit amet. Vivamus sagittis lacus vel augue laoreet rutrum faucibus dolor...<\/p>\n\t\t<a href=\"https:\/\/www.vjevent.fr\/fr\/blog-post-no-sidebar\/\" class=\"more\">Continue Reading<\/a> \n\t<\/div>\n\n<\/div><div class=\"item\">\n\n\t<figure>\n\t\t<img loading=\"lazy\" decoding=\"async\" width=\"440\" height=\"295\" src=\"https:\/\/i0.wp.com\/www.vjevent.fr\/wp-content\/uploads\/2015\/06\/hpp1-full.jpg?resize=440%2C295&amp;ssl=1\" class=\"attachment-grid size-grid wp-post-image\" alt=\"\" \/>\t<\/figure>\n\t\n\t<div class=\"box\">\n\t\t<h3 class=\"post-title\"><a href=\"https:\/\/www.vjevent.fr\/fr\/standard-post-type\/\">Standard Post Type<\/a><\/h3><div class=\"meta\">\n\n\t<span class=\"date\">\n\t\t8 juin 2015\t<\/span>\n\t\n\t\t\n\t\n<\/div><p>Fusce dapibus, tellus ac cursus commodo, tortor mauris condimentum nibh, ut fermentum massa justo sit amet. Vivamus sagittis lacus vel augue laoreet rutrum faucibus dolor...<\/p>\n\t\t<a href=\"https:\/\/www.vjevent.fr\/fr\/standard-post-type\/\" class=\"more\">Continue Reading<\/a> \n\t<\/div>\n\n<\/div><div class=\"item\">\n\n\t<figure>\n\t\t<img loading=\"lazy\" decoding=\"async\" width=\"440\" height=\"295\" src=\"https:\/\/i0.wp.com\/www.vjevent.fr\/wp-content\/uploads\/2015\/06\/hpp6-full.jpg?resize=440%2C295&amp;ssl=1\" class=\"attachment-grid size-grid wp-post-image\" alt=\"\" \/>\t<\/figure>\n\t\n\t<div class=\"box\">\n\t\t<h3 class=\"post-title\"><a href=\"https:\/\/www.vjevent.fr\/fr\/quote-post-type\/\">Quote Post Type<\/a><\/h3><div class=\"meta\">\n\n\t<span class=\"date\">\n\t\t8 juin 2015\t<\/span>\n\t\n\t\t\n\t\n<\/div><p>Fusce dapibus, tellus ac cursus commodo, tortor mauris condimentum nibh, ut fermentum massa justo sit amet. Vivamus sagittis lacus vel augue laoreet rutrum faucibus dolor...<\/p>\n\t\t<a href=\"https:\/\/www.vjevent.fr\/fr\/quote-post-type\/\" class=\"more\">Continue Reading<\/a> \n\t<\/div>\n\n<\/div>\t\t\t<\/div>\n\t\t<\/div>\n\t\t\n\t\t\t\t\n[\/vc_column][\/vc_row]<\/p>\n","protected":false},"excerpt":{"rendered":"<p>[vc_row full_width=\u00a0\u00bbstretch_row\u00a0\u00bb kwoon_bg=\u00a0\u00bblight\u00a0\u00bb][vc_column width=\u00a0\u00bb1\/1&Prime;][rev_slider_vc alias=\u00a0\u00bbhomeBusiness1&Prime;][\/vc_column][\/vc_row][vc_row kwoon_bg=\u00a0\u00bblight\u00a0\u00bb][vc_column width=\u00a0\u00bb1\/1&Prime;][vc_column_text] Duis mollis, est non commodo luctus, nisi erat porttitor ligula, eget lacinia odio sem nec elit. Integer posuere&#8230;<\/p>\n","protected":false},"author":1,"featured_media":0,"parent":0,"menu_order":0,"comment_status":"open","ping_status":"open","template":"","meta":{"om_disable_all_campaigns":false,"_monsterinsights_skip_tracking":false,"_monsterinsights_sitenote_active":false,"_monsterinsights_sitenote_note":"","_monsterinsights_sitenote_category":0,"footnotes":""},"class_list":["post-429","page","type-page","status-publish","hentry"],"aioseo_notices":[],"jetpack_sharing_enabled":true,"_links":{"self":[{"href":"https:\/\/www.vjevent.fr\/fr\/wp-json\/wp\/v2\/pages\/429"}],"collection":[{"href":"https:\/\/www.vjevent.fr\/fr\/wp-json\/wp\/v2\/pages"}],"about":[{"href":"https:\/\/www.vjevent.fr\/fr\/wp-json\/wp\/v2\/types\/page"}],"author":[{"embeddable":true,"href":"https:\/\/www.vjevent.fr\/fr\/wp-json\/wp\/v2\/users\/1"}],"replies":[{"embeddable":true,"href":"https:\/\/www.vjevent.fr\/fr\/wp-json\/wp\/v2\/comments?post=429"}],"version-history":[{"count":0,"href":"https:\/\/www.vjevent.fr\/fr\/wp-json\/wp\/v2\/pages\/429\/revisions"}],"wp:attachment":[{"href":"https:\/\/www.vjevent.fr\/fr\/wp-json\/wp\/v2\/media?parent=429"}],"curies":[{"name":"wp","href":"https:\/\/api.w.org\/{rel}","templated":true}]}}