{"id":548,"date":"2015-06-01T12:26:53","date_gmt":"2015-06-01T11:26:53","guid":{"rendered":"http:\/\/tommusrhodus.wpengine.com\/?page_id=548"},"modified":"2015-06-01T12:26:53","modified_gmt":"2015-06-01T11:26:53","slug":"home-layout-photography-2","status":"publish","type":"page","link":"https:\/\/www.vjevent.fr\/fr\/home-layout-photography-2\/","title":{"rendered":"Home Layout &#8211; Photography 2"},"content":{"rendered":"<p>[vc_row full_width=\u00a0\u00bbstretch_row\u00a0\u00bb kwoon_bg=\u00a0\u00bblight\u00a0\u00bb][vc_column width=\u00a0\u00bb1\/1&Prime;][rev_slider_vc alias=\u00a0\u00bbhomePhotography\u00a0\u00bb][\/vc_column][\/vc_row][vc_row kwoon_bg=\u00a0\u00bblight\u00a0\u00bb][vc_column width=\u00a0\u00bb1\/1&Prime;]<h3 class=\"main-title text-center\"><strong>Steps<\/strong> in our works<\/h3>[vc_column_text]<\/p>\n<p class=\"lead\" style=\"text-align: center;\">Duis mollis, est non commodo luctus, nisi erat porttitor ligula, eget lacinia odio sem nec elit. Integer posuere erat a ante venenatis dapibus posuere velit aliquet.<\/p>\n<p>[\/vc_column_text][vc_row_inner][vc_column_inner el_class=\u00a0\u00bb\u00a0\u00bb width=\u00a0\u00bb1\/4&Prime;]\n\t\t<div class=\"text-center steps\">\n\t\t\t<div class=\"wow fadeInUp\" data-wow-duration=\"1s\" data-wow-delay=\"0s\">\n\t\t\t\t<div class=\"steps-item\">\n\t\t\t\t\n\t\t\t\t\t<span class=\"number\"><\/span>\n\t\t\t\t\t\n\t\t\t\t\t<div class=\"icon\"> \n\t\t\t\t\t\t<i class=\"budicon-diamond\"><\/i> \n\t\t\t\t\t<\/div>\n<h4>Collect Ideas<\/h4>\n<p>Nulla vitae libero pharetra augue. Etiam porta malesuada magna mollis euismod. Eget lacinia odio sem nec elit.\n\t\t\t\t\t\n\t\t\t\t<\/div>\n\t\t\t<\/div>\n\t\t<\/div>\n\t[\/vc_column_inner][vc_column_inner el_class=\u00a0\u00bb\u00a0\u00bb width=\u00a0\u00bb1\/4&Prime;]\n\t\t<div class=\"text-center steps\">\n\t\t\t<div class=\"wow fadeInUp\" data-wow-duration=\"1s\" data-wow-delay=\"0.3s\">\n\t\t\t\t<div class=\"steps-item\">\n\t\t\t\t\n\t\t\t\t\t<span class=\"number\"><\/span>\n\t\t\t\t\t\n\t\t\t\t\t<div class=\"icon\"> \n\t\t\t\t\t\t<i class=\"budicon-pie-chart\"><\/i> \n\t\t\t\t\t<\/div>\n<h4>Data Analysis<\/h4>\n<p>Nulla vitae libero pharetra augue. Etiam porta malesuada magna mollis euismod. Eget lacinia odio sem nec elit.\n\t\t\t\t\t\n\t\t\t\t<\/div>\n\t\t\t<\/div>\n\t\t<\/div>\n\t[\/vc_column_inner][vc_column_inner el_class=\u00a0\u00bb\u00a0\u00bb width=\u00a0\u00bb1\/4&Prime;]\n\t\t<div class=\"text-center steps\">\n\t\t\t<div class=\"wow fadeInUp\" data-wow-duration=\"1s\" data-wow-delay=\"0.6s\">\n\t\t\t\t<div class=\"steps-item\">\n\t\t\t\t\n\t\t\t\t\t<span class=\"number\"><\/span>\n\t\t\t\t\t\n\t\t\t\t\t<div class=\"icon\"> \n\t\t\t\t\t\t<i class=\"budicon-brush\"><\/i> \n\t\t\t\t\t<\/div>\n<h4>Magic Touch<\/h4>\n<p>Nulla vitae libero pharetra augue. Etiam porta malesuada magna mollis euismod. Eget lacinia odio sem nec elit.\n\t\t\t\t\t\n\t\t\t\t<\/div>\n\t\t\t<\/div>\n\t\t<\/div>\n\t[\/vc_column_inner][vc_column_inner el_class=\u00a0\u00bb\u00a0\u00bb width=\u00a0\u00bb1\/4&Prime;]\n\t\t<div class=\"text-center steps\">\n\t\t\t<div class=\"wow fadeInUp\" data-wow-duration=\"1s\" data-wow-delay=\"0.9s\">\n\t\t\t\t<div class=\"steps-item\">\n\t\t\t\t\n\t\t\t\t\t<span class=\"number\"><\/span>\n\t\t\t\t\t\n\t\t\t\t\t<div class=\"icon\"> \n\t\t\t\t\t\t<i class=\"budicon-gift\"><\/i> \n\t\t\t\t\t<\/div>\n<h4>Finalize Product<\/h4>\n<p>Nulla vitae libero pharetra augue. Etiam porta malesuada magna mollis euismod. Eget lacinia odio sem nec elit.\n\t\t\t\t\t\n\t\t\t\t<\/div>\n\t\t\t<\/div>\n\t\t<\/div>\n\t[\/vc_column_inner][\/vc_row_inner][\/vc_column][\/vc_row][vc_row kwoon_bg=\u00a0\u00bbinverse\u00a0\u00bb full_width=\u00a0\u00bbstretch_row\u00a0\u00bb][vc_column width=\u00a0\u00bb1\/1&Prime;][vc_empty_space height=\u00a0\u00bb80px\u00a0\u00bb]<h3 class=\"main-title text-center\">My <strong>portfolio<\/strong><\/h3>\t\n\t\t\t\n\t\t<div class=\"portfolio-grid fullscreen-portfolio\">\n\t\t\n\t\t\t<div class=\"container bp20\">\n\t\t\t\t\t\t\t<\/div>\n\t\t\t\n\t\t\t<div class=\"items-wrapper\">\n\t\t\t\n\t\t\t\t<div class=\"isotope items\">\n\t\t\t\t\t\n\n<div class=\"item past-events v-jaying\">\n\t<figure>\n\t\t<a href=\"https:\/\/www.vjevent.fr\/fr\/portfolio\/soiree-de-gala-au-palais-des-festivals-de-cannes\/\">\n\t\t\t<div class=\"text-overlay\">\n\t\t\t\t<div class=\"info\"><span>Voir les r\u00e9alisations<\/span><\/div>\n\t\t\t<\/div>\n\t\t\t<img loading=\"lazy\" decoding=\"async\" width=\"440\" height=\"295\" src=\"https:\/\/i0.wp.com\/www.vjevent.fr\/wp-content\/uploads\/2024\/02\/star-night.png?resize=440%2C295&amp;ssl=1\" class=\"attachment-grid size-grid wp-post-image\" alt=\"\" srcset=\"https:\/\/i0.wp.com\/www.vjevent.fr\/wp-content\/uploads\/2024\/02\/star-night.png?resize=440%2C295&amp;ssl=1 440w, https:\/\/i0.wp.com\/www.vjevent.fr\/wp-content\/uploads\/2024\/02\/star-night.png?zoom=2&amp;resize=440%2C295&amp;ssl=1 880w, https:\/\/i0.wp.com\/www.vjevent.fr\/wp-content\/uploads\/2024\/02\/star-night.png?zoom=3&amp;resize=440%2C295&amp;ssl=1 1320w\" sizes=\"(max-width: 440px) 100vw, 440px\" \/>\t\t<\/a>\n\t<\/figure>\n<\/div>\n\n<div class=\"item past-events v-jaying\">\n\t<figure>\n\t\t<a href=\"https:\/\/www.vjevent.fr\/fr\/portfolio\/coupe-du-monde-rugby-asahi\/\">\n\t\t\t<div class=\"text-overlay\">\n\t\t\t\t<div class=\"info\"><span>Voir les r\u00e9alisations<\/span><\/div>\n\t\t\t<\/div>\n\t\t\t<img loading=\"lazy\" decoding=\"async\" width=\"440\" height=\"295\" src=\"https:\/\/i0.wp.com\/www.vjevent.fr\/wp-content\/uploads\/2023\/10\/410.jpg?resize=440%2C295&amp;ssl=1\" class=\"attachment-grid size-grid wp-post-image\" alt=\"\" srcset=\"https:\/\/i0.wp.com\/www.vjevent.fr\/wp-content\/uploads\/2023\/10\/410.jpg?resize=300%2C200&amp;ssl=1 300w, https:\/\/i0.wp.com\/www.vjevent.fr\/wp-content\/uploads\/2023\/10\/410.jpg?resize=440%2C295&amp;ssl=1 440w, https:\/\/i0.wp.com\/www.vjevent.fr\/wp-content\/uploads\/2023\/10\/410.jpg?zoom=2&amp;resize=440%2C295&amp;ssl=1 880w, https:\/\/i0.wp.com\/www.vjevent.fr\/wp-content\/uploads\/2023\/10\/410.jpg?zoom=3&amp;resize=440%2C295&amp;ssl=1 1320w\" sizes=\"(max-width: 440px) 100vw, 440px\" \/>\t\t<\/a>\n\t<\/figure>\n<\/div>\n\n<div class=\"item jingles-convention past-events\">\n\t<figure>\n\t\t<a href=\"https:\/\/www.vjevent.fr\/fr\/portfolio\/creation-de-videos-promotionnelles-pour-la-region-aveyron\/\">\n\t\t\t<div class=\"text-overlay\">\n\t\t\t\t<div class=\"info\"><span>Voir les r\u00e9alisations<\/span><\/div>\n\t\t\t<\/div>\n\t\t\t<img loading=\"lazy\" decoding=\"async\" width=\"440\" height=\"295\" src=\"https:\/\/i0.wp.com\/www.vjevent.fr\/wp-content\/uploads\/2023\/04\/Aveyron_Visuel.jpg?resize=440%2C295&amp;ssl=1\" class=\"attachment-grid size-grid wp-post-image\" alt=\"Cr\u00e9ation-vid\u00e9o-Aveyron\" srcset=\"https:\/\/i0.wp.com\/www.vjevent.fr\/wp-content\/uploads\/2023\/04\/Aveyron_Visuel.jpg?resize=300%2C200&amp;ssl=1 300w, https:\/\/i0.wp.com\/www.vjevent.fr\/wp-content\/uploads\/2023\/04\/Aveyron_Visuel.jpg?resize=440%2C295&amp;ssl=1 440w\" sizes=\"(max-width: 440px) 100vw, 440px\" \/>\t\t<\/a>\n\t<\/figure>\n<\/div>\n\n<div class=\"item jingles-convention past-events regie-video v-jaying\">\n\t<figure>\n\t\t<a href=\"https:\/\/www.vjevent.fr\/fr\/portfolio\/soiree-40-ans-de-l-afdu\/\">\n\t\t\t<div class=\"text-overlay\">\n\t\t\t\t<div class=\"info\"><span>Voir les r\u00e9alisations<\/span><\/div>\n\t\t\t<\/div>\n\t\t\t<img loading=\"lazy\" decoding=\"async\" width=\"440\" height=\"295\" src=\"https:\/\/i0.wp.com\/www.vjevent.fr\/wp-content\/uploads\/2023\/04\/afdu.jpg?resize=440%2C295&amp;ssl=1\" class=\"attachment-grid size-grid wp-post-image\" alt=\"soir\u00e9e+afdu+jingle\" srcset=\"https:\/\/i0.wp.com\/www.vjevent.fr\/wp-content\/uploads\/2023\/04\/afdu.jpg?resize=300%2C200&amp;ssl=1 300w, https:\/\/i0.wp.com\/www.vjevent.fr\/wp-content\/uploads\/2023\/04\/afdu.jpg?resize=440%2C295&amp;ssl=1 440w, https:\/\/i0.wp.com\/www.vjevent.fr\/wp-content\/uploads\/2023\/04\/afdu.jpg?zoom=2&amp;resize=440%2C295&amp;ssl=1 880w, https:\/\/i0.wp.com\/www.vjevent.fr\/wp-content\/uploads\/2023\/04\/afdu.jpg?zoom=3&amp;resize=440%2C295&amp;ssl=1 1320w\" sizes=\"(max-width: 440px) 100vw, 440px\" \/>\t\t<\/a>\n\t<\/figure>\n<\/div>\n\n<div class=\"item video-mapping architectural-video-mapping\">\n\t<figure>\n\t\t<a href=\"https:\/\/www.vjevent.fr\/fr\/portfolio\/mapping-video-au-grand-hotel-2\/\">\n\t\t\t<div class=\"text-overlay\">\n\t\t\t\t<div class=\"info\"><span>Voir les r\u00e9alisations<\/span><\/div>\n\t\t\t<\/div>\n\t\t\t<img loading=\"lazy\" decoding=\"async\" width=\"283\" height=\"190\" src=\"https:\/\/i0.wp.com\/www.vjevent.fr\/wp-content\/uploads\/2021\/02\/mapping-grand-hotel-min-2.png?resize=283%2C190&amp;ssl=1\" class=\"attachment-grid size-grid wp-post-image\" alt=\"Mapping au Grand H\u00f4tel Intercontinenetal Op\u00e9ra \u00e0 Paris\" \/>\t\t<\/a>\n\t<\/figure>\n<\/div>\n\n<div class=\"item d-jaying past-events v-jaying\">\n\t<figure>\n\t\t<a href=\"https:\/\/www.vjevent.fr\/fr\/portfolio\/mixe-vj-dj-pour-le-groupe-beneteau-a-cannes\/\">\n\t\t\t<div class=\"text-overlay\">\n\t\t\t\t<div class=\"info\"><span>Voir les r\u00e9alisations<\/span><\/div>\n\t\t\t<\/div>\n\t\t\t<img loading=\"lazy\" decoding=\"async\" width=\"440\" height=\"295\" src=\"https:\/\/i0.wp.com\/www.vjevent.fr\/wp-content\/uploads\/2022\/02\/beneteau2.jpg?resize=440%2C295&amp;ssl=1\" class=\"attachment-grid size-grid wp-post-image\" alt=\"Mixe djette vj cannes\" srcset=\"https:\/\/i0.wp.com\/www.vjevent.fr\/wp-content\/uploads\/2022\/02\/beneteau2.jpg?resize=300%2C200&amp;ssl=1 300w, https:\/\/i0.wp.com\/www.vjevent.fr\/wp-content\/uploads\/2022\/02\/beneteau2.jpg?resize=440%2C295&amp;ssl=1 440w, https:\/\/i0.wp.com\/www.vjevent.fr\/wp-content\/uploads\/2022\/02\/beneteau2.jpg?zoom=2&amp;resize=440%2C295&amp;ssl=1 880w\" sizes=\"(max-width: 440px) 100vw, 440px\" \/>\t\t<\/a>\n\t<\/figure>\n<\/div>\n\n<div class=\"item jingles-convention past-events\">\n\t<figure>\n\t\t<a href=\"https:\/\/www.vjevent.fr\/fr\/portfolio\/creation-d-infodecors-en-temps-reel-pour-la-nuit-du-bien-commun\/\">\n\t\t\t<div class=\"text-overlay\">\n\t\t\t\t<div class=\"info\"><span>Voir les r\u00e9alisations<\/span><\/div>\n\t\t\t<\/div>\n\t\t\t<img loading=\"lazy\" decoding=\"async\" width=\"440\" height=\"295\" src=\"https:\/\/i0.wp.com\/www.vjevent.fr\/wp-content\/uploads\/2022\/02\/nuit-bien-commun-2.jpg?resize=440%2C295&amp;ssl=1\" class=\"attachment-grid size-grid wp-post-image\" alt=\"Info d\u00e9cor temps r\u00e9el\" srcset=\"https:\/\/i0.wp.com\/www.vjevent.fr\/wp-content\/uploads\/2022\/02\/nuit-bien-commun-2.jpg?resize=440%2C295&amp;ssl=1 440w, https:\/\/i0.wp.com\/www.vjevent.fr\/wp-content\/uploads\/2022\/02\/nuit-bien-commun-2.jpg?zoom=2&amp;resize=440%2C295&amp;ssl=1 880w\" sizes=\"(max-width: 440px) 100vw, 440px\" \/>\t\t<\/a>\n\t<\/figure>\n<\/div>\n\n<div class=\"item past-events v-jaying\">\n\t<figure>\n\t\t<a href=\"https:\/\/www.vjevent.fr\/fr\/portfolio\/mixe-vj-pour-un-evenement-prive-a-londres\/\">\n\t\t\t<div class=\"text-overlay\">\n\t\t\t\t<div class=\"info\"><span>Voir les r\u00e9alisations<\/span><\/div>\n\t\t\t<\/div>\n\t\t\t<img loading=\"lazy\" decoding=\"async\" width=\"440\" height=\"295\" src=\"https:\/\/i0.wp.com\/www.vjevent.fr\/wp-content\/uploads\/2022\/02\/the-roundhouse.jpg?resize=440%2C295&amp;ssl=1\" class=\"attachment-grid size-grid wp-post-image\" alt=\"mix-vj-roundhouse\" srcset=\"https:\/\/i0.wp.com\/www.vjevent.fr\/wp-content\/uploads\/2022\/02\/the-roundhouse.jpg?resize=440%2C295&amp;ssl=1 440w, https:\/\/i0.wp.com\/www.vjevent.fr\/wp-content\/uploads\/2022\/02\/the-roundhouse.jpg?zoom=2&amp;resize=440%2C295&amp;ssl=1 880w\" sizes=\"(max-width: 440px) 100vw, 440px\" \/>\t\t<\/a>\n\t<\/figure>\n<\/div>\n\n<div class=\"item past-events v-jaying\">\n\t<figure>\n\t\t<a href=\"https:\/\/www.vjevent.fr\/fr\/portfolio\/mixe-vj-pour-smart-reboot-now\/\">\n\t\t\t<div class=\"text-overlay\">\n\t\t\t\t<div class=\"info\"><span>Voir les r\u00e9alisations<\/span><\/div>\n\t\t\t<\/div>\n\t\t\t<img loading=\"lazy\" decoding=\"async\" width=\"440\" height=\"295\" src=\"https:\/\/i0.wp.com\/www.vjevent.fr\/wp-content\/uploads\/2022\/02\/smart-reboot-2019-1-1.jpg?resize=440%2C295&amp;ssl=1\" class=\"attachment-grid size-grid wp-post-image\" alt=\"Smart Rebbot now -vj event\" srcset=\"https:\/\/i0.wp.com\/www.vjevent.fr\/wp-content\/uploads\/2022\/02\/smart-reboot-2019-1-1.jpg?resize=440%2C295&amp;ssl=1 440w, https:\/\/i0.wp.com\/www.vjevent.fr\/wp-content\/uploads\/2022\/02\/smart-reboot-2019-1-1.jpg?zoom=2&amp;resize=440%2C295&amp;ssl=1 880w\" sizes=\"(max-width: 440px) 100vw, 440px\" \/>\t\t<\/a>\n\t<\/figure>\n<\/div>\n\n<div class=\"item d-jaying past-events v-jaying\">\n\t<figure>\n\t\t<a href=\"https:\/\/www.vjevent.fr\/fr\/portfolio\/mixe-vj-au-terminal-7-a-paris-pour-signia\/\">\n\t\t\t<div class=\"text-overlay\">\n\t\t\t\t<div class=\"info\"><span>Voir les r\u00e9alisations<\/span><\/div>\n\t\t\t<\/div>\n\t\t\t<img loading=\"lazy\" decoding=\"async\" width=\"440\" height=\"295\" src=\"https:\/\/i0.wp.com\/www.vjevent.fr\/wp-content\/uploads\/2022\/02\/signia1.jpg?resize=440%2C295&amp;ssl=1\" class=\"attachment-grid size-grid wp-post-image\" alt=\"mix video-jockey vdj\" srcset=\"https:\/\/i0.wp.com\/www.vjevent.fr\/wp-content\/uploads\/2022\/02\/signia1.jpg?resize=440%2C295&amp;ssl=1 440w, https:\/\/i0.wp.com\/www.vjevent.fr\/wp-content\/uploads\/2022\/02\/signia1.jpg?zoom=2&amp;resize=440%2C295&amp;ssl=1 880w, https:\/\/i0.wp.com\/www.vjevent.fr\/wp-content\/uploads\/2022\/02\/signia1.jpg?zoom=3&amp;resize=440%2C295&amp;ssl=1 1320w\" sizes=\"(max-width: 440px) 100vw, 440px\" \/>\t\t<\/a>\n\t<\/figure>\n<\/div>\n\n<div class=\"item past-events v-jaying\">\n\t<figure>\n\t\t<a href=\"https:\/\/www.vjevent.fr\/fr\/portfolio\/mixe-vj-pour-les-voeux-de-la-mairie-de-montrouge\/\">\n\t\t\t<div class=\"text-overlay\">\n\t\t\t\t<div class=\"info\"><span>Voir les r\u00e9alisations<\/span><\/div>\n\t\t\t<\/div>\n\t\t\t<img loading=\"lazy\" decoding=\"async\" width=\"440\" height=\"295\" src=\"https:\/\/i0.wp.com\/www.vjevent.fr\/wp-content\/uploads\/2021\/08\/back-to-the-future-2.jpg?resize=440%2C295&amp;ssl=1\" class=\"attachment-grid size-grid wp-post-image\" alt=\"V-jaying soir\u00e9e de voeux de la Mairie de Montrouge\" srcset=\"https:\/\/i0.wp.com\/www.vjevent.fr\/wp-content\/uploads\/2021\/08\/back-to-the-future-2.jpg?resize=440%2C295&amp;ssl=1 440w, https:\/\/i0.wp.com\/www.vjevent.fr\/wp-content\/uploads\/2021\/08\/back-to-the-future-2.jpg?zoom=2&amp;resize=440%2C295&amp;ssl=1 880w\" sizes=\"(max-width: 440px) 100vw, 440px\" \/>\t\t<\/a>\n\t<\/figure>\n<\/div>\n\n<div class=\"item past-events v-jaying\">\n\t<figure>\n\t\t<a href=\"https:\/\/www.vjevent.fr\/fr\/portfolio\/mixe-de-video-soiree-generation\/\">\n\t\t\t<div class=\"text-overlay\">\n\t\t\t\t<div class=\"info\"><span>Voir les r\u00e9alisations<\/span><\/div>\n\t\t\t<\/div>\n\t\t\t<img loading=\"lazy\" decoding=\"async\" width=\"440\" height=\"295\" src=\"https:\/\/i0.wp.com\/www.vjevent.fr\/wp-content\/uploads\/2018\/02\/vj-event-soiree-generation.png?resize=440%2C295&amp;ssl=1\" class=\"attachment-grid size-grid wp-post-image\" alt=\"Soir\u00e9e - g\u00e9neration\" srcset=\"https:\/\/i0.wp.com\/www.vjevent.fr\/wp-content\/uploads\/2018\/02\/vj-event-soiree-generation.png?resize=300%2C200&amp;ssl=1 300w, https:\/\/i0.wp.com\/www.vjevent.fr\/wp-content\/uploads\/2018\/02\/vj-event-soiree-generation.png?resize=440%2C295&amp;ssl=1 440w\" sizes=\"(max-width: 440px) 100vw, 440px\" \/>\t\t<\/a>\n\t<\/figure>\n<\/div>\t\t\t\t<\/div>\n\t\t\t\t\n\t\t\t\t\t\t\t\t\n\t\t\t<\/div>\n\t\t\t\n\t\t<\/div>\n\t\t\n\t\t\t\t\n[vc_empty_space height=\u00a0\u00bb30px\u00a0\u00bb][vc_column_text]<\/p>\n<p style=\"text-align: center;\"><a class=\"btn btn-icon\" href=\"\/portfolio\"><i class=\"icon-picture\"><\/i>View All Work<\/a><\/p>\n<p>[\/vc_column_text][vc_empty_space height=\u00a0\u00bb50px\u00a0\u00bb][\/vc_column][\/vc_row][vc_row kwoon_bg=\u00a0\u00bbdark\u00a0\u00bb full_width=\u00a0\u00bbstretch_row\u00a0\u00bb][vc_column width=\u00a0\u00bb1\/1&Prime;][vc_empty_space height=\u00a0\u00bb80px\u00a0\u00bb]<h3 class=\"main-title text-center\">Latest<strong> blog<\/strong><\/h3>\t\t\n\t\t\n\t\t<div class=\"blog grid-view-img blog-carousel-wrapper\">\n\t\t\t<div class=\"blog-posts\">\n\t\t\t\t<div class=\"blog-carousel\">\n\t\t\t\t\t<div class=\"item post-grid\">\n\t<div class=\"post wow fadeIn\" data-wow-duration=\"1s\" data-wow-delay=\"0s\">\n\t\n\t\t<figure>\n\t\t\t<a href=\"https:\/\/www.vjevent.fr\/fr\/gallery-post-type\/\"> \n\t\t\t\t<img loading=\"lazy\" decoding=\"async\" width=\"440\" height=\"320\" src=\"https:\/\/i0.wp.com\/www.vjevent.fr\/wp-content\/uploads\/2015\/06\/hpp2-full.jpg?resize=440%2C320&amp;ssl=1\" class=\"attachment-tile size-tile wp-post-image\" alt=\"\" \/>\t\t\t<\/a> \n\t\t<\/figure>\n\t\t\n\t\t<div class=\"content\">\n\t\t\t<div class=\"meta\">\n\n\t<span class=\"date\">\n\t\t10 juin 2015\t<\/span>\n\t\n\t\t\n\t\n<\/div><h2 class=\"post-title\"><a href=\"https:\/\/www.vjevent.fr\/fr\/gallery-post-type\/\">Gallery Post Type<\/a><\/h2>\t\t<\/div>\n\t\n\t<\/div>\n<\/div><div class=\"item post-grid\">\n\t<div class=\"post wow fadeIn\" data-wow-duration=\"1s\" data-wow-delay=\"0s\">\n\t\n\t\t<figure>\n\t\t\t<a href=\"https:\/\/www.vjevent.fr\/fr\/video-post-type\/\"> \n\t\t\t\t<img loading=\"lazy\" decoding=\"async\" width=\"440\" height=\"320\" src=\"https:\/\/i0.wp.com\/www.vjevent.fr\/wp-content\/uploads\/2015\/06\/hpp13-full.jpg?resize=440%2C320&amp;ssl=1\" class=\"attachment-tile size-tile wp-post-image\" alt=\"\" \/>\t\t\t<\/a> \n\t\t<\/figure>\n\t\t\n\t\t<div class=\"content\">\n\t\t\t<div class=\"meta\">\n\n\t<span class=\"date\">\n\t\t10 juin 2015\t<\/span>\n\t\n\t\t\n\t\n<\/div><h2 class=\"post-title\"><a href=\"https:\/\/www.vjevent.fr\/fr\/video-post-type\/\">Video Post Type<\/a><\/h2>\t\t<\/div>\n\t\n\t<\/div>\n<\/div><div class=\"item post-grid\">\n\t<div class=\"post wow fadeIn\" data-wow-duration=\"1s\" data-wow-delay=\"0s\">\n\t\n\t\t<figure>\n\t\t\t<a href=\"https:\/\/www.vjevent.fr\/fr\/image-post-type\/\"> \n\t\t\t\t<img loading=\"lazy\" decoding=\"async\" width=\"440\" height=\"320\" src=\"https:\/\/i0.wp.com\/www.vjevent.fr\/wp-content\/uploads\/2015\/06\/Unknown.jpeg?resize=440%2C320&amp;ssl=1\" class=\"attachment-tile size-tile wp-post-image\" alt=\"\" \/>\t\t\t<\/a> \n\t\t<\/figure>\n\t\t\n\t\t<div class=\"content\">\n\t\t\t<div class=\"meta\">\n\n\t<span class=\"date\">\n\t\t9 juin 2015\t<\/span>\n\t\n\t\t\n\t\n<\/div><h2 class=\"post-title\"><a href=\"https:\/\/www.vjevent.fr\/fr\/image-post-type\/\">Image Post Type<\/a><\/h2>\t\t<\/div>\n\t\n\t<\/div>\n<\/div><div class=\"item post-grid\">\n\t<div class=\"post wow fadeIn\" data-wow-duration=\"1s\" data-wow-delay=\"0s\">\n\t\n\t\t<figure>\n\t\t\t<a href=\"https:\/\/www.vjevent.fr\/fr\/blog-post-no-sidebar\/\"> \n\t\t\t\t<img loading=\"lazy\" decoding=\"async\" width=\"440\" height=\"320\" src=\"https:\/\/i0.wp.com\/www.vjevent.fr\/wp-content\/uploads\/2015\/06\/hpp9-full.jpg?resize=440%2C320&amp;ssl=1\" class=\"attachment-tile size-tile wp-post-image\" alt=\"\" \/>\t\t\t<\/a> \n\t\t<\/figure>\n\t\t\n\t\t<div class=\"content\">\n\t\t\t<div class=\"meta\">\n\n\t<span class=\"date\">\n\t\t9 juin 2015\t<\/span>\n\t\n\t\t\n\t\n<\/div><h2 class=\"post-title\"><a href=\"https:\/\/www.vjevent.fr\/fr\/blog-post-no-sidebar\/\">Blog Post No Sidebar<\/a><\/h2>\t\t<\/div>\n\t\n\t<\/div>\n<\/div><div class=\"item post-grid\">\n\t<div class=\"post wow fadeIn\" data-wow-duration=\"1s\" data-wow-delay=\"0s\">\n\t\n\t\t<figure>\n\t\t\t<a href=\"https:\/\/www.vjevent.fr\/fr\/standard-post-type\/\"> \n\t\t\t\t<img loading=\"lazy\" decoding=\"async\" width=\"440\" height=\"320\" src=\"https:\/\/i0.wp.com\/www.vjevent.fr\/wp-content\/uploads\/2015\/06\/hpp1-full.jpg?resize=440%2C320&amp;ssl=1\" class=\"attachment-tile size-tile wp-post-image\" alt=\"\" \/>\t\t\t<\/a> \n\t\t<\/figure>\n\t\t\n\t\t<div class=\"content\">\n\t\t\t<div class=\"meta\">\n\n\t<span class=\"date\">\n\t\t8 juin 2015\t<\/span>\n\t\n\t\t\n\t\n<\/div><h2 class=\"post-title\"><a href=\"https:\/\/www.vjevent.fr\/fr\/standard-post-type\/\">Standard Post Type<\/a><\/h2>\t\t<\/div>\n\t\n\t<\/div>\n<\/div><div class=\"item post-grid\">\n\t<div class=\"post wow fadeIn\" data-wow-duration=\"1s\" data-wow-delay=\"0s\">\n\t\n\t\t<figure>\n\t\t\t<a href=\"https:\/\/www.vjevent.fr\/fr\/quote-post-type\/\"> \n\t\t\t\t<img loading=\"lazy\" decoding=\"async\" width=\"440\" height=\"320\" src=\"https:\/\/i0.wp.com\/www.vjevent.fr\/wp-content\/uploads\/2015\/06\/hpp6-full.jpg?resize=440%2C320&amp;ssl=1\" class=\"attachment-tile size-tile wp-post-image\" alt=\"\" \/>\t\t\t<\/a> \n\t\t<\/figure>\n\t\t\n\t\t<div class=\"content\">\n\t\t\t<div class=\"meta\">\n\n\t<span class=\"date\">\n\t\t8 juin 2015\t<\/span>\n\t\n\t\t\n\t\n<\/div><h2 class=\"post-title\"><a href=\"https:\/\/www.vjevent.fr\/fr\/quote-post-type\/\">Quote Post Type<\/a><\/h2>\t\t<\/div>\n\t\n\t<\/div>\n<\/div><div class=\"item post-grid\">\n\t<div class=\"post wow fadeIn\" data-wow-duration=\"1s\" data-wow-delay=\"0s\">\n\t\n\t\t<figure>\n\t\t\t<a href=\"https:\/\/www.vjevent.fr\/fr\/chat-post-type\/\"> \n\t\t\t\t<img loading=\"lazy\" decoding=\"async\" width=\"440\" height=\"320\" src=\"https:\/\/i0.wp.com\/www.vjevent.fr\/wp-content\/uploads\/2015\/05\/p9-full.jpg?resize=440%2C320&amp;ssl=1\" class=\"attachment-tile size-tile wp-post-image\" alt=\"\" \/>\t\t\t<\/a> \n\t\t<\/figure>\n\t\t\n\t\t<div class=\"content\">\n\t\t\t<div class=\"meta\">\n\n\t<span class=\"date\">\n\t\t8 juin 2015\t<\/span>\n\t\n\t\t\n\t\n<\/div><h2 class=\"post-title\"><a href=\"https:\/\/www.vjevent.fr\/fr\/chat-post-type\/\">Chat Post Type<\/a><\/h2>\t\t<\/div>\n\t\n\t<\/div>\n<\/div><div class=\"item post-grid\">\n\t<div class=\"post wow fadeIn\" data-wow-duration=\"1s\" data-wow-delay=\"0s\">\n\t\n\t\t<figure>\n\t\t\t<a href=\"https:\/\/www.vjevent.fr\/fr\/audio-post-type\/\"> \n\t\t\t\t<img loading=\"lazy\" decoding=\"async\" width=\"440\" height=\"320\" src=\"https:\/\/i0.wp.com\/www.vjevent.fr\/wp-content\/uploads\/2015\/05\/p7-full.jpg?resize=440%2C320&amp;ssl=1\" class=\"attachment-tile size-tile wp-post-image\" alt=\"\" \/>\t\t\t<\/a> \n\t\t<\/figure>\n\t\t\n\t\t<div class=\"content\">\n\t\t\t<div class=\"meta\">\n\n\t<span class=\"date\">\n\t\t8 juin 2015\t<\/span>\n\t\n\t\t\n\t\n<\/div><h2 class=\"post-title\"><a href=\"https:\/\/www.vjevent.fr\/fr\/audio-post-type\/\">Audio Post Type<\/a><\/h2>\t\t<\/div>\n\t\n\t<\/div>\n<\/div>\t\t\t\t<\/div>\n\t\t\t<\/div>\n\t\t<\/div>\n\t\t\n\t\t\t\t\n[\/vc_column][\/vc_row][vc_row kwoon_bg=\u00a0\u00bblight\u00a0\u00bb][vc_column width=\u00a0\u00bb1\/4&Prime;]\n\t\t<div class=\"text-center facts\">\n\t\t\n\t\t\t<div class=\"icon-large wow zoomIn\" data-wow-duration=\"1s\" data-wow-delay=\"0s\"> \n\t\t\t\t<i class=\"budicon-camera-1\"><\/i> \n\t\t\t<\/div>\n<h2>7518<\/h2>\n<p>Shots Taken\n\t\t\n\t\t<\/div>\n\t[\/vc_column][vc_column width=\u00a0\u00bb1\/4&Prime;]\n\t\t<div class=\"text-center facts\">\n\t\t\n\t\t\t<div class=\"icon-large wow zoomIn\" data-wow-duration=\"1s\" data-wow-delay=\"0.3s\"> \n\t\t\t\t<i class=\"budicon-coffee\"><\/i> \n\t\t\t<\/div>\n<h2>3472<\/h2>\n<p>Cups of Coffee\n\t\t\n\t\t<\/div>\n\t[\/vc_column][vc_column width=\u00a0\u00bb1\/4&Prime;]\n\t\t<div class=\"text-center facts\">\n\t\t\n\t\t\t<div class=\"icon-large wow zoomIn\" data-wow-duration=\"1s\" data-wow-delay=\"0.6s\"> \n\t\t\t\t<i class=\"budicon-video\"><\/i> \n\t\t\t<\/div>\n<h2>2184<\/h2>\n<p>Movies Watched\n\t\t\n\t\t<\/div>\n\t[\/vc_column][vc_column width=\u00a0\u00bb1\/4&Prime;]\n\t\t<div class=\"text-center facts\">\n\t\t\n\t\t\t<div class=\"icon-large wow zoomIn\" data-wow-duration=\"1s\" data-wow-delay=\"0.9s\"> \n\t\t\t\t<i class=\"budicon-award-1\"><\/i> \n\t\t\t<\/div>\n<h2>4523<\/h2>\n<p>Awards Won\n\t\t\n\t\t<\/div>\n\t[\/vc_column][\/vc_row][vc_row kwoon_bg=\u00a0\u00bbinverse\u00a0\u00bb css=\u00a0\u00bb.vc_custom_1433147129049{background-image: url(http:\/\/kwoon.tommusdemos.wpengine.com\/wp-content\/uploads\/sites\/13\/2015\/05\/parallax1.jpg?id=116) !important;}\u00a0\u00bb][vc_column width=\u00a0\u00bb1\/1&Prime;]<h3 class=\"main-title text-center\"><strong>Parallax<\/strong> section<\/h3>[vc_column_text]<\/p>\n<p class=\"lead\" style=\"text-align: center;\">Morbi leo risus, porta ac consectetur ac, vestibulum at eros. Cum sociis natoque penatibus et magnis dis parturient montes, nascetur ridiculus mus. Cras justo odio, dapibus facilisis egestas eget quam.<\/p>\n<div class=\"divide15\" style=\"text-align: center;\"><\/div>\n<p style=\"text-align: center;\"><a class=\"btn btn-border wow bounce animated\" href=\"#\">MORE INFORMATION<\/a><\/p>\n<p>[\/vc_column_text][\/vc_column][\/vc_row][vc_row kwoon_bg=\u00a0\u00bbdark\u00a0\u00bb][vc_column width=\u00a0\u00bb1\/1&Prime;]<h3 class=\"main-title text-center\">Latest <strong>Flickr<\/strong>\u00a0shots<\/h3>\n\t\t<div class=\"flickr-feed owl-flickr\"> <\/div>\t\n\t\t<script data-jetpack-boost=\"ignore\" type=\"text\/javascript\">\n\t\t\tjQuery(document).ready(function(){\n\t\t\t\tjQuery(\".flickr-feed\").dcFlickr({\n\t\t\t\t    limit: 15,\n\t\t\t\t    q: {\n\t\t\t\t        id: \"51789731@N07\",\n\t\t\t\t        lang: \"en-us\",\n\t\t\t\t        format: \"json\",\n\t\t\t\t        jsoncallback: \"?\"\n\t\t\t\t    },\n\t\t\t\t    onLoad: function() {\n\t\t\t\t        jQuery(\".owl-flickr\").owlCarousel({\n\t\t\t\t            loop: false,\n\t\t\t\t            margin: 10,\n\t\t\t\t            nav: true,\n\t\t\t\t            navText: [\"\", \"\"],\n\t\t\t\t            dots: false,\n\t\t\t\t            items: 7,\n\t\t\t\t            responsive: {\n\t\t\t\t                0: {\n\t\t\t\t                    items: 3\n\t\t\t\t                },\n\t\t\t\t                700: {\n\t\t\t\t                    items: 5\n\t\t\t\t                },\n\t\t\t\t                1000: {\n\t\t\t\t                    items: 7\n\t\t\t\t                }\n\t\t\t\t            }\n\t\t\t\t        })\n\t\t\t\t    }\n\t\t\t\t});\n\t\t\t});\n\t\t<\/script>\n\t[\/vc_column][\/vc_row]<\/p>\n","protected":false},"excerpt":{"rendered":"<p>[vc_row full_width=\u00a0\u00bbstretch_row\u00a0\u00bb kwoon_bg=\u00a0\u00bblight\u00a0\u00bb][vc_column width=\u00a0\u00bb1\/1&Prime;][rev_slider_vc alias=\u00a0\u00bbhomePhotography\u00a0\u00bb][\/vc_column][\/vc_row][vc_row kwoon_bg=\u00a0\u00bblight\u00a0\u00bb][vc_column width=\u00a0\u00bb1\/1&Prime;][vc_column_text] Duis mollis, est non commodo luctus, nisi erat porttitor ligula, eget lacinia odio sem nec elit. Integer posuere&#8230;<\/p>\n","protected":false},"author":1,"featured_media":0,"parent":0,"menu_order":0,"comment_status":"open","ping_status":"open","template":"","meta":{"om_disable_all_campaigns":false,"_monsterinsights_skip_tracking":false,"_monsterinsights_sitenote_active":false,"_monsterinsights_sitenote_note":"","_monsterinsights_sitenote_category":0,"footnotes":""},"class_list":["post-548","page","type-page","status-publish","hentry"],"aioseo_notices":[],"jetpack_sharing_enabled":true,"_links":{"self":[{"href":"https:\/\/www.vjevent.fr\/fr\/wp-json\/wp\/v2\/pages\/548"}],"collection":[{"href":"https:\/\/www.vjevent.fr\/fr\/wp-json\/wp\/v2\/pages"}],"about":[{"href":"https:\/\/www.vjevent.fr\/fr\/wp-json\/wp\/v2\/types\/page"}],"author":[{"embeddable":true,"href":"https:\/\/www.vjevent.fr\/fr\/wp-json\/wp\/v2\/users\/1"}],"replies":[{"embeddable":true,"href":"https:\/\/www.vjevent.fr\/fr\/wp-json\/wp\/v2\/comments?post=548"}],"version-history":[{"count":0,"href":"https:\/\/www.vjevent.fr\/fr\/wp-json\/wp\/v2\/pages\/548\/revisions"}],"wp:attachment":[{"href":"https:\/\/www.vjevent.fr\/fr\/wp-json\/wp\/v2\/media?parent=548"}],"curies":[{"name":"wp","href":"https:\/\/api.w.org\/{rel}","templated":true}]}}