{"id":572,"date":"2015-06-01T13:37:06","date_gmt":"2015-06-01T12:37:06","guid":{"rendered":"http:\/\/tommusrhodus.wpengine.com\/?page_id=572"},"modified":"2015-06-01T13:37:06","modified_gmt":"2015-06-01T12:37:06","slug":"home-layout-shop-1","status":"publish","type":"page","link":"https:\/\/www.vjevent.fr\/fr\/home-layout-shop-1\/","title":{"rendered":"Home Layout &#8211; Shop 1"},"content":{"rendered":"<p>[vc_row full_width=\u00a0\u00bb\u00a0\u00bb parallax=\u00a0\u00bb\u00a0\u00bb parallax_image=\u00a0\u00bb\u00a0\u00bb kwoon_bg=\u00a0\u00bblight\u00a0\u00bb][vc_column width=\u00a0\u00bb1\/1&Prime;][kwoon_products_carousel pppage=\u00a0\u00bb5&Prime; layout=\u00a0\u00bbbasic\u00a0\u00bb][\/vc_column][\/vc_row][vc_row kwoon_bg=\u00a0\u00bbdark\u00a0\u00bb][vc_column width=\u00a0\u00bb1\/1&Prime;]\n\t\t<div class=\"row\">\n\t\t\n\t\t  <div class=\"col-sm-4 col-md-3\">\n\t\t    <h3 class=\"main-title\">About Our Shop<\/h3>\n\t\t    <p>Cras justo odio, dapibus ac facilisis in, egestas eget quam. Duis mollis, est non commodo luctus, nisi erat.<\/p>\n\n\t\t    <div class=\"divide10\"><\/div>\n\t\t    <div class=\"nav-outside owl-nav\"><\/div>\n\t\t  <\/div>\n\t\t  \n\t\t  <div class=\"col-sm-8 col-md-9\">\n\t\t    <div class=\"carousel-wrapper wow fadeIn\" data-wow-duration=\"1s\" data-wow-delay=\"0.3s\">\n\t\t      <div class=\"carousel carousel-boxed2 steps2\">\n\t\t      \t\n\t\t<div class=\"item\">\n\t\t  <div class=\"steps-item box text-center\"><span class=\"number\"><\/span>\n\t\t    <div class=\"icon\"> \n\t\t    \t<img \n\t\t    \t\tsrc=\"https:\/\/i0.wp.com\/www.vjevent.fr\/wp-content\/uploads\/2015\/05\/icon-heart.png?fit=51%2C47&#038;ssl=1\" \n\t\t    \t\tdata-src=\"https:\/\/i0.wp.com\/www.vjevent.fr\/wp-content\/uploads\/2015\/05\/icon-heart.png?fit=51%2C47&#038;ssl=1\" \n\t\t    \t\tdata-ret=\"https:\/\/i0.wp.com\/www.vjevent.fr\/wp-content\/uploads\/2015\/05\/icon-heart%402x.png?fit=101%2C95&#038;ssl=1\" \n\t\t    \t\tclass=\"retina\" \n\t\t    \t\talt=\"alt\" \n\t\t    \t\/>\n\t\t    <\/div>\n<h4>Customer Satisfaction<\/h4>\n<p>Nulla vitae libero pharetra augue. Etiam porta malesuada magna mollis euismod. Eget lacinia odio sem nec elit.\n\t\t  <\/div>\n\t\t<\/div>\n\t\n\t\t<div class=\"item\">\n\t\t  <div class=\"steps-item box text-center\"><span class=\"number\"><\/span>\n\t\t    <div class=\"icon\"> \n\t\t    \t<img \n\t\t    \t\tsrc=\"https:\/\/i0.wp.com\/www.vjevent.fr\/wp-content\/uploads\/2015\/05\/icon-worldmap.png?fit=50%2C55&#038;ssl=1\" \n\t\t    \t\tdata-src=\"https:\/\/i0.wp.com\/www.vjevent.fr\/wp-content\/uploads\/2015\/05\/icon-worldmap.png?fit=50%2C55&#038;ssl=1\" \n\t\t    \t\tdata-ret=\"https:\/\/i0.wp.com\/www.vjevent.fr\/wp-content\/uploads\/2015\/05\/icon-worldmap%402x.png?fit=100%2C108&#038;ssl=1\" \n\t\t    \t\tclass=\"retina\" \n\t\t    \t\talt=\"alt\" \n\t\t    \t\/>\n\t\t    <\/div>\n<h4>Worldwide Shipping<\/h4>\n<p>Nulla vitae libero pharetra augue. Etiam porta malesuada magna mollis euismod. Eget lacinia odio sem nec elit.\n\t\t  <\/div>\n\t\t<\/div>\n\t\n\t\t<div class=\"item\">\n\t\t  <div class=\"steps-item box text-center\"><span class=\"number\"><\/span>\n\t\t    <div class=\"icon\"> \n\t\t    \t<img \n\t\t    \t\tsrc=\"https:\/\/i0.wp.com\/www.vjevent.fr\/wp-content\/uploads\/2015\/06\/icon-basket.png?fit=54%2C56&#038;ssl=1\" \n\t\t    \t\tdata-src=\"https:\/\/i0.wp.com\/www.vjevent.fr\/wp-content\/uploads\/2015\/06\/icon-basket.png?fit=54%2C56&#038;ssl=1\" \n\t\t    \t\tdata-ret=\"https:\/\/i0.wp.com\/www.vjevent.fr\/wp-content\/uploads\/2015\/06\/icon-basket%402x.png?fit=108%2C111&#038;ssl=1\" \n\t\t    \t\tclass=\"retina\" \n\t\t    \t\talt=\"alt\" \n\t\t    \t\/>\n\t\t    <\/div>\n<h4>Basket Discount<\/h4>\n<p>Nulla vitae libero pharetra augue. Etiam porta malesuada magna mollis euismod. Eget lacinia odio sem nec elit.\n\t\t  <\/div>\n\t\t<\/div>\n\t\n\t\t<div class=\"item\">\n\t\t  <div class=\"steps-item box text-center\"><span class=\"number\"><\/span>\n\t\t    <div class=\"icon\"> \n\t\t    \t<img \n\t\t    \t\tsrc=\"https:\/\/i0.wp.com\/www.vjevent.fr\/wp-content\/uploads\/2015\/06\/icon-arrows.png?fit=54%2C55&#038;ssl=1\" \n\t\t    \t\tdata-src=\"https:\/\/i0.wp.com\/www.vjevent.fr\/wp-content\/uploads\/2015\/06\/icon-arrows.png?fit=54%2C55&#038;ssl=1\" \n\t\t    \t\tdata-ret=\"https:\/\/i0.wp.com\/www.vjevent.fr\/wp-content\/uploads\/2015\/06\/icon-arrows%402x.png?fit=108%2C109&#038;ssl=1\" \n\t\t    \t\tclass=\"retina\" \n\t\t    \t\talt=\"alt\" \n\t\t    \t\/>\n\t\t    <\/div>\n<h4>Refunds & Exchanges<\/h4>\n<p>Nulla vitae libero pharetra augue. Etiam porta malesuada magna mollis euismod. Eget lacinia odio sem nec elit.\n\t\t  <\/div>\n\t\t<\/div>\n\t\n\t\t<div class=\"item\">\n\t\t  <div class=\"steps-item box text-center\"><span class=\"number\"><\/span>\n\t\t    <div class=\"icon\"> \n\t\t    \t<img \n\t\t    \t\tsrc=\"https:\/\/i0.wp.com\/www.vjevent.fr\/wp-content\/uploads\/2015\/05\/icon-help.png?fit=54%2C54&#038;ssl=1\" \n\t\t    \t\tdata-src=\"https:\/\/i0.wp.com\/www.vjevent.fr\/wp-content\/uploads\/2015\/05\/icon-help.png?fit=54%2C54&#038;ssl=1\" \n\t\t    \t\tdata-ret=\"https:\/\/i0.wp.com\/www.vjevent.fr\/wp-content\/uploads\/2015\/05\/icon-help%402x.png?fit=108%2C108&#038;ssl=1\" \n\t\t    \t\tclass=\"retina\" \n\t\t    \t\talt=\"alt\" \n\t\t    \t\/>\n\t\t    <\/div>\n<h4>24\/7 Support<\/h4>\n<p>Nulla vitae libero pharetra augue. Etiam porta malesuada magna mollis euismod. Eget lacinia odio sem nec elit.\n\t\t  <\/div>\n\t\t<\/div>\n\t\n\t\t      <\/div>\n\t\t    <\/div>\n\t\t  <\/div>\n\t\t  \n\t\t<\/div>\n\t[\/vc_column][\/vc_row][vc_row kwoon_bg=\u00a0\u00bbinverse\u00a0\u00bb css=\u00a0\u00bb.vc_custom_1433162148298{background-image: url(http:\/\/kwoon.tommusdemos.wpengine.com\/wp-content\/uploads\/sites\/13\/2015\/05\/parallax3.jpg?id=117) !important;}\u00a0\u00bb][vc_column width=\u00a0\u00bb1\/1&Prime;]<h3 class=\"main-title text-center\">Subscribe to our newsletter for <strong>discounts<\/strong>!<\/h3>\n<div class=\"wpcf7 no-js\" id=\"wpcf7-f119-o1\" lang=\"en-US\" dir=\"ltr\" data-wpcf7-id=\"119\">\n<div class=\"screen-reader-response\"><p role=\"status\" aria-live=\"polite\" aria-atomic=\"true\"><\/p> <ul><\/ul><\/div>\n<form action=\"\/fr\/wp-json\/wp\/v2\/pages\/572#wpcf7-f119-o1\" method=\"post\" class=\"wpcf7-form init\" aria-label=\"Contact form\" novalidate=\"novalidate\" data-status=\"init\">\n<div style=\"display: none;\">\n<input type=\"hidden\" name=\"_wpcf7\" value=\"119\" \/>\n<input type=\"hidden\" name=\"_wpcf7_version\" value=\"6.0.6\" \/>\n<input type=\"hidden\" name=\"_wpcf7_locale\" value=\"en_US\" \/>\n<input type=\"hidden\" name=\"_wpcf7_unit_tag\" value=\"wpcf7-f119-o1\" \/>\n<input type=\"hidden\" name=\"_wpcf7_container_post\" value=\"0\" \/>\n<input type=\"hidden\" name=\"_wpcf7_posted_data_hash\" value=\"\" \/>\n<input type=\"hidden\" name=\"_cf7a__timestamp\" value=\"oBgtlUB+8w5VBmCmIzmPOg==\" \/>\n<input type=\"hidden\" name=\"_cf7a_version\" value=\"1.0\" \/>\n<input type=\"hidden\" name=\"_cf7a_address\" value=\"\" \/>\n<input type=\"hidden\" name=\"_cf7a_referer\" value=\"\" \/>\n<input type=\"hidden\" name=\"_cf7a_protocol\" value=\"\" \/>\n<input type=\"hidden\" name=\"_cf7a_bot_fingerprint\" value=\"oBgtlUB+8w5VBmCmIzmPOg==\" \/>\n<input type=\"hidden\" name=\"_cf7a_bot_fingerprint_extras\" value=\"\" \/>\n<input type=\"hidden\" name=\"_cf7a_append_on_submit\" value=\"\" \/>\n<\/div>\n<p><span id=\"wpcf7-69f4891e0542f-wrapper\" class=\"wpcf7-form-control-wrap honeypot-668-wrap\" style=\"display:none !important; visibility:hidden !important;\"><label for=\"wpcf7-69f4891e0542f-field\" class=\"hp-message\">Please leave this field empty.<\/label><input type=\"text\" name=\"name\" value=\"\" autocomplete=\"fill\" class=\"fit-the-fullspace\" aria-hidden=\"true\" tabindex=\"-1\" \/><input id=\"wpcf7-69f4891e0542f-field\"  class=\"wpcf7-form-control wpcf7-text\" type=\"text\" name=\"honeypot-668\" value=\"\" size=\"40\" tabindex=\"-1\" autocomplete=\"new-password\" \/><\/span>\n<\/p>\n<div class=\"newsletter-wrapper\">\n\t<div class=\"newsletter-form\">\n\t\t<p><span class=\"wpcf7-form-control-wrap\" data-name=\"your-email\"><input size=\"40\" maxlength=\"400\" class=\"wpcf7-form-control wpcf7-email wpcf7-validates-as-required wpcf7-text wpcf7-validates-as-email\" aria-required=\"true\" aria-invalid=\"false\" placeholder=\"Email\" value=\"\" type=\"email\" name=\"your-email\" \/><\/span>\n\t\t<\/p>\n\t\t<div class=\"clear\">\n\t\t\t<p><input class=\"wpcf7-form-control wpcf7-submit has-spinner\" type=\"submit\" value=\"Envoyer\" \/>\n\t\t\t<\/p>\n\t\t<\/div>\n\t<\/div>\n<\/div><p style=\"display: none !important;\" class=\"akismet-fields-container\" data-prefix=\"_wpcf7_ak_\"><label>&#916;<textarea name=\"_wpcf7_ak_hp_textarea\" cols=\"45\" rows=\"8\" maxlength=\"100\"><\/textarea><\/label><input type=\"hidden\" id=\"ak_js_1\" name=\"_wpcf7_ak_js\" value=\"202\"\/><script data-jetpack-boost=\"ignore\" type=\"text\/javascript\">\n\/* <![CDATA[ *\/\ndocument.getElementById( \"ak_js_1\" ).setAttribute( \"value\", ( new Date() ).getTime() );\n\/* ]]> *\/\n<\/script>\n<\/p><div class=\"wpcf7-response-output\" aria-hidden=\"true\"><\/div>\n<\/form>\n<\/div>\n[\/vc_column][\/vc_row][vc_row kwoon_bg=\u00a0\u00bbdark\u00a0\u00bb][vc_column width=\u00a0\u00bb1\/1&Prime;]<h3 class=\"main-title text-center\"><strong>Popular<\/strong> products<\/h3>[kwoon_products pppage=\u00a0\u00bb8&Prime; filters=\u00a0\u00bbyes\u00a0\u00bb more=\u00a0\u00bbno\u00a0\u00bb][\/vc_column][\/vc_row][vc_row full_width=\u00a0\u00bb\u00a0\u00bb parallax=\u00a0\u00bb\u00a0\u00bb parallax_image=\u00a0\u00bb\u00a0\u00bb kwoon_bg=\u00a0\u00bblight\u00a0\u00bb][vc_column width=\u00a0\u00bb1\/1&Prime;]\t\n\t\t\t\n\t\t<div class=\"carousel-wrapper\">\n\t\t\t<div class=\"carousel testimonials3\">\n\t\t\t\t\n<div class=\"item text-center\">\n\t<div class=\"quote\">\n\t\n\t\t<blockquote>\n\t\t\t<p>Thank you so much for your email and it was SUCH a pleasure to work with you. The client was super happy with what was produced, and I really enjoyed being part of your creative process.<br \/>\nThank you again for everything and hopefully we will get to work with you again!<\/p>\n<p>Please can I mirror Florry&rsquo;s sentiments below &#8211; it was an absolute pleasure to work with you and your performance\/ content was fantastic!<br \/>\nThank you for everything and I hope to work with you again in the future!<\/p>\n<p>Mixe vj pour ASAHI lors du lancement de la Coupe du Monde de Rugby<\/p>\n\t\t<\/blockquote>\n\t\t\n\t\t<div class=\"author\">\n\t\t\n\t\t\t<div class=\"icon\">\n\t\t\t\t\t\t\t<\/div>\n\t\t\t\n\t\t\t<h5>Florry Saunders &#038;  Leanne Farrell &#8211; Fuse UK<\/h5><span class=\"meta\"><\/span> \t\t\t\n\t\t<\/div>\n\t\n\t<\/div>\n<\/div>\n<div class=\"item text-center\">\n\t<div class=\"quote\">\n\t\n\t\t<blockquote>\n\t\t\t<p>Le VJ a \u00e9t\u00e9 comme l&rsquo;\u00e9cran &#8230; Monumental !<\/p>\n<p>Mixe vj au U-Arena La D\u00e9fense pour Axa<\/p>\n\t\t<\/blockquote>\n\t\t\n\t\t<div class=\"author\">\n\t\t\n\t\t\t<div class=\"icon\">\n\t\t\t\t\t\t\t<\/div>\n\t\t\t\n\t\t\t<h5>Cedric Benquet &#8211; Agence FC2<\/h5><span class=\"meta\"><\/span> \t\t\t\n\t\t<\/div>\n\t\n\t<\/div>\n<\/div>\n<div class=\"item text-center\">\n\t<div class=\"quote\">\n\t\n\t\t<blockquote>\n\t\t\t<p>Tout d\u2019abord, un grand merci \u00e0 vous pour votre prestation ainsi que celle du DJ lors du s\u00e9minaire de la semaine derni\u00e8re.<br \/>\nLes clients ont beaucoup appr\u00e9ci\u00e9 ainsi que Justine qui m\u2019a fait ses retours. <\/p>\n<p>S\u00e9minaire Arkopharma<\/p>\n\t\t<\/blockquote>\n\t\t\n\t\t<div class=\"author\">\n\t\t\n\t\t\t<div class=\"icon\">\n\t\t\t\t\t\t\t<\/div>\n\t\t\t\n\t\t\t<h5>Marion Pinc\u00eatre &#8211; Gens d&rsquo;\u00e9v\u00e9nement<\/h5><span class=\"meta\"><\/span> \t\t\t\n\t\t<\/div>\n\t\n\t<\/div>\n<\/div>\n<div class=\"item text-center\">\n\t<div class=\"quote\">\n\t\n\t\t<blockquote>\n\t\t\t<p>Le big boss de R&amp;C m&rsquo;a pris avec ses deux mains et ma dit en me regardant dans les yeux : \u00ab\u00a0Merci, c&rsquo;\u00e9tait parfait, magnifique. Je sais que cela n&rsquo;a pas \u00e9t\u00e9 facile, je sais que vous vous \u00eates beaucoup investi et je vous en remercie grandement\u00a0\u00bb. De m\u00eame pour mon client direct Ariameetis qui \u00e9tait aux anges.<br \/>\nJe vous remets ce merci.<br \/>\nC&rsquo;\u00e9tait un PLAISIR de travailler avec vous. Chacun avait sa place, son r\u00f4le \u00e0 jouer.<br \/>\nNous avons relev\u00e9 un sacr\u00e9 d\u00e9fi vu le temps et le budget que nous avions.\u00a0\u00bb<\/p>\n<p>Mapping \u00e0 New-York pour Relais &amp; Chateaux<\/p>\n\t\t<\/blockquote>\n\t\t\n\t\t<div class=\"author\">\n\t\t\n\t\t\t<div class=\"icon\">\n\t\t\t\t\t\t\t<\/div>\n\t\t\t\n\t\t\t<h5>David Delassus &#8211;  A-blok<\/h5><span class=\"meta\"><\/span> \t\t\t\n\t\t<\/div>\n\t\n\t<\/div>\n<\/div>\n<div class=\"item text-center\">\n\t<div class=\"quote\">\n\t\n\t\t<blockquote>\n\t\t\t<p>C&rsquo;est avec un peu de retard et du fond de mon lit que je tenais \u00e0 tous vous remercier pour cette op\u00e9ration r\u00e9ussie.<br \/>\nC&rsquo;est gr\u00e2ce \u00e0 notre travail d&rsquo;\u00e9quipe que nous avons atteint les objectifs fix\u00e9s = des invit\u00e9s heureux, les membres du conseil d&rsquo;administration combl\u00e9s et 3 magnifiques soir\u00e9es.<\/p>\n<p>Inauguration du Club Med Valmorel<\/p>\n\t\t<\/blockquote>\n\t\t\n\t\t<div class=\"author\">\n\t\t\n\t\t\t<div class=\"icon\">\n\t\t\t\t\t\t\t<\/div>\n\t\t\t\n\t\t\t<h5>Hel\u00e8ne Demade<\/h5><span class=\"meta\"><\/span> \t\t\t\n\t\t<\/div>\n\t\n\t<\/div>\n<\/div>\t\t\t<\/div>\n\t\t<\/div>\n\t\t\n\t\t\t\t\n[\/vc_column][\/vc_row]<\/p>\n","protected":false},"excerpt":{"rendered":"<p>[vc_row full_width=\u00a0\u00bb\u00a0\u00bb parallax=\u00a0\u00bb\u00a0\u00bb parallax_image=\u00a0\u00bb\u00a0\u00bb kwoon_bg=\u00a0\u00bblight\u00a0\u00bb][vc_column width=\u00a0\u00bb1\/1&Prime;][kwoon_products_carousel pppage=\u00a0\u00bb5&Prime; layout=\u00a0\u00bbbasic\u00a0\u00bb][\/vc_column][\/vc_row][vc_row kwoon_bg=\u00a0\u00bbdark\u00a0\u00bb][vc_column width=\u00a0\u00bb1\/1&Prime;][\/vc_column][\/vc_row][vc_row kwoon_bg=\u00a0\u00bbinverse\u00a0\u00bb css=\u00a0\u00bb.vc_custom_1433162148298{background-image: url(http:\/\/kwoon.tommusdemos.wpengine.com\/wp-content\/uploads\/sites\/13\/2015\/05\/parallax3.jpg?id=117) !important;}\u00a0\u00bb][vc_column width=\u00a0\u00bb1\/1&Prime;][\/vc_column][\/vc_row][vc_row kwoon_bg=\u00a0\u00bbdark\u00a0\u00bb][vc_column width=\u00a0\u00bb1\/1&Prime;][kwoon_products pppage=\u00a0\u00bb8&Prime; filters=\u00a0\u00bbyes\u00a0\u00bb more=\u00a0\u00bbno\u00a0\u00bb][\/vc_column][\/vc_row][vc_row full_width=\u00a0\u00bb\u00a0\u00bb parallax=\u00a0\u00bb\u00a0\u00bb parallax_image=\u00a0\u00bb\u00a0\u00bb kwoon_bg=\u00a0\u00bblight\u00a0\u00bb][vc_column width=\u00a0\u00bb1\/1&Prime;][\/vc_column][\/vc_row]<\/p>\n","protected":false},"author":1,"featured_media":0,"parent":0,"menu_order":0,"comment_status":"open","ping_status":"open","template":"","meta":{"om_disable_all_campaigns":false,"_monsterinsights_skip_tracking":false,"_monsterinsights_sitenote_active":false,"_monsterinsights_sitenote_note":"","_monsterinsights_sitenote_category":0,"footnotes":""},"class_list":["post-572","page","type-page","status-publish","hentry"],"aioseo_notices":[],"jetpack_sharing_enabled":true,"_links":{"self":[{"href":"https:\/\/www.vjevent.fr\/fr\/wp-json\/wp\/v2\/pages\/572"}],"collection":[{"href":"https:\/\/www.vjevent.fr\/fr\/wp-json\/wp\/v2\/pages"}],"about":[{"href":"https:\/\/www.vjevent.fr\/fr\/wp-json\/wp\/v2\/types\/page"}],"author":[{"embeddable":true,"href":"https:\/\/www.vjevent.fr\/fr\/wp-json\/wp\/v2\/users\/1"}],"replies":[{"embeddable":true,"href":"https:\/\/www.vjevent.fr\/fr\/wp-json\/wp\/v2\/comments?post=572"}],"version-history":[{"count":0,"href":"https:\/\/www.vjevent.fr\/fr\/wp-json\/wp\/v2\/pages\/572\/revisions"}],"wp:attachment":[{"href":"https:\/\/www.vjevent.fr\/fr\/wp-json\/wp\/v2\/media?parent=572"}],"curies":[{"name":"wp","href":"https:\/\/api.w.org\/{rel}","templated":true}]}}