{"id":599,"date":"2015-06-01T18:02:28","date_gmt":"2015-06-01T17:02:28","guid":{"rendered":"http:\/\/tommusrhodus.wpengine.com\/?page_id=599"},"modified":"2020-07-07T16:51:41","modified_gmt":"2020-07-07T14:51:41","slug":"blog-grid-blog-with-sidebar","status":"publish","type":"page","link":"https:\/\/www.vjevent.fr\/fr\/blog-grid-blog-with-sidebar\/","title":{"rendered":"Blog &#8211; Grid Blog with Sidebar"},"content":{"rendered":"<p>[vc_row kwoon_bg=\u00a0\u00bbdark\u00a0\u00bb][vc_column width=\u00a0\u00bb1\/1&Prime;]\t\t\n\t\t\t\n\t\t<div class=\"blog grid-view col2 row\">\n\t\t\n\t\t\t<div class=\"col-sm-8 blog-content\">\n\t\t\t\n\t\t\t\t<div class=\"blog-posts text-boxes\">\n\t\t\t\t\t<div class=\"isotope row\">\n\t\t\t\t\t\t<div class=\"col-md-6 col-sm-12 grid-view-post\">\n\t<div class=\"post\">\n\t\t\n\t\t\t\t\t<figure class=\"main\">\n\t\t\t\t<a href=\"https:\/\/www.vjevent.fr\/fr\/gallery-post-type\/\">\n\t\t\t\t\t<div class=\"text-overlay\">\n\t\t\t\t\t\t<div class=\"info\">\n\t\t\t\t\t\t\t<span>Read More<\/span>\n\t\t\t\t\t\t<\/div>\n\t\t\t\t\t<\/div>\n\t\t\t\t\t<img loading=\"lazy\" decoding=\"async\" width=\"440\" height=\"295\" src=\"https:\/\/i0.wp.com\/www.vjevent.fr\/wp-content\/uploads\/2015\/06\/hpp2-full.jpg?resize=440%2C295&amp;ssl=1\" class=\"attachment-grid size-grid wp-post-image\" alt=\"\" \/>\t\t\t\t<\/a>\n\t\t\t<\/figure>\n\t\t\n\t\t<h3 class=\"post-title\"><a href=\"https:\/\/www.vjevent.fr\/fr\/gallery-post-type\/\">Gallery Post Type<\/a><\/h3><div class=\"meta\">\n\n\t<span class=\"date\">\n\t\t10 juin 2015\t<\/span>\n\t\n\t\t\n\t\n<\/div><p>Fusce dapibus, tellus ac cursus commodo, tortor mauris condimentum nibh, ut fermentum massa justo sit amet. Vivamus sagittis lacus vel augue laoreet rutrum faucibus dolor...<\/p>\n\t\t\n\t\t<a href=\"https:\/\/www.vjevent.fr\/fr\/gallery-post-type\/\" class=\"more\">Continue Reading<\/a>\n\t\t\n\t<\/div>\n\t<hr \/>\n<\/div><div class=\"col-md-6 col-sm-12 grid-view-post\">\n\t<div class=\"post\">\n\t\t\n\t\t\t\t\t<figure class=\"main\">\n\t\t\t\t<a href=\"https:\/\/www.vjevent.fr\/fr\/video-post-type\/\">\n\t\t\t\t\t<div class=\"text-overlay\">\n\t\t\t\t\t\t<div class=\"info\">\n\t\t\t\t\t\t\t<span>Read More<\/span>\n\t\t\t\t\t\t<\/div>\n\t\t\t\t\t<\/div>\n\t\t\t\t\t<img loading=\"lazy\" decoding=\"async\" width=\"440\" height=\"295\" src=\"https:\/\/i0.wp.com\/www.vjevent.fr\/wp-content\/uploads\/2015\/06\/hpp13-full.jpg?resize=440%2C295&amp;ssl=1\" class=\"attachment-grid size-grid wp-post-image\" alt=\"\" \/>\t\t\t\t<\/a>\n\t\t\t<\/figure>\n\t\t\n\t\t<h3 class=\"post-title\"><a href=\"https:\/\/www.vjevent.fr\/fr\/video-post-type\/\">Video Post Type<\/a><\/h3><div class=\"meta\">\n\n\t<span class=\"date\">\n\t\t10 juin 2015\t<\/span>\n\t\n\t\t\n\t\n<\/div><p>Fusce dapibus, tellus ac cursus commodo, tortor mauris condimentum nibh, ut fermentum massa justo sit amet. Vivamus sagittis lacus vel augue laoreet rutrum faucibus dolor...<\/p>\n\t\t\n\t\t<a href=\"https:\/\/www.vjevent.fr\/fr\/video-post-type\/\" class=\"more\">Continue Reading<\/a>\n\t\t\n\t<\/div>\n\t<hr \/>\n<\/div><div class=\"col-md-6 col-sm-12 grid-view-post\">\n\t<div class=\"post\">\n\t\t\n\t\t\t\t\t<figure class=\"main\">\n\t\t\t\t<a href=\"https:\/\/www.vjevent.fr\/fr\/image-post-type\/\">\n\t\t\t\t\t<div class=\"text-overlay\">\n\t\t\t\t\t\t<div class=\"info\">\n\t\t\t\t\t\t\t<span>Read More<\/span>\n\t\t\t\t\t\t<\/div>\n\t\t\t\t\t<\/div>\n\t\t\t\t\t<img loading=\"lazy\" decoding=\"async\" width=\"440\" height=\"295\" src=\"https:\/\/i0.wp.com\/www.vjevent.fr\/wp-content\/uploads\/2015\/06\/Unknown.jpeg?resize=440%2C295&amp;ssl=1\" class=\"attachment-grid size-grid wp-post-image\" alt=\"\" \/>\t\t\t\t<\/a>\n\t\t\t<\/figure>\n\t\t\n\t\t<h3 class=\"post-title\"><a href=\"https:\/\/www.vjevent.fr\/fr\/image-post-type\/\">Image Post Type<\/a><\/h3><div class=\"meta\">\n\n\t<span class=\"date\">\n\t\t9 juin 2015\t<\/span>\n\t\n\t\t\n\t\n<\/div><p>Fusce dapibus, tellus ac cursus commodo, tortor mauris condimentum nibh, ut fermentum massa justo sit amet. Vivamus sagittis lacus vel augue laoreet rutrum faucibus dolor...<\/p>\n\t\t\n\t\t<a href=\"https:\/\/www.vjevent.fr\/fr\/image-post-type\/\" class=\"more\">Continue Reading<\/a>\n\t\t\n\t<\/div>\n\t<hr \/>\n<\/div><div class=\"col-md-6 col-sm-12 grid-view-post\">\n\t<div class=\"post\">\n\t\t\n\t\t\t\t\t<figure class=\"main\">\n\t\t\t\t<a href=\"https:\/\/www.vjevent.fr\/fr\/blog-post-no-sidebar\/\">\n\t\t\t\t\t<div class=\"text-overlay\">\n\t\t\t\t\t\t<div class=\"info\">\n\t\t\t\t\t\t\t<span>Read More<\/span>\n\t\t\t\t\t\t<\/div>\n\t\t\t\t\t<\/div>\n\t\t\t\t\t<img loading=\"lazy\" decoding=\"async\" width=\"440\" height=\"295\" src=\"https:\/\/i0.wp.com\/www.vjevent.fr\/wp-content\/uploads\/2015\/06\/hpp9-full.jpg?resize=440%2C295&amp;ssl=1\" class=\"attachment-grid size-grid wp-post-image\" alt=\"\" \/>\t\t\t\t<\/a>\n\t\t\t<\/figure>\n\t\t\n\t\t<h3 class=\"post-title\"><a href=\"https:\/\/www.vjevent.fr\/fr\/blog-post-no-sidebar\/\">Blog Post No Sidebar<\/a><\/h3><div class=\"meta\">\n\n\t<span class=\"date\">\n\t\t9 juin 2015\t<\/span>\n\t\n\t\t\n\t\n<\/div><p>Fusce dapibus, tellus ac cursus commodo, tortor mauris condimentum nibh, ut fermentum massa justo sit amet. Vivamus sagittis lacus vel augue laoreet rutrum faucibus dolor...<\/p>\n\t\t\n\t\t<a href=\"https:\/\/www.vjevent.fr\/fr\/blog-post-no-sidebar\/\" class=\"more\">Continue Reading<\/a>\n\t\t\n\t<\/div>\n\t<hr \/>\n<\/div><div class=\"col-md-6 col-sm-12 grid-view-post\">\n\t<div class=\"post\">\n\t\t\n\t\t\t\t\t<figure class=\"main\">\n\t\t\t\t<a href=\"https:\/\/www.vjevent.fr\/fr\/standard-post-type\/\">\n\t\t\t\t\t<div class=\"text-overlay\">\n\t\t\t\t\t\t<div class=\"info\">\n\t\t\t\t\t\t\t<span>Read More<\/span>\n\t\t\t\t\t\t<\/div>\n\t\t\t\t\t<\/div>\n\t\t\t\t\t<img loading=\"lazy\" decoding=\"async\" width=\"440\" height=\"295\" src=\"https:\/\/i0.wp.com\/www.vjevent.fr\/wp-content\/uploads\/2015\/06\/hpp1-full.jpg?resize=440%2C295&amp;ssl=1\" class=\"attachment-grid size-grid wp-post-image\" alt=\"\" \/>\t\t\t\t<\/a>\n\t\t\t<\/figure>\n\t\t\n\t\t<h3 class=\"post-title\"><a href=\"https:\/\/www.vjevent.fr\/fr\/standard-post-type\/\">Standard Post Type<\/a><\/h3><div class=\"meta\">\n\n\t<span class=\"date\">\n\t\t8 juin 2015\t<\/span>\n\t\n\t\t\n\t\n<\/div><p>Fusce dapibus, tellus ac cursus commodo, tortor mauris condimentum nibh, ut fermentum massa justo sit amet. Vivamus sagittis lacus vel augue laoreet rutrum faucibus dolor...<\/p>\n\t\t\n\t\t<a href=\"https:\/\/www.vjevent.fr\/fr\/standard-post-type\/\" class=\"more\">Continue Reading<\/a>\n\t\t\n\t<\/div>\n\t<hr \/>\n<\/div><div class=\"col-md-6 col-sm-12 grid-view-post\">\n\t<div class=\"post\">\n\t\t\n\t\t\t\t\t<figure class=\"main\">\n\t\t\t\t<a href=\"https:\/\/www.vjevent.fr\/fr\/quote-post-type\/\">\n\t\t\t\t\t<div class=\"text-overlay\">\n\t\t\t\t\t\t<div class=\"info\">\n\t\t\t\t\t\t\t<span>Read More<\/span>\n\t\t\t\t\t\t<\/div>\n\t\t\t\t\t<\/div>\n\t\t\t\t\t<img loading=\"lazy\" decoding=\"async\" width=\"440\" height=\"295\" src=\"https:\/\/i0.wp.com\/www.vjevent.fr\/wp-content\/uploads\/2015\/06\/hpp6-full.jpg?resize=440%2C295&amp;ssl=1\" class=\"attachment-grid size-grid wp-post-image\" alt=\"\" \/>\t\t\t\t<\/a>\n\t\t\t<\/figure>\n\t\t\n\t\t<h3 class=\"post-title\"><a href=\"https:\/\/www.vjevent.fr\/fr\/quote-post-type\/\">Quote Post Type<\/a><\/h3><div class=\"meta\">\n\n\t<span class=\"date\">\n\t\t8 juin 2015\t<\/span>\n\t\n\t\t\n\t\n<\/div><p>Fusce dapibus, tellus ac cursus commodo, tortor mauris condimentum nibh, ut fermentum massa justo sit amet. Vivamus sagittis lacus vel augue laoreet rutrum faucibus dolor...<\/p>\n\t\t\n\t\t<a href=\"https:\/\/www.vjevent.fr\/fr\/quote-post-type\/\" class=\"more\">Continue Reading<\/a>\n\t\t\n\t<\/div>\n\t<hr \/>\n<\/div>\t\t\t\t\t<\/div>\n\t\t\t\t<\/div>\n\t\t\t\t  \n\t\t\t\t<div class='pagination'><ul><li class='active'><a class='btn' href='https:\/\/www.vjevent.fr\/fr\/wp-json\/wp\/v2\/pages\/599\/'><span>1<\/span><\/a><\/li> <li><a class='btn' href='https:\/\/www.vjevent.fr\/fr\/wp-json\/wp\/v2\/pages\/599\/page\/2\/'>2<\/span><\/a><\/li> <li><a class='btn' href='https:\/\/www.vjevent.fr\/fr\/wp-json\/wp\/v2\/pages\/599\/page\/3\/'>3<\/span><\/a><\/li> <li><a class='btn' href='https:\/\/www.vjevent.fr\/fr\/wp-json\/wp\/v2\/pages\/599\/page\/6\/'><span>Suivant<\/span><\/a><\/li> <\/ul><\/div>\t\t\t  \n\t\t\t<\/div>\n\t\t\t\n\t\t\t<aside class=\"col-sm-4 sidebar\">\n\t\t\t\t<div id=\"search-2\" class=\"sidebox widget widget_search\"><form class=\"searchform pull-right\" method=\"get\" id=\"searchform\" action=\"https:\/\/www.vjevent.fr\/fr\/\">\n\t<input type=\"text\" name=\"s\" placeholder=\"Chercher\">\n\t<button type=\"submit\" class=\"btn\"><i class=\"icon-search-1\"><\/i><\/button>\n<\/form>\n<div class=\"clearfix\"><\/div><\/div>\n\t\t<div id=\"recent-posts-2\" class=\"sidebox widget widget_recent_entries\">\n\t\t<h3 class=\"widget-title\">Articles r\u00e9cents<\/h3>\n\t\t<ul>\n\t\t\t\t\t\t\t\t\t\t\t<li>\n\t\t\t\t\t<a href=\"https:\/\/www.vjevent.fr\/fr\/gallery-post-type\/\">Gallery Post Type<\/a>\n\t\t\t\t\t\t\t\t\t<\/li>\n\t\t\t\t\t\t\t\t\t\t\t<li>\n\t\t\t\t\t<a href=\"https:\/\/www.vjevent.fr\/fr\/video-post-type\/\">Video Post Type<\/a>\n\t\t\t\t\t\t\t\t\t<\/li>\n\t\t\t\t\t\t\t\t\t\t\t<li>\n\t\t\t\t\t<a href=\"https:\/\/www.vjevent.fr\/fr\/image-post-type\/\">Image Post Type<\/a>\n\t\t\t\t\t\t\t\t\t<\/li>\n\t\t\t\t\t\t\t\t\t\t\t<li>\n\t\t\t\t\t<a href=\"https:\/\/www.vjevent.fr\/fr\/blog-post-no-sidebar\/\">Blog Post No Sidebar<\/a>\n\t\t\t\t\t\t\t\t\t<\/li>\n\t\t\t\t\t\t\t\t\t\t\t<li>\n\t\t\t\t\t<a href=\"https:\/\/www.vjevent.fr\/fr\/standard-post-type\/\">Standard Post Type<\/a>\n\t\t\t\t\t\t\t\t\t<\/li>\n\t\t\t\t\t<\/ul>\n\n\t\t<\/div><div id=\"recent-comments-2\" class=\"sidebox widget widget_recent_comments\"><h3 class=\"widget-title\">Commentaires r\u00e9cents<\/h3><ul id=\"recentcomments\"><\/ul><\/div><div id=\"categories-3\" class=\"sidebox widget widget_categories\"><h3 class=\"widget-title\">Cat\u00e9gories<\/h3>\n\t\t\t<ul>\n\t\t\t\t<li class=\"cat-item-none\">Aucune cat\u00e9gorie<\/li>\t\t\t<\/ul>\n\n\t\t\t<\/div><div id=\"tag_cloud-1\" class=\"sidebox widget widget_tag_cloud\"><h3 class=\"widget-title\">Tags<\/h3><div class=\"tagcloud\"><a href=\"https:\/\/www.vjevent.fr\/fr\/tag\/blog\/\" class=\"tag-cloud-link tag-link-22 tag-link-position-1\" style=\"font-size: 22pt;\" aria-label=\"Blog (12 \u00e9l\u00e9ments)\">Blog<\/a>\n<a href=\"https:\/\/www.vjevent.fr\/fr\/tag\/commercial\/\" class=\"tag-cloud-link tag-link-23 tag-link-position-2\" style=\"font-size: 22pt;\" aria-label=\"Commercial (12 \u00e9l\u00e9ments)\">Commercial<\/a>\n<a href=\"https:\/\/www.vjevent.fr\/fr\/tag\/communication-audiovisuelle-dynamique\/\" class=\"tag-cloud-link tag-link-91 tag-link-position-3\" style=\"font-size: 11.111111111111pt;\" aria-label=\"communication audiovisuelle dynamique (2 \u00e9l\u00e9ments)\">communication audiovisuelle dynamique<\/a>\n<a href=\"https:\/\/www.vjevent.fr\/fr\/tag\/creation-video-salon\/\" class=\"tag-cloud-link tag-link-95 tag-link-position-4\" style=\"font-size: 11.111111111111pt;\" aria-label=\"creation video salon (2 \u00e9l\u00e9ments)\">creation video salon<\/a>\n<a href=\"https:\/\/www.vjevent.fr\/fr\/tag\/creation-video\/\" class=\"tag-cloud-link tag-link-94 tag-link-position-5\" style=\"font-size: 14.913580246914pt;\" aria-label=\"cr\u00e9ation video (4 \u00e9l\u00e9ments)\">cr\u00e9ation video<\/a>\n<a href=\"https:\/\/www.vjevent.fr\/fr\/tag\/d-jaying\/\" class=\"tag-cloud-link tag-link-96 tag-link-position-6\" style=\"font-size: 11.111111111111pt;\" aria-label=\"d-jaying (2 \u00e9l\u00e9ments)\">d-jaying<\/a>\n<a href=\"https:\/\/www.vjevent.fr\/fr\/tag\/digital-signage\/\" class=\"tag-cloud-link tag-link-107 tag-link-position-7\" style=\"font-size: 11.111111111111pt;\" aria-label=\"digital signage (2 \u00e9l\u00e9ments)\">digital signage<\/a>\n<a href=\"https:\/\/www.vjevent.fr\/fr\/tag\/fun\/\" class=\"tag-cloud-link tag-link-24 tag-link-position-8\" style=\"font-size: 22pt;\" aria-label=\"Fun (12 \u00e9l\u00e9ments)\">Fun<\/a>\n<a href=\"https:\/\/www.vjevent.fr\/fr\/tag\/illustration\/\" class=\"tag-cloud-link tag-link-25 tag-link-position-9\" style=\"font-size: 22pt;\" aria-label=\"Illustration (12 \u00e9l\u00e9ments)\">Illustration<\/a>\n<a href=\"https:\/\/www.vjevent.fr\/fr\/tag\/lancement-de-produit\/\" class=\"tag-cloud-link tag-link-120 tag-link-position-10\" style=\"font-size: 11.111111111111pt;\" aria-label=\"lancement de produit (2 \u00e9l\u00e9ments)\">lancement de produit<\/a>\n<a href=\"https:\/\/www.vjevent.fr\/fr\/tag\/mapping\/\" class=\"tag-cloud-link tag-link-123 tag-link-position-11\" style=\"font-size: 13.185185185185pt;\" aria-label=\"mapping (3 \u00e9l\u00e9ments)\">mapping<\/a>\n<a href=\"https:\/\/www.vjevent.fr\/fr\/tag\/mapping-2d-3d\/\" class=\"tag-cloud-link tag-link-125 tag-link-position-12\" style=\"font-size: 11.111111111111pt;\" aria-label=\"mapping 2d 3d (2 \u00e9l\u00e9ments)\">mapping 2d 3d<\/a>\n<a href=\"https:\/\/www.vjevent.fr\/fr\/tag\/mapping-architectural\/\" class=\"tag-cloud-link tag-link-126 tag-link-position-13\" style=\"font-size: 11.111111111111pt;\" aria-label=\"mapping architectural (2 \u00e9l\u00e9ments)\">mapping architectural<\/a>\n<a href=\"https:\/\/www.vjevent.fr\/fr\/tag\/mapping-structure\/\" class=\"tag-cloud-link tag-link-128 tag-link-position-14\" style=\"font-size: 8pt;\" aria-label=\"mapping structure (1 \u00e9l\u00e9ment)\">mapping structure<\/a>\n<a href=\"https:\/\/www.vjevent.fr\/fr\/tag\/mapping-video\/\" class=\"tag-cloud-link tag-link-129 tag-link-position-15\" style=\"font-size: 8pt;\" aria-label=\"mapping video (1 \u00e9l\u00e9ment)\">mapping video<\/a>\n<a href=\"https:\/\/www.vjevent.fr\/fr\/tag\/marque-vj\/\" class=\"tag-cloud-link tag-link-130 tag-link-position-16\" style=\"font-size: 8pt;\" aria-label=\"marque vj (1 \u00e9l\u00e9ment)\">marque vj<\/a>\n<a href=\"https:\/\/www.vjevent.fr\/fr\/tag\/matfer-bourgeat\/\" class=\"tag-cloud-link tag-link-131 tag-link-position-17\" style=\"font-size: 8pt;\" aria-label=\"matfer bourgeat (1 \u00e9l\u00e9ment)\">matfer bourgeat<\/a>\n<a href=\"https:\/\/www.vjevent.fr\/fr\/tag\/mix-dj\/\" class=\"tag-cloud-link tag-link-132 tag-link-position-18\" style=\"font-size: 8pt;\" aria-label=\"mix dj (1 \u00e9l\u00e9ment)\">mix dj<\/a>\n<a href=\"https:\/\/www.vjevent.fr\/fr\/tag\/mix-video\/\" class=\"tag-cloud-link tag-link-133 tag-link-position-19\" style=\"font-size: 8pt;\" aria-label=\"mix video (1 \u00e9l\u00e9ment)\">mix video<\/a>\n<a href=\"https:\/\/www.vjevent.fr\/fr\/tag\/mix-vj\/\" class=\"tag-cloud-link tag-link-134 tag-link-position-20\" style=\"font-size: 8pt;\" aria-label=\"mix vj (1 \u00e9l\u00e9ment)\">mix vj<\/a>\n<a href=\"https:\/\/www.vjevent.fr\/fr\/tag\/mix-vj-musee\/\" class=\"tag-cloud-link tag-link-135 tag-link-position-21\" style=\"font-size: 8pt;\" aria-label=\"mix vj musee (1 \u00e9l\u00e9ment)\">mix vj musee<\/a>\n<a href=\"https:\/\/www.vjevent.fr\/fr\/tag\/mobilier-dj-vj\/\" class=\"tag-cloud-link tag-link-136 tag-link-position-22\" style=\"font-size: 8pt;\" aria-label=\"mobilier dj-vj (1 \u00e9l\u00e9ment)\">mobilier dj-vj<\/a>\n<a href=\"https:\/\/www.vjevent.fr\/fr\/tag\/multi-screen-broadcast\/\" class=\"tag-cloud-link tag-link-137 tag-link-position-23\" style=\"font-size: 11.111111111111pt;\" aria-label=\"multi-screen broadcast (2 \u00e9l\u00e9ments)\">multi-screen broadcast<\/a>\n<a href=\"https:\/\/www.vjevent.fr\/fr\/tag\/musee\/\" class=\"tag-cloud-link tag-link-138 tag-link-position-24\" style=\"font-size: 8pt;\" aria-label=\"mus\u00e9e (1 \u00e9l\u00e9ment)\">mus\u00e9e<\/a>\n<a href=\"https:\/\/www.vjevent.fr\/fr\/tag\/parfums\/\" class=\"tag-cloud-link tag-link-139 tag-link-position-25\" style=\"font-size: 8pt;\" aria-label=\"parfums (1 \u00e9l\u00e9ment)\">parfums<\/a>\n<a href=\"https:\/\/www.vjevent.fr\/fr\/tag\/photography\/\" class=\"tag-cloud-link tag-link-26 tag-link-position-26\" style=\"font-size: 22pt;\" aria-label=\"Photography (12 \u00e9l\u00e9ments)\">Photography<\/a>\n<a href=\"https:\/\/www.vjevent.fr\/fr\/tag\/photo-live\/\" class=\"tag-cloud-link tag-link-140 tag-link-position-27\" style=\"font-size: 8pt;\" aria-label=\"photo live (1 \u00e9l\u00e9ment)\">photo live<\/a>\n<a href=\"https:\/\/www.vjevent.fr\/fr\/tag\/photo-warhol\/\" class=\"tag-cloud-link tag-link-141 tag-link-position-28\" style=\"font-size: 8pt;\" aria-label=\"photo warhol (1 \u00e9l\u00e9ment)\">photo warhol<\/a>\n<a href=\"https:\/\/www.vjevent.fr\/fr\/tag\/playzilla\/\" class=\"tag-cloud-link tag-link-143 tag-link-position-29\" style=\"font-size: 8pt;\" aria-label=\"playzilla (1 \u00e9l\u00e9ment)\">playzilla<\/a>\n<a href=\"https:\/\/www.vjevent.fr\/fr\/tag\/projection-batiment\/\" class=\"tag-cloud-link tag-link-144 tag-link-position-30\" style=\"font-size: 8pt;\" aria-label=\"projection batiment (1 \u00e9l\u00e9ment)\">projection batiment<\/a>\n<a href=\"https:\/\/www.vjevent.fr\/fr\/tag\/projection-repere\/\" class=\"tag-cloud-link tag-link-145 tag-link-position-31\" style=\"font-size: 8pt;\" aria-label=\"projection rep\u00e9r\u00e9 (1 \u00e9l\u00e9ment)\">projection rep\u00e9r\u00e9<\/a>\n<a href=\"https:\/\/www.vjevent.fr\/fr\/tag\/projection-reperee\/\" class=\"tag-cloud-link tag-link-146 tag-link-position-32\" style=\"font-size: 8pt;\" aria-label=\"projection rep\u00e9r\u00e9e (1 \u00e9l\u00e9ment)\">projection rep\u00e9r\u00e9e<\/a>\n<a href=\"https:\/\/www.vjevent.fr\/fr\/tag\/reebok\/\" class=\"tag-cloud-link tag-link-147 tag-link-position-33\" style=\"font-size: 8pt;\" aria-label=\"reebok (1 \u00e9l\u00e9ment)\">reebok<\/a>\n<a href=\"https:\/\/www.vjevent.fr\/fr\/tag\/retro-mapping\/\" class=\"tag-cloud-link tag-link-150 tag-link-position-34\" style=\"font-size: 8pt;\" aria-label=\"retro-mapping (1 \u00e9l\u00e9ment)\">retro-mapping<\/a>\n<a href=\"https:\/\/www.vjevent.fr\/fr\/tag\/regie-multi-cameras\/\" class=\"tag-cloud-link tag-link-148 tag-link-position-35\" style=\"font-size: 8pt;\" aria-label=\"r\u00e9gie multi-cameras (1 \u00e9l\u00e9ment)\">r\u00e9gie multi-cameras<\/a>\n<a href=\"https:\/\/www.vjevent.fr\/fr\/tag\/v-jaying-2\/\" class=\"tag-cloud-link tag-link-151 tag-link-position-36\" style=\"font-size: 11.111111111111pt;\" aria-label=\"v-jaying (2 \u00e9l\u00e9ments)\">v-jaying<\/a>\n<a href=\"https:\/\/www.vjevent.fr\/fr\/tag\/video-jockey\/\" class=\"tag-cloud-link tag-link-156 tag-link-position-37\" style=\"font-size: 8pt;\" aria-label=\"video-jockey (1 \u00e9l\u00e9ment)\">video-jockey<\/a>\n<a href=\"https:\/\/www.vjevent.fr\/fr\/tag\/video-mapping\/\" class=\"tag-cloud-link tag-link-153 tag-link-position-38\" style=\"font-size: 13.185185185185pt;\" aria-label=\"video mapping (3 \u00e9l\u00e9ments)\">video mapping<\/a>\n<a href=\"https:\/\/www.vjevent.fr\/fr\/tag\/video-promotionnelle\/\" class=\"tag-cloud-link tag-link-154 tag-link-position-39\" style=\"font-size: 13.185185185185pt;\" aria-label=\"video promotionnelle (3 \u00e9l\u00e9ments)\">video promotionnelle<\/a>\n<a href=\"https:\/\/www.vjevent.fr\/fr\/tag\/videos-lancement-de-produits\/\" class=\"tag-cloud-link tag-link-157 tag-link-position-40\" style=\"font-size: 8pt;\" aria-label=\"videos lancement de produits (1 \u00e9l\u00e9ment)\">videos lancement de produits<\/a>\n<a href=\"https:\/\/www.vjevent.fr\/fr\/tag\/videos-promotionnelles\/\" class=\"tag-cloud-link tag-link-158 tag-link-position-41\" style=\"font-size: 11.111111111111pt;\" aria-label=\"videos promotionnelles (2 \u00e9l\u00e9ments)\">videos promotionnelles<\/a>\n<a href=\"https:\/\/www.vjevent.fr\/fr\/tag\/video-temps-reel\/\" class=\"tag-cloud-link tag-link-155 tag-link-position-42\" style=\"font-size: 11.111111111111pt;\" aria-label=\"video temps reel (2 \u00e9l\u00e9ments)\">video temps reel<\/a>\n<a href=\"https:\/\/www.vjevent.fr\/fr\/tag\/video-defile\/\" class=\"tag-cloud-link tag-link-152 tag-link-position-43\" style=\"font-size: 8pt;\" aria-label=\"vid\u00e9o d\u00e9fil\u00e9 (1 \u00e9l\u00e9ment)\">vid\u00e9o d\u00e9fil\u00e9<\/a>\n<a href=\"https:\/\/www.vjevent.fr\/fr\/tag\/visual-jockey\/\" class=\"tag-cloud-link tag-link-159 tag-link-position-44\" style=\"font-size: 11.111111111111pt;\" aria-label=\"visual jockey (2 \u00e9l\u00e9ments)\">visual jockey<\/a>\n<a href=\"https:\/\/www.vjevent.fr\/fr\/tag\/web\/\" class=\"tag-cloud-link tag-link-27 tag-link-position-45\" style=\"font-size: 22pt;\" aria-label=\"Web (12 \u00e9l\u00e9ments)\">Web<\/a><\/div>\n<\/div> \n\t\t\t<\/aside>\n\t\t \n\t\t<\/div>\n\t\t\n\t\t\t\t\n[\/vc_column][\/vc_row]<\/p>\n","protected":false},"excerpt":{"rendered":"<p>[vc_row kwoon_bg=\u00a0\u00bbdark\u00a0\u00bb][vc_column width=\u00a0\u00bb1\/1&Prime;][\/vc_column][\/vc_row]<\/p>\n","protected":false},"author":1,"featured_media":0,"parent":0,"menu_order":0,"comment_status":"closed","ping_status":"open","template":"","meta":{"om_disable_all_campaigns":false,"_monsterinsights_skip_tracking":false,"_monsterinsights_sitenote_active":false,"_monsterinsights_sitenote_note":"","_monsterinsights_sitenote_category":0,"footnotes":""},"class_list":["post-599","page","type-page","status-publish","hentry"],"aioseo_notices":[],"jetpack_sharing_enabled":true,"_links":{"self":[{"href":"https:\/\/www.vjevent.fr\/fr\/wp-json\/wp\/v2\/pages\/599"}],"collection":[{"href":"https:\/\/www.vjevent.fr\/fr\/wp-json\/wp\/v2\/pages"}],"about":[{"href":"https:\/\/www.vjevent.fr\/fr\/wp-json\/wp\/v2\/types\/page"}],"author":[{"embeddable":true,"href":"https:\/\/www.vjevent.fr\/fr\/wp-json\/wp\/v2\/users\/1"}],"replies":[{"embeddable":true,"href":"https:\/\/www.vjevent.fr\/fr\/wp-json\/wp\/v2\/comments?post=599"}],"version-history":[{"count":1,"href":"https:\/\/www.vjevent.fr\/fr\/wp-json\/wp\/v2\/pages\/599\/revisions"}],"predecessor-version":[{"id":2787,"href":"https:\/\/www.vjevent.fr\/fr\/wp-json\/wp\/v2\/pages\/599\/revisions\/2787"}],"wp:attachment":[{"href":"https:\/\/www.vjevent.fr\/fr\/wp-json\/wp\/v2\/media?parent=599"}],"curies":[{"name":"wp","href":"https:\/\/api.w.org\/{rel}","templated":true}]}}