{"id":672,"date":"2015-06-02T11:57:35","date_gmt":"2015-06-02T10:57:35","guid":{"rendered":"http:\/\/tommusrhodus.wpengine.com\/?page_id=672"},"modified":"2015-06-02T11:57:35","modified_gmt":"2015-06-02T10:57:35","slug":"portfolio-detail-grid-4-columns","status":"publish","type":"page","link":"https:\/\/www.vjevent.fr\/fr\/portfolio-detail-grid-4-columns\/","title":{"rendered":"Portfolio &#8211; Detail Grid 4 Columns"},"content":{"rendered":"<p>[vc_row full_width=\u00a0\u00bb\u00a0\u00bb parallax=\u00a0\u00bb\u00a0\u00bb parallax_image=\u00a0\u00bb\u00a0\u00bb kwoon_bg=\u00a0\u00bbdark\u00a0\u00bb][vc_column width=\u00a0\u00bb1\/1&Prime;]\t\n\t\t\n\t\t<div class=\"portfolio-grid detailed col4\">\n\t\t\n\t\t\t<div class=\"isotope-filter button-group box\"><ul><li><a class=\"button is-checked\" data-filter=\"*\">Tous<\/a><\/li><li><a class=\"button\" data-filter=\".aroma-v-jaying\">Aroma v-jaying<\/a><\/li><li><a class=\"button\" data-filter=\".jingles-convention\">Cr\u00e9ation de jingles pour les conventions<\/a><\/li><li><a class=\"button\" data-filter=\".d-jaying\">D-jaying<\/a><\/li><li><a class=\"button\" data-filter=\".emulator\">Emulator - Dalle tactile dj vj<\/a><\/li><li><a class=\"button\" data-filter=\".past-events\">Ev\u00e9nements pass\u00e9s<\/a><\/li><li><a class=\"button\" data-filter=\".galerie-photo-temps-reel\">Galerie de photos en temps reel<\/a><\/li><li><a class=\"button\" data-filter=\".video-mapping\">Mapping vid\u00e9o<\/a><\/li><li><a class=\"button\" data-filter=\".architectural-video-mapping\">Mapping vid\u00e9o architectural<\/a><\/li><li><a class=\"button\" data-filter=\".structure-mapping\">Mapping vid\u00e9o sur structure<\/a><\/li><li><a class=\"button\" data-filter=\".regie-video\">R\u00e9gie vid\u00e9o<\/a><\/li><li><a class=\"button\" data-filter=\".v-jaying\">V-jaying<\/a><\/li><li><a class=\"button\" data-filter=\".videos-ambiance\">Vid\u00e9os d'ambiance<\/a><\/li><li><a class=\"button\" data-filter=\".videos-trade-shows\">Vid\u00e9os pour salon professionnel<\/a><\/li><li><a class=\"button\" data-filter=\".videos-promotionelles\">Vid\u00e9os promotionelles<\/a><\/li><li><a class=\"button\" data-filter=\".vj-event-lab\">VJ Event Lab<\/a><\/li><\/ul><\/div><div class=\"clearfix\"><\/div>\t\t\t\n\t\t\t<div class=\"items-wrapper\">\n\t\t\t\n\t\t\t\t<div class=\"isotope items\">\n\t\t\t\t\t\n\n<div class=\"item past-events v-jaying\">\n\t\n\t<figure> \n\t\t<a href=\"https:\/\/i0.wp.com\/www.vjevent.fr\/wp-content\/uploads\/2024\/02\/star-night.png?fit=1900%2C1300&#038;ssl=1\" class=\"fancybox-media\" data-rel=\"portfolio\">\n\t\t\t<div class=\"text-overlay\">\n\t\t\t\t<div class=\"info\"><span>Voir les r\u00e9alisations<\/span><\/div>\n\t\t\t<\/div>\n\t\t\t<img loading=\"lazy\" decoding=\"async\" width=\"440\" height=\"295\" src=\"https:\/\/i0.wp.com\/www.vjevent.fr\/wp-content\/uploads\/2024\/02\/star-night.png?resize=440%2C295&amp;ssl=1\" class=\"attachment-grid size-grid wp-post-image\" alt=\"\" srcset=\"https:\/\/i0.wp.com\/www.vjevent.fr\/wp-content\/uploads\/2024\/02\/star-night.png?resize=440%2C295&amp;ssl=1 440w, https:\/\/i0.wp.com\/www.vjevent.fr\/wp-content\/uploads\/2024\/02\/star-night.png?zoom=2&amp;resize=440%2C295&amp;ssl=1 880w, https:\/\/i0.wp.com\/www.vjevent.fr\/wp-content\/uploads\/2024\/02\/star-night.png?zoom=3&amp;resize=440%2C295&amp;ssl=1 1320w\" sizes=\"(max-width: 440px) 100vw, 440px\" \/>\t\t<\/a>\n\t<\/figure>\n\t\n\t<div class=\"box\">\n\t\t<h4 class=\"post-title\"><a href=\"https:\/\/www.vjevent.fr\/fr\/portfolio\/soiree-de-gala-au-palais-des-festivals-de-cannes\/\">Soir\u00e9e de Gala au Palais des festivals de Cannes<\/a><\/h4>\t\t<span class=\"meta category\"><a href=\"https:\/\/www.vjevent.fr\/fr\/portfolio_category\/past-events\/\">Ev\u00e9nements pass\u00e9s<\/a>, <a href=\"https:\/\/www.vjevent.fr\/fr\/portfolio_category\/v-jaying\/\">V-jaying<\/a><\/span> \n\t<\/div>\n\n<\/div>\n\n<div class=\"item past-events v-jaying\">\n\t\n\t<figure> \n\t\t<a href=\"https:\/\/i0.wp.com\/www.vjevent.fr\/wp-content\/uploads\/2023\/10\/410.jpg?fit=1950%2C1300&#038;ssl=1\" class=\"fancybox-media\" data-rel=\"portfolio\">\n\t\t\t<div class=\"text-overlay\">\n\t\t\t\t<div class=\"info\"><span>Voir les r\u00e9alisations<\/span><\/div>\n\t\t\t<\/div>\n\t\t\t<img loading=\"lazy\" decoding=\"async\" width=\"440\" height=\"295\" src=\"https:\/\/i0.wp.com\/www.vjevent.fr\/wp-content\/uploads\/2023\/10\/410.jpg?resize=440%2C295&amp;ssl=1\" class=\"attachment-grid size-grid wp-post-image\" alt=\"\" srcset=\"https:\/\/i0.wp.com\/www.vjevent.fr\/wp-content\/uploads\/2023\/10\/410.jpg?resize=300%2C200&amp;ssl=1 300w, https:\/\/i0.wp.com\/www.vjevent.fr\/wp-content\/uploads\/2023\/10\/410.jpg?resize=440%2C295&amp;ssl=1 440w, https:\/\/i0.wp.com\/www.vjevent.fr\/wp-content\/uploads\/2023\/10\/410.jpg?zoom=2&amp;resize=440%2C295&amp;ssl=1 880w, https:\/\/i0.wp.com\/www.vjevent.fr\/wp-content\/uploads\/2023\/10\/410.jpg?zoom=3&amp;resize=440%2C295&amp;ssl=1 1320w\" sizes=\"(max-width: 440px) 100vw, 440px\" \/>\t\t<\/a>\n\t<\/figure>\n\t\n\t<div class=\"box\">\n\t\t<h4 class=\"post-title\"><a href=\"https:\/\/www.vjevent.fr\/fr\/portfolio\/coupe-du-monde-rugby-asahi\/\">Soir\u00e9e de lancement de la Coupe du Monde de Rubgy  Asahi<\/a><\/h4>\t\t<span class=\"meta category\"><a href=\"https:\/\/www.vjevent.fr\/fr\/portfolio_category\/past-events\/\">Ev\u00e9nements pass\u00e9s<\/a>, <a href=\"https:\/\/www.vjevent.fr\/fr\/portfolio_category\/v-jaying\/\">V-jaying<\/a><\/span> \n\t<\/div>\n\n<\/div>\n\n<div class=\"item jingles-convention past-events\">\n\t\n\t<figure> \n\t\t<a href=\"https:\/\/i0.wp.com\/www.vjevent.fr\/wp-content\/uploads\/2023\/04\/Aveyron_Visuel.jpg?fit=800%2C533&#038;ssl=1\" class=\"fancybox-media\" data-rel=\"portfolio\">\n\t\t\t<div class=\"text-overlay\">\n\t\t\t\t<div class=\"info\"><span>Voir les r\u00e9alisations<\/span><\/div>\n\t\t\t<\/div>\n\t\t\t<img loading=\"lazy\" decoding=\"async\" width=\"440\" height=\"295\" src=\"https:\/\/i0.wp.com\/www.vjevent.fr\/wp-content\/uploads\/2023\/04\/Aveyron_Visuel.jpg?resize=440%2C295&amp;ssl=1\" class=\"attachment-grid size-grid wp-post-image\" alt=\"Cr\u00e9ation-vid\u00e9o-Aveyron\" srcset=\"https:\/\/i0.wp.com\/www.vjevent.fr\/wp-content\/uploads\/2023\/04\/Aveyron_Visuel.jpg?resize=300%2C200&amp;ssl=1 300w, https:\/\/i0.wp.com\/www.vjevent.fr\/wp-content\/uploads\/2023\/04\/Aveyron_Visuel.jpg?resize=440%2C295&amp;ssl=1 440w\" sizes=\"(max-width: 440px) 100vw, 440px\" \/>\t\t<\/a>\n\t<\/figure>\n\t\n\t<div class=\"box\">\n\t\t<h4 class=\"post-title\"><a href=\"https:\/\/www.vjevent.fr\/fr\/portfolio\/creation-de-videos-promotionnelles-pour-la-region-aveyron\/\">Cr\u00e9ation de vid\u00e9os promotionnelles pour la r\u00e9gion Aveyron<\/a><\/h4>\t\t<span class=\"meta category\"><a href=\"https:\/\/www.vjevent.fr\/fr\/portfolio_category\/jingles-convention\/\">Cr\u00e9ation de jingles pour les conventions<\/a>, <a href=\"https:\/\/www.vjevent.fr\/fr\/portfolio_category\/past-events\/\">Ev\u00e9nements pass\u00e9s<\/a><\/span> \n\t<\/div>\n\n<\/div>\n\n<div class=\"item jingles-convention past-events regie-video v-jaying\">\n\t\n\t<figure> \n\t\t<a href=\"https:\/\/i0.wp.com\/www.vjevent.fr\/wp-content\/uploads\/2023\/04\/afdu.jpg?fit=2048%2C1365&#038;ssl=1\" class=\"fancybox-media\" data-rel=\"portfolio\">\n\t\t\t<div class=\"text-overlay\">\n\t\t\t\t<div class=\"info\"><span>Voir les r\u00e9alisations<\/span><\/div>\n\t\t\t<\/div>\n\t\t\t<img loading=\"lazy\" decoding=\"async\" width=\"440\" height=\"295\" src=\"https:\/\/i0.wp.com\/www.vjevent.fr\/wp-content\/uploads\/2023\/04\/afdu.jpg?resize=440%2C295&amp;ssl=1\" class=\"attachment-grid size-grid wp-post-image\" alt=\"soir\u00e9e+afdu+jingle\" srcset=\"https:\/\/i0.wp.com\/www.vjevent.fr\/wp-content\/uploads\/2023\/04\/afdu.jpg?resize=300%2C200&amp;ssl=1 300w, https:\/\/i0.wp.com\/www.vjevent.fr\/wp-content\/uploads\/2023\/04\/afdu.jpg?resize=440%2C295&amp;ssl=1 440w, https:\/\/i0.wp.com\/www.vjevent.fr\/wp-content\/uploads\/2023\/04\/afdu.jpg?zoom=2&amp;resize=440%2C295&amp;ssl=1 880w, https:\/\/i0.wp.com\/www.vjevent.fr\/wp-content\/uploads\/2023\/04\/afdu.jpg?zoom=3&amp;resize=440%2C295&amp;ssl=1 1320w\" sizes=\"(max-width: 440px) 100vw, 440px\" \/>\t\t<\/a>\n\t<\/figure>\n\t\n\t<div class=\"box\">\n\t\t<h4 class=\"post-title\"><a href=\"https:\/\/www.vjevent.fr\/fr\/portfolio\/soiree-40-ans-de-l-afdu\/\">Soir\u00e9e des 40 ANS de l&rsquo;AFDU<\/a><\/h4>\t\t<span class=\"meta category\"><a href=\"https:\/\/www.vjevent.fr\/fr\/portfolio_category\/jingles-convention\/\">Cr\u00e9ation de jingles pour les conventions<\/a>, <a href=\"https:\/\/www.vjevent.fr\/fr\/portfolio_category\/past-events\/\">Ev\u00e9nements pass\u00e9s<\/a>, <a href=\"https:\/\/www.vjevent.fr\/fr\/portfolio_category\/regie-video\/\">R\u00e9gie vid\u00e9o<\/a>, <a href=\"https:\/\/www.vjevent.fr\/fr\/portfolio_category\/v-jaying\/\">V-jaying<\/a><\/span> \n\t<\/div>\n\n<\/div>\n\n<div class=\"item video-mapping architectural-video-mapping\">\n\t\n\t<figure> \n\t\t<a href=\"https:\/\/vimeo.com\/436598775\" class=\"fancybox-media\" data-rel=\"portfolio\">\n\t\t\t<div class=\"text-overlay\">\n\t\t\t\t<div class=\"info\"><span>Voir les r\u00e9alisations<\/span><\/div>\n\t\t\t<\/div>\n\t\t\t<img loading=\"lazy\" decoding=\"async\" width=\"283\" height=\"190\" src=\"https:\/\/i0.wp.com\/www.vjevent.fr\/wp-content\/uploads\/2021\/02\/mapping-grand-hotel-min-2.png?resize=283%2C190&amp;ssl=1\" class=\"attachment-grid size-grid wp-post-image\" alt=\"Mapping au Grand H\u00f4tel Intercontinenetal Op\u00e9ra \u00e0 Paris\" \/>\t\t<\/a>\n\t<\/figure>\n\t\n\t<div class=\"box\">\n\t\t<h4 class=\"post-title\"><a href=\"https:\/\/www.vjevent.fr\/fr\/portfolio\/mapping-video-au-grand-hotel-2\/\">Mapping vid\u00e9o architectural au Grand H\u00f4tel<\/a><\/h4>\t\t<span class=\"meta category\"><a href=\"https:\/\/www.vjevent.fr\/fr\/portfolio_category\/video-mapping\/\">Mapping vid\u00e9o<\/a>, <a href=\"https:\/\/www.vjevent.fr\/fr\/portfolio_category\/architectural-video-mapping\/\">Mapping vid\u00e9o architectural<\/a><\/span> \n\t<\/div>\n\n<\/div>\n\n<div class=\"item d-jaying past-events v-jaying\">\n\t\n\t<figure> \n\t\t<a href=\"https:\/\/i0.wp.com\/www.vjevent.fr\/wp-content\/uploads\/2022\/02\/beneteau2.jpg?fit=1000%2C666&#038;ssl=1\" class=\"fancybox-media\" data-rel=\"portfolio\">\n\t\t\t<div class=\"text-overlay\">\n\t\t\t\t<div class=\"info\"><span>Voir les r\u00e9alisations<\/span><\/div>\n\t\t\t<\/div>\n\t\t\t<img loading=\"lazy\" decoding=\"async\" width=\"440\" height=\"295\" src=\"https:\/\/i0.wp.com\/www.vjevent.fr\/wp-content\/uploads\/2022\/02\/beneteau2.jpg?resize=440%2C295&amp;ssl=1\" class=\"attachment-grid size-grid wp-post-image\" alt=\"Mixe djette vj cannes\" srcset=\"https:\/\/i0.wp.com\/www.vjevent.fr\/wp-content\/uploads\/2022\/02\/beneteau2.jpg?resize=300%2C200&amp;ssl=1 300w, https:\/\/i0.wp.com\/www.vjevent.fr\/wp-content\/uploads\/2022\/02\/beneteau2.jpg?resize=440%2C295&amp;ssl=1 440w, https:\/\/i0.wp.com\/www.vjevent.fr\/wp-content\/uploads\/2022\/02\/beneteau2.jpg?zoom=2&amp;resize=440%2C295&amp;ssl=1 880w\" sizes=\"(max-width: 440px) 100vw, 440px\" \/>\t\t<\/a>\n\t<\/figure>\n\t\n\t<div class=\"box\">\n\t\t<h4 class=\"post-title\"><a href=\"https:\/\/www.vjevent.fr\/fr\/portfolio\/mixe-vj-dj-pour-le-groupe-beneteau-a-cannes\/\">Mixe vj &#038; dj  pour le Groupe Beneteau \u00e0 Cannes<\/a><\/h4>\t\t<span class=\"meta category\"><a href=\"https:\/\/www.vjevent.fr\/fr\/portfolio_category\/d-jaying\/\">D-jaying<\/a>, <a href=\"https:\/\/www.vjevent.fr\/fr\/portfolio_category\/past-events\/\">Ev\u00e9nements pass\u00e9s<\/a>, <a href=\"https:\/\/www.vjevent.fr\/fr\/portfolio_category\/v-jaying\/\">V-jaying<\/a><\/span> \n\t<\/div>\n\n<\/div>\n\n<div class=\"item jingles-convention past-events\">\n\t\n\t<figure> \n\t\t<a href=\"https:\/\/i0.wp.com\/www.vjevent.fr\/wp-content\/uploads\/2022\/02\/nuit-bien-commun-2.jpg?fit=1000%2C750&#038;ssl=1\" class=\"fancybox-media\" data-rel=\"portfolio\">\n\t\t\t<div class=\"text-overlay\">\n\t\t\t\t<div class=\"info\"><span>Voir les r\u00e9alisations<\/span><\/div>\n\t\t\t<\/div>\n\t\t\t<img loading=\"lazy\" decoding=\"async\" width=\"440\" height=\"295\" src=\"https:\/\/i0.wp.com\/www.vjevent.fr\/wp-content\/uploads\/2022\/02\/nuit-bien-commun-2.jpg?resize=440%2C295&amp;ssl=1\" class=\"attachment-grid size-grid wp-post-image\" alt=\"Info d\u00e9cor temps r\u00e9el\" srcset=\"https:\/\/i0.wp.com\/www.vjevent.fr\/wp-content\/uploads\/2022\/02\/nuit-bien-commun-2.jpg?resize=440%2C295&amp;ssl=1 440w, https:\/\/i0.wp.com\/www.vjevent.fr\/wp-content\/uploads\/2022\/02\/nuit-bien-commun-2.jpg?zoom=2&amp;resize=440%2C295&amp;ssl=1 880w\" sizes=\"(max-width: 440px) 100vw, 440px\" \/>\t\t<\/a>\n\t<\/figure>\n\t\n\t<div class=\"box\">\n\t\t<h4 class=\"post-title\"><a href=\"https:\/\/www.vjevent.fr\/fr\/portfolio\/creation-d-infodecors-en-temps-reel-pour-la-nuit-du-bien-commun\/\">Cr\u00e9ation d&rsquo;infod\u00e9cors en temps r\u00e9el pour la Nuit du Bien Commun<\/a><\/h4>\t\t<span class=\"meta category\"><a href=\"https:\/\/www.vjevent.fr\/fr\/portfolio_category\/jingles-convention\/\">Cr\u00e9ation de jingles pour les conventions<\/a>, <a href=\"https:\/\/www.vjevent.fr\/fr\/portfolio_category\/past-events\/\">Ev\u00e9nements pass\u00e9s<\/a><\/span> \n\t<\/div>\n\n<\/div>\n\n<div class=\"item past-events v-jaying\">\n\t\n\t<figure> \n\t\t<a href=\"https:\/\/player.vimeo.com\/video\/436505288\" class=\"fancybox-media\" data-rel=\"portfolio\">\n\t\t\t<div class=\"text-overlay\">\n\t\t\t\t<div class=\"info\"><span>Voir les r\u00e9alisations<\/span><\/div>\n\t\t\t<\/div>\n\t\t\t<img loading=\"lazy\" decoding=\"async\" width=\"440\" height=\"295\" src=\"https:\/\/i0.wp.com\/www.vjevent.fr\/wp-content\/uploads\/2022\/02\/the-roundhouse.jpg?resize=440%2C295&amp;ssl=1\" class=\"attachment-grid size-grid wp-post-image\" alt=\"mix-vj-roundhouse\" srcset=\"https:\/\/i0.wp.com\/www.vjevent.fr\/wp-content\/uploads\/2022\/02\/the-roundhouse.jpg?resize=440%2C295&amp;ssl=1 440w, https:\/\/i0.wp.com\/www.vjevent.fr\/wp-content\/uploads\/2022\/02\/the-roundhouse.jpg?zoom=2&amp;resize=440%2C295&amp;ssl=1 880w\" sizes=\"(max-width: 440px) 100vw, 440px\" \/>\t\t<\/a>\n\t<\/figure>\n\t\n\t<div class=\"box\">\n\t\t<h4 class=\"post-title\"><a href=\"https:\/\/www.vjevent.fr\/fr\/portfolio\/mixe-vj-pour-un-evenement-prive-a-londres\/\">Mixe vj pour un \u00e9v\u00e9nement priv\u00e9 \u00e0 Londres<\/a><\/h4>\t\t<span class=\"meta category\"><a href=\"https:\/\/www.vjevent.fr\/fr\/portfolio_category\/past-events\/\">Ev\u00e9nements pass\u00e9s<\/a>, <a href=\"https:\/\/www.vjevent.fr\/fr\/portfolio_category\/v-jaying\/\">V-jaying<\/a><\/span> \n\t<\/div>\n\n<\/div>\n\n<div class=\"item past-events v-jaying\">\n\t\n\t<figure> \n\t\t<a href=\"https:\/\/i0.wp.com\/www.vjevent.fr\/wp-content\/uploads\/2022\/02\/smart-reboot-2019-1-1.jpg?fit=1000%2C750&#038;ssl=1\" class=\"fancybox-media\" data-rel=\"portfolio\">\n\t\t\t<div class=\"text-overlay\">\n\t\t\t\t<div class=\"info\"><span>Voir les r\u00e9alisations<\/span><\/div>\n\t\t\t<\/div>\n\t\t\t<img loading=\"lazy\" decoding=\"async\" width=\"440\" height=\"295\" src=\"https:\/\/i0.wp.com\/www.vjevent.fr\/wp-content\/uploads\/2022\/02\/smart-reboot-2019-1-1.jpg?resize=440%2C295&amp;ssl=1\" class=\"attachment-grid size-grid wp-post-image\" alt=\"Smart Rebbot now -vj event\" srcset=\"https:\/\/i0.wp.com\/www.vjevent.fr\/wp-content\/uploads\/2022\/02\/smart-reboot-2019-1-1.jpg?resize=440%2C295&amp;ssl=1 440w, https:\/\/i0.wp.com\/www.vjevent.fr\/wp-content\/uploads\/2022\/02\/smart-reboot-2019-1-1.jpg?zoom=2&amp;resize=440%2C295&amp;ssl=1 880w\" sizes=\"(max-width: 440px) 100vw, 440px\" \/>\t\t<\/a>\n\t<\/figure>\n\t\n\t<div class=\"box\">\n\t\t<h4 class=\"post-title\"><a href=\"https:\/\/www.vjevent.fr\/fr\/portfolio\/mixe-vj-pour-smart-reboot-now\/\">Mixe vj pour l&rsquo;\u00e9v\u00e9nement Smart Reboot Now \u00e0 la Mutualit\u00e9<\/a><\/h4>\t\t<span class=\"meta category\"><a href=\"https:\/\/www.vjevent.fr\/fr\/portfolio_category\/past-events\/\">Ev\u00e9nements pass\u00e9s<\/a>, <a href=\"https:\/\/www.vjevent.fr\/fr\/portfolio_category\/v-jaying\/\">V-jaying<\/a><\/span> \n\t<\/div>\n\n<\/div>\n\n<div class=\"item d-jaying past-events v-jaying\">\n\t\n\t<figure> \n\t\t<a href=\"https:\/\/i0.wp.com\/www.vjevent.fr\/wp-content\/uploads\/2022\/02\/signia1.jpg?fit=1600%2C1200&#038;ssl=1\" class=\"fancybox-media\" data-rel=\"portfolio\">\n\t\t\t<div class=\"text-overlay\">\n\t\t\t\t<div class=\"info\"><span>Voir les r\u00e9alisations<\/span><\/div>\n\t\t\t<\/div>\n\t\t\t<img loading=\"lazy\" decoding=\"async\" width=\"440\" height=\"295\" src=\"https:\/\/i0.wp.com\/www.vjevent.fr\/wp-content\/uploads\/2022\/02\/signia1.jpg?resize=440%2C295&amp;ssl=1\" class=\"attachment-grid size-grid wp-post-image\" alt=\"mix video-jockey vdj\" srcset=\"https:\/\/i0.wp.com\/www.vjevent.fr\/wp-content\/uploads\/2022\/02\/signia1.jpg?resize=440%2C295&amp;ssl=1 440w, https:\/\/i0.wp.com\/www.vjevent.fr\/wp-content\/uploads\/2022\/02\/signia1.jpg?zoom=2&amp;resize=440%2C295&amp;ssl=1 880w, https:\/\/i0.wp.com\/www.vjevent.fr\/wp-content\/uploads\/2022\/02\/signia1.jpg?zoom=3&amp;resize=440%2C295&amp;ssl=1 1320w\" sizes=\"(max-width: 440px) 100vw, 440px\" \/>\t\t<\/a>\n\t<\/figure>\n\t\n\t<div class=\"box\">\n\t\t<h4 class=\"post-title\"><a href=\"https:\/\/www.vjevent.fr\/fr\/portfolio\/mixe-vj-au-terminal-7-a-paris-pour-signia\/\">Mixe vj au Terminal 7 \u00e0 Paris pour  Signia<\/a><\/h4>\t\t<span class=\"meta category\"><a href=\"https:\/\/www.vjevent.fr\/fr\/portfolio_category\/d-jaying\/\">D-jaying<\/a>, <a href=\"https:\/\/www.vjevent.fr\/fr\/portfolio_category\/past-events\/\">Ev\u00e9nements pass\u00e9s<\/a>, <a href=\"https:\/\/www.vjevent.fr\/fr\/portfolio_category\/v-jaying\/\">V-jaying<\/a><\/span> \n\t<\/div>\n\n<\/div>\n\n<div class=\"item past-events v-jaying\">\n\t\n\t<figure> \n\t\t<a href=\"https:\/\/i0.wp.com\/www.vjevent.fr\/wp-content\/uploads\/2021\/08\/back-to-the-future-2.jpg?fit=1171%2C894&#038;ssl=1\" class=\"fancybox-media\" data-rel=\"portfolio\">\n\t\t\t<div class=\"text-overlay\">\n\t\t\t\t<div class=\"info\"><span>Voir les r\u00e9alisations<\/span><\/div>\n\t\t\t<\/div>\n\t\t\t<img loading=\"lazy\" decoding=\"async\" width=\"440\" height=\"295\" src=\"https:\/\/i0.wp.com\/www.vjevent.fr\/wp-content\/uploads\/2021\/08\/back-to-the-future-2.jpg?resize=440%2C295&amp;ssl=1\" class=\"attachment-grid size-grid wp-post-image\" alt=\"V-jaying soir\u00e9e de voeux de la Mairie de Montrouge\" srcset=\"https:\/\/i0.wp.com\/www.vjevent.fr\/wp-content\/uploads\/2021\/08\/back-to-the-future-2.jpg?resize=440%2C295&amp;ssl=1 440w, https:\/\/i0.wp.com\/www.vjevent.fr\/wp-content\/uploads\/2021\/08\/back-to-the-future-2.jpg?zoom=2&amp;resize=440%2C295&amp;ssl=1 880w\" sizes=\"(max-width: 440px) 100vw, 440px\" \/>\t\t<\/a>\n\t<\/figure>\n\t\n\t<div class=\"box\">\n\t\t<h4 class=\"post-title\"><a href=\"https:\/\/www.vjevent.fr\/fr\/portfolio\/mixe-vj-pour-les-voeux-de-la-mairie-de-montrouge\/\">Mixe vj  pour les voeux 2020 de la Mairie de Montrouge<\/a><\/h4>\t\t<span class=\"meta category\"><a href=\"https:\/\/www.vjevent.fr\/fr\/portfolio_category\/past-events\/\">Ev\u00e9nements pass\u00e9s<\/a>, <a href=\"https:\/\/www.vjevent.fr\/fr\/portfolio_category\/v-jaying\/\">V-jaying<\/a><\/span> \n\t<\/div>\n\n<\/div>\n\n<div class=\"item past-events v-jaying\">\n\t\n\t<figure> \n\t\t<a href=\"http:\/\/vimeo.com\/471755565\" class=\"fancybox-media\" data-rel=\"portfolio\">\n\t\t\t<div class=\"text-overlay\">\n\t\t\t\t<div class=\"info\"><span>Voir les r\u00e9alisations<\/span><\/div>\n\t\t\t<\/div>\n\t\t\t<img loading=\"lazy\" decoding=\"async\" width=\"440\" height=\"295\" src=\"https:\/\/i0.wp.com\/www.vjevent.fr\/wp-content\/uploads\/2018\/02\/vj-event-soiree-generation.png?resize=440%2C295&amp;ssl=1\" class=\"attachment-grid size-grid wp-post-image\" alt=\"Soir\u00e9e - g\u00e9neration\" srcset=\"https:\/\/i0.wp.com\/www.vjevent.fr\/wp-content\/uploads\/2018\/02\/vj-event-soiree-generation.png?resize=300%2C200&amp;ssl=1 300w, https:\/\/i0.wp.com\/www.vjevent.fr\/wp-content\/uploads\/2018\/02\/vj-event-soiree-generation.png?resize=440%2C295&amp;ssl=1 440w\" sizes=\"(max-width: 440px) 100vw, 440px\" \/>\t\t<\/a>\n\t<\/figure>\n\t\n\t<div class=\"box\">\n\t\t<h4 class=\"post-title\"><a href=\"https:\/\/www.vjevent.fr\/fr\/portfolio\/mixe-de-video-soiree-generation\/\">Mixe de vid\u00e9o en temps r\u00e9el &#8211; Soir\u00e9e G\u00e9n\u00e9ration  pour le PMU<\/a><\/h4>\t\t<span class=\"meta category\"><a href=\"https:\/\/www.vjevent.fr\/fr\/portfolio_category\/past-events\/\">Ev\u00e9nements pass\u00e9s<\/a>, <a href=\"https:\/\/www.vjevent.fr\/fr\/portfolio_category\/v-jaying\/\">V-jaying<\/a><\/span> \n\t<\/div>\n\n<\/div>\t\t\t\t<\/div>\n\t\t\t\t\n\t\t\t\t<div class=\"cbp-l-loadMore-button\"><a href='https:\/\/www.vjevent.fr\/fr\/wp-json\/wp\/v2\/pages\/672\/page\/2' class='btn-load-more btn'>Voir plus de projets<\/a><a href='https:\/\/www.vjevent.fr\/fr\/wp-json\/wp\/v2\/pages\/672\/page\/3' class='btn-load-more btn'>Voir plus de projets<\/a><\/div>\t\t\t\n\t\t\t<\/div>\n\t\t\n\t\t<\/div>\n\t\t\n\t\t\t\t\n[\/vc_column][\/vc_row][vc_row kwoon_bg=\u00a0\u00bbinverse\u00a0\u00bb css=\u00a0\u00bb.vc_custom_1433242775011{background-image: url(http:\/\/kwoon.tommusdemos.wpengine.com\/wp-content\/uploads\/sites\/13\/2015\/05\/parallax2.jpg?id=166) !important;}\u00a0\u00bb][vc_column width=\u00a0\u00bb1\/1&Prime;]<h3 class=\"main-title text-center\">Let&rsquo;s make something <strong>great<\/strong> together<\/h3>[vc_column_text]<\/p>\n<p style=\"text-align: center\"><a class=\"btn btn-border fixed-width wow fadeInUp animated\" href=\"#\">Get in Touch<\/a><\/p>\n<p>[\/vc_column_text][\/vc_column][\/vc_row]<\/p>\n","protected":false},"excerpt":{"rendered":"<p>[vc_row full_width=\u00a0\u00bb\u00a0\u00bb parallax=\u00a0\u00bb\u00a0\u00bb parallax_image=\u00a0\u00bb\u00a0\u00bb kwoon_bg=\u00a0\u00bbdark\u00a0\u00bb][vc_column width=\u00a0\u00bb1\/1&Prime;][\/vc_column][\/vc_row][vc_row kwoon_bg=\u00a0\u00bbinverse\u00a0\u00bb css=\u00a0\u00bb.vc_custom_1433242775011{background-image: url(http:\/\/kwoon.tommusdemos.wpengine.com\/wp-content\/uploads\/sites\/13\/2015\/05\/parallax2.jpg?id=166) !important;}\u00a0\u00bb][vc_column width=\u00a0\u00bb1\/1&Prime;][vc_column_text] Get in Touch [\/vc_column_text][\/vc_column][\/vc_row]<\/p>\n","protected":false},"author":1,"featured_media":0,"parent":0,"menu_order":0,"comment_status":"open","ping_status":"open","template":"","meta":{"om_disable_all_campaigns":false,"_monsterinsights_skip_tracking":false,"_monsterinsights_sitenote_active":false,"_monsterinsights_sitenote_note":"","_monsterinsights_sitenote_category":0,"footnotes":""},"class_list":["post-672","page","type-page","status-publish","hentry"],"aioseo_notices":[],"jetpack_sharing_enabled":true,"_links":{"self":[{"href":"https:\/\/www.vjevent.fr\/fr\/wp-json\/wp\/v2\/pages\/672"}],"collection":[{"href":"https:\/\/www.vjevent.fr\/fr\/wp-json\/wp\/v2\/pages"}],"about":[{"href":"https:\/\/www.vjevent.fr\/fr\/wp-json\/wp\/v2\/types\/page"}],"author":[{"embeddable":true,"href":"https:\/\/www.vjevent.fr\/fr\/wp-json\/wp\/v2\/users\/1"}],"replies":[{"embeddable":true,"href":"https:\/\/www.vjevent.fr\/fr\/wp-json\/wp\/v2\/comments?post=672"}],"version-history":[{"count":0,"href":"https:\/\/www.vjevent.fr\/fr\/wp-json\/wp\/v2\/pages\/672\/revisions"}],"wp:attachment":[{"href":"https:\/\/www.vjevent.fr\/fr\/wp-json\/wp\/v2\/media?parent=672"}],"curies":[{"name":"wp","href":"https:\/\/api.w.org\/{rel}","templated":true}]}}